{"id":21412,"date":"2026-02-14T15:26:11","date_gmt":"2026-02-14T13:26:11","guid":{"rendered":"https:\/\/zbranebudai.sk\/?post_type=product&#038;p=21412"},"modified":"2026-02-27T12:44:18","modified_gmt":"2026-02-27T10:44:18","slug":"pard-nv008sp2-850-lrf-ejjellato-tavcso-65x","status":"publish","type":"product","link":"https:\/\/zbranebudai.sk\/hu\/product\/pard-nv008sp2-850-lrf-puskohlad-s-nocnym-videnim-65x\/","title":{"rendered":"Pard NV008SP2 850 LRF \u00e9jjell\u00e1t\u00f3 c\u00e9lt\u00e1vcs\u0151 6,5x"},"content":{"rendered":"<p><strong>Pard NV008SP2 850 LRF no\u010dn\u00fd pu\u0161koh\u013ead 6,<\/strong>5x<\/p>\n<p data-start=\"56\" data-end=\"391\"><strong data-start=\"58\" data-end=\"66\">PARD<\/strong> predstavuje svoju nov\u00fa verziu zameriava\u010da <strong data-start=\"73\" data-end=\"89\">NV008SP2 LRF<\/strong>.<br data-start=\"124\" data-end=\"127\" \/>V porovnan\u00ed s predch\u00e1dzaj\u00facim modelom <strong data-start=\"136\" data-end=\"146\">NV008S<\/strong> m\u00e1 <strong data-start=\"164\" data-end=\"184\" data-is-only-node=\"\">v\u00e4\u010d\u0161\u00ed displej<\/strong> a <strong data-start=\"188\" data-end=\"226\">CMOS senzor s rozl\u00ed\u0161en\u00edm Ultra HD<\/strong>. Je to \u013eahk\u00e9 zariadenie s mimoriadne jasn\u00fdm obrazom a mnoh\u00fdmi v\u00fdhodami, ktor\u00e9 v\u00e1m pom\u00f4\u017eu dosiahnu\u0165 \u010do najpresnej\u0161\u00ed v\u00fdstrel aj v \u00faplnej tme.<\/p>\n<p data-start=\"393\" data-end=\"410\"><strong data-start=\"393\" data-end=\"410\">K\u013e\u00fa\u010dov\u00e9 vlastnosti:<\/strong><\/p>\n<ul>\n<li data-start=\"414\" data-end=\"451\"><strong data-start=\"414\" data-end=\"451\">CMOS senzor s rozl\u00ed\u0161en\u00edm Ultra HD<\/strong><\/li>\n<li data-start=\"454\" data-end=\"480\"><strong data-start=\"454\" data-end=\"480\">Optick\u00e9 zv\u00e4\u010d\u0161enie: 6,5\u00d7<\/strong><\/li>\n<li data-start=\"483\" data-end=\"525\"><strong data-start=\"483\" data-end=\"525\">940 nm IR osvetlenie v 3 \u00farovniach<\/strong><\/li>\n<li data-start=\"528\" data-end=\"555\"><strong data-start=\"528\" data-end=\"555\">Rozl\u00ed\u0161enie videa Ultra HD<\/strong><\/li>\n<li data-start=\"558\" data-end=\"592\"><strong data-start=\"558\" data-end=\"592\">Detek\u010dn\u00e1 vzdialenos\u0165: a\u017e 350 m<\/strong><\/li>\n<li data-start=\"595\" data-end=\"648\"><strong data-start=\"595\" data-end=\"648\">Presn\u00fd laserov\u00fd dia\u013ekomer a\u017e do 1000 m<\/strong><\/li>\n<\/ul>\n<p>Kombin\u00e1cia kontrastn\u00e9ho OLED displeja s rozl\u00ed\u0161en\u00edm 1440 \u00d7 1080 px a digit\u00e1lneho CMOS senzora s rozl\u00ed\u0161en\u00edm 2688 \u00d7 1520 px poskytuje neuverite\u013ene detailn\u00fd obraz pre pozorovanie, a to ako v no\u010dnom (\u010diernobielom) a denn\u00e9ho (farebn\u00e9ho) re\u017eimu.<\/p>\n<div class=\"flex flex-col text-sm pb-25\">\n<article class=\"text-token-text-primary w-full focus:outline-none [--shadow-height:45px] has-data-writing-block:pointer-events-none has-data-writing-block:-mt-(--shadow-height) has-data-writing-block:pt-(--shadow-height) [&amp;:has([data-writing-block])&gt;*]:pointer-events-auto scroll-mt-[calc(var(--header-height)+min(200px,max(70px,20svh)))]\" dir=\"auto\" data-turn-id=\"request-WEB:797058a7-a6eb-4c73-afda-75b0a05e7989-47\" data-testid=\"conversation-turn-96\" data-scroll-anchor=\"true\" data-turn=\"assistant\">\n<div class=\"text-base my-auto mx-auto pb-10 [--thread-content-margin:--spacing(4)] @w-sm\/main:[--thread-content-margin:--spacing(6)] @w-lg\/main:[--thread-content-margin:--spacing(16)] px-(--thread-content-margin)\">\n<div class=\"[--thread-content-max-width:40rem] @w-lg\/main:[--thread-content-max-width:48rem] mx-auto max-w-(--thread-content-max-width) flex-1 group\/turn-messages focus-visible:outline-hidden relative flex w-full min-w-0 flex-col agent-turn\">\n<div class=\"flex max-w-full flex-col grow\">\n<div class=\"min-h-8 text-message relative flex w-full flex-col items-end gap-2 text-start break-words whitespace-normal [.text-message+&amp;]:mt-1\" dir=\"auto\" data-message-author-role=\"assistant\" data-message-id=\"8b25ab3a-e60b-40e5-b2c1-1a9698391feb\" data-message-model-slug=\"gpt-5-2\">\n<div class=\"flex w-full flex-col gap-1 empty:hidden first:pt-[1px]\">\n<div class=\"markdown prose dark:prose-invert w-full break-words light markdown-new-styling\">\n<p data-start=\"33\" data-end=\"79\"><strong data-start=\"33\" data-end=\"79\">30 mm objekt\u00edv s 6,5\u00d7 optick\u00fdm zv\u00e4\u010d\u0161en\u00edm<\/strong><\/p>\n<p data-start=\"81\" data-end=\"330\">Detek\u010dn\u00e1 vzdialenos\u0165 z\u00e1vis\u00ed od ve\u013ekosti objekt\u00edvu. V z\u00e1sade plat\u00ed, \u017ee \u010d\u00edm v\u00e4\u010d\u0161\u00ed je objekt\u00edv, t\u00fdm v\u00e4\u010d\u0161ia je detek\u010dn\u00e1 vzdialenos\u0165, ale na \u00fakor zorn\u00e9ho po\u013ea. Vyberte si zariadenie, ktor\u00e9 najlep\u0161ie vyhovuje va\u0161im podmienkam \u2013 \u010di u\u017e lov\u00edte v lese alebo na poli.<\/p>\n<p data-start=\"332\" data-end=\"463\">Digit\u00e1lny zoom je plynule nastavite\u013en\u00fd a poskytuje a\u017e 2\u00d7 zv\u00e4\u010d\u0161enie, \u010do d\u00e1va celkov\u00e9 zv\u00e4\u010d\u0161enie 6,5\u00d7 alebo dokonca 13\u00d7.<\/p>\n<p data-start=\"33\" data-end=\"425\">Po vlo\u017een\u00ed <strong data-start=\"35\" data-end=\"76\">microSD karty s<\/strong> <strong data-start=\"35\" data-end=\"76\">maxim\u00e1lnou kapacitou 128 GB<\/strong> (nie je s\u00fa\u010das\u0165ou balenia) m\u00f4\u017eete fotografova\u0165 a nahr\u00e1va\u0165 vide\u00e1. Medzi ve\u013emi u\u017eito\u010dn\u00e9 funkcie \u010falekoh\u013eadu patr\u00ed <strong data-start=\"196\" data-end=\"243\">nahr\u00e1vanie vide<\/strong>a, ktor\u00e9 <strong data-start=\"196\" data-end=\"243\">sa spust\u00ed automaticky pri<\/strong> <strong data-start=\"196\" data-end=\"243\">stla\u010den\u00ed sp\u00fa\u0161te<\/strong>, a re\u017eim <strong data-start=\"256\" data-end=\"278\">obraz v obraze (PIP)<\/strong>. Zariadenie <strong data-start=\"295\" data-end=\"344\">je mo\u017en\u00e9 pripoji\u0165 k po\u010d\u00edta\u010du pomocou k\u00e1bla USB-C<\/strong> alebo<strong data-start=\"356\" data-end=\"425\"> sp\u00e1rova\u0165 s mobiln\u00fdm telef\u00f3nom prostredn\u00edctvom aplik\u00e1cie<\/strong> <strong data-start=\"356\" data-end=\"425\">PardVision.<\/strong><\/p>\n<p data-start=\"427\" data-end=\"746\">Pu\u0161koh\u013ead m\u00e1 <strong data-start=\"439\" data-end=\"460\">ochranu IP67<\/strong> (ochrana proti ponoreniu do vody \u2013 do 1 metra po dobu 30 min\u00fat). Nap\u00e1janie zabezpe\u010duje <strong data-start=\"548\" data-end=\"592\">jedna nab\u00edjate\u013en\u00e1 bat\u00e9ria 18650<\/strong>, <strong data-start=\"605\" data-end=\"631\">ktor\u00e1 poskytuje a\u017e 8 hod\u00edn prev\u00e1dzky<\/strong>. K dispoz\u00edcii je aj <strong data-start=\"633\" data-end=\"645\">re\u017eim sp\u00e1nku<\/strong> na \u0161etrenie energie bat\u00e9rie a <strong data-start=\"711\" data-end=\"746\">je mo\u017en\u00e9 pripoji\u0165 aj powerbanku.<\/strong><\/p>\n<table dir=\"ltr\" style=\"width: 960px\" border=\"1\" cellspacing=\"0\" cellpadding=\"0\" data-sheets-root=\"1\" data-sheets-baot=\"1\">\n<colgroup>\n<col width=\"172\" \/>\n<col width=\"37\" \/><\/colgroup>\n<tbody>\n<tr>\n<td style=\"width: 436.538px\">Parametre<\/td>\n<td style=\"width: 518.662px\">Hodnota<\/td>\n<\/tr>\n<tr>\n<td style=\"width: 436.538px\">Wi-Fi<\/td>\n<td style=\"width: 518.662px\">\u00c1no<\/td>\n<\/tr>\n<tr>\n<td style=\"width: 436.538px\">Rozl\u00ed\u0161enie senzora<\/td>\n<td style=\"width: 518.662px\">\n<div>\n<div>2688 \u00d7 1520 px<\/div>\n<\/div>\n<\/td>\n<\/tr>\n<tr>\n<td style=\"width: 436.538px\">Rozl\u00ed\u0161enie displeja<\/td>\n<td style=\"width: 518.662px\">\n<div>\n<div>1440 \u00d7 1080 px<\/div>\n<\/div>\n<\/td>\n<\/tr>\n<tr>\n<td style=\"width: 436.538px\">Objekt\u00edv<\/td>\n<td style=\"width: 518.662px\">\n<div>\n<div>70 mm<\/div>\n<\/div>\n<\/td>\n<\/tr>\n<tr>\n<td style=\"width: 436.538px\">Zorn\u00e9 pole<\/td>\n<td style=\"width: 518.662px\">\n<div>\n<div>4,6\u00b0 \u00d7 3,4\u00b0<\/div>\n<\/div>\n<\/td>\n<\/tr>\n<tr>\n<td style=\"width: 436.538px\">Optick\u00e9 zv\u00e4\u010d\u0161enie<\/td>\n<td style=\"width: 518.662px\">6,5\u00d7<\/td>\n<\/tr>\n<tr>\n<td style=\"width: 436.538px\">Digit\u00e1lny zoom<\/td>\n<td style=\"width: 518.662px\">2\u00d7<\/td>\n<\/tr>\n<tr>\n<td style=\"width: 436.538px\">Dioptrick\u00e1 korekcia<\/td>\n<td style=\"width: 518.662px\">\u00b15<\/td>\n<\/tr>\n<tr>\n<td style=\"width: 436.538px\">Rozl\u00ed\u0161enie videa<\/td>\n<td style=\"width: 518.662px\">\n<div>\n<div>2560 \u00d7 1440 px<\/div>\n<\/div>\n<\/td>\n<\/tr>\n<tr>\n<td style=\"width: 436.538px\">Detek\u010dn\u00e1 vzdialenos\u0165<\/td>\n<td style=\"width: 518.662px\">\n<div>\n<div>350 m<\/div>\n<\/div>\n<\/td>\n<\/tr>\n<tr>\n<td style=\"width: 436.538px\">IR osvetlenie<\/td>\n<td style=\"width: 518.662px\">\n<div>\n<div>940 nm<\/div>\n<\/div>\n<\/td>\n<\/tr>\n<tr>\n<td style=\"width: 436.538px\">Ochrana<\/td>\n<td style=\"width: 518.662px\">IP67<\/td>\n<\/tr>\n<tr>\n<td style=\"width: 436.538px\">Pam\u00e4\u0165<\/td>\n<td style=\"width: 518.662px\">\n<div>\n<div>microSD, max. 128 GB<\/div>\n<\/div>\n<\/td>\n<\/tr>\n<tr>\n<td style=\"width: 436.538px\">Prev\u00e1dzkov\u00e1 teplota<\/td>\n<td style=\"width: 518.662px\">\n<div>\n<div>\u221220 \u00b0C \u2013 +50 \u00b0C<\/div>\n<\/div>\n<\/td>\n<\/tr>\n<tr>\n<td style=\"width: 436.538px\">Bat\u00e9ria<\/td>\n<td style=\"width: 518.662px\">\n<div>\n<div>1\u00d7 Li-ion 18650<\/div>\n<\/div>\n<\/td>\n<\/tr>\n<tr>\n<td style=\"width: 436.538px\">Prev\u00e1dzkov\u00e1 doba<\/td>\n<td style=\"width: 518.662px\">\n<div>\n<div>A\u017e 8 hod\u00edn<\/div>\n<\/div>\n<\/td>\n<\/tr>\n<tr>\n<td style=\"width: 436.538px\">Hmotnos\u0165<\/td>\n<td style=\"width: 518.662px\">447 g<\/td>\n<\/tr>\n<\/tbody>\n<\/table>\n<\/div>\n<p data-start=\"50\" data-end=\"72\"><strong data-start=\"50\" data-end=\"72\">Obsah balenia:<\/strong><\/p>\n<ul>\n<li data-start=\"76\" data-end=\"122\">PARD NV008SP2 LRF 940 nm digit\u00e1lne no\u010dn\u00e9 videnie<\/li>\n<li data-start=\"125\" data-end=\"163\">1\u00d7 nab\u00edjate\u013en\u00e1 Li-ion 18650 bat\u00e9ria<\/li>\n<li data-start=\"166\" data-end=\"184\">Pevn\u00e9 ochrann\u00e9 puzdro<\/li>\n<li data-start=\"187\" data-end=\"203\">Textiln\u00e9 ochrann\u00e9 puzdro<\/li>\n<li data-start=\"206\" data-end=\"223\">Weaver rig<\/li>\n<li data-start=\"226\" data-end=\"236\">Ramenn\u00fd popruh<\/li>\n<li data-start=\"239\" data-end=\"262\">USB-C pripojovac\u00ed k\u00e1bel<\/li>\n<li data-start=\"265\" data-end=\"297\">N\u00e1vod na pou\u017eitie<\/li>\n<\/ul>\n<\/div>\n<\/div>\n<\/div>\n<\/div>\n<\/div>\n<\/article>\n<\/div>\n","protected":false},"excerpt":{"rendered":"<p data-start=\"28\" data-end=\"132\"><strong data-start=\"28\" data-end=\"132\">Digit\u00e1lis \u00e9jjell\u00e1t\u00f3 c\u00e9lt\u00e1vcs\u0151 \u2013 nappal\/\u00e9jszaka rendszerrel: nappal sz\u00ednes, \u00e9jszaka fekete-feh\u00e9r k\u00e9p.<\/strong><\/p>\n<p data-start=\"134\" data-end=\"189\"><strong data-start=\"134\" data-end=\"166\">\u00c9jszakai \u00e9szlel\u00e9si t\u00e1vols\u00e1g:<\/strong> ak\u00e1r <strong data-start=\"172\" data-end=\"188\">350 m felett.<\/strong>.<\/p>\n<p data-start=\"191\" data-end=\"290\" data-is-last-node=\"\" data-is-only-node=\"\"><strong data-start=\"191\" data-end=\"207\">LRF v\u00e1ltozat<\/strong> <strong data-start=\"218\" data-end=\"255\">-<\/strong> be\u00e9p\u00edtett <strong data-start=\"218\" data-end=\"255\">l\u00e9zeres t\u00e1vols\u00e1gm\u00e9r\u0151vel 1200 m-ig<\/strong> a <strong data-start=\"259\" data-end=\"290\" data-is-last-node=\"\">ballisztikai kalkul\u00e1torral!<\/strong><\/p>","protected":false},"featured_media":21465,"template":"","meta":{"_gspb_post_css":""},"product_brand":[],"product_cat":[145,2753],"product_tag":[2754,290,229],"class_list":{"0":"post-21412","1":"product","2":"type-product","3":"status-publish","4":"has-post-thumbnail","6":"product_cat-nocne-videnie","7":"product_cat-puskohlady","8":"product_tag-nocny-puskohlad","9":"product_tag-nv","10":"product_tag-pard","12":"first","13":"instock","14":"taxable","15":"shipping-taxable","16":"purchasable","17":"product-type-simple"},"ct_brands":[],"_links":{"self":[{"href":"https:\/\/zbranebudai.sk\/hu\/wp-json\/wp\/v2\/product\/21412","targetHints":{"allow":["GET"]}}],"collection":[{"href":"https:\/\/zbranebudai.sk\/hu\/wp-json\/wp\/v2\/product"}],"about":[{"href":"https:\/\/zbranebudai.sk\/hu\/wp-json\/wp\/v2\/types\/product"}],"wp:featuredmedia":[{"embeddable":true,"href":"https:\/\/zbranebudai.sk\/hu\/wp-json\/wp\/v2\/media\/21465"}],"wp:attachment":[{"href":"https:\/\/zbranebudai.sk\/hu\/wp-json\/wp\/v2\/media?parent=21412"}],"wp:term":[{"taxonomy":"product_brand","embeddable":true,"href":"https:\/\/zbranebudai.sk\/hu\/wp-json\/wp\/v2\/product_brand?post=21412"},{"taxonomy":"product_cat","embeddable":true,"href":"https:\/\/zbranebudai.sk\/hu\/wp-json\/wp\/v2\/product_cat?post=21412"},{"taxonomy":"product_tag","embeddable":true,"href":"https:\/\/zbranebudai.sk\/hu\/wp-json\/wp\/v2\/product_tag?post=21412"}],"curies":[{"name":"wp","href":"https:\/\/api.w.org\/{rel}","templated":true}]}}