{"id":21411,"date":"2026-02-14T15:26:11","date_gmt":"2026-02-14T13:26:11","guid":{"rendered":"https:\/\/zbranebudai.sk\/?post_type=product&#038;p=21411"},"modified":"2026-02-27T16:47:53","modified_gmt":"2026-02-27T14:47:53","slug":"pard-ds35-940nm-es-ejjellato-ejjellato-tavcso-56x","status":"publish","type":"product","link":"https:\/\/zbranebudai.sk\/hu\/product\/pard-ds35-940nm-puskohlad-s-nocnym-videnim-56x\/","title":{"rendered":"Pard DS35 940nm \u00e9jjell\u00e1t\u00f3 c\u00e9lt\u00e1vcs\u0151 5,6x"},"content":{"rendered":"<p><strong>PARD DS35 940nm pu\u0161koh\u013ead s no\u010dn\u00fdm viden\u00edm 5,<\/strong>6x<\/p>\n<div class=\"flex flex-col text-sm pb-25\">\n<article class=\"text-token-text-primary w-full focus:outline-none [--shadow-height:45px] has-data-writing-block:pointer-events-none has-data-writing-block:-mt-(--shadow-height) has-data-writing-block:pt-(--shadow-height) [&amp;:has([data-writing-block])&gt;*]:pointer-events-auto scroll-mt-[calc(var(--header-height)+min(200px,max(70px,20svh)))]\" dir=\"auto\" data-turn-id=\"request-WEB:797058a7-a6eb-4c73-afda-75b0a05e7989-38\" data-testid=\"conversation-turn-78\" data-scroll-anchor=\"true\" data-turn=\"assistant\">\n<div class=\"text-base my-auto mx-auto pb-10 [--thread-content-margin:--spacing(4)] @w-sm\/main:[--thread-content-margin:--spacing(6)] @w-lg\/main:[--thread-content-margin:--spacing(16)] px-(--thread-content-margin)\">\n<div class=\"[--thread-content-max-width:40rem] @w-lg\/main:[--thread-content-max-width:48rem] mx-auto max-w-(--thread-content-max-width) flex-1 group\/turn-messages focus-visible:outline-hidden relative flex w-full min-w-0 flex-col agent-turn\">\n<div class=\"flex max-w-full flex-col grow\">\n<div class=\"min-h-8 text-message relative flex w-full flex-col items-end gap-2 text-start break-words whitespace-normal [.text-message+&amp;]:mt-1\" dir=\"auto\" data-message-author-role=\"assistant\" data-message-id=\"c9cce094-55bf-47d8-a597-d5ff25a3c7d9\" data-message-model-slug=\"gpt-5-2\">\n<div class=\"flex w-full flex-col gap-1 empty:hidden first:pt-[1px]\">\n<div class=\"markdown prose dark:prose-invert w-full break-words light markdown-new-styling\">\n<div class=\"flex flex-col text-sm pb-25\">\n<article class=\"text-token-text-primary w-full focus:outline-none [--shadow-height:45px] has-data-writing-block:pointer-events-none has-data-writing-block:-mt-(--shadow-height) has-data-writing-block:pt-(--shadow-height) [&amp;:has([data-writing-block])&gt;*]:pointer-events-auto scroll-mt-[calc(var(--header-height)+min(200px,max(70px,20svh)))]\" dir=\"auto\" data-turn-id=\"request-WEB:797058a7-a6eb-4c73-afda-75b0a05e7989-39\" data-testid=\"conversation-turn-80\" data-scroll-anchor=\"true\" data-turn=\"assistant\">\n<div class=\"text-base my-auto mx-auto pb-10 [--thread-content-margin:--spacing(4)] @w-sm\/main:[--thread-content-margin:--spacing(6)] @w-lg\/main:[--thread-content-margin:--spacing(16)] px-(--thread-content-margin)\">\n<div class=\"[--thread-content-max-width:40rem] @w-lg\/main:[--thread-content-max-width:48rem] mx-auto max-w-(--thread-content-max-width) flex-1 group\/turn-messages focus-visible:outline-hidden relative flex w-full min-w-0 flex-col agent-turn\">\n<div class=\"flex max-w-full flex-col grow\">\n<div class=\"min-h-8 text-message relative flex w-full flex-col items-end gap-2 text-start break-words whitespace-normal [.text-message+&amp;]:mt-1\" dir=\"auto\" data-message-author-role=\"assistant\" data-message-id=\"c84ebcfd-3ae3-4dea-8525-20c260afc998\" data-message-model-slug=\"gpt-5-2\">\n<div class=\"flex w-full flex-col gap-1 empty:hidden first:pt-[1px]\">\n<div class=\"markdown prose dark:prose-invert w-full break-words light markdown-new-styling\">\n<p data-start=\"33\" data-end=\"569\">Spolo\u010dnos\u0165 PARD predstavuje nov\u00e9 digit\u00e1lne zariadenie na no\u010dn\u00e9 videnie v podobe pu\u0161koh\u013eadu \u2013 <strong data-start=\"108\" data-end=\"121\">PARD DS35<\/strong>. Ide o <strong data-start=\"127\" data-end=\"177\">multifunk\u010dn\u00fd pu\u0161koh\u013ead na denn\u00e9 a no\u010dn\u00e9 pou\u017eitie<\/strong> vybaven\u00fd najmodernej\u0161ou technol\u00f3giou. DS35 je o krok vpred pred konkurenciou, preto\u017ee <strong data-start=\"271\" data-end=\"355\">je prv\u00fdm na trhu, ktor\u00fd pou\u017e\u00edva nov\u00fd kruhov\u00fd IPS LCD displej s rozl\u00ed\u0161en\u00edm 800\u00d7800 px<\/strong>, ktor\u00fd poskytuje z\u00e1\u017eitok podobn\u00fd klasick\u00fdm pu\u0161koh\u013eadom a <strong data-start=\"411\" data-end=\"434\">maxim\u00e1lne zorn\u00e9 pole<\/strong>. V\u00fdsledkom je <strong data-start=\"463\" data-end=\"488\">vy\u0161\u0161ie rozl\u00ed\u0161enie obrazu<\/strong> v kombin\u00e1cii s <strong data-start=\"498\" data-end=\"560\">vysoko citliv\u00fdm senzorom Ultra HD CMOS (2560\u00d71440 px)<\/strong>.<\/p>\n<p data-start=\"571\" data-end=\"863\" data-is-last-node=\"\" data-is-only-node=\"\"><strong data-start=\"573\" data-end=\"657\">Verzia<\/strong> <strong data-start=\"573\" data-end=\"657\">Pard DS35 s vlnovou d\u013a\u017ekou 940 nm je k dispoz\u00edcii s dvoma typmi optick\u00e9ho zv\u00e4\u010d\u0161enia: 4\u00d7 a 6,5\u00d7.<\/strong><br data-start=\"657\" data-end=\"660\" \/><strong data-start=\"662\" data-end=\"680\">Zv\u00e4\u010d\u0161enie<\/strong> <strong data-start=\"662\" data-end=\"680\">4\u00d7<\/strong> je ide\u00e1lne pre krat\u0161ie vzdialenosti \u2013 do pribli\u017ene 100 metrov \u2013 a poskytuje <strong data-start=\"745\" data-end=\"778\">naj\u0161ir\u0161ie<\/strong> <strong data-start=\"745\" data-end=\"778\">mo\u017en\u00e9 zorn\u00e9 pole<\/strong>. <strong data-start=\"791\" data-end=\"820\">Pre<\/strong> <strong data-start=\"791\" data-end=\"820\">lov na v\u00e4\u010d\u0161iu vzdialenos\u0165<\/strong> je v\u00fdhodnej\u0161ie <strong data-start=\"829\" data-end=\"849\">6,5\u00d7 zv\u00e4\u010d\u0161enie<\/strong>.<\/p>\n<p data-start=\"571\" data-end=\"863\" data-is-last-node=\"\" data-is-only-node=\"\"><strong data-start=\"22\" data-end=\"45\">Nov\u00fd IPS LCD displej<\/strong><br data-start=\"45\" data-end=\"48\" \/>Tento displej poskytuje mimoriadne jasn\u00fd obraz s vysok\u00fdm kontrastom a m\u00e1 extra \u0161irok\u00e9 zorn\u00e9 pole pre lep\u0161\u00ed preh\u013ead o situ\u00e1cii. V\u010faka r\u00fdchlej odozve je pozorovanie e\u0161te prirodzenej\u0161ie, tak\u017ee m\u00e1te pocit, ako keby ste sa pozerali cez tradi\u010dn\u00fa denn\u00fa optiku.<\/p>\n<p data-start=\"571\" data-end=\"863\" data-is-last-node=\"\" data-is-only-node=\"\"><strong data-start=\"22\" data-end=\"44\">Inovat\u00edvne nulovanie<\/strong><br data-start=\"44\" data-end=\"47\" \/>Odteraz bude nulovanie v\u00e1\u0161ho digit\u00e1lneho no\u010dn\u00e9ho videnia jednoduch\u0161ie ako kedyko\u013evek predt\u00fdm. V\u010faka kruhov\u00e9mu displeju pri korekcii cie\u013ea <strong data-start=\"183\" data-end=\"230\">nepos\u00favate zameriavac\u00ed kr\u00ed\u017e, ale obraz<\/strong>. T\u00fdmto sp\u00f4sobom zameriavac\u00ed kr\u00ed\u017e v\u017edy zost\u00e1va perfektne vystreden\u00fd a zachov\u00e1va cel\u00e9 zorn\u00e9 pole.<br data-start=\"314\" data-end=\"317\" \/><strong data-start=\"319\" data-end=\"332\">PARD DS35<\/strong> pon\u00faka celkom <strong data-start=\"342\" data-end=\"376\">6 r\u00f4znych typov zameriavac\u00edch kr\u00ed\u017eov<\/strong>, <strong data-start=\"378\" data-end=\"389\">4 farby<\/strong> a <strong data-start=\"393\" data-end=\"415\">5 zameriavac\u00edch profilov<\/strong>.<\/p>\n<p data-start=\"66\" data-end=\"112\"><strong data-start=\"70\" data-end=\"112\">No\u010dn\u00e1 detek\u010dn\u00e1 vzdialenos\u0165 a\u017e 500 m<\/strong><\/p>\n<p data-start=\"113\" data-end=\"493\"><strong data-start=\"115\" data-end=\"128\">PARD DS35<\/strong> je navrhnut\u00fd tak, aby dokonale detekoval r\u00f4zne ciele <strong data-start=\"174\" data-end=\"200\">vo<\/strong> <strong data-start=\"174\" data-end=\"200\">vzdialenosti<\/strong> a\u017e <strong data-start=\"174\" data-end=\"200\">500 metrov<\/strong>. V kombin\u00e1cii <strong data-start=\"230\" data-end=\"254\">s<\/strong> <strong data-start=\"230\" data-end=\"254\">Ultra HD senzorom<\/strong> a nov\u00fdm <strong data-start=\"265\" data-end=\"298\">vysoko kvalitn\u00fdm LCD displejom<\/strong> je o nieko\u013eko krokov pred konkurenciou.<br data-start=\"348\" data-end=\"351\" \/><strong data-start=\"353\" data-end=\"382\">IR osvetlenie<\/strong> <strong data-start=\"353\" data-end=\"382\">940 nm<\/strong> m\u00e1 tri \u00farovne jasu a nastavite\u013en\u00fd l\u00fa\u010d, \u010d\u00edm zabezpe\u010duje \u010do najjasnej\u0161ie zobrazenie cie\u013ea.<\/p>\n<p data-start=\"500\" data-end=\"539\"><strong data-start=\"504\" data-end=\"539\">Automatick\u00e9 nahr\u00e1vanie po stre\u013ebe<\/strong><\/p>\n<p data-start=\"540\" data-end=\"932\">Hne\u010f ako zariadenie zaznamen\u00e1 sp\u00e4tn\u00fd r\u00e1z, <strong data-start=\"582\" data-end=\"632\">automaticky nahraje 20-sekundov\u00e9 video<\/strong>, ktor\u00e9 <strong data-start=\"644\" data-end=\"697\">sa za\u010dne nahr\u00e1va\u0165 8 sek\u00fand pred v\u00fdstrelom<\/strong>.<br data-start=\"698\" data-end=\"701\" \/>Samozrejme, nahr\u00e1vanie videa <strong data-start=\"731\" data-end=\"754\">je mo\u017en\u00e9 spusti\u0165 aj manu\u00e1lne<\/strong>, a to na \u013eubovo\u013en\u00fa d\u013a\u017eku.<br data-start=\"781\" data-end=\"784\" \/><strong data-start=\"786\" data-end=\"848\">Pard DS35 je tie\u017e schopn\u00fd sn\u00edma\u0165 fotografie s vysok\u00fdm rozl\u00ed\u0161en\u00edm<\/strong> a <strong data-start=\"873\" data-end=\"932\">m\u00f4\u017ee pren\u00e1\u0161a\u0165<\/strong> \u017eiv\u00e9 obrazy <strong data-start=\"873\" data-end=\"932\">do mobiln\u00e9ho telef\u00f3nu cez Wi-Fi.<\/strong><\/p>\n<p data-start=\"939\" data-end=\"965\"><strong data-start=\"943\" data-end=\"965\">Inovat\u00edvne ovl\u00e1danie<\/strong><\/p>\n<p data-start=\"966\" data-end=\"1150\">Nov\u00fd <strong data-start=\"973\" data-end=\"999\">oto\u010dn\u00fd ovl\u00e1dac\u00ed gomb\u00edk<\/strong> je mimoriadne jednoduch\u00fd, r\u00fdchly a intuit\u00edvny na pou\u017e\u00edvanie. Je obzvl\u00e1\u0161\u0165 u\u017eito\u010dn\u00fd pri stre\u013ebe a nastavovan\u00ed, preto\u017ee <strong data-start=\"1109\" data-end=\"1150\">v\u00fdrazne ur\u00fdch\u013euje cel\u00fd proces.<\/strong><\/p>\n<p data-start=\"1157\" data-end=\"1177\"><strong data-start=\"1161\" data-end=\"1177\">Nov\u00e9 farebn\u00e9 re\u017eimy<\/strong><\/p>\n<p data-start=\"1178\" data-end=\"1316\">Obraz m\u00f4\u017eete prisp\u00f4sobi\u0165 na z\u00e1klade vybran\u00fdch <strong data-start=\"1201\" data-end=\"1214\">farebn\u00fdch re\u017eimov<\/strong>, \u010do <strong data-start=\"1245\" data-end=\"1290\">poskytuje v\u00fdnimo\u010dn\u00fa prisp\u00f4sobivos\u0165<\/strong> v r\u00f4znych prostrediach.<\/p>\n<table dir=\"ltr\" style=\"width: 860px;height: 744px\" border=\"1\" cellspacing=\"0\" cellpadding=\"0\" data-sheets-root=\"1\" data-sheets-baot=\"1\">\n<colgroup>\n<col width=\"172\" \/>\n<col width=\"37\" \/>\n<col width=\"101\" \/><\/colgroup>\n<tbody>\n<tr style=\"height: 24px\">\n<td style=\"width: 252.017px;height: 24px\">Parameter<\/td>\n<td style=\"width: 291.983px;height: 24px\">50 mm<\/td>\n<td style=\"width: 308px;height: 24px\">70 mm<\/td>\n<\/tr>\n<tr style=\"height: 24px\">\n<td style=\"width: 252.017px;height: 24px\">Variant<\/td>\n<td style=\"width: 291.983px;height: 24px\">50 mm<\/td>\n<td style=\"width: 308px;height: 24px\">70 mm<\/td>\n<\/tr>\n<tr style=\"height: 24px\">\n<td style=\"width: 252.017px;height: 24px\">Zv\u00e4\u010d\u0161i\u0165<\/td>\n<td style=\"width: 291.983px;height: 24px\">4\u20134,7\u20135,6\u20136,7\u20138\u00d7<\/td>\n<td style=\"width: 308px;height: 24px\">\n<div>\n<div>5,6\u20136,6\u20137,8\u20139,2\u201311,5\u00d7<\/div>\n<\/div>\n<\/td>\n<\/tr>\n<tr style=\"height: 24px\">\n<td style=\"width: 252.017px;height: 24px\">Zorn\u00e9 pole \u2013 horizont\u00e1lne<\/td>\n<td style=\"width: 291.983px;height: 24px\">4,8<\/td>\n<td style=\"width: 308px;height: 24px\">3,4<\/td>\n<\/tr>\n<tr style=\"height: 24px\">\n<td style=\"width: 252.017px;height: 24px\">Zorn\u00e9 pole \u2013 vertik\u00e1lne<\/td>\n<td style=\"width: 291.983px;height: 24px\">4,8\u00b0<\/td>\n<td style=\"width: 308px;height: 24px\">3,4<\/td>\n<\/tr>\n<tr style=\"height: 24px\">\n<td style=\"width: 252.017px;height: 24px\">Zorn\u00e9 pole \u2013 diagon\u00e1lne<\/td>\n<td style=\"width: 291.983px;height: 24px\">6,8\u00b0<\/td>\n<td style=\"width: 308px;height: 24px\">4,8<\/td>\n<\/tr>\n<tr style=\"height: 24px\">\n<td style=\"width: 252.017px;height: 24px\">Rozl\u00ed\u0161enie senzora<\/td>\n<td style=\"width: 291.983px;height: 24px\">Pard 2K, 2560\u00d71440<\/td>\n<td style=\"width: 308px;height: 24px\">\n<div>\n<div>Pard 2K, 2560\u00d71440<\/div>\n<\/div>\n<\/td>\n<\/tr>\n<tr style=\"height: 24px\">\n<td style=\"width: 252.017px;height: 24px\">Ve\u013ekos\u0165 pixelu<\/td>\n<td style=\"width: 291.983px;height: 24px\">2,9 \u03bcm<\/td>\n<td style=\"width: 308px;height: 24px\">2,9 \u03bcm<\/td>\n<\/tr>\n<tr style=\"height: 24px\">\n<td style=\"width: 252.017px;height: 24px\">Citlivos\u0165 na svetlo<\/td>\n<td style=\"width: 291.983px;height: 24px\">0,001 lux<\/td>\n<td style=\"width: 308px;height: 24px\">0,001 lux<\/td>\n<\/tr>\n<tr style=\"height: 24px\">\n<td style=\"width: 252.017px;height: 24px\">Algoritmus spracovania obrazu<\/td>\n<td style=\"width: 291.983px;height: 24px\">Pard VLEA<\/td>\n<td style=\"width: 308px;height: 24px\">Pard VLEA<\/td>\n<\/tr>\n<tr style=\"height: 24px\">\n<td style=\"width: 252.017px;height: 24px\">Prev\u00e1dzkov\u00e9 re\u017eimy<\/td>\n<td style=\"width: 291.983px;height: 24px\">Farba \/ \u010dierna a biela \/ zelen\u00e1 \/ \u017elt\u00e1<\/td>\n<td style=\"width: 308px;height: 24px\">\n<div>\n<div>Farba \/ \u010dierna a biela \/ zelen\u00e1 \/ \u017elt\u00e1<\/div>\n<\/div>\n<\/td>\n<\/tr>\n<tr style=\"height: 24px\">\n<td style=\"width: 252.017px;height: 24px\">Displej<\/td>\n<td style=\"width: 291.983px;height: 24px\">Kruhov\u00fd IPS LCD 800\u00d7800 px<\/td>\n<td style=\"width: 308px;height: 24px\">\n<div>\n<div>Kruhov\u00fd IPS LCD 800\u00d7800 px<\/div>\n<\/div>\n<\/td>\n<\/tr>\n<tr style=\"height: 24px\">\n<td style=\"width: 252.017px;height: 24px\">Korekcia dioptri\u00ed<\/td>\n<td style=\"width: 291.983px;height: 24px\">\u22125D a\u017e +5D<\/td>\n<td style=\"width: 308px;height: 24px\">\u22125D a\u017e +5D<\/td>\n<\/tr>\n<tr style=\"height: 24px\">\n<td style=\"width: 252.017px;height: 24px\">Obraz v obraze (PIP)<\/td>\n<td style=\"width: 291.983px;height: 24px\">\u00c1no<\/td>\n<td style=\"width: 308px;height: 24px\">\u00c1no<\/td>\n<\/tr>\n<tr style=\"height: 24px\">\n<td style=\"width: 252.017px;height: 24px\">Wi-Fi<\/td>\n<td style=\"width: 291.983px;height: 24px\">\u00c1no<\/td>\n<td style=\"width: 308px;height: 24px\">\u00c1no<\/td>\n<\/tr>\n<tr style=\"height: 24px\">\n<td style=\"width: 252.017px;height: 24px\">microSD karta<\/td>\n<td style=\"width: 291.983px;height: 24px\">max. 128 GB<\/td>\n<td style=\"width: 308px;height: 24px\">max. 128 GB<\/td>\n<\/tr>\n<tr style=\"height: 24px\">\n<td style=\"width: 252.017px;height: 24px\">Gyroskop<\/td>\n<td style=\"width: 291.983px;height: 24px\">\u00c1no<\/td>\n<td style=\"width: 308px;height: 24px\">\u00c1no<\/td>\n<\/tr>\n<tr style=\"height: 24px\">\n<td style=\"width: 252.017px;height: 24px\">Automatick\u00e9 nahr\u00e1vanie videa<\/td>\n<td style=\"width: 291.983px;height: 24px\">\u00c1no<\/td>\n<td style=\"width: 308px;height: 24px\">\u00c1no<\/td>\n<\/tr>\n<tr style=\"height: 24px\">\n<td style=\"width: 252.017px;height: 24px\">Fotografie a vide\u00e1<\/td>\n<td style=\"width: 291.983px;height: 24px\">\u00c1no<\/td>\n<td style=\"width: 308px;height: 24px\">\u00c1no<\/td>\n<\/tr>\n<tr style=\"height: 24px\">\n<td style=\"width: 252.017px;height: 24px\">Kompas<\/td>\n<td style=\"width: 291.983px;height: 24px\">Elektronick\u00fd kompas<\/td>\n<td style=\"width: 308px;height: 24px\">\n<div>\n<div>Elektronick\u00fd kompas<\/div>\n<\/div>\n<\/td>\n<\/tr>\n<tr style=\"height: 24px\">\n<td style=\"width: 252.017px;height: 24px\">Mikrof\u00f3n<\/td>\n<td style=\"width: 291.983px;height: 24px\">\u00c1no<\/td>\n<td style=\"width: 308px;height: 24px\">\u00c1no<\/td>\n<\/tr>\n<tr style=\"height: 24px\">\n<td style=\"width: 252.017px;height: 24px\">USB konektor<\/td>\n<td style=\"width: 291.983px;height: 24px\">USB-C<\/td>\n<td style=\"width: 308px;height: 24px\">USB-C<\/td>\n<\/tr>\n<tr style=\"height: 24px\">\n<td style=\"width: 252.017px;height: 24px\">HDMI v\u00fdstup<\/td>\n<td style=\"width: 291.983px;height: 24px\">\u00c1no<\/td>\n<td style=\"width: 308px;height: 24px\">\u00c1no<\/td>\n<\/tr>\n<tr style=\"height: 24px\">\n<td style=\"width: 252.017px;height: 24px\">IR osvetlenie<\/td>\n<td style=\"width: 291.983px;height: 24px\">940 nm, 5 W<\/td>\n<td style=\"width: 308px;height: 24px\">940 nm, 5 W<\/td>\n<\/tr>\n<tr style=\"height: 24px\">\n<td style=\"width: 252.017px;height: 24px\">IR rozsah<\/td>\n<td style=\"width: 291.983px;height: 24px\">a\u017e 500 m<\/td>\n<td style=\"width: 308px;height: 24px\">a\u017e 500 m<\/td>\n<\/tr>\n<tr style=\"height: 24px\">\n<td style=\"width: 252.017px;height: 24px\">Typ bat\u00e9rie<\/td>\n<td style=\"width: 291.983px;height: 24px\">Li-ion 18650<\/td>\n<td style=\"width: 308px;height: 24px\">Li-ion 18650<\/td>\n<\/tr>\n<tr style=\"height: 24px\">\n<td style=\"width: 252.017px;height: 24px\">Prev\u00e1dzkov\u00e1 doba<\/td>\n<td style=\"width: 291.983px;height: 24px\">8 hod\u00edn<\/td>\n<td style=\"width: 308px;height: 24px\">8 hod\u00edn<\/td>\n<\/tr>\n<tr style=\"height: 24px\">\n<td style=\"width: 252.017px;height: 24px\">Ochrana<\/td>\n<td style=\"width: 291.983px;height: 24px\">IP67<\/td>\n<td style=\"width: 308px;height: 24px\">IP67<\/td>\n<\/tr>\n<tr style=\"height: 24px\">\n<td style=\"width: 252.017px;height: 24px\">Prev\u00e1dzkov\u00e1 teplota<\/td>\n<td style=\"width: 291.983px;height: 24px\">\u221220 \u00b0C \u2013 +50 \u00b0C<\/td>\n<td style=\"width: 308px;height: 24px\">\u221220 \u00b0C \u2013 +50 \u00b0C<\/td>\n<\/tr>\n<tr style=\"height: 24px\">\n<td style=\"width: 252.017px;height: 24px\">Rozmery<\/td>\n<td style=\"width: 291.983px;height: 24px\">396 \u00d7 125 \u00d7 110 mm<\/td>\n<td style=\"width: 308px;height: 24px\">\n<div>\n<div>396 \u00d7 125 \u00d7 110 mm<\/div>\n<\/div>\n<\/td>\n<\/tr>\n<tr style=\"height: 24px\">\n<td style=\"width: 252.017px;height: 24px\">Hmotnos\u0165<\/td>\n<td style=\"width: 291.983px;height: 24px\">680 g<\/td>\n<td style=\"width: 308px;height: 24px\">680 g<\/td>\n<\/tr>\n<\/tbody>\n<\/table>\n<p data-start=\"45\" data-end=\"67\"><strong data-start=\"45\" data-end=\"67\">Obsah balenia:<\/strong><\/p>\n<ul>\n<li data-start=\"71\" data-end=\"92\">PARD DS35 zameriava\u010d<\/li>\n<li data-start=\"95\" data-end=\"118\">Pr\u00e9miov\u00e9 puzdro na pren\u00e1\u0161anie<\/li>\n<li data-start=\"121\" data-end=\"144\">USB-C pripojovac\u00ed k\u00e1bel<\/li>\n<li data-start=\"147\" data-end=\"181\">N\u00e1vod na pou\u017eitie<\/li>\n<li data-start=\"184\" data-end=\"206\">Optick\u00e1 \u010distiaca utierka<\/li>\n<li data-start=\"209\" data-end=\"240\">1\u00d7 nab\u00edjate\u013en\u00e1 bat\u00e9ria 18650<\/li>\n<li data-start=\"243\" data-end=\"271\">Mont\u00e1\u017eny materi\u00e1l (2\u00d7 30 mm kr\u00fa\u017eky)<\/li>\n<\/ul>\n<\/div>\n<\/div>\n<\/div>\n<\/div>\n<\/div>\n<\/div>\n<\/article>\n<\/div>\n<\/div>\n<\/div>\n<\/div>\n<\/div>\n<\/div>\n<\/div>\n<\/article>\n<\/div>\n","protected":false},"excerpt":{"rendered":"<p><strong data-start=\"57\" data-end=\"133\">Digit\u00e1lis c\u00e9lt\u00e1vcs\u0151 \u00e9jjell\u00e1t\u00f3val - PARD DS35 \u00daJ, \u00c1TL\u00c1T\u00d3K\u00d6ZELVISSZONYZATOS VOLUMENNEL<\/strong>OLVAS\u00c1S<\/p>\n<ul>\n<li><strong data-start=\"136\" data-end=\"163\">Nappali\/\u00e9jszakai rendszer<\/strong> - sz\u00ednes k\u00e9p nappal, fekete-feh\u00e9r k\u00e9p \u00e9jszaka<\/li>\n<li><strong data-start=\"209\" data-end=\"240\">\u00c9szlel\u00e9si t\u00e1vols\u00e1g \u00e9jszaka<\/strong>: 500 m-ig<\/li>\n<li><strong data-start=\"256\" data-end=\"276\">Optikai nagy\u00edt\u00e1s<\/strong>: 4\u00d7 vagy 5.6\u00d7<\/li>\n<li><strong data-start=\"293\" data-end=\"311\">Digit\u00e1lis zoom<\/strong>: 1,2\u00d7<\/li>\n<li><strong data-start=\"320\" data-end=\"341\">K\u00f6r alak\u00fa LCD kijelz\u0151<\/strong>: 800\u00d7800 px<\/li>\n<li><strong data-start=\"356\" data-end=\"398\">940 nm-es IR megvil\u00e1g\u00edt\u00e1s 3 fokozatban<\/strong><\/li>\n<li><strong data-start=\"401\" data-end=\"431\">K\u00e9p a k\u00e9pben (PIP) funkci\u00f3<\/strong><\/li>\n<li><strong data-start=\"434\" data-end=\"452\">Vide\u00f3 felbont\u00e1s<\/strong>: 1920\u00d71080 Full HD (2 Mpix)<\/li>\n<li><strong data-start=\"483\" data-end=\"523\">Mem\u00f3ria ak\u00e1r 5 fegyverbe\u00e1ll\u00edt\u00e1shoz<\/strong><\/li>\n<li><strong data-start=\"526\" data-end=\"562\">6 \u00faj t\u00edpus\u00fa vad\u00e1szc\u00e9lz\u00f3<\/strong><\/li>\n<li><strong data-start=\"565\" data-end=\"596\">Energiatakar\u00e9kos \u00fczemm\u00f3d (alv\u00f3 \u00fczemm\u00f3d)<\/strong><\/li>\n<li><strong data-start=\"599\" data-end=\"613\">Teljes\u00edtm\u00e9ny<\/strong>: 18650-es akkumul\u00e1tor (tartoz\u00e9k)<\/li>\n<li><strong data-start=\"661\" data-end=\"672\">M\u0171k\u00f6d\u00e9si id\u0151<\/strong>: ak\u00e1r 8 \u00f3ra<\/li>\n<li><strong data-start=\"687\" data-end=\"715\">Mechanikai terhelhet\u0151s\u00e9g<\/strong>: 6000 J-ig (pl. 8\u00d768, 30-06, .308W)<\/li>\n<\/ul>","protected":false},"featured_media":21461,"template":"","meta":{"_gspb_post_css":""},"product_brand":[],"product_cat":[145,2753],"product_tag":[2730,325,229,324],"class_list":{"0":"post-21411","1":"product","2":"type-product","3":"status-publish","4":"has-post-thumbnail","6":"product_cat-nocne-videnie","7":"product_cat-puskohlady","8":"product_tag-ds","9":"product_tag-nocne-videnie","10":"product_tag-pard","11":"product_tag-puskohlad","13":"first","14":"instock","15":"sale","16":"taxable","17":"shipping-taxable","18":"purchasable","19":"product-type-simple"},"ct_brands":[],"_links":{"self":[{"href":"https:\/\/zbranebudai.sk\/hu\/wp-json\/wp\/v2\/product\/21411","targetHints":{"allow":["GET"]}}],"collection":[{"href":"https:\/\/zbranebudai.sk\/hu\/wp-json\/wp\/v2\/product"}],"about":[{"href":"https:\/\/zbranebudai.sk\/hu\/wp-json\/wp\/v2\/types\/product"}],"wp:featuredmedia":[{"embeddable":true,"href":"https:\/\/zbranebudai.sk\/hu\/wp-json\/wp\/v2\/media\/21461"}],"wp:attachment":[{"href":"https:\/\/zbranebudai.sk\/hu\/wp-json\/wp\/v2\/media?parent=21411"}],"wp:term":[{"taxonomy":"product_brand","embeddable":true,"href":"https:\/\/zbranebudai.sk\/hu\/wp-json\/wp\/v2\/product_brand?post=21411"},{"taxonomy":"product_cat","embeddable":true,"href":"https:\/\/zbranebudai.sk\/hu\/wp-json\/wp\/v2\/product_cat?post=21411"},{"taxonomy":"product_tag","embeddable":true,"href":"https:\/\/zbranebudai.sk\/hu\/wp-json\/wp\/v2\/product_tag?post=21411"}],"curies":[{"name":"wp","href":"https:\/\/api.w.org\/{rel}","templated":true}]}}