{"id":21410,"date":"2026-02-14T15:26:11","date_gmt":"2026-02-14T13:26:11","guid":{"rendered":"https:\/\/zbranebudai.sk\/?post_type=product&#038;p=21410"},"modified":"2026-04-21T13:04:28","modified_gmt":"2026-04-21T11:04:28","slug":"pard-nv007v2-nahrada-za-nocne-videnie-teleskop-s-emitorom-850-nm-45-mm","status":"publish","type":"product","link":"https:\/\/zbranebudai.sk\/hu\/product\/pard-nv007v2-nahrada-za-nocne-videnie-teleskop-s-emitorom-850-nm-45-mm\/","title":{"rendered":"Pard NV007V2 n\u00e1hrada za no\u010dn\u00e9 videnie\/teleskop s emitorom 850 nm, 45 mm"},"content":{"rendered":"<p><strong>Pard NV007V2 n\u00e1hrada za no\u010dn\u00e9 videnie\/teleskop s 850 nm emitorom <\/strong>45 mm<\/p>\n<ul>\n<li><strong data-start=\"130\" data-end=\"156\">Re\u017eim de\u0148\/noc<\/strong> - sz\u00ednes k\u00e9p nappal, fekete-feh\u00e9r k\u00e9p \u00e9jszaka<\/li>\n<li><strong data-start=\"202\" data-end=\"236\">Najmodernej\u0161\u00ed senzor Ultra HD<\/strong> s rozl\u00ed\u0161en\u00edm 2560\u00d71440 px<\/li>\n<li><strong data-start=\"266\" data-end=\"297\">No\u010dn\u00e1 detek\u010dn\u00e1 vzdialenos\u0165<\/strong>: viac ako 350 m<\/li>\n<li><strong data-start=\"318\" data-end=\"338\">Optikai nagy\u00edt\u00e1s<\/strong>: 1,4<\/li>\n<li><strong data-start=\"347\" data-end=\"369\">Digit\u00e1lis nagy\u00edt\u00e1s<\/strong>: 1,5\u20133,5<\/li>\n<li><strong data-start=\"382\" data-end=\"414\">Vysoko kvalitn\u00fd OLED displej<\/strong>: 1440\u00d71080 px<\/li>\n<li><strong data-start=\"431\" data-end=\"473\">850 nm IR osvetlenie v 3 stup\u0148och<\/strong><\/li>\n<li><strong data-start=\"476\" data-end=\"494\">Vide\u00f3 felbont\u00e1s<\/strong>: 1440\u00d71080<\/li>\n<li><strong data-start=\"508\" data-end=\"529\">Rozl\u00ed\u0161enie fotografi\u00ed<\/strong>: 1440\u00d71080<\/li>\n<li><strong data-start=\"543\" data-end=\"574\">Energiatakar\u00e9kos \u00fczemm\u00f3d (alv\u00f3 \u00fczemm\u00f3d)<\/strong><\/li>\n<li><strong data-start=\"577\" data-end=\"591\">Teljes\u00edtm\u00e9ny<\/strong>: 18650-es akkumul\u00e1tor (tartoz\u00e9k)<\/li>\n<li><strong data-start=\"646\" data-end=\"674\">Mechanikai terhelhet\u0151s\u00e9g<\/strong>: a\u017e 6000 J<\/li>\n<\/ul>\n<table dir=\"ltr\" style=\"width: 937px\" border=\"1\" cellspacing=\"0\" cellpadding=\"0\" data-sheets-root=\"1\" data-sheets-baot=\"1\">\n<colgroup>\n<col width=\"101\" \/>\n<col width=\"56\" \/><\/colgroup>\n<tbody>\n<tr>\n<td style=\"width: 431.55px\">Param\u00e9ter<\/td>\n<td style=\"width: 500.65px\">\u00c9rt\u00e9k<\/td>\n<\/tr>\n<tr>\n<td style=\"width: 431.55px\">\u00c9rz\u00e9kel\u0151<\/td>\n<td style=\"width: 500.65px\">\n<div>\n<div>UHD 2560\u00d71440 px<\/div>\n<\/div>\n<\/td>\n<\/tr>\n<tr>\n<td style=\"width: 431.55px\">Laserov\u00e9 IR osvetlenie<\/td>\n<td style=\"width: 500.65px\">850 nm<\/td>\n<\/tr>\n<tr>\n<td style=\"width: 431.55px\">\u00c9rz\u00e9kel\u00e9si t\u00e1vols\u00e1g<\/td>\n<td style=\"width: 500.65px\">\n<div>\n<div>350 m-ig<\/div>\n<\/div>\n<\/td>\n<\/tr>\n<tr>\n<td style=\"width: 431.55px\">Optikai nagy\u00edt\u00e1s<\/td>\n<td style=\"width: 500.65px\">1,4\u00d7<\/td>\n<\/tr>\n<tr>\n<td style=\"width: 431.55px\">L\u00e1t\u00f3mez\u0151 - v\u00edzszintes<\/td>\n<td style=\"width: 500.65px\">22\u00b0<\/td>\n<\/tr>\n<tr>\n<td style=\"width: 431.55px\">L\u00e1t\u00f3mez\u0151 - f\u00fcgg\u0151leges<\/td>\n<td style=\"width: 500.65px\">12\u00b0<\/td>\n<\/tr>\n<tr>\n<td style=\"width: 431.55px\">L\u00e1t\u00f3mez\u0151 - \u00e1tl\u00f3s<\/td>\n<td style=\"width: 500.65px\">27\u00b0<\/td>\n<\/tr>\n<tr>\n<td style=\"width: 431.55px\">F\u00e9ny\u00e9rz\u00e9kenys\u00e9g<\/td>\n<td style=\"width: 500.65px\">0,001 lux<\/td>\n<\/tr>\n<tr>\n<td style=\"width: 431.55px\">K\u00e9prestaur\u00e1l\u00e1s<\/td>\n<td style=\"width: 500.65px\">30 Hz<\/td>\n<\/tr>\n<tr>\n<td style=\"width: 431.55px\">Digit\u00e1lis zoom<\/td>\n<td style=\"width: 500.65px\">1,5\u20133,5\u00d7<\/td>\n<\/tr>\n<tr>\n<td style=\"width: 431.55px\">A dioptri\u00e1k korrekci\u00f3ja<\/td>\n<td style=\"width: 500.65px\">\n<div>\n<div>-5D \u00e9s +5D k\u00f6z\u00f6tt<\/div>\n<\/div>\n<\/td>\n<\/tr>\n<tr>\n<td style=\"width: 431.55px\">M\u0171k\u00f6d\u00e9si m\u00f3dok<\/td>\n<td style=\"width: 500.65px\">\n<div>\n<div>Farba \/ \u010ciernobiela<\/div>\n<\/div>\n<\/td>\n<\/tr>\n<tr>\n<td style=\"width: 431.55px\">Kijelz\u0151<\/td>\n<td style=\"width: 500.65px\">\n<div>\n<div>OLED 1440\u00d71080<\/div>\n<\/div>\n<\/td>\n<\/tr>\n<tr>\n<td style=\"width: 431.55px\">Priemer oka<\/td>\n<td style=\"width: 500.65px\">25 mm<\/td>\n<\/tr>\n<tr>\n<td style=\"width: 431.55px\">V\u00fdstupn\u00fd objekt\u00edv<\/td>\n<td style=\"width: 500.65px\">22,5 mm<\/td>\n<\/tr>\n<tr>\n<td style=\"width: 431.55px\">Wi-Fi<\/td>\n<td style=\"width: 500.65px\">Igen<\/td>\n<\/tr>\n<tr>\n<td style=\"width: 431.55px\">microSD k\u00e1rtya<\/td>\n<td style=\"width: 500.65px\">\n<div>\n<div>Igen, max. 128 GB<\/div>\n<\/div>\n<\/td>\n<\/tr>\n<tr>\n<td style=\"width: 431.55px\">Nastavite\u013en\u00e9 IR osvetlenie<\/td>\n<td style=\"width: 500.65px\">Igen<\/td>\n<\/tr>\n<tr>\n<td style=\"width: 431.55px\">Fot\u00f3k \u00e9s vide\u00f3k<\/td>\n<td style=\"width: 500.65px\">Igen<\/td>\n<\/tr>\n<tr>\n<td style=\"width: 431.55px\">USB csatlakoz\u00f3<\/td>\n<td style=\"width: 500.65px\">USB-C<\/td>\n<\/tr>\n<tr>\n<td style=\"width: 431.55px\">HDMI kimenet<\/td>\n<td style=\"width: 500.65px\">Igen<\/td>\n<\/tr>\n<tr>\n<td style=\"width: 431.55px\">Akkumul\u00e1tor t\u00edpusa<\/td>\n<td style=\"width: 500.65px\">\n<div>\n<div>Li-ion 18650 \u00d7 1<\/div>\n<\/div>\n<\/td>\n<\/tr>\n<tr>\n<td style=\"width: 431.55px\">M\u0171k\u00f6d\u00e9si id\u0151<\/td>\n<td style=\"width: 500.65px\">\n<div>\n<div>A\u017e 6 hod\u00edn<\/div>\n<\/div>\n<\/td>\n<\/tr>\n<tr>\n<td style=\"width: 431.55px\">V\u00e9delem<\/td>\n<td style=\"width: 500.65px\">IP67<\/td>\n<\/tr>\n<tr>\n<td style=\"width: 431.55px\">\u00dczemi h\u0151m\u00e9rs\u00e9klet<\/td>\n<td style=\"width: 500.65px\">\n<div>\n<div>\u221220 \u00b0C \u2013 +40 \u00b0C<\/div>\n<\/div>\n<\/td>\n<\/tr>\n<tr>\n<td style=\"width: 431.55px\">M\u00e9retek<\/td>\n<td style=\"width: 500.65px\">\n<div>\n<div>135 \u00d7 100 \u00d7 55 mm<\/div>\n<\/div>\n<\/td>\n<\/tr>\n<tr>\n<td style=\"width: 431.55px\">S\u00faly<\/td>\n<td style=\"width: 500.65px\">229 g<\/td>\n<\/tr>\n<\/tbody>\n<\/table>\n<p data-start=\"51\" data-end=\"73\"><strong data-start=\"51\" data-end=\"73\">A csomag tartalma:<\/strong><\/p>\n<ul>\n<li data-start=\"77\" data-end=\"122\">1\u00d7 digit\u00e1lne no\u010dn\u00e9 videnie PARD NV007 V2 850 nm<\/li>\n<li data-start=\"125\" data-end=\"162\">1\u00d7 pou\u017e\u00edvate\u013esk\u00e1 pr\u00edru\u010dka<\/li>\n<li data-start=\"165\" data-end=\"243\">3\u00d7 distan\u010dn\u00e9 kr\u00fa\u017eky (1 mm, 2 mm, 3 mm) pre pu\u0161koh\u013eady s priemerom okul\u00e1ru 39\u201345 mm<\/li>\n<li data-start=\"246\" data-end=\"277\">1\u00d7 18650 \u00fajrat\u00f6lthet\u0151 akkumul\u00e1tor<\/li>\n<li data-start=\"280\" data-end=\"299\">1\u00d7 ochrann\u00e9 puzdro z tkaniny<\/li>\n<li data-start=\"302\" data-end=\"320\">1\u00d7 USB adatk\u00e1bel<\/li>\n<li data-start=\"323\" data-end=\"343\">1\u00d7 v\u00fdpl\u0148ov\u00e1 p\u00e1ska<\/li>\n<li data-start=\"346\" data-end=\"362\">2\u00d7 imbusov\u00e9 k\u013e\u00fa\u010de<\/li>\n<li data-start=\"365\" data-end=\"384\">2\u00d7 tesniace gumov\u00e9 kr\u00fa\u017eky<\/li>\n<\/ul>","protected":false},"excerpt":{"rendered":"<p>Osved\u010den\u00fd model 007, teraz vylep\u0161en\u00fd \u2013 za skvel\u00fa cenu!<\/p>","protected":false},"featured_media":21457,"template":"","meta":{"_gspb_post_css":""},"product_brand":[],"product_cat":[145,2753,326],"product_tag":[325,290,229,323],"class_list":{"0":"post-21410","1":"product","2":"type-product","3":"status-publish","4":"has-post-thumbnail","6":"product_cat-nocne-videnie","7":"product_cat-puskohlady","8":"product_cat-termovizne-zameriavace","9":"product_tag-nocne-videnie","10":"product_tag-nv","11":"product_tag-pard","12":"product_tag-predsadka","14":"first","15":"instock","16":"taxable","17":"shipping-taxable","18":"purchasable","19":"product-type-simple"},"ct_brands":[],"_links":{"self":[{"href":"https:\/\/zbranebudai.sk\/hu\/wp-json\/wp\/v2\/product\/21410","targetHints":{"allow":["GET"]}}],"collection":[{"href":"https:\/\/zbranebudai.sk\/hu\/wp-json\/wp\/v2\/product"}],"about":[{"href":"https:\/\/zbranebudai.sk\/hu\/wp-json\/wp\/v2\/types\/product"}],"wp:featuredmedia":[{"embeddable":true,"href":"https:\/\/zbranebudai.sk\/hu\/wp-json\/wp\/v2\/media\/21457"}],"wp:attachment":[{"href":"https:\/\/zbranebudai.sk\/hu\/wp-json\/wp\/v2\/media?parent=21410"}],"wp:term":[{"taxonomy":"product_brand","embeddable":true,"href":"https:\/\/zbranebudai.sk\/hu\/wp-json\/wp\/v2\/product_brand?post=21410"},{"taxonomy":"product_cat","embeddable":true,"href":"https:\/\/zbranebudai.sk\/hu\/wp-json\/wp\/v2\/product_cat?post=21410"},{"taxonomy":"product_tag","embeddable":true,"href":"https:\/\/zbranebudai.sk\/hu\/wp-json\/wp\/v2\/product_tag?post=21410"}],"curies":[{"name":"wp","href":"https:\/\/api.w.org\/{rel}","templated":true}]}}