{"id":21409,"date":"2026-02-14T15:26:11","date_gmt":"2026-02-14T13:26:11","guid":{"rendered":"https:\/\/zbranebudai.sk\/?post_type=product&#038;p=21409"},"modified":"2026-02-19T10:42:30","modified_gmt":"2026-02-19T08:42:30","slug":"pard-prisvit-az-nv007sp2-ir1-eseteben","status":"publish","type":"product","link":"https:\/\/zbranebudai.sk\/hu\/product\/pard-prisvit-pre-nv007sp2-ir1\/","title":{"rendered":"Pard infravet\u0151 NV007SP2 IR1-hez"},"content":{"rendered":"<p>Optim\u00e1lis IR megvil\u00e1g\u00edt\u00e1s minden helyzetben: 850 nm vagy 940 nm?<\/p>\n<p>Az \u00d6n PARD NV007SP2 k\u00e9sz\u00fcl\u00e9k\u00e9vel szabadon v\u00e1laszthatja meg az IR-vil\u00e1g\u00edt\u00e1st, hogy minden helyzetre k\u00e9szen \u00e1lljon.<\/p>\n<p><strong>850 nm-es infrav\u00f6r\u00f6s megvil\u00e1g\u00edt\u00e1s:<\/strong> Maxim\u00e1lis hat\u00f3t\u00e1vols\u00e1got \u00e9s k\u00e9ptisztas\u00e1got k\u00edn\u00e1l. Ide\u00e1lis nagy ter\u00fcleteken \u00e9s olyan helyzetekben, ahol a lehet\u0151 legt\u00e1volabbra kell l\u00e1tni. A vadak finom v\u00f6r\u00f6s f\u00e9nyt \u00e9rz\u00e9kelhetnek, amit fontos figyelembe venni, ha \u00f3vatos a vadakkal szemben.<\/p>\n<p><strong>940 nm-es infrav\u00f6r\u00f6s megvil\u00e1g\u00edt\u00e1s:<\/strong> A legt\u00f6bb vad sz\u00e1m\u00e1ra l\u00e1thatatlan, \u00edgy minim\u00e1lisra cs\u00f6kkenti a zavar\u00e1s kock\u00e1zat\u00e1t. Ez felbecs\u00fclhetetlen \u00e9rt\u00e9k\u0171 f\u00e9l\u00e9nk fajok vad\u00e1szatakor vagy diszkr\u00e9t megfigyel\u00e9shez. Hat\u00f3t\u00e1vols\u00e1ga azonban valamivel r\u00f6videbb a 850 nm-es v\u00e1ltozathoz k\u00e9pest.<\/p>\n<p>Gondolja \u00e1t a priorit\u00e1sait, \u00e9s v\u00e1lassza ki azt a vil\u00e1g\u00edt\u00f3testet, amely a legjobb \u00e9lm\u00e9nyt ny\u00fajtja. Vagy szerezze be mindkett\u0151t, \u00e9s alkalmazkodjon b\u00e1rmilyen helyzethez, a vil\u00e1g\u00edt\u00f3test cser\u00e9je egyszer\u0171 \u00e9s m\u00e1sodpercekig tart.<\/p>","protected":false},"excerpt":{"rendered":"<p>Cser\u00e9lhet\u0151 infravet\u0151-modul a PARD NV007SP2 4K k\u00e9sz\u00fcl\u00e9khez.<\/p>","protected":false},"featured_media":21455,"template":"","meta":{"_gspb_post_css":""},"product_brand":[],"product_cat":[2737],"product_tag":[290,229,379],"class_list":{"0":"post-21409","1":"product","2":"type-product","3":"status-publish","4":"has-post-thumbnail","6":"product_cat-prisvity","7":"product_tag-nv","8":"product_tag-pard","9":"product_tag-prisvit","11":"first","12":"instock","13":"taxable","14":"shipping-taxable","15":"purchasable","16":"product-type-variable","17":"has-default-attributes"},"ct_brands":[],"_links":{"self":[{"href":"https:\/\/zbranebudai.sk\/hu\/wp-json\/wp\/v2\/product\/21409","targetHints":{"allow":["GET"]}}],"collection":[{"href":"https:\/\/zbranebudai.sk\/hu\/wp-json\/wp\/v2\/product"}],"about":[{"href":"https:\/\/zbranebudai.sk\/hu\/wp-json\/wp\/v2\/types\/product"}],"wp:featuredmedia":[{"embeddable":true,"href":"https:\/\/zbranebudai.sk\/hu\/wp-json\/wp\/v2\/media\/21455"}],"wp:attachment":[{"href":"https:\/\/zbranebudai.sk\/hu\/wp-json\/wp\/v2\/media?parent=21409"}],"wp:term":[{"taxonomy":"product_brand","embeddable":true,"href":"https:\/\/zbranebudai.sk\/hu\/wp-json\/wp\/v2\/product_brand?post=21409"},{"taxonomy":"product_cat","embeddable":true,"href":"https:\/\/zbranebudai.sk\/hu\/wp-json\/wp\/v2\/product_cat?post=21409"},{"taxonomy":"product_tag","embeddable":true,"href":"https:\/\/zbranebudai.sk\/hu\/wp-json\/wp\/v2\/product_tag?post=21409"}],"curies":[{"name":"wp","href":"https:\/\/api.w.org\/{rel}","templated":true}]}}