{"id":21408,"date":"2026-02-14T15:26:11","date_gmt":"2026-02-14T13:26:11","guid":{"rendered":"https:\/\/zbranebudai.sk\/?post_type=product&#038;p=21408"},"modified":"2026-04-21T13:13:34","modified_gmt":"2026-04-21T11:13:34","slug":"pard-tl3-940-prisvit","status":"publish","type":"product","link":"https:\/\/zbranebudai.sk\/hu\/product\/pard-tl3-940-prisvit\/","title":{"rendered":"Pard TL3-940 prizmavisszaver\u0151"},"content":{"rendered":"<p><strong>R\u00e9szletes term\u00e9kle\u00edr\u00e1s<\/strong><\/p>\n<ul>\n<li>TL3 je kompaktn\u00fd prenosn\u00fd laserov\u00fd pr\u00edsvit s nastavite\u013en\u00fdm smerom.<\/li>\n<li>M\u00f4\u017ee \u013eubovo\u013ene nastavova\u0165 smer l\u00fa\u010da.<\/li>\n<li>3 \u00farovne infra\u010derven\u00e9ho svetla.<\/li>\n<li>Vybaven\u00fd miniat\u00farnym r\u00fdchloup\u00ednac\u00edm adapt\u00e9rom.<\/li>\n<li>Nab\u00edjate\u013en\u00e1 bat\u00e9ria PARD 3,7 V, typ 18650 je s\u00fa\u010das\u0165ou balenia.<\/li>\n<\/ul>","protected":false},"excerpt":{"rendered":"<p>TL3 je kompaktn\u00fd prenosn\u00fd laserov\u00fd pr\u00edsvit s vo\u013ene nastavite\u013en\u00fdm smerom l\u00fa\u010da. M\u00e1 3 \u00farovne IR svetla, miniat\u00farny r\u00fdchloup\u00ednac\u00ed adapt\u00e9r a s\u00fa\u010das\u0165ou balenia je nab\u00edjate\u013en\u00e1 bat\u00e9ria PARD 3,7 V 18650.<\/p>","protected":false},"featured_media":21454,"template":"","meta":{"_gspb_post_css":""},"product_brand":[],"product_cat":[2225,2755],"product_tag":[229,312],"class_list":{"0":"post-21408","1":"product","2":"type-product","3":"status-publish","4":"has-post-thumbnail","6":"product_cat-polovnicke-prislusenstvo","7":"product_cat-zameriavace","8":"product_tag-pard","9":"product_tag-zameriavac","11":"first","12":"instock","13":"taxable","14":"shipping-taxable","15":"purchasable","16":"product-type-simple"},"ct_brands":[],"_links":{"self":[{"href":"https:\/\/zbranebudai.sk\/hu\/wp-json\/wp\/v2\/product\/21408","targetHints":{"allow":["GET"]}}],"collection":[{"href":"https:\/\/zbranebudai.sk\/hu\/wp-json\/wp\/v2\/product"}],"about":[{"href":"https:\/\/zbranebudai.sk\/hu\/wp-json\/wp\/v2\/types\/product"}],"wp:featuredmedia":[{"embeddable":true,"href":"https:\/\/zbranebudai.sk\/hu\/wp-json\/wp\/v2\/media\/21454"}],"wp:attachment":[{"href":"https:\/\/zbranebudai.sk\/hu\/wp-json\/wp\/v2\/media?parent=21408"}],"wp:term":[{"taxonomy":"product_brand","embeddable":true,"href":"https:\/\/zbranebudai.sk\/hu\/wp-json\/wp\/v2\/product_brand?post=21408"},{"taxonomy":"product_cat","embeddable":true,"href":"https:\/\/zbranebudai.sk\/hu\/wp-json\/wp\/v2\/product_cat?post=21408"},{"taxonomy":"product_tag","embeddable":true,"href":"https:\/\/zbranebudai.sk\/hu\/wp-json\/wp\/v2\/product_tag?post=21408"}],"curies":[{"name":"wp","href":"https:\/\/api.w.org\/{rel}","templated":true}]}}