{"id":21407,"date":"2026-02-14T15:26:10","date_gmt":"2026-02-14T13:26:10","guid":{"rendered":"https:\/\/zbranebudai.sk\/?post_type=product&#038;p=21407"},"modified":"2026-04-23T10:26:32","modified_gmt":"2026-04-23T08:26:32","slug":"pard-tl3-850-prisvit","status":"publish","type":"product","link":"https:\/\/zbranebudai.sk\/hu\/product\/pard-tl3-850-prisvit\/","title":{"rendered":"Pard TL3-850 el\u0151t\u00e9t"},"content":{"rendered":"<ul>\n<li>\n<p class=\"ds-markdown-paragraph\">TL3 je kompaktn\u00fd prenosn\u00fd laserov\u00fd pr\u00edsvit s nastavite\u013en\u00fdm smerom.<\/p>\n<\/li>\n<li>\n<p class=\"ds-markdown-paragraph\">Smer l\u00fa\u010da je mo\u017en\u00e9 \u013eubovo\u013ene nastavova\u0165.<\/p>\n<\/li>\n<li>\n<p class=\"ds-markdown-paragraph\">3 \u00farovne infra\u010derven\u00e9ho svetla.<\/p>\n<\/li>\n<li>\n<p class=\"ds-markdown-paragraph\">Vybaven\u00fd miniat\u00farnym r\u00fdchloup\u00ednac\u00edm adapt\u00e9rom.<\/p>\n<\/li>\n<li>\n<p class=\"ds-markdown-paragraph\"><strong>Nab\u00edjate\u013en\u00e1 bat\u00e9ria PARD 3,7 V, typ 18650 je s\u00fa\u010das\u0165ou balenia.<\/strong><\/p>\n<\/li>\n<\/ul>","protected":false},"excerpt":{"rendered":"<p>TL3 je kompaktn\u00fd prenosn\u00fd laserov\u00fd pr\u00edsvit s vo\u013ene nastavite\u013en\u00fdm smerom l\u00fa\u010da, pon\u00faka 3 \u00farovne infra\u010derven\u00e9ho svetla a je vybaven\u00fd miniat\u00farnym r\u00fdchloup\u00ednac\u00edm adapt\u00e9rom. S\u00fa\u010das\u0165ou balenia je nab\u00edjate\u013en\u00e1 bat\u00e9ria PARD 3,7 V (typ 18650).<\/p>","protected":false},"featured_media":21454,"template":"","meta":{"_gspb_post_css":""},"product_brand":[],"product_cat":[2225,2755],"product_tag":[229],"class_list":{"0":"post-21407","1":"product","2":"type-product","3":"status-publish","4":"has-post-thumbnail","6":"product_cat-polovnicke-prislusenstvo","7":"product_cat-zameriavace","8":"product_tag-pard","10":"first","11":"instock","12":"taxable","13":"shipping-taxable","14":"purchasable","15":"product-type-simple"},"ct_brands":[],"_links":{"self":[{"href":"https:\/\/zbranebudai.sk\/hu\/wp-json\/wp\/v2\/product\/21407","targetHints":{"allow":["GET"]}}],"collection":[{"href":"https:\/\/zbranebudai.sk\/hu\/wp-json\/wp\/v2\/product"}],"about":[{"href":"https:\/\/zbranebudai.sk\/hu\/wp-json\/wp\/v2\/types\/product"}],"wp:featuredmedia":[{"embeddable":true,"href":"https:\/\/zbranebudai.sk\/hu\/wp-json\/wp\/v2\/media\/21454"}],"wp:attachment":[{"href":"https:\/\/zbranebudai.sk\/hu\/wp-json\/wp\/v2\/media?parent=21407"}],"wp:term":[{"taxonomy":"product_brand","embeddable":true,"href":"https:\/\/zbranebudai.sk\/hu\/wp-json\/wp\/v2\/product_brand?post=21407"},{"taxonomy":"product_cat","embeddable":true,"href":"https:\/\/zbranebudai.sk\/hu\/wp-json\/wp\/v2\/product_cat?post=21407"},{"taxonomy":"product_tag","embeddable":true,"href":"https:\/\/zbranebudai.sk\/hu\/wp-json\/wp\/v2\/product_tag?post=21407"}],"curies":[{"name":"wp","href":"https:\/\/api.w.org\/{rel}","templated":true}]}}