{"id":21377,"date":"2026-02-14T15:25:47","date_gmt":"2026-02-14T13:25:47","guid":{"rendered":"https:\/\/zbranebudai.sk\/?post_type=product&#038;p=21377"},"modified":"2026-04-23T10:22:37","modified_gmt":"2026-04-23T08:22:37","slug":"bocsanat-il1-ir-es-ir-atlatszo","status":"publish","type":"product","link":"https:\/\/zbranebudai.sk\/hu\/product\/pard-il1-lrf-a-ir-prisvit\/","title":{"rendered":"Pard IL1 \u2013 LRF a IR prizma 940 nm"},"content":{"rendered":"<p data-sourcepos=\"13:1-13:378\">Ez a k\u00fcls\u0151 modul \u00f6tv\u00f6zi a nagy teljes\u00edtm\u00e9ny\u0171 <strong>infrav\u00f6r\u00f6s (IR) megvil\u00e1g\u00edt\u00e1s<\/strong> prec\u00edz <strong>l\u00e9zeres t\u00e1vols\u00e1gm\u00e9r\u0151 (LRF)<\/strong>. Biztos\u00edtja az \u00d6n m\u00e9g jobb l\u00e1that\u00f3s\u00e1g\u00e1t s\u00f6t\u00e9tben, \u00e9s azonnal pontos inform\u00e1ci\u00f3t ny\u00fajt a c\u00e9l t\u00e1vols\u00e1g\u00e1r\u00f3l. K\u00f6nnyen csatlakoztathat\u00f3 \u00e9s azonnal <strong>jav\u00edtja a k\u00e9p \u00e1ttekinthet\u0151s\u00e9g\u00e9t \u00e9s a r\u00e9szleteket<\/strong>, ami kulcsfontoss\u00e1g\u00fa mindazok sz\u00e1m\u00e1ra, akik cs\u00facsteljes\u00edtm\u00e9nyre \u00e9s precizit\u00e1sra v\u00e1gynak \u00e9jszakai k\u00f6r\u00fclm\u00e9nyek k\u00f6z\u00f6tt.<\/p>\n<p data-sourcepos=\"15:1-15:63\"><strong>V\u00e1lassza ki az ig\u00e9nyeinek legink\u00e1bb megfelel\u0151 lehet\u0151s\u00e9get:<\/strong><\/p>\n<ul data-sourcepos=\"17:1-22:0\">\n<li data-sourcepos=\"17:1-19:0\">\n<p data-sourcepos=\"17:3-18:385\"><strong>PARD IL1-850 LRF (850 nm): Maxim\u00e1lis hat\u00f3t\u00e1vols\u00e1g \u00e9s teljes\u00edtm\u00e9ny l\u00e9zeres t\u00e1vols\u00e1gm\u00e9r\u0151vel.<\/strong> Ez a verzi\u00f3 biztos\u00edtja <strong>legnagyobb hat\u00f3t\u00e1vols\u00e1g \u00e9s megvil\u00e1g\u00edt\u00e1si intenzit\u00e1s<\/strong>, amely lehet\u0151v\u00e9 teszi a c\u00e9lpontok megfigyel\u00e9s\u00e9t \u00e9s c\u00e9lz\u00e1s\u00e1t jelent\u0151s t\u00e1vols\u00e1gokon. Az integr\u00e1lt l\u00e9zeres t\u00e1vols\u00e1gm\u00e9r\u0151 azonnal megm\u00e9ri a t\u00e1vols\u00e1got. A 850 nm-es infravet\u0151 l\u00e1that\u00f3 gyenge v\u00f6r\u00f6s pontk\u00e9nt az emberi szem sz\u00e1m\u00e1ra, de az \u00e1llatok sz\u00e1m\u00e1ra nehezen \u00e9szlelhet\u0151. Ide\u00e1lis olyan helyzetekre, ahol a maxim\u00e1lis l\u00e1that\u00f3s\u00e1g \u00e9s a pontos t\u00e1vols\u00e1g ismerete a priorit\u00e1s.<\/p>\n<\/li>\n<li data-sourcepos=\"20:1-22:0\">\n<p data-sourcepos=\"20:3-21:369\"><strong>PARD IL1-940 LRF (940 nm): Abszol\u00fat diszkr\u00e9ts\u00e9g l\u00e9zeres t\u00e1vols\u00e1gm\u00e9r\u0151vel.<\/strong> Ha fontos \u00d6nnek <strong>teljes l\u00e1thatatlans\u00e1g<\/strong>, v\u00e1lassza a 940 nm-es v\u00e1ltozatot. Ez az infrav\u00f6r\u00f6s megvil\u00e1g\u00edt\u00e1s emberi \u00e9s \u00e1llati szem sz\u00e1m\u00e1ra is <strong>gyakorlatilag l\u00e1thatatlan<\/strong>, ami t\u00f6k\u00e9letes v\u00e1laszt\u00e1ss\u00e1 teszi nagyon f\u00e9l\u00e9nk vad\u00e1llatokhoz vagy taktikai m\u0171veletekhez, ahol a diszkr\u00e9ci\u00f3 a legfontosabb. A l\u00e9zeres t\u00e1vols\u00e1gm\u00e9r\u0151 itt is pontos m\u00e9r\u00e9st biztos\u00edt. Sz\u00e1m\u00edtson a megvil\u00e1g\u00edt\u00e1s kiss\u00e9 kisebb hat\u00f3t\u00e1vols\u00e1g\u00e1ra a 850 nm-es v\u00e1ltozathoz k\u00e9pest.<\/p>\n<\/li>\n<\/ul>\n<p data-sourcepos=\"25:1-25:23\"><strong>Kulcsfontoss\u00e1g\u00fa jellemz\u0151k:<\/strong><\/p>\n<ul data-sourcepos=\"27:1-32:0\">\n<li data-sourcepos=\"27:1-27:79\"><strong>Er\u0151teljes infrav\u00f6r\u00f6s megvil\u00e1g\u00edt\u00e1s (850 nm vagy 940 nm):<\/strong> N\u00f6velje meg az \u00e9jszakai megfigyel\u00e9si t\u00e1vols\u00e1got.<\/li>\n<li data-sourcepos=\"28:1-28:80\"><strong>Integr\u00e1lt l\u00e9zeres t\u00e1vols\u00e1gm\u00e9r\u0151 (LRF):<\/strong> Pontos t\u00e1vols\u00e1gm\u00e9r\u00e9s a c\u00e9lhoz.<\/li>\n<li data-sourcepos=\"29:1-29:98\"><strong>Optimaliz\u00e1lva Night Stalker sz\u00e1m\u00e1ra:<\/strong> Teljesen kompatibilis a PARD Night Stalker 4K EX \u00e9s PRO modellekkel.<\/li>\n<li data-sourcepos=\"30:1-30:61\"><strong>Egyszer\u0171 telep\u00edt\u00e9s<\/strong> Gyors csatlakoz\u00e1s az ir\u00e1nyz\u00e9kodhoz.<\/li>\n<li data-sourcepos=\"31:1-32:0\"><strong>A vil\u00e1goss\u00e1g \u00e9s a r\u00e9szlet fokoz\u00e1sa:<\/strong> A 4K szenzor teljes potenci\u00e1lj\u00e1nak kihaszn\u00e1l\u00e1sa.<\/li>\n<\/ul>\n<p data-sourcepos=\"35:1-35:112\"><strong>PARD IL1 LRF \u2013 L\u00e1tni fogod, amit m\u00e1s nem, \u00e9s p\u00e1ratlan pontoss\u00e1ggal tal\u00e1lhatsz el. Pontosan a saj\u00e1t szab\u00e1lyaid szerint.<\/strong><\/p>","protected":false},"excerpt":{"rendered":"<p>L\u00e9pj a k\u00f6vetkez\u0151 szintre az \u00e9jszakai l\u00e1t\u00e1sban a PARD IL1 LRF-fel \u2013 egy \u00f6n\u00e1ll\u00f3 modullal, amely jelent\u0151sen b\u0151v\u00edti PARD Night Stalker 4K EX vagy PRO digit\u00e1lis t\u00e1vcs\u00f6v\u00e9d lencse k\u00e9pess\u00e9geit \u00e9s pontoss\u00e1g\u00e1t.<\/p>","protected":false},"featured_media":21453,"template":"","meta":{"_gspb_post_css":""},"product_brand":[],"product_cat":[2749,2225],"product_tag":[229],"class_list":{"0":"post-21377","1":"product","2":"type-product","3":"status-publish","4":"has-post-thumbnail","6":"product_cat-laserove-dialkomery","7":"product_cat-polovnicke-prislusenstvo","8":"product_tag-pard","10":"first","11":"instock","12":"taxable","13":"shipping-taxable","14":"purchasable","15":"product-type-simple"},"ct_brands":[],"_links":{"self":[{"href":"https:\/\/zbranebudai.sk\/hu\/wp-json\/wp\/v2\/product\/21377","targetHints":{"allow":["GET"]}}],"collection":[{"href":"https:\/\/zbranebudai.sk\/hu\/wp-json\/wp\/v2\/product"}],"about":[{"href":"https:\/\/zbranebudai.sk\/hu\/wp-json\/wp\/v2\/types\/product"}],"wp:featuredmedia":[{"embeddable":true,"href":"https:\/\/zbranebudai.sk\/hu\/wp-json\/wp\/v2\/media\/21453"}],"wp:attachment":[{"href":"https:\/\/zbranebudai.sk\/hu\/wp-json\/wp\/v2\/media?parent=21377"}],"wp:term":[{"taxonomy":"product_brand","embeddable":true,"href":"https:\/\/zbranebudai.sk\/hu\/wp-json\/wp\/v2\/product_brand?post=21377"},{"taxonomy":"product_cat","embeddable":true,"href":"https:\/\/zbranebudai.sk\/hu\/wp-json\/wp\/v2\/product_cat?post=21377"},{"taxonomy":"product_tag","embeddable":true,"href":"https:\/\/zbranebudai.sk\/hu\/wp-json\/wp\/v2\/product_tag?post=21377"}],"curies":[{"name":"wp","href":"https:\/\/api.w.org\/{rel}","templated":true}]}}