{"id":21376,"date":"2026-02-14T15:25:47","date_gmt":"2026-02-14T13:25:47","guid":{"rendered":"https:\/\/zbranebudai.sk\/?post_type=product&#038;p=21376"},"modified":"2026-04-23T10:33:43","modified_gmt":"2026-04-23T08:33:43","slug":"pard-landsat-kompakt-640-q-lrf-940nm","status":"publish","type":"product","link":"https:\/\/zbranebudai.sk\/hu\/product\/pard-landsat-compact-640-q-lrf-940nm\/","title":{"rendered":"Pard Landsat Kompakt 640 Q LRF 940nm"},"content":{"rendered":"<h3 data-start=\"240\" data-end=\"308\"><strong data-start=\"244\" data-end=\"308\">PARD Landsat Kompakt Q<\/strong><\/h3>\n<p data-start=\"310\" data-end=\"676\">A PARD Landsat Compact Q nem csup\u00e1n evol\u00faci\u00f3 \u2013 technol\u00f3giai forradalom. A legend\u00e1s sorozat \u00faj gener\u00e1ci\u00f3ja <em data-start=\"415\" data-end=\"432\">Landsat Kompakt<\/em> t\u00e1g\u00edtja a h\u0151kamer\u00e1s \u00e9s digit\u00e1lis \u00e9jjell\u00e1t\u00f3 f\u00fazi\u00f3 lehet\u0151s\u00e9geit. A PARD m\u00e9rn\u00f6kei teljesen \u00fajratervezt\u00e9k a k\u00e9palkot\u00f3 rendszert, \u00edgy olyan k\u00e9sz\u00fcl\u00e9k sz\u00fcletett, amely l\u00e9legzetel\u00e1ll\u00edt\u00f3 \u00e9less\u00e9ggel, precizit\u00e1ssal \u00e9s r\u00e9szletgazdags\u00e1ggal rendelkez\u0151 k\u00e9pet ny\u00fajt.<\/p>\n<hr data-start=\"678\" data-end=\"681\" \/>\n<h3 data-start=\"683\" data-end=\"726\"><strong data-start=\"687\" data-end=\"726\">Egy k\u00e9p, amely \u00fajradefini\u00e1lja a val\u00f3s\u00e1got<\/strong><\/h3>\n<p data-start=\"728\" data-end=\"1132\">Verzi\u00f3 alapja <strong data-start=\"743\" data-end=\"748\">Q<\/strong> teljesen \u00faj <strong data-start=\"763\" data-end=\"782\">IPS LCD kijelz\u0151<\/strong> felbont\u00e1ssal ak\u00e1r <strong data-start=\"799\" data-end=\"815\">1600\u00d71200 px<\/strong>. A k\u00e9p hihetetlen\u00fcl \u00e9les, tiszta \u00e9s \u00e9l\u00e9nk \u2013 minden egyes k\u00e9ppont az\u00e9rt dolgozik, hogy a lehet\u0151 legt\u00f6bb inform\u00e1ci\u00f3t k\u00f6zvet\u00edtse mindk\u00e9t \u00e9rz\u00e9kel\u0151r\u0151l. A cs\u00facsteljes\u00edtm\u00e9ny\u0171 illeszt\u00e9s <strong data-start=\"977\" data-end=\"1021\">termov\u00edzi\u00f3s \u00e9rz\u00e9kel\u0151t \u226420 mK \u00e9rz\u00e9kenys\u00e9ggel<\/strong> a <strong data-start=\"1024\" data-end=\"1050\">digit\u00e1lis 2K-s szenzor<\/strong> garant\u00e1lja a c\u00e9l prec\u00edz \u00e9szleles\u00e9t \u00e9s felismer\u00e9s\u00e9t b\u00e1rmilyen f\u00e9nyviszony mellett.<\/p>\n<hr data-start=\"1134\" data-end=\"1137\" \/>\n<h3 data-start=\"1139\" data-end=\"1202\"><strong data-start=\"1143\" data-end=\"1202\">A l\u00e1tv\u00e1ny, amit ismer, a technol\u00f3gia, amire nem sz\u00e1m\u00edtott\u00e1l<\/strong><\/h3>\n<p data-start=\"1204\" data-end=\"1539\">PARD gondosan \u00fcgyelt arra, hogy az \u00faj <strong data-start=\"1241\" data-end=\"1259\">f\u00e9lg\u00f6mb alak\u00fa kijelz\u0151<\/strong> A hossz\u00fa szemlencs\u00e9s kialak\u00edt\u00e1s teljesen term\u00e9szetesnek hatott. Nincs \u201ealag\u00fat-hat\u00e1s\u201c, nincsenek kompromisszumok \u2013 csak egy klasszikus optika \u00e9rz\u00e9se, amely t\u00f6k\u00e9letesen illeszkedik a k\u00e9zbe. Az eredm\u00e9ny egy sz\u00e9les l\u00e1t\u00f3mez\u0151, a nappali \u00e9s \u00e9jszakai \u00fczemm\u00f3d k\u00f6z\u00f6tti z\u00f6kken\u0151mentes \u00e1tmenet, \u00e9s olyan \u00e9lm\u00e9ny, amely fel\u00fclm\u00falja a hagyom\u00e1nyos t\u00e1vcs\u00f6veket.<\/p>\n<hr data-start=\"1541\" data-end=\"1544\" \/>\n<h3 data-start=\"1546\" data-end=\"1581\"><strong data-start=\"1550\" data-end=\"1581\">Sila technol\u00f3gie Minden az egyben<\/strong><\/h3>\n<p data-start=\"1583\" data-end=\"1911\"><strong data-start=\"1583\" data-end=\"1604\">Landsat Kompakt Q<\/strong> egyes\u00edti mindazt, amire egy vad\u00e1sznak, l\u00f6v\u00e9sznek vagy profinak sz\u00fcks\u00e9ge van \u2013 <strong data-start=\"1665\" data-end=\"1717\">h\u0151kamer\u00e1t, \u00e9jjell\u00e1t\u00f3t, l\u00e9zeres t\u00e1vols\u00e1gm\u00e9r\u0151t (LRF)<\/strong> i <strong data-start=\"1720\" data-end=\"1745\">ballisztikus sz\u00e1mol\u00f3g\u00e9p<\/strong> egy kompakt eszk\u00f6zben. K\u00e9pes m\u00e9rni a t\u00e1vols\u00e1got ak\u00e1r <strong data-start=\"1806\" data-end=\"1820\">1000 m\u00e9ter<\/strong>, val\u00f3s id\u0151ben \u00fajrasz\u00e1m\u00edtani a ballisztik\u00e1t, \u00e9s seb\u00e9szi pontoss\u00e1ggal biztos\u00edtani a tal\u00e1lat pontoss\u00e1g\u00e1t.<\/p>\n<p data-start=\"1913\" data-end=\"2163\">Visszar\u00fag\u00e1s-ellen\u00e1ll\u00e1s <strong data-start=\"1944\" data-end=\"1954\">6000 J<\/strong> a <strong data-start=\"1957\" data-end=\"1971\">IP67 v\u00e9delem<\/strong> garantuj\u00fa, \u017ee Landsat Q m\u00e9g a legzordabb k\u00f6r\u00fclm\u00e9nyek k\u00f6z\u00f6tt is kitart. Akkumul\u00e1torr\u00f3l m\u0171k\u00f6dik <strong data-start=\"2056\" data-end=\"2072\">Li-ion 21700<\/strong> tartal\u00e9k \u00fczemidej\u00e9vel ak\u00e1r <strong data-start=\"2085\" data-end=\"2096\">6 \u00f3ra<\/strong> biztos\u00edt\u00e9kot ny\u00fajt, hogy a leghosszabb \u00e9jszakai akci\u00f3k sor\u00e1n is veled marad.<\/p>\n<hr data-start=\"2165\" data-end=\"2168\" \/>\n<h3 data-start=\"2170\" data-end=\"2211\"><strong data-start=\"2174\" data-end=\"2211\">Amikor a technol\u00f3gia tal\u00e1lkozik a gyakorlattal<\/strong><\/h3>\n<p data-start=\"2213\" data-end=\"2520\">A multispektr\u00e1lis m\u00f3dok mindk\u00e9t \u00e9rz\u00e9kel\u0151 \u2013 a h\u0151kamer\u00e1s \u00e9s a digit\u00e1lis \u2013 adatait kombin\u00e1lj\u00e1k, \u00e9s olyan k\u00e9pet hoznak l\u00e9tre, amely felfedi azt, amit az emberi szem nem l\u00e1t. A m\u00f3dban <strong data-start=\"2364\" data-end=\"2392\">PIP (K\u00e9p a k\u00e9pben)<\/strong> k\u00f6veti a c\u00e9lokat seb\u00e9szi pontoss\u00e1ggal, mik\u00f6zben <strong data-start=\"2442\" data-end=\"2475\">l\u00e1thatatlan IR megvil\u00e1g\u00edt\u00e1s 940 nm<\/strong> garant\u00e1lja, hogy teljesen \u00e9szrev\u00e9tlen maradsz.<\/p>\n<p data-start=\"2213\" data-end=\"2520\">\n<p data-start=\"2213\" data-end=\"2520\"><strong>M\u0171szaki adatok<\/strong><\/p>\n<table border=\"2\" cellspacing=\"2\" cellpadding=\"2\">\n<tbody>\n<tr>\n<td><strong>H\u0151kamer\u00e1s \u00e9rz\u00e9kel\u0151<\/strong><\/td>\n<td>Felbont\u00e1s<\/td>\n<td>640 \u00d7 512 px<\/td>\n<\/tr>\n<tr>\n<td><\/td>\n<td>Pixel m\u00e9ret<\/td>\n<td>12 \u03bcm<\/td>\n<\/tr>\n<tr>\n<td><\/td>\n<td>H\u0151\u00e9rz\u00e9kenys\u00e9g (NETD)<\/td>\n<td>\u2264 20 mK<\/td>\n<\/tr>\n<tr>\n<td><\/td>\n<td>K\u00e9pkocka sebess\u00e9g<\/td>\n<td>50 Hz<\/td>\n<\/tr>\n<tr>\n<td><strong>Digit\u00e1lis \u00e9rz\u00e9kel\u0151<\/strong><\/p>\n<p><strong>(\u00e9jj\/nappali l\u00e1t\u00e1s)<\/strong><\/td>\n<td>Felbont\u00e1s<\/td>\n<td>2560 \u00d7 1440 px (2K)<\/td>\n<\/tr>\n<tr>\n<td><\/td>\n<td>Minim\u00e1lis \u00e9rz\u00e9kenys\u00e9g<\/td>\n<td>0,001 lux<\/td>\n<\/tr>\n<tr>\n<td><strong>Optika<\/strong><\/td>\n<td>T\u00edpus (h\u0151kamera \/ digit\u00e1lis)<\/td>\n<td>45 mm \/ 70 mm<\/td>\n<\/tr>\n<tr>\n<td><\/td>\n<td>Optikai nagy\u00edt\u00e1s<\/td>\n<td>A modell szerint (pl. 2,5x h\u0151kamera \/ 6,9x digit\u00e1lis)<\/td>\n<\/tr>\n<tr>\n<td><\/td>\n<td>Digit\u00e1lis zoom<\/td>\n<td>2\u00d7 \u2013 8\u00d7<\/td>\n<\/tr>\n<tr>\n<td><strong>Kijelz\u0151<\/strong><\/td>\n<td>Megjelen\u00edt\u00e9s t\u00edpusa<\/td>\n<td>K\u00f6r alak\u00fa IPS LCD<\/td>\n<\/tr>\n<tr>\n<td><\/td>\n<td>K\u00e9perny\u0151felbont\u00e1s (Q verzi\u00f3)<\/td>\n<td>Ak\u00e1r 1600 \u00d7 1200 px<\/td>\n<\/tr>\n<tr>\n<td><\/td>\n<td>Szemkiemel\u00e9s<\/td>\n<td>100 mm<\/td>\n<\/tr>\n<tr>\n<td><strong>Funkci\u00f3k \u00e9s tulajdons\u00e1gok<\/strong><\/td>\n<td>L\u00e9zeres t\u00e1vols\u00e1gm\u00e9r\u0151 (LRF)<\/td>\n<td>Igen, hat\u00f3t\u00e1vols\u00e1g ak\u00e1r 1000 m \/ 1200 yd<\/td>\n<\/tr>\n<tr>\n<td><\/td>\n<td>Ballisztikus kalkul\u00e1tor<\/td>\n<td>Igen<\/td>\n<\/tr>\n<tr>\n<td><\/td>\n<td>Multispektr\u00e1lis \u00fczemm\u00f3dok<\/td>\n<td>Hibrid h\u0151kamera \u00e9s \u00e9jjell\u00e1t\u00f3 (PIP)<\/td>\n<\/tr>\n<tr>\n<td><\/td>\n<td>IR megvil\u00e1g\u00edt\u00e1s<\/td>\n<td>940 nm (az \u00e1llatok sz\u00e1m\u00e1ra l\u00e1thatatlan)<\/td>\n<\/tr>\n<tr>\n<td><\/td>\n<td>Visszar\u00fag\u00e1ssal szembeni ellen\u00e1ll\u00e1s<\/td>\n<td>Ak\u00e1r 6000 J<\/td>\n<\/tr>\n<tr>\n<td><\/td>\n<td>V\u00e9detts\u00e9gi fok<\/td>\n<td>IP67 (v\u00edz\u00e1ll\u00f3, por\u00e1ll\u00f3)<\/td>\n<\/tr>\n<tr>\n<td><strong>Teljes\u00edtm\u00e9ny<\/strong><\/td>\n<td>Akkumul\u00e1tor t\u00edpusa<\/td>\n<td>1\u00d7 Li-ion 21700<\/td>\n<\/tr>\n<tr>\n<td><\/td>\n<td>Az akkumul\u00e1tor \u00e9lettartama<\/td>\n<td>Ak\u00e1r 6 \u00f3ra (haszn\u00e1latt\u00f3l f\u00fcgg\u0151en)<\/td>\n<\/tr>\n<tr>\n<td><\/td>\n<td>T\u00f6lt\u00e9s<\/td>\n<td>USB-C<\/td>\n<\/tr>\n<tr>\n<td><strong>Felv\u00e9tel \u00e9s t\u00e1rol\u00e1s<\/strong><\/td>\n<td>Vide\u00f3\/f\u00e9nyk\u00e9pek felbont\u00e1sa<\/td>\n<td>1440\u00d71080 px \/ 2592\u00d71944 px<\/td>\n<\/tr>\n<tr>\n<td><\/td>\n<td>Mem\u00f3riak\u00e1rtya<\/td>\n<td>microSD 128 GB-ig<\/td>\n<\/tr>\n<tr>\n<td><strong>Egy\u00e9b jellemz\u0151k<\/strong><\/td>\n<td>S\u00faly \/ m\u00e9retek<\/td>\n<td>a vari\u00e1nsa szerint (kompakt kivitel)<\/td>\n<\/tr>\n<tr>\n<td><\/td>\n<td>Telep\u00edt\u00e9s<\/td>\n<td>Szabv\u00e1nyos s\u00edn (Picatinny \/ Weaver)<\/td>\n<\/tr>\n<tr>\n<td><\/td>\n<td>Firmware friss\u00edt\u00e9s<\/td>\n<td>USB \/ microSD<\/td>\n<\/tr>\n<\/tbody>\n<\/table>","protected":false},"excerpt":{"rendered":"<p>A PARD Landsat Compact Q forradalmas\u00edtja a h\u0151kamer\u00e1s \u00e9s az \u00e9jjell\u00e1t\u00f3 technol\u00f3gia f\u00fazi\u00f3j\u00e1t. Az \u00faj gener\u00e1ci\u00f3 t\u00f6k\u00e9letesebb k\u00e9pet, nagyobb pontoss\u00e1got \u00e9s kompromisszumok n\u00e9lk\u00fcli teljes\u00edtm\u00e9nyt k\u00edn\u00e1l minden helyzetben.<\/p>","protected":false},"featured_media":21450,"template":"","meta":{"_gspb_post_css":""},"product_brand":[],"product_cat":[2749,145,2313],"product_tag":[2756,297,347,229,2757],"class_list":{"0":"post-21376","1":"product","2":"type-product","3":"status-publish","4":"has-post-thumbnail","6":"product_cat-laserove-dialkomery","7":"product_cat-nocne-videnie","8":"product_cat-termovizna-kamera","9":"product_tag-digitalne-nocne-videnie","10":"product_tag-landsat","11":"product_tag-laserovy-dialkomer","12":"product_tag-pard","13":"product_tag-termokamera","15":"first","16":"instock","17":"sale","18":"taxable","19":"shipping-taxable","20":"purchasable","21":"product-type-simple"},"ct_brands":[],"_links":{"self":[{"href":"https:\/\/zbranebudai.sk\/hu\/wp-json\/wp\/v2\/product\/21376","targetHints":{"allow":["GET"]}}],"collection":[{"href":"https:\/\/zbranebudai.sk\/hu\/wp-json\/wp\/v2\/product"}],"about":[{"href":"https:\/\/zbranebudai.sk\/hu\/wp-json\/wp\/v2\/types\/product"}],"wp:featuredmedia":[{"embeddable":true,"href":"https:\/\/zbranebudai.sk\/hu\/wp-json\/wp\/v2\/media\/21450"}],"wp:attachment":[{"href":"https:\/\/zbranebudai.sk\/hu\/wp-json\/wp\/v2\/media?parent=21376"}],"wp:term":[{"taxonomy":"product_brand","embeddable":true,"href":"https:\/\/zbranebudai.sk\/hu\/wp-json\/wp\/v2\/product_brand?post=21376"},{"taxonomy":"product_cat","embeddable":true,"href":"https:\/\/zbranebudai.sk\/hu\/wp-json\/wp\/v2\/product_cat?post=21376"},{"taxonomy":"product_tag","embeddable":true,"href":"https:\/\/zbranebudai.sk\/hu\/wp-json\/wp\/v2\/product_tag?post=21376"}],"curies":[{"name":"wp","href":"https:\/\/api.w.org\/{rel}","templated":true}]}}