{"id":21375,"date":"2026-02-14T15:25:47","date_gmt":"2026-02-14T13:25:47","guid":{"rendered":"https:\/\/zbranebudai.sk\/?post_type=product&#038;p=21375"},"modified":"2026-04-29T09:56:20","modified_gmt":"2026-04-29T07:56:20","slug":"pard-landsat-kompakt-480-q-lrf-940-nm-multispektralis","status":"publish","type":"product","link":"https:\/\/zbranebudai.sk\/hu\/product\/pard-landsat-compact-480-q-lrf-940-nm-multispektralny\/","title":{"rendered":"Pard LANDSAT COMPACT 480 Q LRF 940 nm multispektr\u00e1lis"},"content":{"rendered":"<p><strong>Pard LANDSAT COMPACT 480 Q LRF 940nm multispektr\u00e1lis<\/strong> <b>PARD Landsat Compact Q \u2013 kvantumugr\u00e1s<\/b> <b>svete f\u00faznej optiky PARD Landsat Compact Q<\/b><span style=\"font-weight: 400\"> nem egy \u00fajabb evol\u00faci\u00f3s l\u00e9p\u00e9s \u2013 ez egy <\/span><b>val\u00f3di technol\u00f3giai forradalom<\/b><span style=\"font-weight: 400\">.<br \/>\nAz ikonikus sorozat \u00faj gener\u00e1ci\u00f3ja<\/span> <b>A Landsat Compact \u00faj hat\u00e1rokat feszeget<\/b><span style=\"font-weight: 400\"> lehet\u0151s\u00e9gek<\/span> <b>h\u0151kamer\u00e1s \u00e9s digit\u00e1lis \u00e9jjell\u00e1t\u00f3 f\u00fazi\u00f3<\/b><span style=\"font-weight: 400\">.<br \/>\nA PARD m\u00e9rn\u00f6kei teljesen <\/span><b>\u00e1talak\u00edtottuk a k\u00e9pfeldolgoz\u00f3 rendszert<\/b><span style=\"font-weight: 400\">, amelynek eredm\u00e9nye egy olyan eszk\u00f6z, amely biztos\u00edtja<\/span> <b>leny\u0171g\u00f6z\u0151en \u00e9les, prec\u00edz \u00e9s r\u00e9szletes k\u00e9pek<\/b><span style=\"font-weight: 400\">.<\/span><\/p>\n<p><b>Egy k\u00e9p, amely \u00fajradefini\u00e1lja a val\u00f3s\u00e1got<\/b><\/p>\n<p><b>Teljes verzi\u00f3 megtekint\u00e9se<\/b> <b>Q<\/b> <span style=\"font-weight: 400\">\u00faj alapokon nyugszik<\/span> <b>IPS LCD kijelz\u0151k<\/b> <span style=\"font-weight: 400\">felbont\u00e1ssal ak\u00e1r <\/span><b>1600\u00d71200 px<\/b><span style=\"font-weight: 400\">.<br \/>\nAz arc hihetetlen\u00fcl <\/span><b>\u00e9les, tiszta \u00e9s \u00e9l\u00e9nk<\/b><span style=\"font-weight: 400\"> \u2013 minden egyes pixel dolgozik, hogy biztos\u00edtsa<\/span> <b>min\u00e9l t\u00f6bb inform\u00e1ci\u00f3t<\/b> <span style=\"font-weight: 400\">k\u00e9t szenzor adatainak kombin\u00e1l\u00e1s\u00e1val.<br \/>\n<\/span><b>Cs\u00facskateg\u00f3ri\u00e1s h\u0151kamera \u00e9rz\u00e9kenys\u00e9ggel<\/b> <b>\u226420 mK<\/b> <span style=\"font-weight: 400\">a <\/span><b>digit\u00e1lis 2K szenzor<\/b><span style=\"font-weight: 400\"> egy\u00fcttm\u0171k\u00f6dnek annak biztos\u00edt\u00e1sa \u00e9rdek\u00e9ben<\/span> <b>c\u00e9l pontos \u00e9szlel\u00e9se \u00e9s azonos\u00edt\u00e1sa<\/b> <span style=\"font-weight: 400\">minden f\u00e9nyviszonyban.<\/span><\/p>\n<p><b>Ismert optika \u2013 v\u00e1ratlan technol\u00f3gia<\/b><\/p>\n<p><span style=\"font-weight: 400\">A PARD c\u00e9g kiemelt figyelmet ford\u00edtott arra, hogy <\/span><b>\u00faj kerek kijelz\u0151<\/b> <span style=\"font-weight: 400\">teljesen term\u00e9szetes k\u00e9pet ny\u00fajtott<\/span> <b>-<\/b> <b>hossz\u00fa szemb\u0151l l\u00e1t\u00f3t\u00e1vols\u00e1gokkal<\/b><span style=\"font-weight: 400\">.<br \/>\nNincs \u201ealag\u00fat effektus\u201c, nincsenek kompromisszumok \u2013 csak <\/span><b>\u00e9rz\u00e9s<\/b> <b>klasszikus optika<\/b><span style=\"font-weight: 400\">, amely t\u00f6k\u00e9letesen illeszkedik a k\u00e9zbe. Eredm\u00e9ny: <\/span><b>sz\u00e9les l\u00e1t\u00f3mez\u0151<\/b><span style=\"font-weight: 400\">, <\/span><b>folyamatos v\u00e1lt\u00e1s a nappali \u00e9s \u00e9jszakai m\u00f3d k\u00f6z\u00f6tt<\/b> <span style=\"font-weight: 400\">az \u00e9lm\u00e9ny, ami <\/span><b>fel\u00fclm\u00falja a hagyom\u00e1nyos t\u00e1vcs\u00f6veket<\/b><span style=\"font-weight: 400\">.<\/span><\/p>\n<p><b>Minden az egyben technol\u00f3giai er\u0151<\/b><\/p>\n<p><b>Landsat Kompakt Q<\/b> <span style=\"font-weight: 400\">kombin\u00e1l mindent, amire egy vad\u00e1sznak, l\u00f6v\u0151nek vagy profinak sz\u00fcks\u00e9ge lehet: <\/span><b>h\u0151kamer\u00e1t, \u00e9jjell\u00e1t\u00f3t, l\u00e9zeres t\u00e1vols\u00e1gm\u00e9r\u0151t (LRF)<\/b><span style=\"font-weight: 400\"> a <\/span><b>ballisztikus sz\u00e1mol\u00f3g\u00e9p<\/b><span style=\"font-weight: 400\"> \u2013 minden <\/span><b>egy kompakt eszk\u00f6zben<\/b><span style=\"font-weight: 400\">.<br \/>\n<\/span><b>M\u00e9ri a t\u00e1vols\u00e1gokat<\/b> <span style=\"font-weight: 400\">ak\u00e1r <\/span><b>1000 m\u00e9ter<\/b><span style=\"font-weight: 400\">, val\u00f3s id\u0151ben sz\u00e1m\u00edtja ki a ballisztik\u00e1t, \u00e9s garant\u00e1lja<\/span> <b>seb\u00e9szeti pontoss\u00e1ggal<\/b><span style=\"font-weight: 400\">.<\/span><\/p>\n<p><span style=\"font-weight: 400\">S<\/span><b> visszar\u00fag\u00e1s\u00e1ll\u00f3s\u00e1g<\/b><span style=\"font-weight: 400\"> ak\u00e1r <\/span><b>6000 J<\/b> <span style=\"font-weight: 400\">a <\/span><b>v\u00e9delem<\/b> <b>IP67<\/b> <span style=\"font-weight: 400\">kitart <\/span><b>Landsat Q<\/b> <span style=\"font-weight: 400\">m\u00e9g a legnehezebb k\u00f6r\u00fclm\u00e9nyek k\u00f6z\u00f6tt is.<br \/>\n<\/span><b>nLi-ion akkumul\u00e1tor<\/b> <b>21700<\/b> <span style=\"font-weight: 400\">ak\u00e1r <\/span><b>6 \u00f3ra m\u0171k\u00f6d\u00e9s<\/b><span style=\"font-weight: 400\">, ez\u00e9rt hossz\u00fa \u00e9jszakai bevet\u00e9seken is sz\u00e1m\u00edthat r\u00e1.<\/span><\/p>\n<p><b>Amikor a technol\u00f3gia \u00e9s a gyakorlat tal\u00e1lkozik<\/b><\/p>\n<p><b>Multispektr\u00e1lis \u00fczemm\u00f3dok<\/b> <span style=\"font-weight: 400\">k\u00e9t \u00e9rz\u00e9kel\u0151 \u2013 egy h\u0151kamera \u00e9s egy digit\u00e1lis kamera \u2013 adatait egyes\u00edti, \u00e9s egy olyan k\u00e9pet hoz l\u00e9tre, amely <\/span><b>felfedi azt, amit a szem nem l\u00e1t<\/b><span style=\"font-weight: 400\">.<br \/>\nM\u00f3d <\/span><b>PIP (K\u00e9p a k\u00e9pben)<\/b> <span style=\"font-weight: 400\">lehet\u0151v\u00e9 tette<\/span> <b>seb\u00e9szeti pontoss\u00e1ggal a nyomon k\u00f6vet\u00e9sben<\/b><span style=\"font-weight: 400\"> cielok, mialo by<\/span> <b>l\u00e1thatatlan infrav\u00f6r\u00f6s vil\u00e1g\u00edt\u00e1s<\/b> <b>940 nm<\/b> <span style=\"font-weight: 400\">garant\u00e1lja, hogy<\/span> <b>maradjon teljesen felder\u00edtetlen<\/b><span style=\"font-weight: 400\">.<\/span><\/p>\n<table dir=\"ltr\" border=\"1\" cellspacing=\"0\" cellpadding=\"0\" data-sheets-root=\"1\" data-sheets-baot=\"1\">\n<colgroup>\n<col width=\"100\" \/>\n<col width=\"100\" \/>\n<col width=\"100\" \/><\/colgroup>\n<tbody>\n<tr>\n<td>Kateg\u00f3ria<\/td>\n<td>Param\u00e9terek<\/td>\n<td>\u00c9rt\u00e9k<\/td>\n<\/tr>\n<tr>\n<td>H\u0151kamer\u00e1s \u00e9rz\u00e9kel\u0151<\/td>\n<td>Felbont\u00e1s<\/td>\n<td>640 \u00d7 512 px<\/td>\n<\/tr>\n<tr>\n<td><\/td>\n<td>Pixel m\u00e9ret<\/td>\n<td>12 \u03bcm<\/td>\n<\/tr>\n<tr>\n<td><\/td>\n<td>H\u0151\u00e9rz\u00e9kenys\u00e9g (NETD)<\/td>\n<td>\u2264 20 mK<\/td>\n<\/tr>\n<tr>\n<td><\/td>\n<td>K\u00e9pfrekvencia<\/td>\n<td>50 Hz<\/td>\n<\/tr>\n<tr>\n<td>Digit\u00e1lis szenzor (\u00e9jszakai l\u00e1t\u00e1s \/ nappali m\u00f3d)<\/td>\n<td>Felbont\u00e1s<\/td>\n<td>\n<div>\n<div>2560 \u00d7 1440 px (2K)<\/div>\n<\/div>\n<\/td>\n<\/tr>\n<tr>\n<td><\/td>\n<td>Minim\u00e1lis f\u00e9ny\u00e9rz\u00e9kenys\u00e9g<\/td>\n<td>0,001 lux<\/td>\n<\/tr>\n<tr>\n<td>Optika<\/td>\n<td>T\u00edpus (h\u0151kamera \/ digit\u00e1lis)<\/td>\n<td>45 mm \/ 70 mm<\/td>\n<\/tr>\n<tr>\n<td><\/td>\n<td>Optikai nagy\u00edt\u00e1s<\/td>\n<td>\n<div>\n<div>A modellt\u0151l f\u00fcgg (pl. 2,5\u00d7 h\u0151kamera \/ 6,1\u00d7 digit\u00e1lis)<\/div>\n<\/div>\n<\/td>\n<\/tr>\n<tr>\n<td><\/td>\n<td>Digit\u00e1lis zoom<\/td>\n<td>2\u00d7 \u2013 8\u00d7<\/td>\n<\/tr>\n<tr>\n<td>Kijelz\u0151<\/td>\n<td>Megjelen\u00edt\u00e9s t\u00edpusa<\/td>\n<td>\n<div>\n<div>K\u00f6r alak\u00fa IPS LCD<\/div>\n<\/div>\n<\/td>\n<\/tr>\n<tr>\n<td><\/td>\n<td>K\u00e9perny\u0151felbont\u00e1s (Q verzi\u00f3)<\/td>\n<td>\n<div>\n<div>Ak\u00e1r 1600 \u00d7 1200 px<\/div>\n<\/div>\n<\/td>\n<\/tr>\n<tr>\n<td><\/td>\n<td>Szemek k\u00f6z\u00f6tti t\u00e1vols\u00e1g<\/td>\n<td>100 mm<\/td>\n<\/tr>\n<tr>\n<td>Tulajdons\u00e1gok \u00e9s jellemz\u0151k<\/td>\n<td>L\u00e9zeres t\u00e1vols\u00e1gm\u00e9r\u0151 (LRF)<\/td>\n<td>\n<div>\n<div>Igen, 1000 m \/ 1200 yard hat\u00f3t\u00e1vols\u00e1g<\/div>\n<\/div>\n<\/td>\n<\/tr>\n<tr>\n<td><\/td>\n<td>Ballisztikus kalkul\u00e1tor<\/td>\n<td>Igen<\/td>\n<\/tr>\n<tr>\n<td><\/td>\n<td>Multispektr\u00e1lis \u00fczemm\u00f3dok<\/td>\n<td>\n<div>\n<div>H\u0151kamera + \u00e9jjell\u00e1t\u00f3 (PIP)<\/div>\n<\/div>\n<\/td>\n<\/tr>\n<tr>\n<td><\/td>\n<td>Infrav\u00f6r\u00f6s vil\u00e1g\u00edt\u00e1s<\/td>\n<td>\n<div>\n<div>940 nm (\u00e1llatok sz\u00e1m\u00e1ra l\u00e1thatatlan)<\/div>\n<\/div>\n<\/td>\n<\/tr>\n<tr>\n<td><\/td>\n<td>Visszar\u00fag\u00e1s\u00e1ll\u00f3s\u00e1g<\/td>\n<td>Ak\u00e1r 6000 J<\/td>\n<\/tr>\n<tr>\n<td><\/td>\n<td>A v\u00e9delem szintje<\/td>\n<td>\n<div>\n<div>IP67 (v\u00edz- \u00e9s por\u00e1ll\u00f3)<\/div>\n<\/div>\n<\/td>\n<\/tr>\n<tr>\n<td>Teljes\u00edtm\u00e9ny<\/td>\n<td>Akkumul\u00e1tor t\u00edpusa<\/td>\n<td>1\u00d7 Li-ion 21700<\/td>\n<\/tr>\n<tr>\n<td><\/td>\n<td>Akkumul\u00e1tor \u00fczemid\u0151<\/td>\n<td>\n<div>\n<div>Ak\u00e1r 6 \u00f3ra (haszn\u00e1latt\u00f3l f\u00fcgg\u0151en)<\/div>\n<\/div>\n<\/td>\n<\/tr>\n<tr>\n<td><\/td>\n<td>T\u00f6lt\u00e9s<\/td>\n<td>USB-C<\/td>\n<\/tr>\n<tr>\n<td>Felv\u00e9tel \u00e9s ment\u00e9s<\/td>\n<td>Vide\u00f3\/f\u00e9nyk\u00e9p felbont\u00e1s<\/td>\n<td>\n<div>\n<div>1440\u00d71080 px \/ 2592\u00d71944 px<\/div>\n<\/div>\n<\/td>\n<\/tr>\n<tr>\n<td><\/td>\n<td>Mem\u00f3riak\u00e1rtya<\/td>\n<td>\n<div>\n<div>microSD, max. 128 GB<\/div>\n<\/div>\n<\/td>\n<\/tr>\n<tr>\n<td>Tov\u00e1bbi funkci\u00f3k<\/td>\n<td>Telep\u00edt\u00e9s<\/td>\n<td>\n<div>\n<div>Szabv\u00e1nyos s\u00edn (Picatinny \/ Weaver)<\/div>\n<\/div>\n<\/td>\n<\/tr>\n<tr>\n<td><\/td>\n<td>Firmware friss\u00edt\u00e9s<\/td>\n<td>USB \/ microSD<\/td>\n<\/tr>\n<\/tbody>\n<\/table>\n<p>A m\u00e1rka hivatalos honlapja: <a href=\"https:\/\/pard.com\/eu\">https:\/\/pard.com\/eu<\/a><\/p>","protected":false},"excerpt":{"rendered":"<p>\u00daj <strong data-start=\"6\" data-end=\"32\">PARD Landsat Kompakt Q<\/strong> eltol <strong data-start=\"35\" data-end=\"77\">f\u00fazi\u00f3<\/strong> <strong data-start=\"35\" data-end=\"77\">h\u0151kamer\u00e1k \u00e9s \u00e9jjell\u00e1t\u00f3k<\/strong> magasabb szintre.<br data-start=\"101\" data-end=\"104\" \/>Brili\u00e1ns k\u00e9peket, gyorsabb reakci\u00f3id\u0151t \u00e9s m\u00e9g kompaktabb kialak\u00edt\u00e1st k\u00edn\u00e1l <strong data-start=\"176\" data-end=\"227\">minden helyzetben t\u00f6k\u00e9letes ir\u00e1ny\u00edt\u00e1s\u00e9rt<\/strong>.<\/p>","protected":false},"featured_media":21447,"template":"","meta":{"_gspb_post_css":""},"product_brand":[],"product_cat":[2749,145,2313],"product_tag":[297,347,325,229,2757],"class_list":{"0":"post-21375","1":"product","2":"type-product","3":"status-publish","4":"has-post-thumbnail","6":"product_cat-laserove-dialkomery","7":"product_cat-nocne-videnie","8":"product_cat-termovizna-kamera","9":"product_tag-landsat","10":"product_tag-laserovy-dialkomer","11":"product_tag-nocne-videnie","12":"product_tag-pard","13":"product_tag-termokamera","15":"first","16":"instock","17":"sale","18":"taxable","19":"shipping-taxable","20":"purchasable","21":"product-type-simple"},"ct_brands":[],"_links":{"self":[{"href":"https:\/\/zbranebudai.sk\/hu\/wp-json\/wp\/v2\/product\/21375","targetHints":{"allow":["GET"]}}],"collection":[{"href":"https:\/\/zbranebudai.sk\/hu\/wp-json\/wp\/v2\/product"}],"about":[{"href":"https:\/\/zbranebudai.sk\/hu\/wp-json\/wp\/v2\/types\/product"}],"wp:featuredmedia":[{"embeddable":true,"href":"https:\/\/zbranebudai.sk\/hu\/wp-json\/wp\/v2\/media\/21447"}],"wp:attachment":[{"href":"https:\/\/zbranebudai.sk\/hu\/wp-json\/wp\/v2\/media?parent=21375"}],"wp:term":[{"taxonomy":"product_brand","embeddable":true,"href":"https:\/\/zbranebudai.sk\/hu\/wp-json\/wp\/v2\/product_brand?post=21375"},{"taxonomy":"product_cat","embeddable":true,"href":"https:\/\/zbranebudai.sk\/hu\/wp-json\/wp\/v2\/product_cat?post=21375"},{"taxonomy":"product_tag","embeddable":true,"href":"https:\/\/zbranebudai.sk\/hu\/wp-json\/wp\/v2\/product_tag?post=21375"}],"curies":[{"name":"wp","href":"https:\/\/api.w.org\/{rel}","templated":true}]}}