{"id":21374,"date":"2026-02-14T15:25:47","date_gmt":"2026-02-14T13:25:47","guid":{"rendered":"https:\/\/zbranebudai.sk\/?post_type=product&#038;p=21374"},"modified":"2026-04-29T10:02:16","modified_gmt":"2026-04-29T08:02:16","slug":"pard-nv-s470cl-850nm-lrf-4k-digitalis-celtavcso-ejjellatoval","status":"publish","type":"product","link":"https:\/\/zbranebudai.sk\/hu\/product\/pard-nv-s470cl-850nm-lrf-4k-digitalny-puskohlad-s-nocnym-videnim\/","title":{"rendered":"Pard NV-S470CL 850nm LRF 4K digit\u00e1lis t\u00e1vcs\u0151 \u00e9jjell\u00e1t\u00f3val"},"content":{"rendered":"<p><strong>PARD NV-S470CL 850nm LRF 4K digit\u00e1lis c\u00e9lt\u00e1vcs\u0151 \u00e9jjell\u00e1t\u00f3val<\/strong> <b>PARD NV-S470CL 850 nm 4K<\/b><span style=\"font-weight: 400\"> egy cs\u00facskateg\u00f3ri\u00e1s digit\u00e1lis \u00e9jjell\u00e1t\u00f3 t\u00e1vcs\u0151, amely kiv\u00e1l\u00f3 k\u00e9pmin\u0151s\u00e9get biztos\u00edt \u00e9jszakai k\u00f6r\u00fclm\u00e9nyek k\u00f6z\u00f6tt. A QHD felbont\u00e1s\u00fa \u00e9rz\u00e9kel\u0151nek \u00e9s a nagy felbont\u00e1s\u00fa kijelz\u0151nek k\u00f6sz\u00f6nhet\u0151en \u00e9les \u00e9s r\u00e9szletgazdag k\u00e9pet ny\u00fajt. A be\u00e9p\u00edtett, 850 nm-es hull\u00e1mhossz\u00fa \u00e9s 350 m\u00e9teres hat\u00f3t\u00e1vols\u00e1g\u00fa infrav\u00f6r\u00f6s megvil\u00e1g\u00edt\u00f3 biztos\u00edtja, hogy a c\u00e9l t\u00f6k\u00e9letesen l\u00e1that\u00f3 legyen teljes s\u00f6t\u00e9ts\u00e9gben is.<\/span><\/p>\n<p><span style=\"font-weight: 400\">A puska t\u00e1vcs\u0151vel is fel van szerelve<\/span> <b>l\u00e9zeres t\u00e1vols\u00e1gm\u00e9r\u0151vel<\/b><span style=\"font-weight: 400\"> a <\/span><b>ballisztikus sz\u00e1mol\u00f3g\u00e9p<\/b> <span style=\"font-weight: 400\">a pontos c\u00e9lz\u00e1shoz. Tov\u00e1bbi funkci\u00f3k k\u00f6z\u00e9 tartozik <\/span><b>videofelv\u00e9tel felbont\u00e1sban<\/b> <b>Ultra HD<\/b> <span style=\"font-weight: 400\">a <\/span><b>csatlakoztat\u00e1s<\/b> <b>Wi-Fi<\/b><span style=\"font-weight: 400\">. <\/span><b>PARD NV-S470CL 850nm 4K<\/b><span style=\"font-weight: 400\"> ide\u00e1lis vad\u00e1szathoz, megfigyel\u00e9shez \u00e9s minden olyan tev\u00e9kenys\u00e9ghez, ahol \u00e9jszakai l\u00e1t\u00e1sra van sz\u00fcks\u00e9g.<\/span><\/p>\n<p><b>Kulcsfontoss\u00e1g\u00fa jellemz\u0151k:<\/b><\/p>\n<ul>\n<li style=\"font-weight: 400\"><b>Digit\u00e1lis \u00e9jjell\u00e1t\u00f3: <\/b><span style=\"font-weight: 400\">Digit\u00e1lis technol\u00f3gia seg\u00edts\u00e9g\u00e9vel \u00e9jszakai k\u00f6r\u00fclm\u00e9nyek k\u00f6z\u00f6tt is k\u00e9pes k\u00e9peket megjelen\u00edteni.<\/span><\/li>\n<li style=\"font-weight: 400\"><b>Infrav\u00f6r\u00f6s megvil\u00e1g\u00edt\u00f3 <\/b><span style=\"font-weight: 400\">Be\u00e9p\u00edtett 850 nm-es infrav\u00f6r\u00f6s vil\u00e1g\u00edt\u00f3 850 nm-es megfigyel\u00e9shez teljes s\u00f6t\u00e9ts\u00e9gben. Hat\u00f3t\u00e1vols\u00e1g: ak\u00e1r 350 m.<\/span><\/li>\n<li style=\"font-weight: 400\"><b>Nagy felbont\u00e1s:<\/b>\n<ul>\n<li style=\"font-weight: 400\"><span style=\"font-weight: 400\">4K \u00e9rz\u00e9kel\u0151, 3840\u00d72160 px<\/span><\/li>\n<li style=\"font-weight: 400\"><span style=\"font-weight: 400\">800\u00d7800 px kijelz\u0151<\/span><\/li>\n<\/ul>\n<\/li>\n<li style=\"font-weight: 400\"><b>Optikai nagy\u00edt\u00e1s: <\/b><span style=\"font-weight: 400\">Alap nagy\u00edt\u00e1s 5,6\u00d7, zoom 5,6\u00d7\u201311,2\u00d7.<\/span><\/li>\n<li style=\"font-weight: 400\"><b>Fejlett funkci\u00f3k:<\/b>\n<ul>\n<li style=\"font-weight: 400\"><span style=\"font-weight: 400\">L\u00e9zeres t\u00e1vols\u00e1gm\u00e9r\u0151 prec\u00edz t\u00e1vols\u00e1gm\u00e9r\u00e9shez<\/span><\/li>\n<li style=\"font-weight: 400\"><span style=\"font-weight: 400\">Balisztikus kalkul\u00e1tor a c\u00e9lz\u00e1s optimaliz\u00e1l\u00e1s\u00e1hoz<\/span><\/li>\n<li style=\"font-weight: 400\"><span style=\"font-weight: 400\">Ultra HD videofelv\u00e9tel<\/span><\/li>\n<li style=\"font-weight: 400\"><span style=\"font-weight: 400\">Wi-Fi csatlakoz\u00e1s<\/span><\/li>\n<li style=\"font-weight: 400\"><span style=\"font-weight: 400\">Tart\u00f3s fel\u00e9p\u00edt\u00e9s a hossz\u00fa t\u00e1v\u00fa haszn\u00e1lathoz<\/span><\/li>\n<\/ul>\n<\/li>\n<\/ul>\n<p><b>M\u0171szaki param\u00e9terek:<\/b><\/p>\n<ul>\n<li style=\"font-weight: 400\"><b>\u00c9rz\u00e9kel\u0151:<\/b><span style=\"font-weight: 400\"> 3840\u00d72160 px<\/span><\/li>\n<li style=\"font-weight: 400\"><b>S\u00faly:<\/b><span style=\"font-weight: 400\"> k\u00f6r\u00fclbel\u00fcl 447 g<\/span><\/li>\n<li style=\"font-weight: 400\"><b>T\u00e1pegys\u00e9g: <\/b><span style=\"font-weight: 400\">hossz\u00fa \u00e9lettartam\u00fa akkumul\u00e1tor<\/span><\/li>\n<\/ul>\n<p><b>Haszn\u00e1lat:<\/b><\/p>\n<p><span style=\"font-weight: 400\">Ez a t\u00e1vcs\u0151 ide\u00e1lis <\/span><b>l\u00f3, megfigyel\u00e9s, biztons\u00e1gi c\u00e9lokra<\/b><span style=\"font-weight: 400\"> b\u00e1rmilyen tev\u00e9kenys\u00e9g, amely \u00e9jszakai l\u00e1t\u00e1st ig\u00e9nyel.<\/span><\/p>\n<table dir=\"ltr\" style=\"width: 800px\" border=\"1\" cellspacing=\"0\" cellpadding=\"0\" data-sheets-root=\"1\" data-sheets-baot=\"1\">\n<colgroup>\n<col width=\"100\" \/>\n<col width=\"100\" \/><\/colgroup>\n<tbody>\n<tr>\n<td style=\"width: 383.469px\">Felbont\u00e1s (pixelek)<\/td>\n<td style=\"width: 410.531px\">\n<div>\n<div>4K \u2013 3840\u00d72160 k\u00e9ppont<\/div>\n<\/div>\n<\/td>\n<\/tr>\n<tr>\n<td style=\"width: 383.469px\">\u00c9rz\u00e9kenys\u00e9g (Lux)<\/td>\n<td style=\"width: 410.531px\">0,001<\/td>\n<\/tr>\n<tr>\n<td style=\"width: 383.469px\">K\u00e9pfriss\u00edt\u00e9si frekvencia (fps)<\/td>\n<td style=\"width: 410.531px\">30<\/td>\n<\/tr>\n<tr>\n<td style=\"width: 383.469px\">F\u00f3kusz t\u00e1vols\u00e1g (mm)<\/td>\n<td style=\"width: 410.531px\">70<\/td>\n<\/tr>\n<tr>\n<td style=\"width: 383.469px\">Optikai nagy\u00edt\u00e1s (\u00d7)<\/td>\n<td style=\"width: 410.531px\">5,6<\/td>\n<\/tr>\n<tr>\n<td style=\"width: 383.469px\">Digit\u00e1lis zoom (\u00d7)<\/td>\n<td style=\"width: 410.531px\">2\u00d7 (5,6\u201311,2\u00d7)<\/td>\n<\/tr>\n<tr>\n<td style=\"width: 383.469px\">V\u00edzszintes l\u00e1t\u00f3mez\u0151<\/td>\n<td style=\"width: 410.531px\">3,5\u00b0<\/td>\n<\/tr>\n<tr>\n<td style=\"width: 383.469px\">F\u00fcgg\u0151leges l\u00e1t\u00f3mez\u0151<\/td>\n<td style=\"width: 410.531px\">3,5\u00b0<\/td>\n<\/tr>\n<tr>\n<td style=\"width: 383.469px\">\u00c1tl\u00f3s l\u00e1t\u00f3mez\u0151<\/td>\n<td style=\"width: 410.531px\">5,0<\/td>\n<\/tr>\n<tr>\n<td style=\"width: 383.469px\">Kijelz\u0151 felbont\u00e1sa (pixel)<\/td>\n<td style=\"width: 410.531px\">800\u00d7800<\/td>\n<\/tr>\n<tr>\n<td style=\"width: 383.469px\">Akkumul\u00e1tor t\u00edpusa<\/td>\n<td style=\"width: 410.531px\">\n<div>\n<div>18650 Li-ion akkumul\u00e1tor<\/div>\n<\/div>\n<\/td>\n<\/tr>\n<tr>\n<td style=\"width: 383.469px\">USB Type-C<\/td>\n<td style=\"width: 410.531px\">Igen<\/td>\n<\/tr>\n<tr>\n<td style=\"width: 383.469px\">HDMI kimenet<\/td>\n<td style=\"width: 410.531px\">Igen<\/td>\n<\/tr>\n<tr>\n<td style=\"width: 383.469px\">Wi-Fi<\/td>\n<td style=\"width: 410.531px\">Igen<\/td>\n<\/tr>\n<tr>\n<td style=\"width: 383.469px\">IR hull\u00e1mhossz (nm)<\/td>\n<td style=\"width: 410.531px\">850<\/td>\n<\/tr>\n<tr>\n<td style=\"width: 383.469px\">F\u00e9nyk\u00e9p felbont\u00e1sa (k\u00e9ppont)<\/td>\n<td style=\"width: 410.531px\">1536\u00d71536<\/td>\n<\/tr>\n<tr>\n<td style=\"width: 383.469px\">Vide\u00f3 felbont\u00e1sa (pixelek)<\/td>\n<td style=\"width: 410.531px\">1440\u00d71080<\/td>\n<\/tr>\n<\/tbody>\n<\/table>\n<p><span style=\"font-weight: 400\">A m\u00e1rka hivatalos weboldala: <\/span><a href=\"https:\/\/pard.com\/eu\"><span style=\"font-weight: 400\">https:\/\/pard.com\/eu<\/span><\/a><span style=\"font-weight: 400\">\u00a0<\/span><\/p>","protected":false},"excerpt":{"rendered":"<p>Bemutatkozik az NV008-as sorozat ut\u00f3dja \u2013 a legkisebb 4K felbont\u00e1s\u00fa digit\u00e1lis t\u00e1vcs\u0151 \u2013 az NV-S470CL 940 nm 4K. Ez a modell be\u00e9p\u00edtett t\u00e1vols\u00e1gm\u00e9r\u0151vel (LRF) \u00e9s 850 nm-es megvil\u00e1g\u00edt\u00f3val, nagy felbont\u00e1s\u00fa k\u00e9ppel, fejlett funkci\u00f3kkal \u00e9s robusztus fel\u00e9p\u00edt\u00e9ssel rendelkezik.<\/p>","protected":false},"featured_media":21443,"template":"","meta":{"_gspb_post_css":""},"product_brand":[],"product_cat":[145,2753],"product_tag":[325,290,229,324],"class_list":{"0":"post-21374","1":"product","2":"type-product","3":"status-publish","4":"has-post-thumbnail","6":"product_cat-nocne-videnie","7":"product_cat-puskohlady","8":"product_tag-nocne-videnie","9":"product_tag-nv","10":"product_tag-pard","11":"product_tag-puskohlad","13":"first","14":"instock","15":"taxable","16":"shipping-taxable","17":"purchasable","18":"product-type-simple"},"ct_brands":[],"_links":{"self":[{"href":"https:\/\/zbranebudai.sk\/hu\/wp-json\/wp\/v2\/product\/21374","targetHints":{"allow":["GET"]}}],"collection":[{"href":"https:\/\/zbranebudai.sk\/hu\/wp-json\/wp\/v2\/product"}],"about":[{"href":"https:\/\/zbranebudai.sk\/hu\/wp-json\/wp\/v2\/types\/product"}],"wp:featuredmedia":[{"embeddable":true,"href":"https:\/\/zbranebudai.sk\/hu\/wp-json\/wp\/v2\/media\/21443"}],"wp:attachment":[{"href":"https:\/\/zbranebudai.sk\/hu\/wp-json\/wp\/v2\/media?parent=21374"}],"wp:term":[{"taxonomy":"product_brand","embeddable":true,"href":"https:\/\/zbranebudai.sk\/hu\/wp-json\/wp\/v2\/product_brand?post=21374"},{"taxonomy":"product_cat","embeddable":true,"href":"https:\/\/zbranebudai.sk\/hu\/wp-json\/wp\/v2\/product_cat?post=21374"},{"taxonomy":"product_tag","embeddable":true,"href":"https:\/\/zbranebudai.sk\/hu\/wp-json\/wp\/v2\/product_tag?post=21374"}],"curies":[{"name":"wp","href":"https:\/\/api.w.org\/{rel}","templated":true}]}}