{"id":21373,"date":"2026-02-14T15:25:47","date_gmt":"2026-02-14T13:25:47","guid":{"rendered":"https:\/\/zbranebudai.sk\/?post_type=product&#038;p=21373"},"modified":"2026-04-29T10:04:51","modified_gmt":"2026-04-29T08:04:51","slug":"pard-nv-s470c-940-nm-4k-digitalis-tavcso-ejjellatoval","status":"publish","type":"product","link":"https:\/\/zbranebudai.sk\/hu\/product\/pard-nv-s470c-940-nm-4k-digitalny-puskohlad-s-nocnym-videnim\/","title":{"rendered":"PARD NV-S470C 940 nm 4K digit\u00e1lis t\u00e1vcs\u0151 \u00e9jjell\u00e1t\u00f3val"},"content":{"rendered":"<p><strong>PARD NV-S470C 940 nm 4K digit\u00e1lis t\u00e1vcs\u0151<\/strong> <strong>\u00e9jszakai l\u00e1t\u00e1ssal<\/strong> <b>PARD NV-S470C 940 nm 4K<\/b><span style=\"font-weight: 400\"> egy cs\u00facskateg\u00f3ri\u00e1s digit\u00e1lis \u00e9jjell\u00e1t\u00f3 c\u00e9lt\u00e1vcs\u0151, amely kiv\u00e1l\u00f3 k\u00e9pmin\u0151s\u00e9get biztos\u00edt \u00e9jszakai k\u00f6r\u00fclm\u00e9nyek k\u00f6z\u00f6tt. A QHD felbont\u00e1s\u00fa szenzor\u00e1nak \u00e9s nagy felbont\u00e1s\u00fa kijelz\u0151j\u00e9nek k\u00f6sz\u00f6nhet\u0151en \u00e9les \u00e9s r\u00e9szletgazdag k\u00e9pet ny\u00fajt. A be\u00e9p\u00edtett, 940 nm-es hull\u00e1mhossz\u00fa infrav\u00f6r\u00f6s megvil\u00e1g\u00edt\u00f3 ak\u00e1r 350 m\u00e9teres hat\u00f3t\u00e1vols\u00e1got is lehet\u0151v\u00e9 tesz, \u00edgy teljes s\u00f6t\u00e9ts\u00e9gben is t\u00f6k\u00e9letes c\u00e9lpont l\u00e1that\u00f3s\u00e1got biztos\u00edt.<\/span><\/p>\n<p><span style=\"font-weight: 400\">Tov\u00e1bbi funkci\u00f3k k\u00f6z\u00e9 tartozik <\/span><b>videofelv\u00e9tel felbont\u00e1sban<\/b> <b>Ultra HD<\/b> <span style=\"font-weight: 400\">a <\/span><b>csatlakoztat\u00e1s<\/b> <b>Wi-Fi<\/b><span style=\"font-weight: 400\">. <\/span><b>PARD NV-S470C 940nm 4K<\/b><span style=\"font-weight: 400\"> ide\u00e1lis v\u00e1laszt\u00e1s vad\u00e1szathoz, megfigyel\u00e9shez \u00e9s minden olyan tev\u00e9kenys\u00e9ghez, ahol \u00e9jjell\u00e1t\u00e1sra van sz\u00fcks\u00e9g.<\/span><\/p>\n<p><b>Kulcsfontoss\u00e1g\u00fa jellemz\u0151k:<\/b><\/p>\n<ul>\n<li style=\"font-weight: 400\"><b>Digit\u00e1lis \u00e9jjell\u00e1t\u00f3: <\/b><span style=\"font-weight: 400\">Digit\u00e1lis technol\u00f3gi\u00e1t haszn\u00e1lnak a k\u00e9p megjelen\u00edt\u00e9s\u00e9re \u00e9jszakai k\u00f6r\u00fclm\u00e9nyek k\u00f6z\u00f6tt.<\/span><\/li>\n<li style=\"font-weight: 400\"><b>Infrav\u00f6r\u00f6s megvil\u00e1g\u00edt\u00f3 <\/b><span style=\"font-weight: 400\">Be\u00e9p\u00edtett 940 nm IR vil\u00e1g\u00edt\u00f3 a teljes s\u00f6t\u00e9ts\u00e9gben val\u00f3 megfigyel\u00e9shez. Hat\u00f3t\u00e1v: ak\u00e1r 350 m.<\/span><\/li>\n<li style=\"font-weight: 400\"><b>Nagy felbont\u00e1s:<\/b>\n<ul>\n<li style=\"font-weight: 400\"><span style=\"font-weight: 400\">4K \u00e9rz\u00e9kel\u0151, 3840\u00d72160 px<\/span><\/li>\n<li style=\"font-weight: 400\"><span style=\"font-weight: 400\">800\u00d7800 px kijelz\u0151<\/span><\/li>\n<\/ul>\n<\/li>\n<li style=\"font-weight: 400\"><b>Optikai nagy\u00edt\u00e1s: <\/b><span style=\"font-weight: 400\">Alap nagy\u00edt\u00e1s 5,6\u00d7, zoom 5,6\u00d7\u201311,2\u00d7.<\/span><\/li>\n<li style=\"font-weight: 400\"><b>Fejlett funkci\u00f3k:<\/b>\n<ul>\n<li style=\"font-weight: 400\"><span style=\"font-weight: 400\">Ultra HD videofelv\u00e9tel<\/span><\/li>\n<li style=\"font-weight: 400\"><span style=\"font-weight: 400\">Wi-Fi csatlakoz\u00e1s<\/span><\/li>\n<li style=\"font-weight: 400\"><span style=\"font-weight: 400\">Ellen\u00e1ll\u00e1s a k\u00fcls\u0151 hat\u00e1sokkal szemben<\/span><\/li>\n<\/ul>\n<\/li>\n<\/ul>\n<p><b>M\u0171szaki param\u00e9terek:<\/b><\/p>\n<ul>\n<li style=\"font-weight: 400\"><b>\u00c9rz\u00e9kel\u0151:<\/b><span style=\"font-weight: 400\"> 3840\u00d72160 px (4K)<\/span><\/li>\n<li style=\"font-weight: 400\"><b>S\u00faly:<\/b><span style=\"font-weight: 400\"> k\u00f6r\u00fclbel\u00fcl 447 g<\/span><\/li>\n<li style=\"font-weight: 400\"><b>T\u00e1pegys\u00e9g: <\/b><span style=\"font-weight: 400\">k\u00fcls\u0151 18650 t\u00edpus\u00fa akkumul\u00e1tor<\/span><\/li>\n<\/ul>\n<p><b>Haszn\u00e1lat:<\/b><\/p>\n<p><span style=\"font-weight: 400\">Ez a t\u00e1vcs\u0151 ide\u00e1lis <\/span><b>l\u00f3, megfigyel\u00e9s, biztons\u00e1gi c\u00e9lokra<\/b><span style=\"font-weight: 400\"> b\u00e1rmilyen tev\u00e9kenys\u00e9g, amely \u00e9jszakai l\u00e1t\u00e1st ig\u00e9nyel.<\/span><\/p>\n<table dir=\"ltr\" border=\"1\" cellspacing=\"0\" cellpadding=\"0\" data-sheets-root=\"1\" data-sheets-baot=\"1\">\n<colgroup>\n<col width=\"100\" \/>\n<col width=\"100\" \/><\/colgroup>\n<tbody>\n<tr>\n<td>Felbont\u00e1s (pixelek)<\/td>\n<td>\n<div>\n<div>4K \u2013 3840\u00d72160 k\u00e9ppont<\/div>\n<\/div>\n<\/td>\n<\/tr>\n<tr>\n<td>\u00c9rz\u00e9kenys\u00e9g (Lux)<\/td>\n<td>0,001<\/td>\n<\/tr>\n<tr>\n<td>K\u00e9pfriss\u00edt\u00e9si frekvencia (fps)<\/td>\n<td>30<\/td>\n<\/tr>\n<tr>\n<td>F\u00f3kusz t\u00e1vols\u00e1g (mm)<\/td>\n<td>70<\/td>\n<\/tr>\n<tr>\n<td>Optikai nagy\u00edt\u00e1s (\u00d7)<\/td>\n<td>5,6<\/td>\n<\/tr>\n<tr>\n<td>Digit\u00e1lis zoom (\u00d7)<\/td>\n<td>2\u00d7 (5,6\u201311,2\u00d7)<\/td>\n<\/tr>\n<tr>\n<td>V\u00edzszintes l\u00e1t\u00f3mez\u0151<\/td>\n<td>3,5\u00b0<\/td>\n<\/tr>\n<tr>\n<td>F\u00fcgg\u0151leges l\u00e1t\u00f3mez\u0151<\/td>\n<td>3,5\u00b0<\/td>\n<\/tr>\n<tr>\n<td>\u00c1tl\u00f3s l\u00e1t\u00f3mez\u0151<\/td>\n<td>5,0<\/td>\n<\/tr>\n<tr>\n<td>Kijelz\u0151 felbont\u00e1sa (pixel)<\/td>\n<td>800\u00d7800<\/td>\n<\/tr>\n<tr>\n<td>Akkumul\u00e1tor t\u00edpusa<\/td>\n<td>\n<div>\n<div>18650 Li-ion akkumul\u00e1tor<\/div>\n<\/div>\n<\/td>\n<\/tr>\n<tr>\n<td>USB Type-C<\/td>\n<td>Igen<\/td>\n<\/tr>\n<tr>\n<td>HDMI kimenet<\/td>\n<td>Igen<\/td>\n<\/tr>\n<tr>\n<td>Wi-Fi<\/td>\n<td>Igen<\/td>\n<\/tr>\n<tr>\n<td>IR hull\u00e1mhossz (nm)<\/td>\n<td>850 \/ 940<\/td>\n<\/tr>\n<tr>\n<td>F\u00e9nyk\u00e9p felbont\u00e1sa (k\u00e9ppont)<\/td>\n<td>1536\u00d71536<\/td>\n<\/tr>\n<tr>\n<td>Vide\u00f3 felbont\u00e1sa (pixelek)<\/td>\n<td>1440\u00d71080<\/td>\n<\/tr>\n<tr>\n<td>Garancia<\/td>\n<td>2 \u00e9v<\/td>\n<\/tr>\n<\/tbody>\n<\/table>\n<p>A m\u00e1rka hivatalos honlapja: <a href=\"https:\/\/pard.com\/eu\">https:\/\/pard.com\/eu<\/a><\/p>","protected":false},"excerpt":{"rendered":"<p>Bemutatjuk az NV008-as sorozat ut\u00f3dj\u00e1t \u2013 a legkisebb 4K-s digit\u00e1lis t\u00e1vcs\u00f6vet \u2013 az NV-S470C 940 nm 4K-t. Ez a modell be\u00e9p\u00edtett 940 nm-es infrav\u00f6r\u00f6s megvil\u00e1g\u00edt\u00e1s\u00e1val, nagy felbont\u00e1s\u00fa k\u00e9palkot\u00e1s\u00e1val, fejlett funkci\u00f3ival \u00e9s robusztus kialak\u00edt\u00e1s\u00e1val t\u0171nik ki.<\/p>","protected":false},"featured_media":21439,"template":"","meta":{"_gspb_post_css":""},"product_brand":[],"product_cat":[145,2753],"product_tag":[325,290,229,324],"class_list":{"0":"post-21373","1":"product","2":"type-product","3":"status-publish","4":"has-post-thumbnail","6":"product_cat-nocne-videnie","7":"product_cat-puskohlady","8":"product_tag-nocne-videnie","9":"product_tag-nv","10":"product_tag-pard","11":"product_tag-puskohlad","13":"first","14":"instock","15":"sale","16":"taxable","17":"shipping-taxable","18":"purchasable","19":"product-type-simple"},"ct_brands":[],"_links":{"self":[{"href":"https:\/\/zbranebudai.sk\/hu\/wp-json\/wp\/v2\/product\/21373","targetHints":{"allow":["GET"]}}],"collection":[{"href":"https:\/\/zbranebudai.sk\/hu\/wp-json\/wp\/v2\/product"}],"about":[{"href":"https:\/\/zbranebudai.sk\/hu\/wp-json\/wp\/v2\/types\/product"}],"wp:featuredmedia":[{"embeddable":true,"href":"https:\/\/zbranebudai.sk\/hu\/wp-json\/wp\/v2\/media\/21439"}],"wp:attachment":[{"href":"https:\/\/zbranebudai.sk\/hu\/wp-json\/wp\/v2\/media?parent=21373"}],"wp:term":[{"taxonomy":"product_brand","embeddable":true,"href":"https:\/\/zbranebudai.sk\/hu\/wp-json\/wp\/v2\/product_brand?post=21373"},{"taxonomy":"product_cat","embeddable":true,"href":"https:\/\/zbranebudai.sk\/hu\/wp-json\/wp\/v2\/product_cat?post=21373"},{"taxonomy":"product_tag","embeddable":true,"href":"https:\/\/zbranebudai.sk\/hu\/wp-json\/wp\/v2\/product_tag?post=21373"}],"curies":[{"name":"wp","href":"https:\/\/api.w.org\/{rel}","templated":true}]}}