{"id":21372,"date":"2026-02-14T15:25:47","date_gmt":"2026-02-14T13:25:47","guid":{"rendered":"https:\/\/zbranebudai.sk\/?post_type=product&#038;p=21372"},"modified":"2026-04-29T10:08:12","modified_gmt":"2026-04-29T08:08:12","slug":"pard-ocelot-640-q-lrf-termovizny-zameriavac","status":"publish","type":"product","link":"https:\/\/zbranebudai.sk\/hu\/product\/pard-ocelot-640-q-lrf-termovizny-zameriavac\/","title":{"rendered":"Pard OCELOT 640 Q LRF h\u0151kamer\u00e1s c\u00e9lpontkeres\u0151"},"content":{"rendered":"<p data-start=\"33\" data-end=\"345\"><strong>Pard OCELOT 640 Q LRF h\u0151kamer\u00e1s c\u00e9lpontkeres\u0151<\/strong><\/p>\n<p data-start=\"33\" data-end=\"345\"><strong data-start=\"33\" data-end=\"167\">Ocelot 640Q pon\u00faka \u00fachvatn\u00fd detek\u010dn\u00fd dosah a kri\u0161t\u00e1\u013eovo \u010dist\u00fd obraz v\u010faka vysok\u00e9mu rozl\u00ed\u0161eniu OLED displeja.<\/strong> Integrovan\u00fd laserov\u00fd dia\u013ekomer s dosahom a\u017e 1097 metrov a balistick\u00fd kalkul\u00e1tor zaru\u010duj\u00fa absol\u00fatnu presnos\u0165 pri ka\u017edom v\u00fdstrele.<\/p>\n<p data-start=\"347\" data-end=\"624\">Svojou robustnou hlin\u00edkovou kon\u0161trukciou s kryt\u00edm IP67 a odolnos\u0165ou proti sp\u00e4tn\u00e9mu r\u00e1zu 6000 J je PARD Ocelot 640Q pripraven\u00fd na najn\u00e1ro\u010dnej\u0161ie misie. Je to perfektn\u00fd n\u00e1stroj pre profesion\u00e1lnych po\u013eovn\u00edkov, taktick\u00e9 oper\u00e1cie a ka\u017ed\u00e9ho, kto h\u013ead\u00e1 bezkompromisn\u00fd v\u00fdkon.<\/p>\n<table dir=\"ltr\" border=\"1\" cellspacing=\"0\" cellpadding=\"0\" data-sheets-root=\"1\" data-sheets-baot=\"1\">\n<colgroup>\n<col width=\"100\" \/>\n<col width=\"100\" \/><\/colgroup>\n<tbody>\n<tr>\n<td>\u00c9rz\u00e9kel\u0151 t\u00edpusa<\/td>\n<td>\n<div>\n<div>F\u0171tetlen VOx (van\u00e1dium-oxid)<\/div>\n<\/div>\n<\/td>\n<\/tr>\n<tr>\n<td>\u00c9rz\u00e9kel\u0151 felbont\u00e1sa<\/td>\n<td>640 \u00d7 512 px<\/td>\n<\/tr>\n<tr>\n<td>Pixel m\u00e9ret<\/td>\n<td>12 \u00d7 12 \u00b5m<\/td>\n<\/tr>\n<tr>\n<td>H\u0151\u00e9rz\u00e9kenys\u00e9g<\/td>\n<td>\u226418 mK<\/td>\n<\/tr>\n<tr>\n<td>K\u00e9pfriss\u00edt\u00e9si sebess\u00e9g<\/td>\n<td>50 Hz<\/td>\n<\/tr>\n<tr>\n<td>\u00c9rz\u00e9kel\u00e9si t\u00e1vols\u00e1g<\/td>\n<td>2600 m<\/td>\n<\/tr>\n<tr>\n<td>C\u00e9l<\/td>\n<td>50 mm<\/td>\n<\/tr>\n<tr>\n<td>Optikai nagy\u00edt\u00e1s<\/td>\n<td>2,5\u00d7<\/td>\n<\/tr>\n<tr>\n<td>Digit\u00e1lis zoom<\/td>\n<td>2 \/ 4 \/ 6 \/ 8\u00d7<\/td>\n<\/tr>\n<tr>\n<td>Zorn\u00e9 pole horizont\u00e1lne<\/td>\n<td>7,0<\/td>\n<\/tr>\n<tr>\n<td>F\u00fcgg\u0151leges l\u00e1t\u00f3mez\u0151<\/td>\n<td>7,0<\/td>\n<\/tr>\n<tr>\n<td>\u00c1tl\u00f3s l\u00e1t\u00f3mez\u0151<\/td>\n<td>9,9\u00b0<\/td>\n<\/tr>\n<tr>\n<td>Szemkiemel\u00e9s<\/td>\n<td>100 mm<\/td>\n<\/tr>\n<tr>\n<td>Dioptri\u00e1s korrekci\u00f3<\/td>\n<td>-5 a\u017e +3 D<\/td>\n<\/tr>\n<tr>\n<td>Megjelen\u00edt\u00e9s t\u00edpusa<\/td>\n<td>OLED<\/td>\n<\/tr>\n<tr>\n<td>Kijelz\u0151 felbont\u00e1sa<\/td>\n<td>1920 \u00d7 1080 px<\/td>\n<\/tr>\n<tr>\n<td>Po\u010det kr\u00ed\u017eov<\/td>\n<td>6<\/td>\n<\/tr>\n<tr>\n<td>Farby kr\u00ed\u017ea<\/td>\n<td>\n<div>\n<div>4 (\u010derven\u00e1 \/ biela \/ \u017elt\u00e1 \/ zelen\u00e1)<\/div>\n<\/div>\n<\/td>\n<\/tr>\n<tr>\n<td>Sc\u00e9nick\u00e9 re\u017eimy<\/td>\n<td>\n<div>\n<div>V\u00e1ros \/ Es\u0151 \/ Erd\u0151<\/div>\n<\/div>\n<\/td>\n<\/tr>\n<tr>\n<td>K\u00e9pm\u00f3dok<\/td>\n<td>\n<div>\n<div>WT-HOT \/ BK-HOT \/ EDGE \/ RD-HOT \/ IN-HOT \/ SKY<\/div>\n<\/div>\n<\/td>\n<\/tr>\n<tr>\n<td>F\u00e9nyk\u00e9pek felbont\u00e1sa<\/td>\n<td>\n<div>\n<div>Bude ur\u010den\u00e9 nesk\u00f4r<\/div>\n<\/div>\n<\/td>\n<\/tr>\n<tr>\n<td>F\u00e9nyk\u00e9p form\u00e1tum<\/td>\n<td>JPG<\/td>\n<\/tr>\n<tr>\n<td>Vide\u00f3 felbont\u00e1s<\/td>\n<td>\n<div>\n<div>Bude ur\u010den\u00e9 nesk\u00f4r<\/div>\n<\/div>\n<\/td>\n<\/tr>\n<tr>\n<td>Vide\u00f3 form\u00e1tum<\/td>\n<td>MP4<\/td>\n<\/tr>\n<tr>\n<td>T\u00e1rhely<\/td>\n<td>\n<div>\n<div>Micro SD k\u00e1rtya (max. 128 GB)<\/div>\n<\/div>\n<\/td>\n<\/tr>\n<tr>\n<td>Procesor obrazu<\/td>\n<td>Pard IREA<\/td>\n<\/tr>\n<tr>\n<td>L\u00e9zeres t\u00e1vols\u00e1gm\u00e9r\u0151<\/td>\n<td>\n<div>\n<div>1000 m \/ 1200 yardov<\/div>\n<\/div>\n<\/td>\n<\/tr>\n<tr>\n<td>Ballisztikus kalkul\u00e1tor<\/td>\n<td>Igen<\/td>\n<\/tr>\n<tr>\n<td>K\u00e9p a k\u00e9pben (PIP)<\/td>\n<td>Igen<\/td>\n<\/tr>\n<tr>\n<td>N\u00e9pszer\u0171 dal<\/td>\n<td>Igen<\/td>\n<\/tr>\n<tr>\n<td>Gyroszk\u00f3p<\/td>\n<td>Igen<\/td>\n<\/tr>\n<tr>\n<td>R\u00f6gz\u00edt\u00e9s \u00fctk\u00f6z\u00e9s eset\u00e9n<\/td>\n<td>Igen<\/td>\n<\/tr>\n<tr>\n<td>Ciklikus felv\u00e9tel<\/td>\n<td>Igen<\/td>\n<\/tr>\n<tr>\n<td>Elektronikus ir\u00e1nyt\u0171<\/td>\n<td>Igen<\/td>\n<\/tr>\n<tr>\n<td>Z\u00e1r<\/td>\n<td>Mechanikus z\u00e1r<\/td>\n<\/tr>\n<tr>\n<td>Mikrofon<\/td>\n<td>Igen<\/td>\n<\/tr>\n<tr>\n<td>Firmware friss\u00edt\u00e9s<\/td>\n<td>Igen<\/td>\n<\/tr>\n<tr>\n<td>USB Type-C<\/td>\n<td>Igen<\/td>\n<\/tr>\n<tr>\n<td>HDMI kimenet<\/td>\n<td>Igen<\/td>\n<\/tr>\n<tr>\n<td>Wi-Fi<\/td>\n<td>Igen<\/td>\n<\/tr>\n<tr>\n<td>T\u00e1mogatott alkalmaz\u00e1s<\/td>\n<td>PardVision2<\/td>\n<\/tr>\n<tr>\n<td>Akkumul\u00e1tor t\u00edpusa<\/td>\n<td>\n<div>\n<div>L\u00edtium-ion 18650 \u00d7 1<\/div>\n<\/div>\n<\/td>\n<\/tr>\n<tr>\n<td>Kimeneti fesz\u00fclts\u00e9g<\/td>\n<td>3,7 V<\/td>\n<\/tr>\n<tr>\n<td>Akkumul\u00e1tor \u00fczemid\u0151<\/td>\n<td>\u22645 hod\u00edn<\/td>\n<\/tr>\n<tr>\n<td>K\u00fcls\u0151 t\u00e1pegys\u00e9g<\/td>\n<td>C t\u00edpus<\/td>\n<\/tr>\n<tr>\n<td>V\u00e9delmi fokozat<\/td>\n<td>IP67<\/td>\n<\/tr>\n<tr>\n<td>\u00dczemi h\u0151m\u00e9rs\u00e9klet (\u00b0C \/ \u00b0F)<\/td>\n<td>\n<div>\n<div>-30 ~ +55 \/ -22 ~ +131<\/div>\n<\/div>\n<\/td>\n<\/tr>\n<tr>\n<td>Visszar\u00fag\u00e1s\u00e1ll\u00f3s\u00e1g<\/td>\n<td>6000 J<\/td>\n<\/tr>\n<tr>\n<td>A h\u00e1z anyaga<\/td>\n<td>\n<div>\n<div>Alum\u00ednium \u00f6tv\u00f6zet<\/div>\n<\/div>\n<\/td>\n<\/tr>\n<tr>\n<td>Lencse anyaga<\/td>\n<td>\n<div>\n<div>Celosklenen\u00e9, viacvrstvov\u00e9 povlakovanie<\/div>\n<\/div>\n<\/td>\n<\/tr>\n<tr>\n<td>Rozmery (mm)<\/td>\n<td>182 \u00d7 68 \u00d7 79<\/td>\n<\/tr>\n<tr>\n<td>S\u00faly<\/td>\n<td>647,5 g<\/td>\n<\/tr>\n<\/tbody>\n<\/table>\n<p>A m\u00e1rka hivatalos honlapja: <a href=\"https:\/\/pard.com\/product\/thermal-imaging-scope-ocelot-Q\">https:\/\/pard.com\/product\/thermal-imaging-scope-ocelot-Q<\/a><\/p>","protected":false},"excerpt":{"rendered":"<p><strong data-start=\"33\" data-end=\"97\">PARD Ocelot 640Q: Kr\u00e1\u013e termov\u00edznych kamier pre bezkonkuren\u010dn\u00fa detekciu<\/strong><br data-start=\"97\" data-end=\"100\" \/>Vst\u00fapte do novej dimenzie no\u010dn\u00e9ho videnia s PARD Ocelot 640Q \u2013 \u0161pi\u010dkov\u00fdm termov\u00edznym pu\u0161kov\u00fdm zameriava\u010dom, ktor\u00fd stanovuje nov\u00fd \u0161tandard. V\u010faka vysokokvalitn\u00e9mu senzoru 640 \u00d7 512 a extr\u00e9mnej tepelnej citlivosti (NETD \u226418 mK) uvid\u00edte detaily, ktor\u00e9 ostatn\u00ed nevid\u00ed, a to aj v najhustej\u0161ej tme, hmle alebo da\u017edi.<\/p>","protected":false},"featured_media":21438,"template":"","meta":{"_gspb_post_css":""},"product_brand":[],"product_cat":[2753,2313],"product_tag":[301,229,324,2315],"class_list":{"0":"post-21372","1":"product","2":"type-product","3":"status-publish","4":"has-post-thumbnail","6":"product_cat-puskohlady","7":"product_cat-termovizna-kamera","8":"product_tag-ocelot","9":"product_tag-pard","10":"product_tag-puskohlad","11":"product_tag-termovizna-kamera","13":"first","14":"instock","15":"sale","16":"taxable","17":"shipping-taxable","18":"purchasable","19":"product-type-simple"},"ct_brands":[],"_links":{"self":[{"href":"https:\/\/zbranebudai.sk\/hu\/wp-json\/wp\/v2\/product\/21372","targetHints":{"allow":["GET"]}}],"collection":[{"href":"https:\/\/zbranebudai.sk\/hu\/wp-json\/wp\/v2\/product"}],"about":[{"href":"https:\/\/zbranebudai.sk\/hu\/wp-json\/wp\/v2\/types\/product"}],"wp:featuredmedia":[{"embeddable":true,"href":"https:\/\/zbranebudai.sk\/hu\/wp-json\/wp\/v2\/media\/21438"}],"wp:attachment":[{"href":"https:\/\/zbranebudai.sk\/hu\/wp-json\/wp\/v2\/media?parent=21372"}],"wp:term":[{"taxonomy":"product_brand","embeddable":true,"href":"https:\/\/zbranebudai.sk\/hu\/wp-json\/wp\/v2\/product_brand?post=21372"},{"taxonomy":"product_cat","embeddable":true,"href":"https:\/\/zbranebudai.sk\/hu\/wp-json\/wp\/v2\/product_cat?post=21372"},{"taxonomy":"product_tag","embeddable":true,"href":"https:\/\/zbranebudai.sk\/hu\/wp-json\/wp\/v2\/product_tag?post=21372"}],"curies":[{"name":"wp","href":"https:\/\/api.w.org\/{rel}","templated":true}]}}