{"id":21371,"date":"2026-02-14T15:25:47","date_gmt":"2026-02-14T13:25:47","guid":{"rendered":"https:\/\/zbranebudai.sk\/?post_type=product&#038;p=21371"},"modified":"2026-04-29T12:09:20","modified_gmt":"2026-04-29T10:09:20","slug":"pard-pantera-ex-640-lrf-hokameras-celpontkereso","status":"publish","type":"product","link":"https:\/\/zbranebudai.sk\/hu\/product\/pard-pantera-ex-640-lrf-termovizny-zameriavac\/","title":{"rendered":"Pard Pantera EX 640 LRF h\u0151kamer\u00e1s c\u00e9lt\u00e1vcs\u0151"},"content":{"rendered":"<p><strong>H\u0151kamer\u00e1s <\/strong>pu<strong>\u0161koh<\/strong>j\u00e9g <strong>Pard PANTERA EX 640<\/strong><\/p>\n<p data-start=\"38\" data-end=\"421\"><strong data-start=\"38\" data-end=\"421\">Bemutatjuk a PARD Pantera eX 640-et \u2013 a term\u00e1l c\u00e9lt\u00e1vcs\u00f6vek technol\u00f3giai innov\u00e1ci\u00f3j\u00e1nak cs\u00facs\u00e1t, amelyet a legig\u00e9nyesebb vad\u00e1szok \u00e9s szakemberek sz\u00e1m\u00e1ra terveztek, akik kompromisszumok n\u00e9lk\u00fcli tisztas\u00e1got, pontoss\u00e1got \u00e9s megb\u00edzhat\u00f3s\u00e1got k\u00f6vetelnek minden k\u00f6r\u00fclm\u00e9nyek k\u00f6z\u00f6tt. A Pantera eX 640 egy igazi z\u00e1szl\u00f3shaj\u00f3, amely teljesen \u00faj szintre emeli a k\u00e9palkot\u00e1st.<\/strong><\/p>\n<p data-start=\"423\" data-end=\"1048\"><strong data-start=\"423\" data-end=\"462\">P\u00e1ratlan k\u00e9pmin\u0151s\u00e9g \u00e9s \u00e9rz\u00e9kenys\u00e9g:<\/strong><br data-start=\"462\" data-end=\"465\" \/>A Pantera eX 640 sz\u00edve egy rendk\u00edv\u00fcl \u00e9rz\u00e9keny, 640 \u00d7 512 pixeles felbont\u00e1s\u00fa \u00e9s 12 \u00b5m-es k\u00e9ppont-t\u00e1vols\u00e1g\u00fa h\u0151k\u00e9palkot\u00f3 \u00e9rz\u00e9kel\u0151. Az a kulcsfontoss\u00e1g\u00fa param\u00e9ter, amely megk\u00fcl\u00f6nb\u00f6zteti a versenyt\u00e1rsakt\u00f3l, a kiv\u00e9teles NETD \u226414 mK (0,014 \u00b0C). Ez az extr\u00e9m alacsony h\u0151m\u00e9rs\u00e9kleti \u00e9rz\u00e9kenys\u00e9g azt jelenti, hogy a t\u00e1vcs\u0151 m\u00e9g a legkisebb h\u0151m\u00e9rs\u00e9kletk\u00fcl\u00f6nbs\u00e9geket is k\u00e9pes \u00e9rz\u00e9kelni, \u00e9s hihetetlen\u00fcl r\u00e9szletes \u00e9s tiszta h\u0151k\u00e9palkot\u00e1st biztos\u00edt m\u00e9g a legnehezebb k\u00f6r\u00fclm\u00e9nyek k\u00f6z\u00f6tt is, mint p\u00e9ld\u00e1ul s\u0171r\u0171 k\u00f6d, es\u0151 vagy h\u00f3. Az 50 Hz-es k\u00e9pfriss\u00edt\u00e9si frekvenci\u00e1nak k\u00f6sz\u00f6nhet\u0151en a gyorsan mozg\u00f3 c\u00e9lok is \u00e9lesek maradnak.<\/p>\n<p data-start=\"1050\" data-end=\"1414\"><strong data-start=\"1050\" data-end=\"1076\">Forradalmi k\u00f6rk\u00f6r\u00f6s kijelz\u0151:<\/strong><br data-start=\"1076\" data-end=\"1079\" \/>A Pantera eX 640 vadonat\u00faj vizu\u00e1lis \u00e9lm\u00e9nyt k\u00edn\u00e1l az ultra-\u00e9les, 2560 \u00d7 2560 px felbont\u00e1s\u00fa, k\u00f6r alak\u00fa OLED kijelz\u0151nek k\u00f6sz\u00f6nhet\u0151en. Ez az innovat\u00edv kijelz\u0151 sokkal sz\u00e9lesebb, mag\u00e1val ragad\u00f3 l\u00e1t\u00f3mez\u0151t biztos\u00edt, kik\u00fcsz\u00f6b\u00f6li az alag\u00fatl\u00e1t\u00e1st, \u00e9s kiv\u00e9teles tisztas\u00e1got \u00e9s kontrasztot ny\u00fajt a maxim\u00e1lis k\u00e9nyelem \u00e9s a c\u00e9lz\u00e1s pontoss\u00e1ga \u00e9rdek\u00e9ben.<\/p>\n<p data-start=\"1416\" data-end=\"2193\"><strong data-start=\"1416\" data-end=\"1463\">Optimaliz\u00e1lt vez\u00e9rl\u00e9s \u00e9s robusztus konstrukci\u00f3:<\/strong><br data-start=\"1463\" data-end=\"1466\" \/>A Pantera eX 640 kivitelez\u00e9se teljes m\u00e9rt\u00e9kben a felhaszn\u00e1l\u00f3 ig\u00e9nyeire \u00f6sszpontos\u00edt. A hat\u00e9kony oldals\u00f3 \u00e9less\u00e9g\u00e1ll\u00edt\u00e1s lehet\u0151v\u00e9 teszi a gyors be\u00e1ll\u00edt\u00e1st minim\u00e1lis helyzetv\u00e1ltoztat\u00e1ssal, m\u00edg a nagyobb, homor\u00fa gombok k\u00e9nyelmes kezel\u00e9st biztos\u00edtanak keszty\u0171ben is, \u00e9s cs\u00f6kkentik a v\u00e9letlen lenyom\u00e1s es\u00e9ly\u00e9t. A m\u00e1gneses objekt\u00edvv\u00e9d\u0151 csendes \u00e9s egyszer\u0171 haszn\u00e1latot tesz lehet\u0151v\u00e9, minimaliz\u00e1lva az \u00e1llatok zavar\u00e1s\u00e1t. A t\u00e1vcs\u0151 teste k\u00f6nny\u0171, de nagy ellen\u00e1ll\u00f3k\u00e9pess\u00e9g\u0171 alum\u00ednium\u00f6tv\u00f6zetb\u0151l k\u00e9sz\u00fclt, amely kiv\u00e1l\u00f3 karc- \u00e9s kop\u00e1s\u00e1ll\u00f3s\u00e1got biztos\u00edt. Az objekt\u00edvv\u00e9d\u0151 k\u00f6nny\u0171, de nagy ellen\u00e1ll\u00f3k\u00e9pess\u00e9g\u0171 alum\u00ednium\u00f6tv\u00f6zetb\u0151l k\u00e9sz\u00fclt, amely kiv\u00e1l\u00f3 karc- \u00e9s kop\u00e1s\u00e1ll\u00f3s\u00e1got biztos\u00edt.<\/p>\n<p data-start=\"2195\" data-end=\"2712\"><strong data-start=\"2195\" data-end=\"2241\">Meghosszabb\u00edtott \u00fczemid\u0151 \u00e9s intelligens funkci\u00f3k:<\/strong><br data-start=\"2241\" data-end=\"2244\" \/>Innovat\u00edv kett\u0151s akkumul\u00e1torrendszer \u2013 egy be\u00e9p\u00edtett 21700-as \u00e9s egy cser\u00e9lhet\u0151 18650-es akkumul\u00e1tor \u2013 ak\u00e1r 14 \u00f3ra folyamatos m\u0171k\u00f6d\u00e9st is biztos\u00edt. A t\u00e1vcs\u0151 6 k\u00e9palkot\u00e1si m\u00f3dot (bele\u00e9rtve a WT-HOT, BK-HOT \u00e9s EDGE m\u00f3dokat), valamint 3 jelenet m\u00f3dot (V\u00e1ros, Es\u0151, Erd\u0151) k\u00edn\u00e1l a maxim\u00e1lis testreszabhat\u00f3s\u00e1g \u00e9rdek\u00e9ben. Tov\u00e1bbi funkci\u00f3k k\u00f6z\u00e9 tartozik a visszar\u00fag\u00e1s \u00e1ltal kiv\u00e1ltott felv\u00e9tel, a k\u00fcls\u0151 keres\u0151h\u00f6z val\u00f3 Wi-Fi csatlakoz\u00e1s, valamint a Micro SD k\u00e1rty\u00e1n kereszt\u00fcli firmware-friss\u00edt\u00e9sek.<\/p>\n<p data-start=\"2714\" data-end=\"2934\"><strong data-start=\"2714\" data-end=\"2934\">A PARD Pantera eX 640 a technikai t\u00f6k\u00e9letess\u00e9g szimb\u00f3luma, \u00e9s a legjobb v\u00e1laszt\u00e1s azok sz\u00e1m\u00e1ra, akik a legmagasabb szint\u0171 teljes\u00edtm\u00e9nyt, megb\u00edzhat\u00f3s\u00e1got \u00e9s felhaszn\u00e1l\u00f3i k\u00e9nyelmet keresik a h\u0151kamer\u00e1s t\u00e1vcs\u00f6vek ter\u00e9n.<\/strong><\/p>\n<table dir=\"ltr\" border=\"1\" cellspacing=\"0\" cellpadding=\"0\" data-sheets-root=\"1\" data-sheets-baot=\"1\">\n<colgroup>\n<col width=\"100\" \/>\n<col width=\"100\" \/>\n<col width=\"100\" \/><\/colgroup>\n<tbody>\n<tr>\n<td>Param\u00e9terek<\/td>\n<td>\u00c9rt\u00e9k<\/td>\n<td>Comment<\/td>\n<\/tr>\n<tr>\n<td>Modell<\/td>\n<td>Pantera eX 640<\/td>\n<td>Z\u00e1szl\u00f3shaj\u00f3<\/td>\n<\/tr>\n<tr>\n<td>\u00c9rz\u00e9kel\u0151 t\u00edpusa<\/td>\n<td>F\u0171tetlen VOx IR \u00e9rz\u00e9kel\u0151<\/td>\n<td>H\u0151<\/td>\n<\/tr>\n<tr>\n<td>\u00c9rz\u00e9kel\u0151 felbont\u00e1sa (pixel)<\/td>\n<td>640 \u00d7 512<\/td>\n<td><\/td>\n<\/tr>\n<tr>\n<td>Pixel m\u00e9ret (\u00b5m)<\/td>\n<td>12 \u00d7 12<\/td>\n<td><\/td>\n<\/tr>\n<tr>\n<td>NETD<\/td>\n<td>\u226414 mK (0,014 \u00b0C)<\/td>\n<td>\n<div>\n<div>Ultrav\u00edzszintes h\u0151t\u0171r\u00e9s<\/div>\n<\/div>\n<\/td>\n<\/tr>\n<tr>\n<td>Friss\u00edt\u00e9si sebess\u00e9g (Hz)<\/td>\n<td>50<\/td>\n<td>Nagyobb k\u00e9p<\/td>\n<\/tr>\n<tr>\n<td>\u00c9rz\u00e9kel\u00e9si t\u00e1vols\u00e1g (m)<\/td>\n<td>2600 (szem\u00e9ly)<\/td>\n<td><\/td>\n<\/tr>\n<tr>\n<td>Objekt\u00edv (mm)<\/td>\n<td>50<\/td>\n<td><\/td>\n<\/tr>\n<tr>\n<td>Optikai nagy\u00edt\u00e1s (x)<\/td>\n<td>3,7<\/td>\n<td><\/td>\n<\/tr>\n<tr>\n<td>Digit\u00e1lis zoom (x)<\/td>\n<td>2 \/ 4 \/ 6 \/ 8<\/td>\n<td><\/td>\n<\/tr>\n<tr>\n<td>Zorn\u00e9 mez\u0151 (J\/B)<\/td>\n<td>7\u00b0 \/ 7\u00b0<\/td>\n<td><\/td>\n<\/tr>\n<tr>\n<td>L\u00e1t\u00f3mez\u0151 (\u00e1tl\u00f3s)<\/td>\n<td>11,2<\/td>\n<td><\/td>\n<\/tr>\n<tr>\n<td>Zorn\u00e9 mez\u0151 (m 100 m F\/V)<\/td>\n<td>\n<div>\n<div>12,3 m 100 m-en<\/div>\n<\/div>\n<\/td>\n<td><\/td>\n<\/tr>\n<tr>\n<td>Szemt\u00e1vols\u00e1g (mm)<\/td>\n<td>60<\/td>\n<td><\/td>\n<\/tr>\n<tr>\n<td>Dioptri\u00e1s korrekci\u00f3 (D)<\/td>\n<td>-5 ~ +3<\/td>\n<td><\/td>\n<\/tr>\n<tr>\n<td>Megjelen\u00edt\u00e9s t\u00edpusa<\/td>\n<td>OLED<\/td>\n<td><\/td>\n<\/tr>\n<tr>\n<td>Kijelz\u0151 felbont\u00e1sa (pixel)<\/td>\n<td>2560 \u00d7 2560<\/td>\n<td>\n<div>\n<div>Extra f\u00e9nyes k\u00f6r alak\u00fa kijelz\u0151<\/div>\n<\/div>\n<\/td>\n<\/tr>\n<tr>\n<td>T\u00e1rhely<\/td>\n<td>\n<div>\n<div>Micro SD k\u00e1rtya (max. 128 GB)<\/div>\n<\/div>\n<\/td>\n<td><\/td>\n<\/tr>\n<tr>\n<td>K\u00e9phaszn\u00e1lat<\/td>\n<td>Pard IREA<\/td>\n<td><\/td>\n<\/tr>\n<tr>\n<td>Akkumul\u00e1tor t\u00edpusa<\/td>\n<td>Dupla: be\u00e9p\u00edtett 21700 + cser\u00e9lhet\u0151 18650<\/td>\n<td>\n<div>\n<div>Meghosszabb\u00edtott nyitvatart\u00e1s<\/div>\n<\/div>\n<\/td>\n<\/tr>\n<tr>\n<td>Maxim\u00e1lis \u00fczemid\u0151 (\u00f3ra)<\/td>\n<td>\u226414<\/td>\n<td>\n<div>\n<div>Molek oboma bat\u00e9riami<\/div>\n<\/div>\n<\/td>\n<\/tr>\n<tr>\n<td>V\u00e9delmi fokozat<\/td>\n<td>IP67<\/td>\n<td>V\u00edzhatlan<\/td>\n<\/tr>\n<tr>\n<td>\u00dczemi h\u0151m\u00e9rs\u00e9klet (\u00b0C\/\u00b0F)<\/td>\n<td>\n<div>\n<div>-30 ~ +55 \/ -22 ~ +131<\/div>\n<\/div>\n<\/td>\n<td><\/td>\n<\/tr>\n<tr>\n<td>Visszar\u00fag\u00e1ssal szembeni ellen\u00e1ll\u00e1s (J)<\/td>\n<td>6000<\/td>\n<td><\/td>\n<\/tr>\n<tr>\n<td>A h\u00e1z anyaga<\/td>\n<td>Alum\u00ednium \u00f6tv\u00f6zet<\/td>\n<td>\n<div>\n<div>K\u00f6nny\u0171 \u00e9s tart\u00f3s<\/div>\n<\/div>\n<\/td>\n<\/tr>\n<tr>\n<td>Lencse anyaga<\/td>\n<td>\n<div>\n<div>Teljesen \u00fcveg lencs\u00e9k t\u00f6bbr\u00e9teg\u0171 bevonattal<\/div>\n<\/div>\n<\/td>\n<td><\/td>\n<\/tr>\n<tr>\n<td>M\u00e9retek (M \u00d7 Sz \u00d7 H, mm)<\/td>\n<td>370 \u00d7 88 \u00d7 72<\/td>\n<td><\/td>\n<\/tr>\n<tr>\n<td>Nett\u00f3 t\u00f6meg (akkumul\u00e1torral, g)<\/td>\n<td>1087<\/td>\n<td><\/td>\n<\/tr>\n<tr>\n<td>Jellemz\u0151k<\/td>\n<td>\n<div>\n<div>6 k\u00e9pfelv\u00e9teli m\u00f3d, 3 jelenet m\u00f3d, r\u00fag\u00e1s aktiv\u00e1lta r\u00f6gz\u00edt\u00e9s, Wi-Fi, oldals\u00f3 f\u00f3kusz\u00e1l\u00e1s, nagyobb gombok, m\u00e1gneses lencsev\u00e9d\u0151<\/div>\n<\/div>\n<\/td>\n<td><\/td>\n<\/tr>\n<\/tbody>\n<\/table>\n<p>A m\u00e1rka hivatalos honlapja: <a href=\"https:\/\/pard.com\/product\/thermal-imaging-scope-pantera-ex-640\">https:\/\/pard.com\/product\/thermal-imaging-scope-pantera-ex-640<\/a><\/p>","protected":false},"excerpt":{"rendered":"<p><strong data-start=\"33\" data-end=\"97\">PARD Pantera eX 640: H\u0151kamer\u00e1s c\u00e9lt\u00e1vcs\u00f6vek z\u00e1szl\u00f3shaj\u00f3ja.<\/strong><br data-start=\"97\" data-end=\"100\" \/>Fedezze fel a technol\u00f3gia abszol\u00fat cs\u00facs\u00e1t a PARD Pantera eX 640-gyel! K\u00f6sz\u00f6nhet\u0151en<br data-start=\"168\" data-end=\"171\" data-is-only-node=\"\" \/>A \u226414 mK-os p\u00e1ratlan \u00e9rz\u00e9kenys\u00e9gnek \u00e9s a forradalmi, 2560 \u00d7 2560 felbont\u00e1s\u00fa k\u00f6r alak\u00fa OLED kijelz\u0151nek k\u00f6sz\u00f6nhet\u0151en olyan r\u00e9szleteket l\u00e1that, amelyek kor\u00e1bban l\u00e1thatatlanok voltak.<br data-start=\"352\" data-end=\"355\" \/>Az alum\u00ednium\u00f6tv\u00f6zetb\u0151l k\u00e9sz\u00fclt massz\u00edv h\u00e1z, az intuit\u00edv felhaszn\u00e1l\u00f3i fel\u00fclet \u00e9s a meghosszabb\u00edtott \u00fczemid\u0151 k\u00e9t akkumul\u00e1tornak k\u00f6sz\u00f6nhet\u0151en (1 be\u00e9p\u00edtett \u00e9s 1 cser\u00e9lhet\u0151) teszi a Pantera eX 640-et igaz\u00e1n kiv\u00e9teles term\u00e9kk\u00e9.<br data-start=\"582\" data-end=\"585\" \/>Kompromisszumok n\u00e9lk\u00fcli teljes\u00edtm\u00e9ny a kompromisszumok n\u00e9lk\u00fcli eredm\u00e9nyek\u00e9rt.<\/p>","protected":false},"featured_media":21435,"template":"","meta":{"_gspb_post_css":""},"product_brand":[],"product_cat":[2753,2313],"product_tag":[292,229,324,2315],"class_list":{"0":"post-21371","1":"product","2":"type-product","3":"status-publish","4":"has-post-thumbnail","6":"product_cat-puskohlady","7":"product_cat-termovizna-kamera","8":"product_tag-pantera","9":"product_tag-pard","10":"product_tag-puskohlad","11":"product_tag-termovizna-kamera","13":"first","14":"instock","15":"sale","16":"taxable","17":"shipping-taxable","18":"purchasable","19":"product-type-simple"},"ct_brands":[],"_links":{"self":[{"href":"https:\/\/zbranebudai.sk\/hu\/wp-json\/wp\/v2\/product\/21371","targetHints":{"allow":["GET"]}}],"collection":[{"href":"https:\/\/zbranebudai.sk\/hu\/wp-json\/wp\/v2\/product"}],"about":[{"href":"https:\/\/zbranebudai.sk\/hu\/wp-json\/wp\/v2\/types\/product"}],"wp:featuredmedia":[{"embeddable":true,"href":"https:\/\/zbranebudai.sk\/hu\/wp-json\/wp\/v2\/media\/21435"}],"wp:attachment":[{"href":"https:\/\/zbranebudai.sk\/hu\/wp-json\/wp\/v2\/media?parent=21371"}],"wp:term":[{"taxonomy":"product_brand","embeddable":true,"href":"https:\/\/zbranebudai.sk\/hu\/wp-json\/wp\/v2\/product_brand?post=21371"},{"taxonomy":"product_cat","embeddable":true,"href":"https:\/\/zbranebudai.sk\/hu\/wp-json\/wp\/v2\/product_cat?post=21371"},{"taxonomy":"product_tag","embeddable":true,"href":"https:\/\/zbranebudai.sk\/hu\/wp-json\/wp\/v2\/product_tag?post=21371"}],"curies":[{"name":"wp","href":"https:\/\/api.w.org\/{rel}","templated":true}]}}