{"id":21370,"date":"2026-02-14T15:25:47","date_gmt":"2026-02-14T13:25:47","guid":{"rendered":"https:\/\/zbranebudai.sk\/?post_type=product&#038;p=21370"},"modified":"2026-04-29T12:11:26","modified_gmt":"2026-04-29T10:11:26","slug":"pard-pantera-q-256-hokameras-tavcso","status":"publish","type":"product","link":"https:\/\/zbranebudai.sk\/hu\/product\/pard-pantera-q-256-termovizny-zameriavac\/","title":{"rendered":"Pard PANTERA Q 256 h\u0151kamera c\u00e9lt\u00e1vcs\u0151"},"content":{"rendered":"<p><strong>Pard PANTERA Q 256 h\u0151kamer\u00e1s t\u00e1vcs\u0151<\/strong> Ez a t\u00e1vcs\u0151 egy nagy \u00e9rz\u00e9kenys\u00e9g\u0171, 256\u00d7192 felbont\u00e1s\u00fa VOx \u00e9rz\u00e9kel\u0151vel van felszerelve, \u226425 mK NETD \u00e9rt\u00e9kkel, amely \u00e9les \u00e9s r\u00e9szletgazdag term\u00e1lk\u00e9pet biztos\u00edt m\u00e9g rossz l\u00e1t\u00e1si viszonyok mellett is. A 25 mm-es objekt\u00edvnek, az alacsony optikai nagy\u00edt\u00e1snak \u00e9s a ak\u00e1r 8-szoros digit\u00e1lis zoomnak k\u00f6sz\u00f6nhet\u0151en k\u00f6nnyed\u00e9n azonos\u00edthatja a vadat r\u00f6vid \u00e9s k\u00f6zepes t\u00e1vols\u00e1gon, ak\u00e1r 1200 m\u00e9teres \u00e9rz\u00e9kel\u00e9si t\u00e1vols\u00e1ggal.<\/p>\n<p>Intuit\u00edv kezel\u00e9s, t\u00f6bbf\u00e9le megjelen\u00edt\u00e9si m\u00f3d \u00e9s robusztus, IP67-es v\u00e9detts\u00e9g\u0171 kialak\u00edt\u00e1s biztos\u00edtja a k\u00f6nny\u0171 haszn\u00e1latot \u00e9s a tart\u00f3ss\u00e1got a neh\u00e9z terepen. A praktikus funkci\u00f3k k\u00f6z\u00e9 tartozik a PIP (k\u00e9p a k\u00e9pben), a Hot Track a legmelegebb pont k\u00f6vet\u00e9s\u00e9hez, giroszk\u00f3p, els\u00fct\u00e9skor aktiv\u00e1l\u00f3d\u00f3 felv\u00e9tel \u00e9s elektronikus ir\u00e1nyt\u0171.<\/p>\n<p>A Pard Pantera Q 256 (25 mm) kiv\u00e1l\u00f3 v\u00e1laszt\u00e1s azok sz\u00e1m\u00e1ra, akik hat\u00e9konyan szeretn\u00e9k \u00e1tvizsg\u00e1lni a terepet, megb\u00edzhat\u00f3an azonos\u00edtani \u00e9s nyomon k\u00f6vetni a vadat gyenge l\u00e1t\u00e1si viszonyok k\u00f6z\u00f6tt, mindezt megfizethet\u0151 \u00e9s kompakt eszk\u00f6zben.<\/p>\n<p>Kulcsfontoss\u00e1g\u00fa jellemz\u0151k:<\/p>\n<ul>\n<li>Kompakt \u00e9s k\u00f6nny\u0171 kialak\u00edt\u00e1s<\/li>\n<li>256x192-es VOx \u00e9rz\u00e9kel\u0151 NETD \u226425 mK<\/li>\n<li>25 mm-es objekt\u00edv<\/li>\n<li>Digit\u00e1lis zoom ak\u00e1r 8x-ig<\/li>\n<li>\u00c9rz\u00e9kel\u00e9si t\u00e1vols\u00e1g 1200 m\u00e9terig<\/li>\n<li>1024\u00d7768 felbont\u00e1s, nagy kontraszt\u00fa OLED kijelz\u0151<\/li>\n<li>Intuit\u00edv kezel\u00e9s \u00e9s t\u00f6bb megjelen\u00edt\u00e9si m\u00f3d<\/li>\n<li>Robusztus fel\u00e9p\u00edt\u00e9s IP67 v\u00e9detts\u00e9ggel<\/li>\n<li>Funkci\u00f3k: PIP, Hot Track, giroszk\u00f3p, expoz\u00edci\u00f3vez\u00e9rl\u00e9s\u0171 felv\u00e9tel, elektronikus ir\u00e1nyt\u0171<\/li>\n<li>Egy 18650-es akkumul\u00e1tor t\u00e1pl\u00e1lja<\/li>\n<\/ul>\n<p>Ide\u00e1lis:<\/p>\n<ul>\n<li>Szakaszokra \u00e9s k\u00f6zepes t\u00e1vokra<\/li>\n<li>A vad\u00e1llatok megfigyel\u00e9s\u00e9re rossz l\u00e1t\u00e1si viszonyok mellett<\/li>\n<li>Terepszeml\u00e9re<\/li>\n<li>Az \u00e9jszakai keres\u00e9shez - a s\u00faly-teljes\u00edtm\u00e9ny ar\u00e1ny egyszer\u0171en p\u00e1ratlan<\/li>\n<\/ul>\n<table dir=\"ltr\" style=\"width: 816px\" border=\"1\" cellspacing=\"0\" cellpadding=\"0\" data-sheets-root=\"1\" data-sheets-baot=\"1\">\n<colgroup>\n<col width=\"100\" \/>\n<col width=\"100\" \/><\/colgroup>\n<tbody>\n<tr>\n<td style=\"width: 459.74px\">\u00c9rz\u00e9kel\u0151<\/td>\n<td style=\"width: 352.42px\"><\/td>\n<\/tr>\n<tr>\n<td style=\"width: 459.74px\">T\u00edpus<\/td>\n<td style=\"width: 352.42px\">\n<div>\n<div>F\u0171tetlen VOx (van\u00e1dium-oxid)<\/div>\n<\/div>\n<\/td>\n<\/tr>\n<tr>\n<td style=\"width: 459.74px\">Felbont\u00e1s (pixelek)<\/td>\n<td style=\"width: 352.42px\">256 \u00d7 192<\/td>\n<\/tr>\n<tr>\n<td style=\"width: 459.74px\">Pixel m\u00e9ret (\u00b5m)<\/td>\n<td style=\"width: 352.42px\">12 \u00d7 12<\/td>\n<\/tr>\n<tr>\n<td style=\"width: 459.74px\">NETD (mK)<\/td>\n<td style=\"width: 352.42px\">\n<div>\n<div>\u226425 mK (0,025 \u00b0C)<\/div>\n<\/div>\n<\/td>\n<\/tr>\n<tr>\n<td style=\"width: 459.74px\">K\u00e9pfriss\u00edt\u00e9si frekvencia (Hz)<\/td>\n<td style=\"width: 352.42px\">50<\/td>\n<\/tr>\n<tr>\n<td style=\"width: 459.74px\">\u00c9rz\u00e9kel\u00e9si t\u00e1vols\u00e1g (m)<\/td>\n<td style=\"width: 352.42px\">1200<\/td>\n<\/tr>\n<tr>\n<td style=\"width: 459.74px\">C\u00e9l<\/td>\n<td style=\"width: 352.42px\"><\/td>\n<\/tr>\n<tr>\n<td style=\"width: 459.74px\">Objekt\u00edv (ohniskov\u00e1 vzdialenos\u0165 \/ mm)<\/td>\n<td style=\"width: 352.42px\">25<\/td>\n<\/tr>\n<tr>\n<td style=\"width: 459.74px\">Optikai nagy\u00edt\u00e1s (x)<\/td>\n<td style=\"width: 352.42px\">3,6<\/td>\n<\/tr>\n<tr>\n<td style=\"width: 459.74px\">Digit\u00e1lis zoom (x)<\/td>\n<td style=\"width: 352.42px\">2 \/ 4 \/ 6 \/ 8<\/td>\n<\/tr>\n<tr>\n<td style=\"width: 459.74px\">Zorn\u00e9 pole (\u00b0) \u2013 horizont\u00e1lne<\/td>\n<td style=\"width: 352.42px\">7<\/td>\n<\/tr>\n<tr>\n<td style=\"width: 459.74px\">Zorn\u00e9 pole (\u00b0) \u2013 vertik\u00e1lne<\/td>\n<td style=\"width: 352.42px\">5,3<\/td>\n<\/tr>\n<tr>\n<td style=\"width: 459.74px\">Zorn\u00e9 pole (\u00b0) \u2013 diagon\u00e1le<\/td>\n<td style=\"width: 352.42px\">8,8<\/td>\n<\/tr>\n<tr>\n<td style=\"width: 459.74px\">Zorn\u00e9 pole (na 100 m) \u2013 horizont\u00e1lne<\/td>\n<td style=\"width: 352.42px\">12,3<\/td>\n<\/tr>\n<tr>\n<td style=\"width: 459.74px\">Zorn\u00e9 pole (100 m-en) \u2013 f\u00fcgg\u0151leges<\/td>\n<td style=\"width: 352.42px\">9,2<\/td>\n<\/tr>\n<tr>\n<td style=\"width: 459.74px\">F\u00f3kusz\u00e1l\u00e1si t\u00e1vols\u00e1g<\/td>\n<td style=\"width: 352.42px\">5 m\u00e9ter \u2013 v\u00e9gtelen<\/td>\n<\/tr>\n<tr>\n<td style=\"width: 459.74px\">T\u00e1vols\u00e1g a szemlencs\u00e9t\u0151l (mm)<\/td>\n<td style=\"width: 352.42px\">50<\/td>\n<\/tr>\n<tr>\n<td style=\"width: 459.74px\">Dioptri\u00e1s korrekci\u00f3 (D)<\/td>\n<td style=\"width: 352.42px\">-5-t\u0151l +5-ig<\/td>\n<\/tr>\n<tr>\n<td style=\"width: 459.74px\">Kijelz\u0151<\/td>\n<td style=\"width: 352.42px\"><\/td>\n<\/tr>\n<tr>\n<td style=\"width: 459.74px\">T\u00edpus<\/td>\n<td style=\"width: 352.42px\">OLED<\/td>\n<\/tr>\n<tr>\n<td style=\"width: 459.74px\">Felbont\u00e1s (pixelek)<\/td>\n<td style=\"width: 352.42px\">1024 \u00d7 768<\/td>\n<\/tr>\n<tr>\n<td style=\"width: 459.74px\">Keresztszemes \u00f6lt\u00e9stechnikai st\u00edlusok<\/td>\n<td style=\"width: 352.42px\">5<\/td>\n<\/tr>\n<tr>\n<td style=\"width: 459.74px\">Keresztszemes fonalak<\/td>\n<td style=\"width: 352.42px\">\n<div>\n<div>Piros \/ feh\u00e9r \/ s\u00e1rga \/ z\u00f6ld<\/div>\n<\/div>\n<\/td>\n<\/tr>\n<tr>\n<td style=\"width: 459.74px\">M\u0171k\u00f6d\u00e9si m\u00f3dok (jelenetek)<\/td>\n<td style=\"width: 352.42px\">\n<div>\n<div>V\u00e1ros \/ Es\u0151 \/ Erd\u0151<\/div>\n<\/div>\n<\/td>\n<\/tr>\n<tr>\n<td style=\"width: 459.74px\">Sz\u00edn \u00fczemm\u00f3dok<\/td>\n<td style=\"width: 352.42px\">\n<div>\n<div>WT-HOT \/ BK-HOT \/ RD-HOT \/ IN-HOT \/ \u00e9gbolt<\/div>\n<\/div>\n<\/td>\n<\/tr>\n<tr>\n<td style=\"width: 459.74px\">Fot\u00f3 \/ vide\u00f3<\/td>\n<td style=\"width: 352.42px\"><\/td>\n<\/tr>\n<tr>\n<td style=\"width: 459.74px\">F\u00e9nyk\u00e9p felbont\u00e1sa (k\u00e9ppont)<\/td>\n<td style=\"width: 352.42px\">1024 \u00d7 768<\/td>\n<\/tr>\n<tr>\n<td style=\"width: 459.74px\">F\u00e9nyk\u00e9p form\u00e1tum<\/td>\n<td style=\"width: 352.42px\">.JPG<\/td>\n<\/tr>\n<tr>\n<td style=\"width: 459.74px\">Vide\u00f3 felbont\u00e1sa (pixelek)<\/td>\n<td style=\"width: 352.42px\">1024 \u00d7 768<\/td>\n<\/tr>\n<tr>\n<td style=\"width: 459.74px\">Vide\u00f3 form\u00e1tum<\/td>\n<td style=\"width: 352.42px\">.MP4<\/td>\n<\/tr>\n<tr>\n<td style=\"width: 459.74px\">T\u00e1rhely (GB)<\/td>\n<td style=\"width: 352.42px\">\n<div>\n<div>Be\u00e9p\u00edtett EMMC (32 GB)<\/div>\n<\/div>\n<\/td>\n<\/tr>\n<tr>\n<td style=\"width: 459.74px\">K\u00e9pfeldolgoz\u00f3<\/td>\n<td style=\"width: 352.42px\">Pard IREA<\/td>\n<\/tr>\n<tr>\n<td style=\"width: 459.74px\">F\u0151 jellemz\u0151k<\/td>\n<td style=\"width: 352.42px\"><\/td>\n<\/tr>\n<tr>\n<td style=\"width: 459.74px\">LRF (t\u00e1vols\u00e1gm\u00e9r\u0151)<\/td>\n<td style=\"width: 352.42px\">Nem<\/td>\n<\/tr>\n<tr>\n<td style=\"width: 459.74px\">Ballisztikus kalkul\u00e1tor<\/td>\n<td style=\"width: 352.42px\">Nem<\/td>\n<\/tr>\n<tr>\n<td style=\"width: 459.74px\">PIP (K\u00e9p a k\u00e9pben)<\/td>\n<td style=\"width: 352.42px\">Igen<\/td>\n<\/tr>\n<tr>\n<td style=\"width: 459.74px\">N\u00e9pszer\u0171 dal<\/td>\n<td style=\"width: 352.42px\">Igen<\/td>\n<\/tr>\n<tr>\n<td style=\"width: 459.74px\">Gyroszk\u00f3p<\/td>\n<td style=\"width: 352.42px\">Igen<\/td>\n<\/tr>\n<tr>\n<td style=\"width: 459.74px\">R\u00f6gz\u00edt\u00e9s \u00fctk\u00f6z\u00e9s eset\u00e9n<\/td>\n<td style=\"width: 352.42px\">Igen<\/td>\n<\/tr>\n<tr>\n<td style=\"width: 459.74px\">Ciklikus felv\u00e9tel<\/td>\n<td style=\"width: 352.42px\">Igen<\/td>\n<\/tr>\n<tr>\n<td style=\"width: 459.74px\">Elektronikus ir\u00e1nyt\u0171<\/td>\n<td style=\"width: 352.42px\">Igen<\/td>\n<\/tr>\n<tr>\n<td style=\"width: 459.74px\">Z\u00e1r<\/td>\n<td style=\"width: 352.42px\">Mechanikus z\u00e1r<\/td>\n<\/tr>\n<tr>\n<td style=\"width: 459.74px\">Firmware friss\u00edt\u00e9s<\/td>\n<td style=\"width: 352.42px\">Igen<\/td>\n<\/tr>\n<tr>\n<td style=\"width: 459.74px\">\n<div>\n<div>Csatlakoz\u00e1s<\/div>\n<\/div>\n<\/td>\n<td style=\"width: 352.42px\"><\/td>\n<\/tr>\n<tr>\n<td style=\"width: 459.74px\">USB Type-C<\/td>\n<td style=\"width: 352.42px\">Igen<\/td>\n<\/tr>\n<tr>\n<td style=\"width: 459.74px\">HDMI kimenet<\/td>\n<td style=\"width: 352.42px\">Nem<\/td>\n<\/tr>\n<tr>\n<td style=\"width: 459.74px\">WiFi<\/td>\n<td style=\"width: 352.42px\">Igen<\/td>\n<\/tr>\n<tr>\n<td style=\"width: 459.74px\">T\u00e1mogatott alkalmaz\u00e1s<\/td>\n<td style=\"width: 352.42px\">PardVision2<\/td>\n<\/tr>\n<tr>\n<td style=\"width: 459.74px\">Teljes\u00edtm\u00e9ny<\/td>\n<td style=\"width: 352.42px\"><\/td>\n<\/tr>\n<tr>\n<td style=\"width: 459.74px\">Akkumul\u00e1tor t\u00edpusa<\/td>\n<td style=\"width: 352.42px\">\n<div>\n<div>L\u00edtium-ion 18650 \u00d7 1<\/div>\n<\/div>\n<\/td>\n<\/tr>\n<tr>\n<td style=\"width: 459.74px\">Kimeneti fesz\u00fclts\u00e9g (V)<\/td>\n<td style=\"width: 352.42px\">3,7<\/td>\n<\/tr>\n<tr>\n<td style=\"width: 459.74px\">M\u0171k\u00f6d\u00e9si id\u0151 (\u00f3r\u00e1k)<\/td>\n<td style=\"width: 352.42px\">\u22646<\/td>\n<\/tr>\n<tr>\n<td style=\"width: 459.74px\">K\u00fcls\u0151 t\u00e1pegys\u00e9g (V)<\/td>\n<td style=\"width: 352.42px\">C t\u00edpus<\/td>\n<\/tr>\n<tr>\n<td style=\"width: 459.74px\">\n<div>\n<div>K\u00f6rnyezeti hat\u00e1s<\/div>\n<\/div>\n<\/td>\n<td style=\"width: 352.42px\"><\/td>\n<\/tr>\n<tr>\n<td style=\"width: 459.74px\">A v\u00e9delem szintje<\/td>\n<td style=\"width: 352.42px\">IP67<\/td>\n<\/tr>\n<tr>\n<td style=\"width: 459.74px\">\u00dczemi h\u0151m\u00e9rs\u00e9klet (\u00b0C \/ \u00b0F)<\/td>\n<td style=\"width: 352.42px\">\n<div>\n<div>-30 ~ +55 \/ -22 ~ +131<\/div>\n<\/div>\n<\/td>\n<\/tr>\n<tr>\n<td style=\"width: 459.74px\">Visszar\u00fag\u00e1ssal szembeni ellen\u00e1ll\u00e1s (J)<\/td>\n<td style=\"width: 352.42px\">6000<\/td>\n<\/tr>\n<tr>\n<td style=\"width: 459.74px\">Anyag<\/td>\n<td style=\"width: 352.42px\"><\/td>\n<\/tr>\n<tr>\n<td style=\"width: 459.74px\">A h\u00e1z anyaga<\/td>\n<td style=\"width: 352.42px\">\n<div>\n<div>Alum\u00ednium \u00f6tv\u00f6zet<\/div>\n<\/div>\n<\/td>\n<\/tr>\n<tr>\n<td style=\"width: 459.74px\">Lencse anyaga<\/td>\n<td style=\"width: 352.42px\">\n<div>\n<div>Teljes \u00e9rt\u00e9k\u0171 \u00fcveglencs\u00e9k t\u00f6bbr\u00e9teg\u0171 t\u00fckr\u00f6z\u0151d\u00e9sg\u00e1tl\u00f3 bevonattal<\/div>\n<\/div>\n<\/td>\n<\/tr>\n<tr>\n<td style=\"width: 459.74px\">M\u00e9ret<\/td>\n<td style=\"width: 352.42px\"><\/td>\n<\/tr>\n<tr>\n<td style=\"width: 459.74px\">A k\u00e9sz\u00fcl\u00e9k m\u00e9retei (Ma \u00d7 Sz \u00d7 M\u00e9, mm)<\/td>\n<td style=\"width: 352.42px\">295 \u00d7 82 \u00d7 70<\/td>\n<\/tr>\n<tr>\n<td style=\"width: 459.74px\">Nett\u00f3 t\u00f6meg (akkumul\u00e1torral, g)<\/td>\n<td style=\"width: 352.42px\">492<\/td>\n<\/tr>\n<\/tbody>\n<\/table>\n<p>A m\u00e1rka hivatalos honlapja: <a href=\"https:\/\/pard.com\/product\/thermal-imaging-scope-pantera-256-Q\">https:\/\/pard.com\/product\/thermal-imaging-scope-pantera-256-Q<\/a><\/p>","protected":false},"excerpt":{"rendered":"<p data-start=\"38\" data-end=\"125\"><strong data-start=\"38\" data-end=\"123\">Pard Pantera Q 256 (25 mm) kompakt h\u0151k\u00e9palkot\u00f3 c\u00e9lt\u00e1vcs\u0151 a hat\u00e9kony vad\u00e1szathoz.<\/strong><\/p>\n<p data-start=\"127\" data-end=\"414\">Megb\u00edzhat\u00f3 h\u0151k\u00e9palkot\u00f3 c\u00e9lt\u00e1vcs\u00f6vet keres vonz\u00f3 \u00e1ron, a kulcsfontoss\u00e1g\u00fa funkci\u00f3k ter\u00e9n kompromisszumok n\u00e9lk\u00fcl? A <strong data-start=\"240\" data-end=\"270\">Pard Pantera Q 256 (25 mm)<\/strong> ide\u00e1lis v\u00e1laszt\u00e1s vad\u00e1szok \u00e9s sportl\u00f6v\u00e9szek sz\u00e1m\u00e1ra.<\/p>","protected":false},"featured_media":21431,"template":"","meta":{"_gspb_post_css":""},"product_brand":[],"product_cat":[2753,2313],"product_tag":[292,229,324,2315],"class_list":{"0":"post-21370","1":"product","2":"type-product","3":"status-publish","4":"has-post-thumbnail","6":"product_cat-puskohlady","7":"product_cat-termovizna-kamera","8":"product_tag-pantera","9":"product_tag-pard","10":"product_tag-puskohlad","11":"product_tag-termovizna-kamera","13":"first","14":"instock","15":"sale","16":"taxable","17":"shipping-taxable","18":"purchasable","19":"product-type-simple"},"ct_brands":[],"_links":{"self":[{"href":"https:\/\/zbranebudai.sk\/hu\/wp-json\/wp\/v2\/product\/21370","targetHints":{"allow":["GET"]}}],"collection":[{"href":"https:\/\/zbranebudai.sk\/hu\/wp-json\/wp\/v2\/product"}],"about":[{"href":"https:\/\/zbranebudai.sk\/hu\/wp-json\/wp\/v2\/types\/product"}],"wp:featuredmedia":[{"embeddable":true,"href":"https:\/\/zbranebudai.sk\/hu\/wp-json\/wp\/v2\/media\/21431"}],"wp:attachment":[{"href":"https:\/\/zbranebudai.sk\/hu\/wp-json\/wp\/v2\/media?parent=21370"}],"wp:term":[{"taxonomy":"product_brand","embeddable":true,"href":"https:\/\/zbranebudai.sk\/hu\/wp-json\/wp\/v2\/product_brand?post=21370"},{"taxonomy":"product_cat","embeddable":true,"href":"https:\/\/zbranebudai.sk\/hu\/wp-json\/wp\/v2\/product_cat?post=21370"},{"taxonomy":"product_tag","embeddable":true,"href":"https:\/\/zbranebudai.sk\/hu\/wp-json\/wp\/v2\/product_tag?post=21370"}],"curies":[{"name":"wp","href":"https:\/\/api.w.org\/{rel}","templated":true}]}}