{"id":21369,"date":"2026-02-14T15:25:47","date_gmt":"2026-02-14T13:25:47","guid":{"rendered":"https:\/\/zbranebudai.sk\/?post_type=product&#038;p=21369"},"modified":"2026-04-29T13:07:51","modified_gmt":"2026-04-29T11:07:51","slug":"pard-pantera-q-640-lrf-hokameras-celtavcso","status":"publish","type":"product","link":"https:\/\/zbranebudai.sk\/hu\/product\/pard-pantera-q-640-lrf-termovizny-zameriavac\/","title":{"rendered":"Pard PANTERA Q 640 LRF h\u0151kamer\u00e1s c\u00e9lt\u00e1vcs\u0151"},"content":{"rendered":"<p><strong>Pard PANTERA Q 640 LRF H\u0151kamer\u00e1s Puskat\u00e1vcs\u0151<\/strong> Bemutatkozik a PARD Pantera Q, egy cs\u00facskateg\u00f3ri\u00e1s h\u0151kamer\u00e1s c\u00e9lt\u00e1vcs\u0151, amely \u00fajradefini\u00e1lja a pontoss\u00e1g \u00e9s teljes\u00edtm\u00e9ny sztenderdjeit a vad\u00e1szok \u00e9s a szabadt\u00e9ri tev\u00e9kenys\u00e9gek szerelmesei sz\u00e1m\u00e1ra.<br \/>\nEz az eszk\u00f6z robusztus fel\u00e9p\u00edt\u00e9st \u00f6tv\u00f6z a legmodernebb h\u0151kamer\u00e1s technol\u00f3gi\u00e1val, hogy minden k\u00f6r\u00fclm\u00e9nyek k\u00f6z\u00f6tt p\u00e1ratlan l\u00e1that\u00f3s\u00e1got \u00e9s magabiztoss\u00e1got biztos\u00edtson.<br \/>\n<strong>Forradalmi min\u0151s\u00e9g<\/strong> k\u00e9pe<\/p>\n<p>A Pantera Q 640 sz\u00edve egy nagy \u00e9rz\u00e9kenys\u00e9g\u0171 h\u0151kamer\u00e1s \u00e9rz\u00e9kel\u0151 640 \u00d7 512 px felbont\u00e1ssal, 12 \u00b5m pixelt\u00e1vols\u00e1ggal \u00e9s NETD \u226418 mK (0,018 \u00b0C) \u00e9rt\u00e9kkel. Ez az extr\u00e9m alacsony NETD \u00e9rt\u00e9k lehet\u0151v\u00e9 teszi a legkisebb h\u0151m\u00e9rs\u00e9klet-k\u00fcl\u00f6nbs\u00e9gek \u00e9szlel\u00e9s\u00e9t is, ami extr\u00e9m r\u00e9szletes \u00e9s tiszta h\u0151kamer\u00e1s k\u00e9peket eredm\u00e9nyez m\u00e9g neh\u00e9z k\u00f6r\u00fclm\u00e9nyek k\u00f6z\u00f6tt is, mint p\u00e9ld\u00e1ul k\u00f6d, es\u0151 vagy h\u00f3. Az 50 Hz-es friss\u00edt\u00e9si frekvencia z\u00f6kken\u0151mentes k\u00e9palkot\u00e1st biztos\u00edt.<\/p>\n<p><strong>Pontos c\u00e9lz\u00e1s<\/strong><\/p>\n<p>A Pantera Q 640 leny\u0171g\u00f6z\u0151, 2600 m\u00e9teres emberi c\u00e9lfelder\u00edt\u00e9si hat\u00f3t\u00e1vols\u00e1ggal rendelkezik, ami lehet\u0151v\u00e9 teszi a c\u00e9lpontok korai azonos\u00edt\u00e1s\u00e1t nagy t\u00e1vols\u00e1gb\u00f3l is. Az integr\u00e1lt l\u00e9zeres t\u00e1vols\u00e1gm\u00e9r\u0151 (LRF) 1000 m\u00e9teres (1200 yardos) hat\u00f3t\u00e1vols\u00e1ggal rendelkezik, \u00e9s val\u00f3s idej\u0171, pontos t\u00e1vols\u00e1gm\u00e9r\u00e9st biztos\u00edt. Az integr\u00e1lt, fejlett ballisztikai sz\u00e1mol\u00f3g\u00e9ppel kombin\u00e1lva pontos c\u00e9lkorrekci\u00f3kat k\u00edn\u00e1l, maximaliz\u00e1lva a tal\u00e1lati pontoss\u00e1got.<\/p>\n<p><strong>Optimaliz\u00e1lt kijelz\u0151 \u00e9s funkci\u00f3k<\/strong><\/p>\n<p>A kijelz\u0151 egy nagy felbont\u00e1s\u00fa, 1600 \u00d7 1200 pixeles OLED kijelz\u0151, amely \u00e9les \u00e9s kontrasztos k\u00e9pet biztos\u00edt. A felhaszn\u00e1l\u00f3k 7 k\u00fcl\u00f6nb\u00f6z\u0151 ir\u00e1nyz\u00e9kst\u00edlus k\u00f6z\u00fcl v\u00e1laszthatnak t\u00f6bbf\u00e9le sz\u00ednben (piros, feh\u00e9r, s\u00e1rga, z\u00f6ld), \u00e9s h\u00e1rom k\u00e9p m\u00f3d (V\u00e1ros, Es\u0151, Erd\u0151) \u00e1ll rendelkez\u00e9sre az optim\u00e1lis k\u00f6rnyezethez val\u00f3 igazod\u00e1shoz.<br \/>\nTov\u00e1bbi intelligens funkci\u00f3k k\u00f6z\u00e9 tartozik a K\u00e9p a k\u00e9pben (PiP), a Hot Track a legforr\u00f3bb pont gyors k\u00f6vet\u00e9s\u00e9hez, giroszk\u00f3p, elektronikus ir\u00e1nyt\u0171, visszahat\u00e1s \u00e1ltal aktiv\u00e1lt felv\u00e9tel \u00e9s a firmware friss\u00edt\u00e9s\u00e9nek lehet\u0151s\u00e9ge. <strong>Robusztus konstrukci\u00f3 \u00e9s hossz\u00fa <\/strong>nyitvatart\u00e1si id\u0151<br \/>\nA t\u00e1vcs\u0151 h\u00e1za tart\u00f3s alum\u00ednium\u00f6tv\u00f6zetb\u0151l k\u00e9sz\u00fclt, ami robusztuss\u00e1got \u00e9s megb\u00edzhat\u00f3s\u00e1got garant\u00e1l terepen. Ak\u00e1r 6000 J-os \u00fct\u00e9s\u00e1ll\u00f3s\u00e1ggal \u00e9s IP67 v\u00e9detts\u00e9ggel a Pantera Q 640 b\u00e1rmilyen kih\u00edv\u00e1sra k\u00e9szen \u00e1ll.<br \/>\nAz \u00e1ramell\u00e1t\u00e1st egy 21700-as l\u00edtium-ion akkumul\u00e1tor biztos\u00edtja, amely ak\u00e1r 8 \u00f3r\u00e1s m\u0171k\u00f6d\u00e9st tesz lehet\u0151v\u00e9.<\/p>\n<p>A PARD Pantera Q 640 ide\u00e1lis v\u00e1laszt\u00e1s professzion\u00e1lis felhaszn\u00e1l\u00f3k \u00e9s ig\u00e9nyes vad\u00e1szok sz\u00e1m\u00e1ra, akik a legmagasabb teljes\u00edtm\u00e9nyt, megb\u00edzhat\u00f3s\u00e1got \u00e9s a leg\u00fajabb technol\u00f3gi\u00e1t keresik.<\/p>\n<table dir=\"ltr\" border=\"1\" cellspacing=\"0\" cellpadding=\"0\" data-sheets-root=\"1\" data-sheets-baot=\"1\">\n<colgroup>\n<col width=\"100\" \/>\n<col width=\"100\" \/><\/colgroup>\n<tbody>\n<tr>\n<td>\u00c9rz\u00e9kel\u0151 t\u00edpusa<\/td>\n<td>\n<div>\n<div>F\u0171tetlen VOx IR \u00e9rz\u00e9kel\u0151<\/div>\n<\/div>\n<\/td>\n<\/tr>\n<tr>\n<td>\u00c9rz\u00e9kel\u0151 felbont\u00e1sa (pixel)<\/td>\n<td>640 \u00d7 512<\/td>\n<\/tr>\n<tr>\n<td>Pixel m\u00e9ret (\u00b5m)<\/td>\n<td>12 \u00d7 12<\/td>\n<\/tr>\n<tr>\n<td>NETD<\/td>\n<td>\n<div>\n<div>\u226418 mK (0,018 \u00b0C)<\/div>\n<\/div>\n<\/td>\n<\/tr>\n<tr>\n<td>K\u00e9pfriss\u00edt\u00e9si frekvencia (Hz)<\/td>\n<td>50<\/td>\n<\/tr>\n<tr>\n<td>\u00c9rz\u00e9kel\u00e9si t\u00e1vols\u00e1g (m)<\/td>\n<td>2600 (ember)<\/td>\n<\/tr>\n<tr>\n<td>Objekt\u00edv (mm)<\/td>\n<td>50<\/td>\n<\/tr>\n<tr>\n<td>Optikai nagy\u00edt\u00e1s (x)<\/td>\n<td>3x<\/td>\n<\/tr>\n<tr>\n<td>Digit\u00e1lis zoom (x)<\/td>\n<td>2 \/ 4 \/ 6 \/ 8<\/td>\n<\/tr>\n<tr>\n<td>Megjelen\u00edt\u00e9s t\u00edpusa<\/td>\n<td>OLED<\/td>\n<\/tr>\n<tr>\n<td>Kijelz\u0151 felbont\u00e1sa (pixel)<\/td>\n<td>1600 \u00d7 1200<\/td>\n<\/tr>\n<tr>\n<td>L\u00e9zeres t\u00e1vols\u00e1gm\u00e9r\u0151 (LRF)<\/td>\n<td>Integr\u00e1lt<\/td>\n<\/tr>\n<tr>\n<td>Ballisztikus kalkul\u00e1tor<\/td>\n<td>Igen<\/td>\n<\/tr>\n<tr>\n<td>Kereszthornyok st\u00edlusai<\/td>\n<td>7<\/td>\n<\/tr>\n<tr>\n<td>K\u00e9pm\u00f3dok (jelenet)<\/td>\n<td>\n<div>\n<div>3 (v\u00e1ros \/ es\u0151 \/ erd\u0151)<\/div>\n<\/div>\n<\/td>\n<\/tr>\n<tr>\n<td>K\u00e9pm\u00f3dok (kijelz\u0151)<\/td>\n<td>\n<div>\n<div>6 (WT-HOT, BK-HOT, H-light, RD-HOT, IN-HOT, SKY)<\/div>\n<\/div>\n<\/td>\n<\/tr>\n<tr>\n<td>R\u00f6gz\u00edt\u00e9s \u00fctk\u00f6z\u00e9s eset\u00e9n<\/td>\n<td>Igen<\/td>\n<\/tr>\n<tr>\n<td>Ciklikus felv\u00e9tel<\/td>\n<td>Igen<\/td>\n<\/tr>\n<tr>\n<td>Wi-Fi<\/td>\n<td>Igen<\/td>\n<\/tr>\n<tr>\n<td>Csatlakoz\u00f3k<\/td>\n<td>\n<div>\n<div>USB C t\u00edpus\u00fa, HDMI kimenet<\/div>\n<\/div>\n<\/td>\n<\/tr>\n<tr>\n<td>Akkumul\u00e1tor t\u00edpusa<\/td>\n<td>Li-ion 21700<\/td>\n<\/tr>\n<tr>\n<td>M\u0171k\u00f6d\u00e9si id\u0151 (\u00f3r\u00e1k)<\/td>\n<td>Ak\u00e1r 8<\/td>\n<\/tr>\n<tr>\n<td>A v\u00e9delem szintje<\/td>\n<td>IP67<\/td>\n<\/tr>\n<tr>\n<td>Visszar\u00fag\u00e1s\u00e1ll\u00f3s\u00e1g<\/td>\n<td>6000 J<\/td>\n<\/tr>\n<tr>\n<td>A h\u00e1z anyaga<\/td>\n<td>\n<div>\n<div>Alum\u00ednium \u00f6tv\u00f6zet<\/div>\n<\/div>\n<\/td>\n<\/tr>\n<tr>\n<td>Lencse anyaga<\/td>\n<td>\n<div>\n<div>Teljesen \u00fcveg lencs\u00e9k t\u00f6bbr\u00e9teg\u0171 bevonattal<\/div>\n<\/div>\n<\/td>\n<\/tr>\n<tr>\n<td>M\u00e9retek (M \u00d7 Sz \u00d7 H, mm)<\/td>\n<td>345 \u00d7 86 \u00d7 80<\/td>\n<\/tr>\n<tr>\n<td>T\u00f6meg (g)<\/td>\n<td>723<\/td>\n<\/tr>\n<tr>\n<td>\u00dczemi h\u0151m\u00e9rs\u00e9klet<\/td>\n<td>-30-t\u00f3l +55 \u00b0C-ig<\/td>\n<\/tr>\n<\/tbody>\n<\/table>\n<p>Hivatalos weboldal: <a href=\"https:\/\/pard.com\/product\/thermal-imaging-scope-pantera-Q#spec\">https:\/\/pard.com\/product\/thermal-imaging-scope-pantera-Q#spec<\/a><\/p>","protected":false},"excerpt":{"rendered":"<p><strong data-start=\"38\" data-end=\"104\">PARD Pantera Q 640: H\u0151kamer\u00e1s mester a magas szint\u0171 vad\u00e1szathoz.<\/strong><br data-start=\"104\" data-end=\"107\" \/>Fedezzen fel egy \u00faj l\u00e1t\u00e1sm\u00f3dot <strong data-start=\"141\" data-end=\"188\">h\u0151kamer\u00e1s c\u00e9lt\u00e1vcs\u0151vel<\/strong> <strong data-start=\"141\" data-end=\"188\">PARD Pantera Q 640<\/strong>. K\u00f6sz\u00f6n\u00f6m <strong data-start=\"193\" data-end=\"246\">ultrah\u00e9rz\u00e9keny, 640 \u00d7 512 px felbont\u00e1s\u00fa \u00e9rz\u00e9kel\u0151 (NETD \u226418 mK)<\/strong> a <strong data-start=\"255\" data-end=\"290\" data-is-only-node=\"\">detekt\u00e1l\u00e1si tartom\u00e1ny<\/strong> ak\u00e1r <strong data-start=\"255\" data-end=\"290\" data-is-only-node=\"\">2600 m<\/strong> l\u00e1tni fogja minden r\u00e9szletet. <strong data-start=\"322\" data-end=\"379\">LRF integr\u00e1lt ballisztik\u00e1j\u00e1val 1000 m\u00e9teres hat\u00f3t\u00e1vols\u00e1ggal<\/strong> a <strong data-start=\"385\" data-end=\"404\">HD OLED kijelz\u0151<\/strong> p\u00e1ratlan pontoss\u00e1got \u00e9s tisztas\u00e1got biztos\u00edtanak.<\/p>","protected":false},"featured_media":21428,"template":"","meta":{"_gspb_post_css":""},"product_brand":[],"product_cat":[2753,2313],"product_tag":[292,229,324,2315],"class_list":{"0":"post-21369","1":"product","2":"type-product","3":"status-publish","4":"has-post-thumbnail","6":"product_cat-puskohlady","7":"product_cat-termovizna-kamera","8":"product_tag-pantera","9":"product_tag-pard","10":"product_tag-puskohlad","11":"product_tag-termovizna-kamera","13":"first","14":"instock","15":"sale","16":"taxable","17":"shipping-taxable","18":"purchasable","19":"product-type-simple"},"ct_brands":[],"_links":{"self":[{"href":"https:\/\/zbranebudai.sk\/hu\/wp-json\/wp\/v2\/product\/21369","targetHints":{"allow":["GET"]}}],"collection":[{"href":"https:\/\/zbranebudai.sk\/hu\/wp-json\/wp\/v2\/product"}],"about":[{"href":"https:\/\/zbranebudai.sk\/hu\/wp-json\/wp\/v2\/types\/product"}],"wp:featuredmedia":[{"embeddable":true,"href":"https:\/\/zbranebudai.sk\/hu\/wp-json\/wp\/v2\/media\/21428"}],"wp:attachment":[{"href":"https:\/\/zbranebudai.sk\/hu\/wp-json\/wp\/v2\/media?parent=21369"}],"wp:term":[{"taxonomy":"product_brand","embeddable":true,"href":"https:\/\/zbranebudai.sk\/hu\/wp-json\/wp\/v2\/product_brand?post=21369"},{"taxonomy":"product_cat","embeddable":true,"href":"https:\/\/zbranebudai.sk\/hu\/wp-json\/wp\/v2\/product_cat?post=21369"},{"taxonomy":"product_tag","embeddable":true,"href":"https:\/\/zbranebudai.sk\/hu\/wp-json\/wp\/v2\/product_tag?post=21369"}],"curies":[{"name":"wp","href":"https:\/\/api.w.org\/{rel}","templated":true}]}}