{"id":21308,"date":"2026-02-14T15:25:25","date_gmt":"2026-02-14T13:25:25","guid":{"rendered":"https:\/\/zbranebudai.sk\/?post_type=product&#038;p=21308"},"modified":"2026-04-29T13:09:52","modified_gmt":"2026-04-29T11:09:52","slug":"pard-leopard-640-lrf-hokameras-celtavcso-lezeres-tavolsagmerovel-50-mm","status":"publish","type":"product","link":"https:\/\/zbranebudai.sk\/hu\/product\/pard-leopard-640-lrf-termovizna-kamera-s-laserovym-dialkomerom-50-mm\/","title":{"rendered":"Pard LEOPARD 640 LRF h\u0151kamera l\u00e9zeres t\u00e1vols\u00e1gm\u00e9r\u0151vel 50 mm"},"content":{"rendered":"<p><strong>Pard LEOPARD 640 LRF h\u0151kamera l\u00e9zeres t\u00e1vols\u00e1gm\u00e9r\u0151vel 50 mm<\/strong><\/p>\n<p data-start=\"38\" data-end=\"439\"><strong data-start=\"40\" data-end=\"65\">Leopard 640 LRF 50 mm<\/strong> fel van szerelve egy nagy \u00e9rz\u00e9kenys\u00e9g\u0171, 640 \u00d7 512 pixeles felbont\u00e1s\u00fa \u00e9s 12 \u00b5m-es pixelm\u00e9ret\u0171 h\u0151kamer\u00e1s \u00e9rz\u00e9kel\u0151vel, amely rendk\u00edv\u00fcl \u00e9les \u00e9s r\u00e9szletgazdag k\u00e9pet biztos\u00edt. A nagyszer\u0171 <strong data-start=\"229\" data-end=\"256\">NETD \u2264 20 mK (0,020 \u00b0C)<\/strong> a k\u00e9sz\u00fcl\u00e9k a legkisebb h\u0151m\u00e9rs\u00e9klet-k\u00fcl\u00f6nbs\u00e9geket is k\u00e9pes \u00e9rz\u00e9kelni, ami p\u00e9ld\u00e1ul vad\u00e1llatok megfigyel\u00e9sekor vagy neh\u00e9z terepen v\u00e9gzett kutat\u00e1sok sor\u00e1n fontos.<\/p>\n<p data-start=\"441\" data-end=\"798\"><strong data-start=\"444\" data-end=\"478\">Objekt\u00edv 50 mm f\u00f3kuszt\u00e1vols\u00e1ggal<\/strong> kiv\u00e1l\u00f3 r\u00e9szletfelbont\u00e1st biztos\u00edt nagy t\u00e1vols\u00e1gokon is, \u00e9s lehet\u0151v\u00e9 teszi a t\u00e1rgyak \u00e9szlel\u00e9s\u00e9t legfeljebb <strong data-start=\"577\" data-end=\"593\">2600 m\u00e9teres t\u00e1vols\u00e1gra<\/strong>. Ez kieg\u00e9sz\u00edti az integr\u00e1lt <strong data-start=\"624\" data-end=\"654\">l\u00e9zeres t\u00e1vols\u00e1gm\u00e9r\u0151 (LRF)<\/strong>, amely pontos t\u00e1vols\u00e1gm\u00e9r\u00e9st tesz lehet\u0151v\u00e9 ak\u00e1r <strong data-start=\"667\" data-end=\"698\">csin\u00e1l<\/strong> <strong data-start=\"667\" data-end=\"698\">1000 m\u00e9ter<\/strong>, amit jelent\u0151sen n\u00f6veli a hat\u00e9konys\u00e1got \u00e9s a biztons\u00e1got.<\/p>\n<p data-start=\"800\" data-end=\"1071\">Az eszk\u00f6z egyik nagy el\u0151nye a <strong data-start=\"830\" data-end=\"874\">AMOLED kijelz\u0151 1920 \u00d7 1080 pixeles felbont\u00e1ssal<\/strong>, amely \u00e9les k\u00e9pet k\u00edn\u00e1l er\u0151s naps\u00fct\u00e9sben \u00e9s teljes s\u00f6t\u00e9ts\u00e9gben egyar\u00e1nt. <strong data-start=\"949\" data-end=\"980\">Digit\u00e1lis zoom<\/strong> <strong data-start=\"949\" data-end=\"980\">2x \/ 4x \/ 8x<\/strong> r\u00e9szletgazdag nagy\u00edt\u00e1st biztos\u00edt a megfigyelt objektumokr\u00f3l a k\u00e9pmin\u0151s\u00e9g roml\u00e1sa n\u00e9lk\u00fcl.<\/p>\n<p data-start=\"1073\" data-end=\"1377\"><strong data-start=\"1075\" data-end=\"1100\">Leopard 640 LRF 50 mm<\/strong> t\u00e1mogatja <strong data-start=\"1113\" data-end=\"1135\">csatlakoztat\u00e1s<\/strong> <strong data-start=\"1113\" data-end=\"1135\">Wi-Fi<\/strong> \u00e9s lehet\u0151v\u00e9 teszi f\u00e9nyk\u00e9pek \u00e9s vide\u00f3k r\u00f6gz\u00edt\u00e9s\u00e9t a bels\u0151 mem\u00f3ri\u00e1ba vagy k\u00fcls\u0151 eszk\u00f6zre a k\u00f6vetkez\u0151n kereszt\u00fcl <strong data-start=\"1233\" data-end=\"1261\">alkalmaz\u00e1sok<\/strong> <strong data-start=\"1233\" data-end=\"1261\">PardVision2<\/strong>. A mechanikus z\u00e1r \u00e9s az automatikus k\u00e9pstabiliz\u00e1tor biztos\u00edtja, hogy a megjelen\u00edtett k\u00e9p mindig sima \u00e9s stabil legyen.<\/p>\n<p data-start=\"1379\" data-end=\"1610\">A k\u00e9sz\u00fcl\u00e9k t\u00e1pell\u00e1t\u00e1sa <strong data-start=\"1394\" data-end=\"1436\">L\u00edtium-ion akkumul\u00e1tor<\/strong> <strong data-start=\"1394\" data-end=\"1436\">18650<\/strong>, amely ak\u00e1r <strong data-start=\"1457\" data-end=\"1489\">6 \u00f3ra folyamatos m\u0171k\u00f6d\u00e9s<\/strong>. Robusztus szerkezete meg van er\u0151s\u00edtve <strong data-start=\"1525\" data-end=\"1546\">v\u00e9delem<\/strong> <strong data-start=\"1525\" data-end=\"1546\">IP67<\/strong>, ami teljes v\u00e9delmet jelent a por \u00e9s a v\u00edz ellen.<\/p>\n<table dir=\"ltr\" border=\"1\" cellspacing=\"0\" cellpadding=\"0\" data-sheets-root=\"1\" data-sheets-baot=\"1\">\n<colgroup>\n<col width=\"100\" \/>\n<col width=\"100\" \/><\/colgroup>\n<tbody>\n<tr>\n<td>\u00c9rz\u00e9kel\u0151 felbont\u00e1sa (pixel)<\/td>\n<td>640 \u00d7 512<\/td>\n<\/tr>\n<tr>\n<td>Pixel m\u00e9ret (\u00b5m)<\/td>\n<td>12 \u00d7 12<\/td>\n<\/tr>\n<tr>\n<td>NETD<\/td>\n<td>\n<div>\n<div>\u2264 20 mK (0,020 \u00b0C)<\/div>\n<\/div>\n<\/td>\n<\/tr>\n<tr>\n<td>\u00c9rz\u00e9kel\u00e9si t\u00e1vols\u00e1g (m)<\/td>\n<td>2600<\/td>\n<\/tr>\n<tr>\n<td>Zoom objekt\u00edv<\/td>\n<td>50<\/td>\n<\/tr>\n<tr>\n<td>Digit\u00e1lis zoom<\/td>\n<td>8x<\/td>\n<\/tr>\n<tr>\n<td>Zorn\u00e9 mez\u0151 (H \u00d7 V)<\/td>\n<td>9,3<\/td>\n<\/tr>\n<tr>\n<td>V\u00edzszintes l\u00e1t\u00f3mez\u0151<\/td>\n<td>11,2<\/td>\n<\/tr>\n<tr>\n<td>F\u00f3kusz\u00e1l\u00e1si tartom\u00e1ny<\/td>\n<td>3 m \u2013 \u221e<\/td>\n<\/tr>\n<tr>\n<td>Kijelz\u0151 felbont\u00e1sa (pixel)<\/td>\n<td>1920 \u00d7 1080<\/td>\n<\/tr>\n<tr>\n<td>Megjelen\u00edt\u00e9s t\u00edpusa<\/td>\n<td>AMOLED<\/td>\n<\/tr>\n<tr>\n<td>Dioptriatartom\u00e1ny (D)<\/td>\n<td>-5-t\u0151l +5-ig<\/td>\n<\/tr>\n<tr>\n<td>LRF hat\u00f3t\u00e1vols\u00e1ga (m)<\/td>\n<td>1000<\/td>\n<\/tr>\n<tr>\n<td>Hottek k\u00f6vet\u00e9se<\/td>\n<td>Igen<\/td>\n<\/tr>\n<tr>\n<td>HDMI kimenet<\/td>\n<td>Igen<\/td>\n<\/tr>\n<tr>\n<td>T\u00e1mogatott alkalmaz\u00e1sok<\/td>\n<td>PardVision2<\/td>\n<\/tr>\n<tr>\n<td>M\u0171k\u00f6d\u00e9si id\u0151 (\u00f3r\u00e1k)<\/td>\n<td>\u2264 6<\/td>\n<\/tr>\n<tr>\n<td>\u00dczemi h\u0151m\u00e9rs\u00e9klet (\u00b0C)<\/td>\n<td>-30 ~ +55<\/td>\n<\/tr>\n<tr>\n<td>T\u00e1rol\u00e1s (GB)<\/td>\n<td>\n<div>\n<div>Micro SD k\u00e1rtya (max. 128 GB)<\/div>\n<\/div>\n<\/td>\n<\/tr>\n<tr>\n<td>Z\u00e1rak<\/td>\n<td>Mechanikus z\u00e1r<\/td>\n<\/tr>\n<tr>\n<td>Csatlakoz\u00f3<\/td>\n<td>USB Type-C<\/td>\n<\/tr>\n<tr>\n<td>Wi-Fi<\/td>\n<td>Igen<\/td>\n<\/tr>\n<tr>\n<td>Akkumul\u00e1tor t\u00edpusa<\/td>\n<td>\n<div>\n<div>L\u00edtium-ion 18650<\/div>\n<\/div>\n<\/td>\n<\/tr>\n<tr>\n<td>V\u00e9delmi oszt\u00e1ly<\/td>\n<td>IP67<\/td>\n<\/tr>\n<\/tbody>\n<\/table>\n<p>A m\u00e1rka hivatalos honlapja: <a href=\"https:\/\/pard.com\/product\/thermal-imaging-monocular-leopard\">https:\/\/pard.com\/product\/thermal-imaging-monocular-leopard<\/a><\/p>","protected":false},"excerpt":{"rendered":"<p><span style=\"font-weight: 400\">A PARD Leopard 640 LRF 50 mm h\u0151kamer\u00e1s monokul\u00e1r egy professzion\u00e1lis h\u0151kamer\u00e1s c\u00e9lkereszt, amelyet a vad\u00e1szat, a biztons\u00e1g \u00e9s a ment\u00e9si m\u0171veletek ter\u00e9n ig\u00e9nyes felhaszn\u00e1l\u00f3k sz\u00e1m\u00e1ra terveztek. Ez a modell kiv\u00e1l\u00f3 k\u00e9pmin\u0151s\u00e9get, nagy t\u00e1vols\u00e1g\u00fa \u00e9szlel\u00e9st, valamint be\u00e9p\u00edtett l\u00e9zeres t\u00e1vols\u00e1gm\u00e9r\u0151t (LRF) k\u00edn\u00e1l, ami ide\u00e1lis eszk\u00f6zz\u00e9 teszi a pontos megfigyel\u00e9shez minden k\u00f6r\u00fclm\u00e9nyek k\u00f6z\u00f6tt.<\/span><\/p>","protected":false},"featured_media":21427,"template":"","meta":{"_gspb_post_css":""},"product_brand":[],"product_cat":[2749,2313],"product_tag":[347,291,229,2315],"class_list":{"0":"post-21308","1":"product","2":"type-product","3":"status-publish","4":"has-post-thumbnail","6":"product_cat-laserove-dialkomery","7":"product_cat-termovizna-kamera","8":"product_tag-laserovy-dialkomer","9":"product_tag-leopard","10":"product_tag-pard","11":"product_tag-termovizna-kamera","13":"first","14":"instock","15":"sale","16":"taxable","17":"shipping-taxable","18":"purchasable","19":"product-type-simple"},"ct_brands":[],"_links":{"self":[{"href":"https:\/\/zbranebudai.sk\/hu\/wp-json\/wp\/v2\/product\/21308","targetHints":{"allow":["GET"]}}],"collection":[{"href":"https:\/\/zbranebudai.sk\/hu\/wp-json\/wp\/v2\/product"}],"about":[{"href":"https:\/\/zbranebudai.sk\/hu\/wp-json\/wp\/v2\/types\/product"}],"wp:featuredmedia":[{"embeddable":true,"href":"https:\/\/zbranebudai.sk\/hu\/wp-json\/wp\/v2\/media\/21427"}],"wp:attachment":[{"href":"https:\/\/zbranebudai.sk\/hu\/wp-json\/wp\/v2\/media?parent=21308"}],"wp:term":[{"taxonomy":"product_brand","embeddable":true,"href":"https:\/\/zbranebudai.sk\/hu\/wp-json\/wp\/v2\/product_brand?post=21308"},{"taxonomy":"product_cat","embeddable":true,"href":"https:\/\/zbranebudai.sk\/hu\/wp-json\/wp\/v2\/product_cat?post=21308"},{"taxonomy":"product_tag","embeddable":true,"href":"https:\/\/zbranebudai.sk\/hu\/wp-json\/wp\/v2\/product_tag?post=21308"}],"curies":[{"name":"wp","href":"https:\/\/api.w.org\/{rel}","templated":true}]}}