{"id":21307,"date":"2026-02-14T15:25:25","date_gmt":"2026-02-14T13:25:25","guid":{"rendered":"https:\/\/zbranebudai.sk\/?post_type=product&#038;p=21307"},"modified":"2026-04-29T13:13:45","modified_gmt":"2026-04-29T11:13:45","slug":"pard-nv007sp2-4k-940-nm-lrf-tartalek-hokamera-1x","status":"publish","type":"product","link":"https:\/\/zbranebudai.sk\/hu\/product\/pard-nv007sp2-4k-940-nm-lrf-nahradna-termovizna-kamera-1x\/","title":{"rendered":"Pard NV007SP2 4K 940 nm LRF csere\/h\u0151kamer\u00e1s k\u00e9sz\u00fcl\u00e9k 1x"},"content":{"rendered":"<p><strong>Pard NV007SP2 4K 940nm LRF p\u00f3talkatr\u00e9sz\/h\u0151kamer\u00e1s \u00e9jjell\u00e1t\u00f3<\/strong> 1x<\/p>\n<p data-start=\"38\" data-end=\"381\"><strong data-start=\"38\" data-end=\"174\">Bemutatjuk a PARD NV007SP2-t \u2013 a digit\u00e1lis \u00e9jjell\u00e1t\u00f3k leg\u00fajabb gener\u00e1ci\u00f3j\u00e1t, amely kitolja a l\u00e1that\u00f3s\u00e1g hat\u00e1rait teljes s\u00f6t\u00e9ts\u00e9gben.<\/strong><br data-start=\"174\" data-end=\"177\" \/>Ez az innovat\u00edv, klipszel r\u00f6gz\u00edthet\u0151 adapter \u00e9s monokul\u00e1r vad\u00e1szok \u00e9s megfigyel\u0151k sz\u00e1m\u00e1ra k\u00e9sz\u00fclt, akiknek p\u00e1ratlan k\u00e9pmin\u0151s\u00e9gre, pontoss\u00e1gra \u00e9s megb\u00edzhat\u00f3s\u00e1gra van sz\u00fcks\u00e9g\u00fck minden f\u00e9nyviszony mellett.<\/p>\n<p data-start=\"383\" data-end=\"775\"><strong data-start=\"383\" data-end=\"414\">Forradalom a k\u00e9pmin\u0151s\u00e9gben:<\/strong><br data-start=\"414\" data-end=\"417\" \/>Az NV007SP2 sz\u00edv\u00e9ben egy nagy \u00e9rz\u00e9kenys\u00e9g\u0171, 4K CMOS-\u00e9rz\u00e9kel\u0151 tal\u00e1lhat\u00f3, 3840 \u00d7 2160 pixeles felbont\u00e1ssal. Ez rendk\u00edv\u00fcl r\u00e9szletes \u00e9s \u00e9les k\u00e9pet biztos\u00edt nemcsak \u00e9jszaka (fekete-feh\u00e9r m\u00f3dban), hanem nappali f\u00e9nyviszonyok mellett is, ahol \u00e9l\u00e9nk sz\u00edneket ny\u00fajt. A 60 Hz-es k\u00e9pfriss\u00edt\u00e9si frekvenci\u00e1j\u00fa OLED kijelz\u0151 (1600 \u00d7 1200 pixeles felbont\u00e1ssal) val\u00f3s\u00e1gh\u0171bb \u00e9s kev\u00e9sb\u00e9 f\u00e1raszt\u00f3 megtekint\u00e9si \u00e9lm\u00e9nyt biztos\u00edt.<\/p>\n<p data-start=\"777\" data-end=\"1156\"><strong data-start=\"777\" data-end=\"838\">Pontoss\u00e1g integr\u00e1lt l\u00e9zert\u00e1vols\u00e1gm\u00e9r\u0151vel (LRF verzi\u00f3):<\/strong> A  oldalon.<br data-start=\"838\" data-end=\"841\" \/>Ak h\u013ead\u00e1te maxim\u00e1lnu presnos\u0165, je k dispoz\u00edcii verzia s integrovan\u00fdm laserov\u00fdm dia\u013ekomerom (LRF). Ten umo\u017e\u0148uje bleskov\u00e9 a presn\u00e9 meranie vzdialenosti cie\u013ea a\u017e do 1000 metrov. T\u00fdm z\u00edskate k\u013e\u00fa\u010dov\u00e9 \u00fadaje, ktor\u00e9 potrebujete na presn\u00e9 strely, \u010d\u00edm zv\u00fd\u0161ite svoju efektivitu a \u00faspe\u0161nos\u0165.<\/p>\n<p data-start=\"1158\" data-end=\"1580\"><strong data-start=\"1158\" data-end=\"1193\">Rugalmas \u00e9s robusztus kialak\u00edt\u00e1s:<\/strong><br data-start=\"1193\" data-end=\"1196\" \/>A PARD NV007SP2 igaz\u00e1n sokoldal\u00fa. Egy l\u00e9p\u00e9sben r\u00f6gz\u00edtheti megl\u00e9v\u0151 nappali c\u00e9lt\u00e1vcs\u00f6ve okul\u00e1rj\u00e1ra, \u00e9s teljes \u00e9rt\u00e9k\u0171 \u00e9jjell\u00e1t\u00f3v\u00e1 alak\u00edthatja \u2013 \u00fajratartal\u00e9k n\u00e9lk\u00fcl! Haszn\u00e1lhatja \u00f6n\u00e1ll\u00f3, k\u00e9zben tartott monokul\u00e1rk\u00e9nt is a k\u00f6rnyezet megfigyel\u00e9s\u00e9re. A robusztus, IP67-es besorol\u00e1s\u00fa fel\u00e9p\u00edt\u00e9s garant\u00e1lja a v\u00edz\u00e1ll\u00f3s\u00e1got, \u00e9s ellen\u00e1ll a 6000 J-os visszar\u00fag\u00e1snak, \u00edgy ide\u00e1lis nagyobb kaliberekhez.<\/p>\n<p data-start=\"1582\" data-end=\"2119\"><strong data-start=\"1582\" data-end=\"1627\">Komplex funkci\u00f3k a modern vad\u00e1sz sz\u00e1m\u00e1ra:<\/strong><br data-start=\"1627\" data-end=\"1630\" \/>Az NV007SP2 kivehet\u0151 infrav\u00f6r\u00f6s megvil\u00e1g\u00edt\u00e1ssal rendelkezik (v\u00e1laszthat\u00f3 850 nm-es vagy 940 nm-es hull\u00e1mhossz\u00fa, nagy teljes\u00edtm\u00e9ny\u0171 vagy rejtett haszn\u00e1lathoz), amely kiv\u00e1l\u00f3 l\u00e1that\u00f3s\u00e1got biztos\u00edt m\u00e9g teljes s\u00f6t\u00e9ts\u00e9gben is. Tov\u00e1bbi intelligens funkci\u00f3k k\u00f6z\u00e9 tartozik az automatikus visszar\u00fag\u00e1s-aktiv\u00e1lt felv\u00e9tel, a Wi-Fi csatlakoz\u00e1s az \u00e9l\u0151 k\u00f6zvet\u00edt\u00e9shez \u00e9s a PardVision2 alkalmaz\u00e1son kereszt\u00fcli vez\u00e9rl\u00e9shez, egy giroszk\u00f3p, egy elektronikus ir\u00e1nyt\u0171, valamint a vide\u00f3k \u00e9s f\u00e9nyk\u00e9pek microSD k\u00e1rty\u00e1ra t\u00f6rt\u00e9n\u0151 r\u00f6gz\u00edt\u00e9s\u00e9nek lehet\u0151s\u00e9ge.<\/p>\n<p data-start=\"2121\" data-end=\"2282\"><strong data-start=\"2121\" data-end=\"2280\">A PARD NV007SP2 nem csup\u00e1n egy eszk\u00f6z, hanem egy t\u00e1rs, amely lehet\u0151v\u00e9 teszi, hogy l\u00e1ssa azt, ami kor\u00e1bban rejtve volt \u2013 \u00e9s magabiztosan \u00e9rje el c\u00e9ljait.<\/strong><\/p>\n<table dir=\"ltr\" border=\"1\" cellspacing=\"0\" cellpadding=\"0\" data-sheets-root=\"1\" data-sheets-baot=\"1\">\n<colgroup>\n<col width=\"100\" \/>\n<col width=\"100\" \/>\n<col width=\"100\" \/><\/colgroup>\n<tbody>\n<tr>\n<td>Param\u00e9terek<\/td>\n<td>\u00c9rt\u00e9k<\/td>\n<td>Comment<\/td>\n<\/tr>\n<tr>\n<td>K\u00e9sz\u00fcl\u00e9k t\u00edpusa<\/td>\n<td>Digit\u00e1lis \u00e9jjell\u00e1t\u00f3 k\u00e9sz\u00fcl\u00e9k (csatlakoztathat\u00f3 adapter\/monokul\u00e1r)<\/td>\n<td>\n<div>\n<div>Kett\u0151s felhaszn\u00e1l\u00e1s<\/div>\n<\/div>\n<\/td>\n<\/tr>\n<tr>\n<td>\u00c9rz\u00e9kel\u0151<\/td>\n<td>4K CMOS<\/td>\n<td>\n<div>\n<div>Magas \u00e9rz\u00e9kenys\u00e9g, sz\u00ednes k\u00e9pek nappal<\/div>\n<\/div>\n<\/td>\n<\/tr>\n<tr>\n<td>\u00c9rz\u00e9kel\u0151 felbont\u00e1sa<\/td>\n<td>3840 \u00d7 2160 px<\/td>\n<td>\n<div>\n<div>\u00c9les \u00e9s r\u00e9szletes felv\u00e9telekhez<\/div>\n<\/div>\n<\/td>\n<\/tr>\n<tr>\n<td>Kijelz\u0151 felbont\u00e1sa<\/td>\n<td>OLED 1600 \u00d7 1200 px<\/td>\n<td>\n<div>\n<div>Vil\u00e1gos \u00e9s z\u00f6kken\u0151mentes k\u00e9palkot\u00e1s<\/div>\n<\/div>\n<\/td>\n<\/tr>\n<tr>\n<td>K\u00e9pfriss\u00edt\u00e9si sebess\u00e9g<\/td>\n<td>60 Hz (vagy 30 Hz)<\/td>\n<td>Nagyobb k\u00e9p<\/td>\n<\/tr>\n<tr>\n<td>C\u00e9l<\/td>\n<td>20 mm<\/td>\n<td>\u2014<\/td>\n<\/tr>\n<tr>\n<td>Optikai nagy\u00edt\u00e1s<\/td>\n<td>1x \/ 2,2x<\/td>\n<td>\u2014<\/td>\n<\/tr>\n<tr>\n<td>Digit\u00e1lis zoom<\/td>\n<td>1\u20133x vagy 1\u20134x<\/td>\n<td>\u2014<\/td>\n<\/tr>\n<tr>\n<td>IR vil\u00e1g\u00edt\u00f3test<\/td>\n<td>Kivehet\u0151 (850 nm \/ 940 nm)<\/td>\n<td>\n<div>\n<div>\u00c1ll\u00edthat\u00f3 intenzit\u00e1s \u00e9s f\u00f3kusz, hat\u00f3t\u00e1vols\u00e1g 350 m<\/div>\n<\/div>\n<\/td>\n<\/tr>\n<tr>\n<td>L\u00e9zeres t\u00e1vols\u00e1gm\u00e9r\u0151 (LRF)<\/td>\n<td>Igen (opcion\u00e1lis verzi\u00f3)<\/td>\n<td>\n<div>\n<div>Hat\u00f3t\u00e1vols\u00e1g ak\u00e1r 1000 m\u00e9ter (1200 yard)<\/div>\n<\/div>\n<\/td>\n<\/tr>\n<tr>\n<td>Minim\u00e1lis vil\u00e1g\u00edt\u00e1s<\/td>\n<td>0,001 lux<\/td>\n<td>\n<div>\n<div>Megfigyel\u00e9s sz\u00fcrk\u00fcletben<\/div>\n<\/div>\n<\/td>\n<\/tr>\n<tr>\n<td>Dioptri\u00e1s korrekci\u00f3<\/td>\n<td>\u00b15 D<\/td>\n<td>\n<div>\n<div>L\u00e1t\u00e1ss\u00e9r\u00fclt felhaszn\u00e1l\u00f3k sz\u00e1m\u00e1ra<\/div>\n<\/div>\n<\/td>\n<\/tr>\n<tr>\n<td>Mechanikai ellen\u00e1ll\u00e1s<\/td>\n<td>6000 J<\/td>\n<td>\n<div>\n<div>Er\u0151sebb kaliberekhez alkalmas<\/div>\n<\/div>\n<\/td>\n<\/tr>\n<tr>\n<td>A v\u00e9delem szintje<\/td>\n<td>IP67<\/td>\n<td>V\u00edzhatlan<\/td>\n<\/tr>\n<tr>\n<td>Akkumul\u00e1tor t\u00edpusa<\/td>\n<td>18650 L\u00edtium-ion<\/td>\n<td>Cser\u00e9lhet\u0151<\/td>\n<\/tr>\n<tr>\n<td>Akkumul\u00e1tor \u00fczemid\u0151<\/td>\n<td>6\u20138 \u00f3ra<\/td>\n<td>\n<div>\n<div>Az IR \u00e9s m\u00e1s funkci\u00f3k haszn\u00e1lat\u00e1t\u00f3l f\u00fcgg<\/div>\n<\/div>\n<\/td>\n<\/tr>\n<tr>\n<td>K\u00fcls\u0151 t\u00e1pegys\u00e9g<\/td>\n<td>USB Type-C<\/td>\n<td>\u2014<\/td>\n<\/tr>\n<tr>\n<td>Vide\u00f3 felbont\u00e1s<\/td>\n<td>1920 \u00d7 1080 k\u00e9ppont (max. 1600 \u00d7 1200 k\u00e9ppont)<\/td>\n<td>\n<div>\n<div>Lehet\u0151s\u00e9g microSD k\u00e1rty\u00e1ra r\u00f6gz\u00edteni (max. 128 GB)<\/div>\n<\/div>\n<\/td>\n<\/tr>\n<tr>\n<td>F\u00e9nyk\u00e9pek felbont\u00e1sa<\/td>\n<td>Max. 2560 \u00d7 1920 px<\/td>\n<td>\n<div>\n<div>Lehet\u0151s\u00e9g microSD k\u00e1rty\u00e1ra t\u00f6rt\u00e9n\u0151 r\u00f6gz\u00edt\u00e9sre (max. 128 GB)<\/div>\n<\/div>\n<\/td>\n<\/tr>\n<tr>\n<td>Wi-Fi<\/td>\n<td>Igen (a PardVision2 alkalmaz\u00e1ssal)<\/td>\n<td>\n<div>\n<div>\u00c9l\u0151 k\u00f6zvet\u00edt\u00e9s, vez\u00e9rl\u00e9s, adatlet\u00f6lt\u00e9s<\/div>\n<\/div>\n<\/td>\n<\/tr>\n<tr>\n<td>HDMI kimenet<\/td>\n<td>Igen<\/td>\n<td>\n<div>\n<div>K\u00fcls\u0151 monitor csatlakoztat\u00e1sa<\/div>\n<\/div>\n<\/td>\n<\/tr>\n<tr>\n<td>Tov\u00e1bbi funkci\u00f3k<\/td>\n<td>Giroszk\u00f3p, elektronikus ir\u00e1nyt\u0171, r\u00fag\u00e1s\u00e9rz\u00e9kel\u00e9s, id\u0151b\u00e9lyeg, expoz\u00edci\u00f3kompenz\u00e1ci\u00f3<\/td>\n<td>\u2014<\/td>\n<\/tr>\n<tr>\n<td>M\u00e9retek<\/td>\n<td>K\u00f6r\u00fclbel\u00fcl 149 \u00d7 68 \u00d7 105 mm<\/td>\n<td>\n<div>\n<div>Kompakt kialak\u00edt\u00e1s<\/div>\n<\/div>\n<\/td>\n<\/tr>\n<tr>\n<td>S\u00faly<\/td>\n<td>K\u00f6r\u00fclbel\u00fcl 335\u2013397 g (akkumul\u00e1torral)<\/td>\n<td>\n<div>\n<div>K\u00f6nny\u0171 konstrukci\u00f3<\/div>\n<\/div>\n<\/td>\n<\/tr>\n<\/tbody>\n<\/table>\n<p>A m\u00e1rka hivatalos honlapja: <a href=\"https:\/\/pard.com\/product\/night-vision-clip-on-nv007sp2\">https:\/\/pard.com\/product\/night-vision-clip-on-nv007sp2<\/a><\/p>","protected":false},"excerpt":{"rendered":"<p>Digit\u00e1lis \u00e9jjell\u00e1t\u00f3 kompromisszumok n\u00e9lk\u00fcl. Fedezze fel a tisztas\u00e1g \u00faj szintj\u00e9t a PARD NV007SP2-vel. 4K \u00e9rz\u00e9kel\u0151vel, OLED kijelz\u0151vel \u00e9s nagy teljes\u00edtm\u00e9ny\u0171 infrav\u00f6r\u00f6s vil\u00e1g\u00edt\u00e1ssal felszerelve. Opcion\u00e1lis LRF a pontos ballisztikai sz\u00e1m\u00edt\u00e1sokhoz. Tart\u00f3s, k\u00f6nnyen haszn\u00e1lhat\u00f3 \u00e9s k\u00e9szen \u00e1ll minden kih\u00edv\u00e1sra.<\/p>","protected":false},"featured_media":21424,"template":"","meta":{"_gspb_post_css":""},"product_brand":[],"product_cat":[145,2313,328],"product_tag":[325,290,229,2315,352],"class_list":{"0":"post-21307","1":"product","2":"type-product","3":"status-publish","4":"has-post-thumbnail","6":"product_cat-nocne-videnie","7":"product_cat-termovizna-kamera","8":"product_cat-termovizne-predsadky","9":"product_tag-nocne-videnie","10":"product_tag-nv","11":"product_tag-pard","12":"product_tag-termovizna-kamera","13":"product_tag-termovizna-predsadka","15":"first","16":"instock","17":"sale","18":"taxable","19":"shipping-taxable","20":"purchasable","21":"product-type-simple"},"ct_brands":[],"_links":{"self":[{"href":"https:\/\/zbranebudai.sk\/hu\/wp-json\/wp\/v2\/product\/21307","targetHints":{"allow":["GET"]}}],"collection":[{"href":"https:\/\/zbranebudai.sk\/hu\/wp-json\/wp\/v2\/product"}],"about":[{"href":"https:\/\/zbranebudai.sk\/hu\/wp-json\/wp\/v2\/types\/product"}],"wp:featuredmedia":[{"embeddable":true,"href":"https:\/\/zbranebudai.sk\/hu\/wp-json\/wp\/v2\/media\/21424"}],"wp:attachment":[{"href":"https:\/\/zbranebudai.sk\/hu\/wp-json\/wp\/v2\/media?parent=21307"}],"wp:term":[{"taxonomy":"product_brand","embeddable":true,"href":"https:\/\/zbranebudai.sk\/hu\/wp-json\/wp\/v2\/product_brand?post=21307"},{"taxonomy":"product_cat","embeddable":true,"href":"https:\/\/zbranebudai.sk\/hu\/wp-json\/wp\/v2\/product_cat?post=21307"},{"taxonomy":"product_tag","embeddable":true,"href":"https:\/\/zbranebudai.sk\/hu\/wp-json\/wp\/v2\/product_tag?post=21307"}],"curies":[{"name":"wp","href":"https:\/\/api.w.org\/{rel}","templated":true}]}}