{"id":21306,"date":"2026-02-14T15:25:24","date_gmt":"2026-02-14T13:25:24","guid":{"rendered":"https:\/\/zbranebudai.sk\/?post_type=product&#038;p=21306"},"modified":"2026-04-29T13:15:00","modified_gmt":"2026-04-29T11:15:00","slug":"pard-nv007sp2-4k-940-nm-lrf-ejjellato-tartozek-hokamera-22x","status":"publish","type":"product","link":"https:\/\/zbranebudai.sk\/hu\/product\/pard-nv007sp2-4k-940-nm-lrf-prislusenstvo-pre-nocne-videnie-termovizna-kamera-22x\/","title":{"rendered":"Pard NV007SP2 4K 940 nm LRF \u00e9jjell\u00e1t\u00f3 \/ h\u0151kamer\u00e1s t\u00e1vcs\u0151 tartoz\u00e9k 2,2x"},"content":{"rendered":"<h3 data-start=\"373\" data-end=\"443\">PARD NV007SP2: \u00daj dimenzi\u00f3 az \u00e9jjell\u00e1t\u00f3 \u00e9s vad\u00e1szati ter\u00fcleten<\/h3>\n<p data-start=\"445\" data-end=\"759\">Bemutatkozik a PARD NV007SP2 \u2013 a digit\u00e1lis \u00e9jjell\u00e1t\u00f3 leg\u00fajabb gener\u00e1ci\u00f3ja, amely \u00faj hat\u00e1rokat feszeget a teljes s\u00f6t\u00e9ts\u00e9gben val\u00f3 l\u00e1that\u00f3s\u00e1g ter\u00e9n. Ez az innovat\u00edv adapter \u00e9s monokul\u00e1r vad\u00e1szoknak \u00e9s megfigyel\u0151knek k\u00e9sz\u00fclt, akiknek p\u00e1ratlan k\u00e9pmin\u0151s\u00e9gre, pontoss\u00e1gra \u00e9s megb\u00edzhat\u00f3s\u00e1gra van sz\u00fcks\u00e9g\u00fck minden f\u00e9nyviszony mellett.<\/p>\n<h4 data-start=\"761\" data-end=\"794\">Forradalom a k\u00e9pmin\u0151s\u00e9gben<\/h4>\n<p data-start=\"795\" data-end=\"1145\">A Heart Srdcom NV007SP2 egy nagy \u00e9rz\u00e9kenys\u00e9g\u0171, 4K CMOS \u00e9rz\u00e9kel\u0151 3840 x 2160 pixeles felbont\u00e1ssal. Ez hihetetlen\u00fcl r\u00e9szletes \u00e9s \u00e9les k\u00e9pet biztos\u00edt \u00e9jszaka (fekete-feh\u00e9r m\u00f3dban), valamint nappali f\u00e9nyben, ahol \u00e9l\u00e9nk sz\u00edneket reproduk\u00e1l. A 60 Hz-es k\u00e9pfriss\u00edt\u00e9si frekvenci\u00e1j\u00fa OLED kijelz\u0151 (1600 x 1200 pixeles felbont\u00e1s) val\u00f3s\u00e1gh\u0171bb \u00e9s kev\u00e9sb\u00e9 f\u00e1raszt\u00f3 megtekint\u00e9si \u00e9lm\u00e9nyt ny\u00fajt.<\/p>\n<h4 data-start=\"1147\" data-end=\"1210\">Pontoss\u00e1g integr\u00e1lt l\u00e9zeres t\u00e1vols\u00e1gm\u00e9r\u0151vel (LRF verzi\u00f3)<\/h4>\n<p data-start=\"1211\" data-end=\"1508\">Azok sz\u00e1m\u00e1ra, akik a maxim\u00e1lis precizit\u00e1st keresik, el\u00e9rhet\u0151 egy integr\u00e1lt l\u00e9zeres t\u00e1vols\u00e1gm\u00e9r\u0151vel (LRF) ell\u00e1tott v\u00e1ltozat is. Ez vill\u00e1mgyors \u00e9s pontos t\u00e1vols\u00e1gm\u00e9r\u00e9st tesz lehet\u0151v\u00e9 1000 m\u00e9terig. \u00cdgy l\u00e9tfontoss\u00e1g\u00fa inform\u00e1ci\u00f3khoz juthat a pontos l\u00f6v\u00e9sekhez, ami n\u00f6veli a hat\u00e9konys\u00e1got \u00e9s a sikert.<\/p>\n<h4 data-start=\"1510\" data-end=\"1547\">Rugalmas \u00e9s robusztus kialak\u00edt\u00e1s<\/h4>\n<p data-start=\"1548\" data-end=\"1930\">A PARD NV007SP2 val\u00f3ban sokoldal\u00fa. Gyorsan csatlakoztathat\u00f3 a megl\u00e9v\u0151 nappali t\u00e1vcs\u00f6ved okul\u00e1rj\u00e1hoz, \u00e9s teljes \u00e9rt\u00e9k\u0171 \u00e9jjell\u00e1t\u00f3v\u00e1 alak\u00edtja \u2013 \u00fajb\u00f3li c\u00e9lz\u00e1s n\u00e9lk\u00fcl! \u00d6nmag\u00e1ban, k\u00e9zi monokul\u00e1rk\u00e9nt is haszn\u00e1lhat\u00f3 a k\u00f6rnyezet megfigyel\u00e9s\u00e9re. Az IP67 besorol\u00e1s\u00fa, robusztus h\u00e1znak k\u00f6sz\u00f6nhet\u0151en v\u00edz\u00e1ll\u00f3, \u00e9s ak\u00e1r 6000 J-os visszar\u00fag\u00e1st is kib\u00edr, \u00edgy ide\u00e1lis nagyobb kaliberekhez.<\/p>\n<h4 data-start=\"1932\" data-end=\"1979\">Komplex funkci\u00f3k a modern vad\u00e1sz sz\u00e1m\u00e1ra<\/h4>\n<p data-start=\"1980\" data-end=\"2422\">Az NV007SP2 levehet\u0151 infrav\u00f6r\u00f6s megvil\u00e1g\u00edt\u00e1ssal van felszerelve (opcion\u00e1lis hull\u00e1mhossz: 850 nm nagy teljes\u00edtm\u00e9nyhez vagy 940 nm diszkr\u00e9t haszn\u00e1lathoz), amely kiv\u00e1l\u00f3 l\u00e1that\u00f3s\u00e1got biztos\u00edt m\u00e9g teljes s\u00f6t\u00e9ts\u00e9gben is. Tov\u00e1bbi intelligens funkci\u00f3k k\u00f6z\u00e9 tartozik az automatikus visszar\u00fag\u00e1s \u00e1ltal vez\u00e9relt felv\u00e9tel, a Wi-Fi kapcsolat az \u00e9l\u0151 k\u00f6zvet\u00edt\u00e9shez \u00e9s a PardVision2 alkalmaz\u00e1son kereszt\u00fcli vez\u00e9rl\u00e9shez, giroszk\u00f3p, elektronikus ir\u00e1nyt\u0171, valamint vide\u00f3- \u00e9s f\u00e9nyk\u00e9pfelv\u00e9tel microSD k\u00e1rty\u00e1ra.<\/p>\n<hr data-start=\"2424\" data-end=\"2427\" \/>\n<p data-start=\"2429\" data-end=\"2595\">A PARD NV007SP2 nem csup\u00e1n egy eszk\u00f6z, hanem egy megb\u00edzhat\u00f3 t\u00e1rs, amely lehet\u0151v\u00e9 teszi, hogy l\u00e1ssa, ami kor\u00e1bban rejtve volt, \u00e9s hogy magabiztosan \u00e9rje el c\u00e9ljait.<\/p>\n<table dir=\"ltr\" border=\"1\" cellspacing=\"0\" cellpadding=\"0\" data-sheets-root=\"1\" data-sheets-baot=\"1\">\n<colgroup>\n<col width=\"204\" \/>\n<col width=\"274\" \/>\n<col width=\"363\" \/><\/colgroup>\n<tbody>\n<tr>\n<td>Param\u00e9terek<\/td>\n<td>\u00c9rt\u00e9k<\/td>\n<td>Comment<\/td>\n<\/tr>\n<tr>\n<td>K\u00e9sz\u00fcl\u00e9k t\u00edpusa<\/td>\n<td>Digit\u00e1lis \u00e9jjell\u00e1t\u00f3 k\u00e9sz\u00fcl\u00e9k (adapter\/monokul\u00e1r)<\/td>\n<td>Kett\u0151s felhaszn\u00e1l\u00e1s<\/td>\n<\/tr>\n<tr>\n<td>\u00c9rz\u00e9kel\u0151<\/td>\n<td>4K CMOS<\/td>\n<td>Magas \u00e9rz\u00e9kenys\u00e9g, sz\u00ednes k\u00e9pek nappal<\/td>\n<\/tr>\n<tr>\n<td>\u00c9rz\u00e9kel\u0151 felbont\u00e1sa<\/td>\n<td>3840 x 2160 px<\/td>\n<td>\u00c9les \u00e9s r\u00e9szletes felv\u00e9telekhez<\/td>\n<\/tr>\n<tr>\n<td>Kijelz\u0151 felbont\u00e1sa<\/td>\n<td>OLED 1600 x 1200 px<\/td>\n<td>Tiszta \u00e9s g\u00f6rd\u00fcl\u00e9keny k\u00e9p<\/td>\n<\/tr>\n<tr>\n<td>K\u00e9pfriss\u00edt\u00e9si sebess\u00e9g<\/td>\n<td>60 Hz (vagy 30 Hz)<\/td>\n<td>Nagyobb k\u00e9p<\/td>\n<\/tr>\n<tr>\n<td>C\u00e9l<\/td>\n<td>20 mm<\/td>\n<td><\/td>\n<\/tr>\n<tr>\n<td>Optikai nagy\u00edt\u00e1s<\/td>\n<td>1x \/ 2,2x<\/td>\n<td><\/td>\n<\/tr>\n<tr>\n<td>Digit\u00e1lis zoom<\/td>\n<td>1\u20133x vagy 1\u20134x<\/td>\n<td><\/td>\n<\/tr>\n<tr>\n<td>IR reflektor<\/td>\n<td>Kivehet\u0151 (850 nm \/ 940 nm)<\/td>\n<td>\u00c1ll\u00edthat\u00f3 intenzit\u00e1s \u00e9s f\u00f3kusz, hat\u00f3t\u00e1vols\u00e1g 350 m<\/td>\n<\/tr>\n<tr>\n<td>L\u00e9zeres t\u00e1vols\u00e1gm\u00e9r\u0151 (LRF)<\/td>\n<td>Igen (opcion\u00e1lis verzi\u00f3)<\/td>\n<td>Hat\u00f3t\u00e1vols\u00e1g 1000 m\u00e9terig (1200 yard)<\/td>\n<\/tr>\n<tr>\n<td>Minim\u00e1lis f\u00e9ny\u00e9rz\u00e9kenys\u00e9g<\/td>\n<td>0,001 lux<\/td>\n<td>Megfigyel\u00e9s sz\u00fcrk\u00fcletben<\/td>\n<\/tr>\n<tr>\n<td>Dioptri\u00e1s korrekci\u00f3<\/td>\n<td>\u00b15 D<\/td>\n<td>L\u00e1t\u00e1ss\u00e9r\u00fclt felhaszn\u00e1l\u00f3knak<\/td>\n<\/tr>\n<tr>\n<td>Mechanikai ellen\u00e1ll\u00e1s<\/td>\n<td>6000 J<\/td>\n<td>Er\u0151s kaliberekhez alkalmas<\/td>\n<\/tr>\n<tr>\n<td>A v\u00e9delem szintje<\/td>\n<td>IP67<\/td>\n<td>V\u00edzhatlan<\/td>\n<\/tr>\n<tr>\n<td>Akkumul\u00e1tor t\u00edpusa<\/td>\n<td>18650 L\u00edtium-ion<\/td>\n<td>Cser\u00e9lhet\u0151<\/td>\n<\/tr>\n<tr>\n<td>Akkumul\u00e1tor \u00fczemid\u0151<\/td>\n<td>6\u20138 \u00f3ra<\/td>\n<td>Az IR \u00e9s egy\u00e9b funkci\u00f3k haszn\u00e1lat\u00e1t\u00f3l f\u00fcgg\u0151en<\/td>\n<\/tr>\n<tr>\n<td>K\u00fcls\u0151 t\u00e1pegys\u00e9g<\/td>\n<td>USB Type-C<\/td>\n<td><\/td>\n<\/tr>\n<tr>\n<td>Vide\u00f3 felbont\u00e1s<\/td>\n<td>1920\u00d71080 px (ak\u00e1r 1600\u00d71200 px)<\/td>\n<td>Lehet\u0151s\u00e9g van microSD k\u00e1rty\u00e1ra r\u00f6gz\u00edteni (max. 128 GB)<\/td>\n<\/tr>\n<tr>\n<td>F\u00e9nyk\u00e9pek felbont\u00e1sa<\/td>\n<td>Ak\u00e1r 2560x1920 px<\/td>\n<td>Lehet\u0151s\u00e9g microSD k\u00e1rty\u00e1ra t\u00f6rt\u00e9n\u0151 r\u00f6gz\u00edt\u00e9sre (max. 128 GB)<\/td>\n<\/tr>\n<tr>\n<td>Wi-Fi<\/td>\n<td>Igen (a PardVision2 alkalmaz\u00e1son kereszt\u00fcl)<\/td>\n<td>\u00c9l\u0151 k\u00f6zvet\u00edt\u00e9s, vez\u00e9rl\u00e9s, adatlet\u00f6lt\u00e9s<\/td>\n<\/tr>\n<tr>\n<td>HDMI kimenet<\/td>\n<td>Igen<\/td>\n<td>K\u00fcls\u0151 monitor csatlakoztat\u00e1s\u00e1hoz<\/td>\n<\/tr>\n<tr>\n<td>Tov\u00e1bbi funkci\u00f3k<\/td>\n<td>\n<div>\n<div>Giroszk\u00f3p, elektronikus ir\u00e1nyt\u0171, r\u00fag\u00e1s\u00e9rz\u00e9kel\u00e9s, id\u0151b\u00e9lyeg, expoz\u00edci\u00f3kompenz\u00e1ci\u00f3<\/div>\n<\/div>\n<\/td>\n<td><\/td>\n<\/tr>\n<tr>\n<td>M\u00e9retek<\/td>\n<td>K\u00f6r\u00fclbel\u00fcl 149 x 68 x 105 mm<\/td>\n<td>Kompakt kialak\u00edt\u00e1s<\/td>\n<\/tr>\n<tr>\n<td>S\u00faly<\/td>\n<td>K\u00f6r\u00fclbel\u00fcl 335\u2013397 g (akkumul\u00e1torral)<\/td>\n<td>K\u00f6nny\u0171 konstrukci\u00f3<\/td>\n<\/tr>\n<\/tbody>\n<\/table>\n<p>Hivatalos term\u00e9k weboldal: <a href=\"https:\/\/pard.com\/product\/night-vision-clip-on-nv007sp2#spec\">https:\/\/pard.com\/product\/night-vision-clip-on-nv007sp2#spec<\/a><\/p>","protected":false},"excerpt":{"rendered":"<h3 data-start=\"39\" data-end=\"106\">Digit\u00e1lis \u00e9jjell\u00e1t\u00f3 kompromisszumok n\u00e9lk\u00fcl<\/h3>\n<p data-start=\"107\" data-end=\"366\">Fedezze fel a PARD NV007SP2 \u00faj szintre emelt k\u00e9p\u00e9less\u00e9g\u00e9t! 4K szenzorral, OLED kijelz\u0151vel \u00e9s nagy teljes\u00edtm\u00e9ny\u0171 IR vil\u00e1g\u00edt\u00e1ssal. Opcion\u00e1lis LRF a pontos ballisztikai sz\u00e1m\u00edt\u00e1sokhoz. Strapab\u00edr\u00f3, k\u00f6nnyen haszn\u00e1lhat\u00f3 \u00e9s k\u00e9szen \u00e1ll minden kih\u00edv\u00e1sra.<\/p>\n<hr data-start=\"368\" data-end=\"371\" \/>","protected":false},"featured_media":21420,"template":"","meta":{"_gspb_post_css":""},"product_brand":[],"product_cat":[145,2313,328],"product_tag":[325,290,229,2315,352],"class_list":{"0":"post-21306","1":"product","2":"type-product","3":"status-publish","4":"has-post-thumbnail","6":"product_cat-nocne-videnie","7":"product_cat-termovizna-kamera","8":"product_cat-termovizne-predsadky","9":"product_tag-nocne-videnie","10":"product_tag-nv","11":"product_tag-pard","12":"product_tag-termovizna-kamera","13":"product_tag-termovizna-predsadka","15":"first","16":"instock","17":"sale","18":"taxable","19":"shipping-taxable","20":"purchasable","21":"product-type-simple"},"ct_brands":[],"_links":{"self":[{"href":"https:\/\/zbranebudai.sk\/hu\/wp-json\/wp\/v2\/product\/21306","targetHints":{"allow":["GET"]}}],"collection":[{"href":"https:\/\/zbranebudai.sk\/hu\/wp-json\/wp\/v2\/product"}],"about":[{"href":"https:\/\/zbranebudai.sk\/hu\/wp-json\/wp\/v2\/types\/product"}],"wp:featuredmedia":[{"embeddable":true,"href":"https:\/\/zbranebudai.sk\/hu\/wp-json\/wp\/v2\/media\/21420"}],"wp:attachment":[{"href":"https:\/\/zbranebudai.sk\/hu\/wp-json\/wp\/v2\/media?parent=21306"}],"wp:term":[{"taxonomy":"product_brand","embeddable":true,"href":"https:\/\/zbranebudai.sk\/hu\/wp-json\/wp\/v2\/product_brand?post=21306"},{"taxonomy":"product_cat","embeddable":true,"href":"https:\/\/zbranebudai.sk\/hu\/wp-json\/wp\/v2\/product_cat?post=21306"},{"taxonomy":"product_tag","embeddable":true,"href":"https:\/\/zbranebudai.sk\/hu\/wp-json\/wp\/v2\/product_tag?post=21306"}],"curies":[{"name":"wp","href":"https:\/\/api.w.org\/{rel}","templated":true}]}}