{"id":21304,"date":"2026-02-14T15:25:24","date_gmt":"2026-02-14T13:25:24","guid":{"rendered":"https:\/\/zbranebudai.sk\/?post_type=product&#038;p=21304"},"modified":"2026-04-29T13:16:27","modified_gmt":"2026-04-29T11:16:27","slug":"pard-nv007sp2-4k-850-nm-lrf-cserelheto-hokameras-ejjellato-1x","status":"publish","type":"product","link":"https:\/\/zbranebudai.sk\/hu\/product\/pard-nv007sp2-4k-850-nm-lrf-nahradna-termalna-kamera-pre-nocne-videnie-1x\/","title":{"rendered":"Pard NV007SP2 4K 850 nm LRF csere\/h\u0151kamer\u00e1s \u00e9jjell\u00e1t\u00f3 1x"},"content":{"rendered":"<p><strong>Pard NV007SP2 4K 850 nm LRF p\u00f3talkatr\u00e9sz\/h\u0151kamer\u00e1s t\u00e1vcs\u0151, optikai zoom: <\/strong>1x<\/p>\n<p data-start=\"0\" data-end=\"338\"><strong data-start=\"0\" data-end=\"32\">Bemutatkozik a PARD NV007SP2<\/strong> \u2013 a digit\u00e1lis \u00e9jjell\u00e1t\u00f3 k\u00e9sz\u00fcl\u00e9kek leg\u00fajabb gener\u00e1ci\u00f3ja, amelyek a l\u00e1that\u00f3s\u00e1g hat\u00e1rait feszegetik teljes s\u00f6t\u00e9ts\u00e9gben. Ez az innovat\u00edv c\u00e9lt\u00e1vcs\u0151- \u00e9s monokul\u00e1r-kieg\u00e9sz\u00edt\u0151 vad\u00e1szok \u00e9s megfigyel\u0151k sz\u00e1m\u00e1ra k\u00e9sz\u00fclt, akik p\u00e1ratlan k\u00e9pmin\u0151s\u00e9get, pontoss\u00e1got \u00e9s megb\u00edzhat\u00f3s\u00e1got ig\u00e9nyelnek minden f\u00e9nyviszony mellett.<\/p>\n<p data-start=\"340\" data-end=\"730\"><strong data-start=\"340\" data-end=\"371\">Forradalom a k\u00e9pmin\u0151s\u00e9gben:<\/strong><br data-start=\"371\" data-end=\"374\" \/>Sz\u00edvvel <strong data-start=\"376\" data-end=\"388\">NV007SP2<\/strong> nagyon \u00e9rz\u00e9keny <strong data-start=\"418\" data-end=\"437\">4K CMOS szenzor<\/strong> 3840 x 2160 pixeles felbont\u00e1ssal. Ez az \u00e9rz\u00e9kel\u0151 hihetetlen\u00fcl r\u00e9szletgazdag \u00e9s \u00e9les k\u00e9peket biztos\u00edt nemcsak \u00e9jszaka (fekete-feh\u00e9r m\u00f3dban), hanem nappal is, \u00e9l\u00e9nk sz\u00ednekkel. <strong data-start=\"607\" data-end=\"656\">OLED kijelz\u0151 60 Hz-es k\u00e9pfriss\u00edt\u00e9si gyakoris\u00e1ggal<\/strong> (1600 x 1200 px) m\u00e9g val\u00f3s\u00e1gh\u0171bb \u00e9s kev\u00e9sb\u00e9 f\u00e1raszt\u00f3 megtekint\u00e9si \u00e9lm\u00e9nyt ny\u00fajt.<\/p>\n<p data-start=\"732\" data-end=\"1108\"><strong data-start=\"732\" data-end=\"795\">Pontoss\u00e1g integr\u00e1lt l\u00e9zert\u00e1vols\u00e1gm\u00e9r\u0151vel (LRF verzi\u00f3):<\/strong> A  oldalon.<br data-start=\"795\" data-end=\"798\" \/>azok sz\u00e1m\u00e1ra, akik a legnagyobb precizit\u00e1st keresik, egy felszerelt v\u00e1ltozat is rendelkez\u00e9sre \u00e1ll <strong data-start=\"861\" data-end=\"868\">LRF<\/strong>. A be\u00e9p\u00edtett l\u00e9zeres t\u00e1vols\u00e1gm\u00e9r\u0151 gyorsan \u00e9s pontosan m\u00e9rheti a c\u00e9lokat ak\u00e1r t\u00e1vols\u00e1gig <strong data-start=\"934\" data-end=\"950\">1000 m\u00e9ter<\/strong>. Ez fontos inform\u00e1ci\u00f3t ny\u00fajt a pontos l\u00f6v\u00e9sekhez, n\u00f6velve a hat\u00e9konys\u00e1got \u00e9s a sikert.<\/p>\n<p data-start=\"1110\" data-end=\"1579\"><strong data-start=\"1110\" data-end=\"1148\">Rugalmas \u00e9s tart\u00f3s kialak\u00edt\u00e1s:<\/strong><br data-start=\"1148\" data-end=\"1151\" \/><strong data-start=\"1153\" data-end=\"1170\">PARD NV007SP2<\/strong> val\u00f3ban univerz\u00e1lis. M\u00e1sodpercek alatt r\u00f6gz\u00edtheti a megl\u00e9v\u0151 nappali t\u00e1vcs\u00f6v okul\u00e1rj\u00e1ra, \u00e9s teljes \u00e9rt\u00e9k\u0171 \u00e9jjell\u00e1t\u00f3v\u00e1 alak\u00edthatja \u2013 <strong data-start=\"1305\" data-end=\"1329\">\u00fajra be\u00e1ll\u00edt\u00e1s n\u00e9lk\u00fcl!<\/strong> Szint\u00e9n haszn\u00e1lhat\u00f3 <strong data-start=\"1351\" data-end=\"1380\">mint \u00f6n\u00e1ll\u00f3, k\u00e9zi monokul\u00e1r<\/strong> megfigyel\u00e9shez. Robusztus fel\u00e9p\u00edt\u00e9s\u00e9nek k\u00f6sz\u00f6nhet\u0151en v\u00edz\u00e1ll\u00f3 <strong data-start=\"1449\" data-end=\"1457\">IP67<\/strong> \u00e9s kib\u00edrja a visszar\u00fag\u00e1st am\u00edg <strong data-start=\"1504\" data-end=\"1514\" data-is-only-node=\"\">6000 J<\/strong>, ami ide\u00e1liss\u00e1 teszi er\u0151sebb kaliberekhez.<\/p>\n<p data-start=\"1581\" data-end=\"1862\"><strong data-start=\"1581\" data-end=\"1621\">Komplex funkci\u00f3k a modern vad\u00e1sz sz\u00e1m\u00e1ra:<\/strong><br data-start=\"1621\" data-end=\"1624\" \/><strong data-start=\"1627\" data-end=\"1639\">NV007SP2<\/strong> levehet\u0151vel van felszerelve <strong data-start=\"1649\" data-end=\"1668\">IR megvil\u00e1g\u00edt\u00e1ssal<\/strong> (opcion\u00e1lis hull\u00e1mhossz: 850 nm a nagyobb teljes\u00edtm\u00e9ny\u00e9rt vagy 940 nm a rejtettebb m\u0171k\u00f6d\u00e9shez), ami kiv\u00e1l\u00f3 l\u00e1that\u00f3s\u00e1got biztos\u00edt m\u00e9g teljes s\u00f6t\u00e9ts\u00e9gben is.<br data-start=\"1835\" data-end=\"1838\" \/>Tov\u00e1bbi intelligens funkci\u00f3k:<\/p>\n<ul data-start=\"1863\" data-end=\"2114\">\n<li data-start=\"1863\" data-end=\"1917\">\n<p data-start=\"1865\" data-end=\"1917\"><strong data-start=\"1890\" data-end=\"1914\">automatikus felt\u00f6lt\u00e9s<\/strong> visszar\u00fag\u00e1ssal aktiv\u00e1l\u00f3dik,<\/p>\n<\/li>\n<li data-start=\"1918\" data-end=\"2015\">\n<p data-start=\"1920\" data-end=\"2015\"><strong data-start=\"1920\" data-end=\"1939\">Wi-Fi kapcsolat<\/strong> \u00e9l\u0151 k\u00f6zvet\u00edt\u00e9shez \u00e9s alkalmaz\u00e1son kereszt\u00fcli vez\u00e9rl\u00e9shez <strong data-start=\"1961\" data-end=\"1976\">PardVision2<\/strong>,<\/p>\n<\/li>\n<li data-start=\"2016\" data-end=\"2034\">\n<p data-start=\"2018\" data-end=\"2034\"><strong data-start=\"2018\" data-end=\"2031\">giroszk\u00f3p<\/strong>,<\/p>\n<\/li>\n<li data-start=\"2035\" data-end=\"2053\">\n<p data-start=\"2037\" data-end=\"2053\"><strong data-start=\"2037\" data-end=\"2050\">elektronikus ir\u00e1nyt\u0171<\/strong>,<\/p>\n<\/li>\n<li data-start=\"2054\" data-end=\"2114\">\n<p data-start=\"2056\" data-end=\"2114\">Opci\u00f3 <strong data-start=\"2056\" data-end=\"2085\">vide\u00f3- \u00e9s f\u00e9nyk\u00e9pfelv\u00e9telek<\/strong> a microSD k\u00e1rty\u00e1ra.<\/p>\n<\/li>\n<\/ul>\n<p data-start=\"2116\" data-end=\"2276\" data-is-last-node=\"\" data-is-only-node=\"\"><strong data-start=\"2118\" data-end=\"2135\">PARD NV007SP2<\/strong> nem csup\u00e1n egy eszk\u00f6z, hanem egy megb\u00edzhat\u00f3 t\u00e1rs, amely seg\u00edt felismerni mindazt, ami eddig rejtve volt, \u00e9s magabiztosan el\u00e9rni c\u00e9ljait.<\/p>\n<table dir=\"ltr\" border=\"1\" cellspacing=\"0\" cellpadding=\"0\" data-sheets-root=\"1\" data-sheets-baot=\"1\">\n<colgroup>\n<col width=\"100\" \/>\n<col width=\"100\" \/>\n<col width=\"100\" \/><\/colgroup>\n<tbody>\n<tr>\n<td>Param\u00e9terek<\/td>\n<td>\u00c9rt\u00e9k<\/td>\n<td>Comment<\/td>\n<\/tr>\n<tr>\n<td>K\u00e9sz\u00fcl\u00e9k t\u00edpusa<\/td>\n<td>Digit\u00e1lis \u00e9jjell\u00e1t\u00f3 (t\u00e1vcs\u0151h\u00f6z\/monokul\u00e1rhoz csatlakoztathat\u00f3 adapter)<\/td>\n<td>\n<div>\n<div>Kett\u0151s felhaszn\u00e1l\u00e1s<\/div>\n<\/div>\n<\/td>\n<\/tr>\n<tr>\n<td>\u00c9rz\u00e9kel\u0151<\/td>\n<td>4K CMOS<\/td>\n<td>\n<div>\n<div>Magas \u00e9rz\u00e9kenys\u00e9g, sz\u00ednes k\u00e9pek nappal<\/div>\n<\/div>\n<\/td>\n<\/tr>\n<tr>\n<td>\u00c9rz\u00e9kel\u0151 felbont\u00e1sa<\/td>\n<td>3840 x 2160 px<\/td>\n<td>\n<div>\n<div>\u00c9les \u00e9s r\u00e9szletes felv\u00e9telekhez<\/div>\n<\/div>\n<\/td>\n<\/tr>\n<tr>\n<td>Kijelz\u0151 felbont\u00e1sa<\/td>\n<td>OLED 1600 x 1200 px<\/td>\n<td>\n<div>\n<div>A tiszta \u00e9s sima k\u00e9p\u00e9rt<\/div>\n<\/div>\n<\/td>\n<\/tr>\n<tr>\n<td>K\u00e9pfriss\u00edt\u00e9si sebess\u00e9g<\/td>\n<td>60 Hz (vagy 30 Hz)<\/td>\n<td>Nagyobb k\u00e9p<\/td>\n<\/tr>\n<tr>\n<td>C\u00e9l<\/td>\n<td>20 mm<\/td>\n<td>\u2013<\/td>\n<\/tr>\n<tr>\n<td>Optikai nagy\u00edt\u00e1s<\/td>\n<td>1x \/ 2,2x<\/td>\n<td>\u2013<\/td>\n<\/tr>\n<tr>\n<td>Digit\u00e1lis zoom<\/td>\n<td>1\u20133x vagy 1\u20134x<\/td>\n<td>\u2013<\/td>\n<\/tr>\n<tr>\n<td>IR vil\u00e1g\u00edt\u00e1s<\/td>\n<td>Levehet\u0151 (850 nm \/ 940 nm)<\/td>\n<td>\n<div>\n<div>\u00c1ll\u00edthat\u00f3 intenzit\u00e1s \u00e9s f\u00f3kusz, hat\u00f3t\u00e1vols\u00e1g ak\u00e1r 350 m<\/div>\n<\/div>\n<\/td>\n<\/tr>\n<tr>\n<td>L\u00e9zeres t\u00e1vols\u00e1gm\u00e9r\u0151 (LRF)<\/td>\n<td>Igen (opcion\u00e1lis verzi\u00f3)<\/td>\n<td>\n<div>\n<div>Hat\u00f3t\u00e1vols\u00e1g ak\u00e1r 1000 m\u00e9ter (1200 yard)<\/div>\n<\/div>\n<\/td>\n<\/tr>\n<tr>\n<td>Minim\u00e1lis vil\u00e1g\u00edt\u00e1s<\/td>\n<td>0,001 lux<\/td>\n<td>\n<div>\n<div>Sz\u00fcrk\u00fcleti megfigyel\u00e9shez<\/div>\n<\/div>\n<\/td>\n<\/tr>\n<tr>\n<td>Dioptri\u00e1s korrekci\u00f3<\/td>\n<td>\u00b15 D<\/td>\n<td>\n<div>\n<div>Alkalmazhat\u00f3 k\u00fcl\u00f6nf\u00e9le l\u00e1t\u00e1sprobl\u00e9m\u00e1kra<\/div>\n<\/div>\n<\/td>\n<\/tr>\n<tr>\n<td>Mechanikai ellen\u00e1ll\u00e1s<\/td>\n<td>6000 J<\/td>\n<td>\n<div>\n<div>Er\u0151teljes kaliberekhez alkalmas<\/div>\n<\/div>\n<\/td>\n<\/tr>\n<tr>\n<td>A v\u00e9delem szintje<\/td>\n<td>IP67<\/td>\n<td>V\u00edzhatlan<\/td>\n<\/tr>\n<tr>\n<td>Akkumul\u00e1tor t\u00edpusa<\/td>\n<td>18650 L\u00edtium-ion<\/td>\n<td>Cser\u00e9lhet\u0151<\/td>\n<\/tr>\n<tr>\n<td>Akkumul\u00e1tor \u00fczemid\u0151<\/td>\n<td>Ak\u00e1r 6\u20138 \u00f3ra<\/td>\n<td>\n<div>\n<div>Az IR \u00e9s a funkci\u00f3k haszn\u00e1lat\u00e1t\u00f3l f\u00fcgg\u0151en<\/div>\n<\/div>\n<\/td>\n<\/tr>\n<tr>\n<td>K\u00fcls\u0151 t\u00e1pegys\u00e9g<\/td>\n<td>USB Type-C<\/td>\n<td>\u2013<\/td>\n<\/tr>\n<tr>\n<td>Vide\u00f3 felbont\u00e1s<\/td>\n<td>1920\u00d71080 px (ak\u00e1r 1600\u00d71200 px)<\/td>\n<td>\n<div>\n<div>microSD k\u00e1rtya t\u00e1rhely (max. 128 GB)<\/div>\n<\/div>\n<\/td>\n<\/tr>\n<tr>\n<td>F\u00e9nyk\u00e9pek felbont\u00e1sa<\/td>\n<td>Ak\u00e1r 2560x1920 px<\/td>\n<td>\n<div>\n<div>microSD k\u00e1rtya t\u00e1rhely (max. 128 GB)<\/div>\n<\/div>\n<\/td>\n<\/tr>\n<tr>\n<td>Wi-Fi<\/td>\n<td>Igen (a PardVision2 alkalmaz\u00e1son kereszt\u00fcl)<\/td>\n<td>\n<div>\n<div>\u00c9l\u0151 k\u00f6zvet\u00edt\u00e9s, vez\u00e9rl\u00e9s, adatlet\u00f6lt\u00e9s<\/div>\n<\/div>\n<\/td>\n<\/tr>\n<tr>\n<td>HDMI kimenet<\/td>\n<td>Igen<\/td>\n<td>\n<div>\n<div>Csatlakoztat\u00e1s k\u00fcls\u0151 monitorhoz<\/div>\n<\/div>\n<\/td>\n<\/tr>\n<tr>\n<td>Tov\u00e1bbi funkci\u00f3k<\/td>\n<td>Giroszk\u00f3p, elektronikus ir\u00e1nyt\u0171, r\u00fag\u00e1s\u00e9rz\u00e9kel\u00e9s, id\u0151b\u00e9lyeg, expoz\u00edci\u00f3kompenz\u00e1ci\u00f3<\/td>\n<td>\u2013<\/td>\n<\/tr>\n<tr>\n<td>M\u00e9retek<\/td>\n<td>K\u00f6r\u00fclbel\u00fcl 149 x 68 x 105 mm<\/td>\n<td>\n<div>\n<div>Kompakt kialak\u00edt\u00e1s<\/div>\n<\/div>\n<\/td>\n<\/tr>\n<tr>\n<td>S\u00faly<\/td>\n<td>K\u00f6r\u00fclbel\u00fcl 335\u2013397 g (akkumul\u00e1torral egy\u00fctt)<\/td>\n<td>\n<div>\n<div>K\u00f6nny\u0171 konstrukci\u00f3<\/div>\n<\/div>\n<\/td>\n<\/tr>\n<\/tbody>\n<\/table>\n<p>Hivatalos term\u00e9k weboldal: <a href=\"https:\/\/pard.com\/product\/night-vision-clip-on-nv007sp2#spec\">https:\/\/pard.com\/product\/night-vision-clip-on-nv007sp2#spec<\/a><\/p>","protected":false},"excerpt":{"rendered":"<p><strong>Pard NV007SP2 4K 850 nm LRF \u00e9jjell\u00e1t\u00f3\/h\u0151kamera tartoz\u00e9k, optikai zoom: 1x<\/strong><\/p>\n<p>Fedezze fel az \u00e9less\u00e9g \u00faj szintj\u00e9t a <strong data-start=\"105\" data-end=\"122\">PARD NV007SP2<\/strong>, 4K \u00e9rz\u00e9kel\u0151vel, OLED kijelz\u0151vel \u00e9s nagy teljes\u00edtm\u00e9ny\u0171 infrav\u00f6r\u00f6s vil\u00e1g\u00edt\u00e1ssal felszerelt. L\u00e9zeres t\u00e1vols\u00e1gm\u00e9r\u0151 a prec\u00edz ballisztikai sz\u00e1m\u00edt\u00e1sokhoz. Tart\u00f3s, k\u00f6nnyen haszn\u00e1lhat\u00f3 \u00e9s k\u00e9szen \u00e1ll minden kih\u00edv\u00e1sra.<\/p>","protected":false},"featured_media":21420,"template":"","meta":{"_gspb_post_css":""},"product_brand":[],"product_cat":[145,2313,328],"product_tag":[325,290,229,2315,352],"class_list":{"0":"post-21304","1":"product","2":"type-product","3":"status-publish","4":"has-post-thumbnail","6":"product_cat-nocne-videnie","7":"product_cat-termovizna-kamera","8":"product_cat-termovizne-predsadky","9":"product_tag-nocne-videnie","10":"product_tag-nv","11":"product_tag-pard","12":"product_tag-termovizna-kamera","13":"product_tag-termovizna-predsadka","15":"first","16":"instock","17":"taxable","18":"shipping-taxable","19":"purchasable","20":"product-type-simple"},"ct_brands":[],"_links":{"self":[{"href":"https:\/\/zbranebudai.sk\/hu\/wp-json\/wp\/v2\/product\/21304","targetHints":{"allow":["GET"]}}],"collection":[{"href":"https:\/\/zbranebudai.sk\/hu\/wp-json\/wp\/v2\/product"}],"about":[{"href":"https:\/\/zbranebudai.sk\/hu\/wp-json\/wp\/v2\/types\/product"}],"wp:featuredmedia":[{"embeddable":true,"href":"https:\/\/zbranebudai.sk\/hu\/wp-json\/wp\/v2\/media\/21420"}],"wp:attachment":[{"href":"https:\/\/zbranebudai.sk\/hu\/wp-json\/wp\/v2\/media?parent=21304"}],"wp:term":[{"taxonomy":"product_brand","embeddable":true,"href":"https:\/\/zbranebudai.sk\/hu\/wp-json\/wp\/v2\/product_brand?post=21304"},{"taxonomy":"product_cat","embeddable":true,"href":"https:\/\/zbranebudai.sk\/hu\/wp-json\/wp\/v2\/product_cat?post=21304"},{"taxonomy":"product_tag","embeddable":true,"href":"https:\/\/zbranebudai.sk\/hu\/wp-json\/wp\/v2\/product_tag?post=21304"}],"curies":[{"name":"wp","href":"https:\/\/api.w.org\/{rel}","templated":true}]}}