{"id":21302,"date":"2026-02-14T15:25:24","date_gmt":"2026-02-14T13:25:24","guid":{"rendered":"https:\/\/zbranebudai.sk\/?post_type=product&#038;p=21302"},"modified":"2026-04-29T13:18:48","modified_gmt":"2026-04-29T11:18:48","slug":"pard-nv007sp2-4k-940-nm-ejjellato-tartozek-hokameras-tavcso-1x","status":"publish","type":"product","link":"https:\/\/zbranebudai.sk\/hu\/product\/pard-nv007sp2-4k-940-nm-prislusenstvo-pre-nocne-videnie-termovizna-kamera-1x\/","title":{"rendered":"Pard NV007SP2 4K 940 nm \u00e9jjell\u00e1t\u00f3\/h\u0151kamer\u00e1s tartoz\u00e9k 1x"},"content":{"rendered":"<p><strong>Pard NV007SP2 4K 940 nm \u00e9jjell\u00e1t\u00f3\/h\u0151kamer\u00e1s el\u0151t\u00e9t, optikai zoom: 1x<\/strong><\/p>\n<p><b>\u00daj dimenzi\u00f3<\/b> <b>l\u00e1t\u00e1si \u00e9s vad\u00e1szati ter\u00fcleten<\/b><\/p>\n<p><span style=\"font-weight: 400\">Bemutatkozik a PARD NV007SP2 \u2013 a digit\u00e1lis \u00e9jjell\u00e1t\u00f3 eszk\u00f6z\u00f6k leg\u00fajabb gener\u00e1ci\u00f3ja, amely a teljes s\u00f6t\u00e9ts\u00e9gben val\u00f3 l\u00e1that\u00f3s\u00e1got \u00faj szintre emeli. Ez az innovat\u00edv, c\u00e9lt\u00e1vcs\u0151re szerelhet\u0151 adapter \u00e9s monokul\u00e1r olyan vad\u00e1szok \u00e9s megfigyel\u0151k sz\u00e1m\u00e1ra k\u00e9sz\u00fclt, akik a lehet\u0151 legjobb k\u00e9pmin\u0151s\u00e9get, pontoss\u00e1got \u00e9s megb\u00edzhat\u00f3s\u00e1got keresik minden f\u00e9nyviszony mellett.<\/span><br \/>\n<b>Forradalmi min\u0151s\u00e9g<\/b> k\u00e9pe<\/p>\n<p><span style=\"font-weight: 400\">A Srdcom NV007SP2 egy nagy \u00e9rz\u00e9kenys\u00e9g\u0171, 3840 \u00d7 2160 pixeles felbont\u00e1s\u00fa 4K CMOS-\u00e9rz\u00e9kel\u0151. Ez hihetetlen\u00fcl r\u00e9szletes \u00e9s \u00e9les k\u00e9peket biztos\u00edt \u00e9jszaka fekete-feh\u00e9r \u00fczemm\u00f3dban, nappal pedig \u00e9l\u00e9nk sz\u00ednekben.<br \/>\nA 60 Hz-es k\u00e9pfriss\u00edt\u00e9si frekvenci\u00e1j\u00fa OLED kijelz\u0151 (1600 \u00d7 1200 px felbont\u00e1ssal) val\u00f3s\u00e1gh\u0171 \u00e9s szembar\u00e1t k\u00e9pet ny\u00fajt \u2013 ide\u00e1lis hosszabb megfigyel\u00e9shez.<\/span><br \/>\n<b>Rugalmas \u00e9s strapab\u00edr\u00f3 kialak\u00edt\u00e1s<\/b><\/p>\n<p><span style=\"font-weight: 400\">A PARD NV007SP2 rendk\u00edv\u00fcl sokoldal\u00fa:<\/span><\/p>\n<ul>\n<li style=\"font-weight: 400\"><span style=\"font-weight: 400\">K\u00f6r\u00fclbel\u00fcl m\u00e1sodpercek alatt r\u00f6gz\u00edthet\u0151 a megl\u00e9v\u0151 nappali c\u00e9lt\u00e1vcs\u0151 szemlencs\u00e9j\u00e9re, \u00e9s teljes \u00e9rt\u00e9k\u0171 \u00e9jjell\u00e1t\u00f3v\u00e1 alak\u00edtja \u2013 \u00fajraszab\u00e1lyoz\u00e1s n\u00e9lk\u00fcl.<\/span><\/li>\n<\/ul>\n<ul>\n<li style=\"font-weight: 400\"><span style=\"font-weight: 400\">K\u00e9zi monokul\u00e1rk\u00e9nt is haszn\u00e1lhat\u00f3 a k\u00f6rnyezet megfigyel\u00e9s\u00e9re. A robusztus, IP67-es v\u00e9detts\u00e9ggel rendelkez\u0151 kialak\u00edt\u00e1snak k\u00f6sz\u00f6nhet\u0151en a k\u00e9sz\u00fcl\u00e9k v\u00edz\u00e1ll\u00f3 \u00e9s ellen\u00e1ll a 6000 joule-os visszar\u00fag\u00e1snak, ami alkalmass\u00e1 teszi nagyobb kaliberekkel val\u00f3 haszn\u00e1latra.<\/span><\/li>\n<\/ul>\n<p><b>Teljes funkci\u00f3v\u00e1laszt\u00e9k a modern vad\u00e1szoknak<\/b><\/p>\n<p><span style=\"font-weight: 400\">Az NV007SP2 levehet\u0151 infrav\u00f6r\u00f6s vil\u00e1g\u00edt\u00e1ssal rendelkezik, amely 850 nm (nagy teljes\u00edtm\u00e9ny\u0171) vagy 940 nm (lopakod\u00f3) hull\u00e1mhosszt v\u00e1laszthat, kiv\u00e1l\u00f3 l\u00e1that\u00f3s\u00e1got biztos\u00edtva teljes s\u00f6t\u00e9ts\u00e9gben.<\/span><\/p>\n<p><span style=\"font-weight: 400\">Tov\u00e1bbi intelligens funkci\u00f3k k\u00f6z\u00e9 tartozik az automatikus visszar\u00fag\u00e1s aktiv\u00e1l\u00e1s\u00fa felv\u00e9tel, a Wi-Fi kapcsolat az \u00e9l\u0151 k\u00f6zvet\u00edt\u00e9shez \u00e9s az alkalmaz\u00e1son kereszt\u00fcli vez\u00e9rl\u00e9s <\/span><b>PardVision2<\/b><span style=\"font-weight: 400\">, giroszk\u00f3p, elektronikus ir\u00e1nyt\u0171, \u00e9s lehet\u0151s\u00e9g vide\u00f3k \u00e9s fot\u00f3k r\u00f6gz\u00edt\u00e9s\u00e9re microSD k\u00e1rty\u00e1ra.<\/span><\/p>\n<p><b>PARD NV007SP2<\/b><span style=\"font-weight: 400\"> nem csup\u00e1n egy eszk\u00f6z, hanem egy megb\u00edzhat\u00f3 t\u00e1rs, amely seg\u00edt felfedni a kor\u00e1bban rejtett dolgokat, \u00e9s magabiztosan el\u00e9rni c\u00e9ljait.<\/span><\/p>\n<table dir=\"ltr\" border=\"1\" cellspacing=\"0\" cellpadding=\"0\" data-sheets-root=\"1\" data-sheets-baot=\"1\">\n<colgroup>\n<col width=\"100\" \/>\n<col width=\"100\" \/>\n<col width=\"100\" \/><\/colgroup>\n<tbody>\n<tr>\n<td>Param\u00e9terek<\/td>\n<td>\u00c9rt\u00e9k<\/td>\n<td>Comment<\/td>\n<\/tr>\n<tr>\n<td>K\u00e9sz\u00fcl\u00e9k t\u00edpusa<\/td>\n<td>Digit\u00e1lis \u00e9jjell\u00e1t\u00f3 (ut\u00e1ngy\u00e1rtott \/ monokul\u00e1r)<\/td>\n<td>\n<div>\n<div>Kett\u0151s haszn\u00e1latra alkalmas<\/div>\n<\/div>\n<\/td>\n<\/tr>\n<tr>\n<td>\u00c9rz\u00e9kel\u0151<\/td>\n<td>4K CMOS<\/td>\n<td>\n<div>\n<div>Magas \u00e9rz\u00e9kenys\u00e9g, sz\u00ednes k\u00e9pek nappal<\/div>\n<\/div>\n<\/td>\n<\/tr>\n<tr>\n<td>\u00c9rz\u00e9kel\u0151 felbont\u00e1sa<\/td>\n<td>3840 \u00d7 2160 px<\/td>\n<td>\n<div>\n<div>\u00c9les \u00e9s r\u00e9szletes felv\u00e9telekhez<\/div>\n<\/div>\n<\/td>\n<\/tr>\n<tr>\n<td>Kijelz\u0151 felbont\u00e1sa<\/td>\n<td>OLED 1600 \u00d7 1200 px<\/td>\n<td>\n<div>\n<div>Tiszta, g\u00f6rd\u00fcl\u00e9keny kijelz\u0151<\/div>\n<\/div>\n<\/td>\n<\/tr>\n<tr>\n<td>K\u00e9pfriss\u00edt\u00e9si sebess\u00e9g<\/td>\n<td>60 Hz (vagy 30 Hz)<\/td>\n<td>\n<div>\n<div>Kellemes, g\u00f6rd\u00fcl\u00e9keny k\u00e9p, amely k\u00edm\u00e9li a szemet<\/div>\n<\/div>\n<\/td>\n<\/tr>\n<tr>\n<td>C\u00e9l<\/td>\n<td>20 mm<\/td>\n<td>\u2013<\/td>\n<\/tr>\n<tr>\n<td>Optikai nagy\u00edt\u00e1s<\/td>\n<td>1x \/ 2,2x<\/td>\n<td>\u2013<\/td>\n<\/tr>\n<tr>\n<td>Digit\u00e1lis zoom<\/td>\n<td>1\u20133x vagy 1\u20134x<\/td>\n<td>\u2013<\/td>\n<\/tr>\n<tr>\n<td>Infrav\u00f6r\u00f6s vil\u00e1g\u00edt\u00e1s (IR)<\/td>\n<td>Levehet\u0151 (850 nm \/ 940 nm)<\/td>\n<td>\n<div>\n<div>\u00c1ll\u00edthat\u00f3 intenzit\u00e1s \u00e9s f\u00f3kusz, hat\u00f3t\u00e1vols\u00e1g 350 m<\/div>\n<\/div>\n<\/td>\n<\/tr>\n<tr>\n<td>L\u00e9zeres t\u00e1vols\u00e1gm\u00e9r\u0151 (LRF)<\/td>\n<td>Igen (opcion\u00e1lis verzi\u00f3, keresse az LRF verzi\u00f3kat web\u00e1ruh\u00e1zunkban)<\/td>\n<td>\n<div>\n<div>Hat\u00f3t\u00e1vols\u00e1g ak\u00e1r 1000 m\u00e9ter (1200 yard)<\/div>\n<\/div>\n<\/td>\n<\/tr>\n<tr>\n<td>Minim\u00e1lis megvil\u00e1g\u00edt\u00e1si k\u00f6vetelm\u00e9nyek<\/td>\n<td>0,001 lux<\/td>\n<td>\n<div>\n<div>Sz\u00fcrk\u00fcletben val\u00f3 megfigyel\u00e9shez<\/div>\n<\/div>\n<\/td>\n<\/tr>\n<tr>\n<td>Dioptri\u00e1s korrekci\u00f3<\/td>\n<td>\u00b15 D<\/td>\n<td>\n<div>\n<div>L\u00e1t\u00e1ss\u00e9r\u00fclt felhaszn\u00e1l\u00f3knak<\/div>\n<\/div>\n<\/td>\n<\/tr>\n<tr>\n<td>Mechanikai ellen\u00e1ll\u00e1s<\/td>\n<td>6000 J<\/td>\n<td>\n<div>\n<div>Er\u0151sebb kaliberekhez alkalmas<\/div>\n<\/div>\n<\/td>\n<\/tr>\n<tr>\n<td>A v\u00e9delem szintje<\/td>\n<td>IP67<\/td>\n<td>Teljesen v\u00edz\u00e1ll\u00f3<\/td>\n<\/tr>\n<tr>\n<td>Akkumul\u00e1tor t\u00edpusa<\/td>\n<td>18650 L\u00edtium-ion<\/td>\n<td>Cser\u00e9lhet\u0151<\/td>\n<\/tr>\n<tr>\n<td>M\u0171k\u00f6d\u00e9si id\u0151<\/td>\n<td>Ak\u00e1r 6\u20138 \u00f3ra<\/td>\n<td>\n<div>\n<div>Az IR \u00e9s egy\u00e9b funkci\u00f3k haszn\u00e1lat\u00e1t\u00f3l f\u00fcgg\u0151en<\/div>\n<\/div>\n<\/td>\n<\/tr>\n<tr>\n<td>K\u00fcls\u0151 t\u00e1pegys\u00e9g<\/td>\n<td>USB Type-C<\/td>\n<td>\u2013<\/td>\n<\/tr>\n<tr>\n<td>Vide\u00f3 felbont\u00e1s<\/td>\n<td>1920 \u00d7 1080 px (ak\u00e1r 1600 \u00d7 1200 px)<\/td>\n<td>\n<div>\n<div>R\u00f6gz\u00edt\u00e9s microSD k\u00e1rty\u00e1ra (max. 128 GB)<\/div>\n<\/div>\n<\/td>\n<\/tr>\n<tr>\n<td>F\u00e9nyk\u00e9pek felbont\u00e1sa<\/td>\n<td>Ak\u00e1r 2560 \u00d7 1920 px<\/td>\n<td>\n<div>\n<div>R\u00f6gz\u00edt\u00e9s microSD k\u00e1rty\u00e1ra (max. 128 GB)<\/div>\n<\/div>\n<\/td>\n<\/tr>\n<tr>\n<td>Wi-Fi<\/td>\n<td>Igen (a PardVision2 alkalmaz\u00e1ssal)<\/td>\n<td>\n<div>\n<div>\u00c9l\u0151 k\u00f6zvet\u00edt\u00e9s, vez\u00e9rl\u00e9s, adatlet\u00f6lt\u00e9s<\/div>\n<\/div>\n<\/td>\n<\/tr>\n<tr>\n<td>HDMI kimenet<\/td>\n<td>Igen<\/td>\n<td>\n<div>\n<div>Csatlakoztat\u00e1s k\u00fcls\u0151 monitorhoz<\/div>\n<\/div>\n<\/td>\n<\/tr>\n<tr>\n<td>Tov\u00e1bbi funkci\u00f3k<\/td>\n<td>Giroszk\u00f3p, elektronikus ir\u00e1nyt\u0171, r\u00fag\u00e1s\u00e9rz\u00e9kel\u00e9s, id\u0151b\u00e9lyeg, expoz\u00edci\u00f3kompenz\u00e1ci\u00f3<\/td>\n<td>\u2013<\/td>\n<\/tr>\n<tr>\n<td>M\u00e9retek<\/td>\n<td>K\u00f6r\u00fclbel\u00fcl 149 \u00d7 68 \u00d7 105 mm<\/td>\n<td>Kompakt kialak\u00edt\u00e1s<\/td>\n<\/tr>\n<tr>\n<td>S\u00faly<\/td>\n<td>K\u00f6r\u00fclbel\u00fcl 335\u2013397 g (akkumul\u00e1torral egy\u00fctt)<\/td>\n<td>\n<div>\n<div>K\u00f6nny\u0171 konstrukci\u00f3<\/div>\n<\/div>\n<\/td>\n<\/tr>\n<\/tbody>\n<\/table>\n<p>Hivatalos term\u00e9k weboldal: <a href=\"https:\/\/pard.com\/product\/night-vision-clip-on-nv007sp2\">https:\/\/pard.com\/product\/night-vision-clip-on-nv007sp2<\/a><\/p>","protected":false},"excerpt":{"rendered":"<p><strong>Pard NV007SP2 4K 940nm p\u00f3t\/h\u0151kamera, optikai zoom: 1x<\/strong><\/p>\n<p><span style=\"font-weight: 400\">Fedezze fel a tisztas\u00e1g \u00faj szintj\u00e9t a PARD NV007SP2 k\u00e9sz\u00fcl\u00e9kkel. Az eszk\u00f6z fel van szerelve<\/span> <b>4K \u00e9rz\u00e9kel\u0151<\/b><span style=\"font-weight: 400\">, <\/span><b>OLED kijelz\u0151<\/b><span style=\"font-weight: 400\"> a <\/span><b>nagy teljes\u00edtm\u00e9ny\u0171 infrav\u00f6r\u00f6s vil\u00e1g\u00edt\u00e1ssal<\/b><span style=\"font-weight: 400\">. \u00c9n<\/span> <b>odoln\u00e9<\/b><span style=\"font-weight: 400\">, <\/span><b>k\u00f6nnyen haszn\u00e1lhat\u00f3<\/b> <span style=\"font-weight: 400\">\u00e9s felk\u00e9sz\u00fclt minden kih\u00edv\u00e1sra.<\/span><\/p>","protected":false},"featured_media":21404,"template":"","meta":{"_gspb_post_css":""},"product_brand":[],"product_cat":[145,2313,328],"product_tag":[325,290,229,2315,352],"class_list":{"0":"post-21302","1":"product","2":"type-product","3":"status-publish","4":"has-post-thumbnail","6":"product_cat-nocne-videnie","7":"product_cat-termovizna-kamera","8":"product_cat-termovizne-predsadky","9":"product_tag-nocne-videnie","10":"product_tag-nv","11":"product_tag-pard","12":"product_tag-termovizna-kamera","13":"product_tag-termovizna-predsadka","15":"first","16":"instock","17":"sale","18":"taxable","19":"shipping-taxable","20":"purchasable","21":"product-type-simple"},"ct_brands":[],"_links":{"self":[{"href":"https:\/\/zbranebudai.sk\/hu\/wp-json\/wp\/v2\/product\/21302","targetHints":{"allow":["GET"]}}],"collection":[{"href":"https:\/\/zbranebudai.sk\/hu\/wp-json\/wp\/v2\/product"}],"about":[{"href":"https:\/\/zbranebudai.sk\/hu\/wp-json\/wp\/v2\/types\/product"}],"wp:featuredmedia":[{"embeddable":true,"href":"https:\/\/zbranebudai.sk\/hu\/wp-json\/wp\/v2\/media\/21404"}],"wp:attachment":[{"href":"https:\/\/zbranebudai.sk\/hu\/wp-json\/wp\/v2\/media?parent=21302"}],"wp:term":[{"taxonomy":"product_brand","embeddable":true,"href":"https:\/\/zbranebudai.sk\/hu\/wp-json\/wp\/v2\/product_brand?post=21302"},{"taxonomy":"product_cat","embeddable":true,"href":"https:\/\/zbranebudai.sk\/hu\/wp-json\/wp\/v2\/product_cat?post=21302"},{"taxonomy":"product_tag","embeddable":true,"href":"https:\/\/zbranebudai.sk\/hu\/wp-json\/wp\/v2\/product_tag?post=21302"}],"curies":[{"name":"wp","href":"https:\/\/api.w.org\/{rel}","templated":true}]}}