{"id":21299,"date":"2026-02-14T15:25:24","date_gmt":"2026-02-14T13:25:24","guid":{"rendered":"https:\/\/zbranebudai.sk\/?post_type=product&#038;p=21299"},"modified":"2026-04-29T13:32:58","modified_gmt":"2026-04-29T11:32:58","slug":"pard-landsat-640-compact-cielovy-rozsah-45-70-850-nm","status":"publish","type":"product","link":"https:\/\/zbranebudai.sk\/hu\/product\/pard-landsat-640-compact-cielovy-rozsah-45-70-850-nm\/","title":{"rendered":"Pard LANDSAT 640 COMPACT cie\u013eov\u00fd rozsah 45\/70 850 nm"},"content":{"rendered":"<p><strong>Pu\u0161koh\u013ead Pard LANDSAT 640 COMPACT 45\/70 850<\/strong> <strong>nm<\/strong> <b>Ponorte sa do sveta lovu<\/b> <span style=\"font-weight: 400\">\u2013 s <\/span><b>termov\u00edznym pu\u0161koh\u013eadom<\/b> <span style=\"font-weight: 400\">m\u00f4\u017eete detekova\u0165 svoj cie\u013e z ve\u013ekej vzdialenosti a<\/span> <b>syst\u00e9m<\/b> <b>\u00e9jszakai l\u00e1t\u00e1s<\/b><span style=\"font-weight: 400\"> v\u00e1m umo\u017en\u00ed vidie\u0165 aj tie najmen\u0161ie detaily.<\/span><\/p>\n<p><span style=\"font-weight: 400\">Kulcsfontoss\u00e1g\u00fa jellemz\u0151k:<\/span><\/p>\n<ul>\n<li style=\"font-weight: 400\"><span style=\"font-weight: 400\">R\u00fdchle prep\u00ednanie medzi re\u017eimami termov\u00edzie a no\u010dn\u00e9ho videnia<\/span><\/li>\n<li style=\"font-weight: 400\"><span style=\"font-weight: 400\">Termov\u00edzny senzor: 640 \u00d7 512 px<\/span><\/li>\n<li style=\"font-weight: 400\"><span style=\"font-weight: 400\">Tepeln\u00e1 citlivos\u0165: \u2264 20 mK<\/span><\/li>\n<li style=\"font-weight: 400\"><span style=\"font-weight: 400\">Optick\u00fd modul no\u010dn\u00e9ho videnia: 2560 \u00d7 1440 px<\/span><\/li>\n<li style=\"font-weight: 400\"><span style=\"font-weight: 400\">Infra\u010derven\u00e9 osvetlenie: 850 nm<\/span><\/li>\n<li style=\"font-weight: 400\"><span style=\"font-weight: 400\">L\u00e9zeres t\u00e1vols\u00e1gm\u00e9r\u0151 ballisztikus sz\u00e1mol\u00f3g\u00e9ppel<\/span><\/li>\n<\/ul>\n<p><b>Inovat\u00edvny PARD LANDSAT 640 <\/b><span style=\"font-weight: 400\">je vybaven\u00fd termov\u00edznym senzorom s rozl\u00ed\u0161en\u00edm 640 \u00d7 512 px a <\/span><b>h\u0151m\u00e9rs\u00e9klet-\u00e9rz\u00e9kenys\u00e9g<\/b> <b>\u2264 20 mK NETD<\/b><span style=\"font-weight: 400\">. <\/span><b>optick\u00fdm modulom no\u010dn\u00e9ho videnia s rozl\u00ed\u0161en\u00edm<\/b> <b>2560 \u00d7 1440 px<\/b> <span style=\"font-weight: 400\">a<\/span> <b>infra\u010derven\u00fdm osvetlen\u00edm<\/b> <b>850 nm<\/b><span style=\"font-weight: 400\">, \u010do umo\u017e\u0148uje presn\u00fa identifik\u00e1ciu cie\u013ea.<\/span><\/p>\n<p><b>Kombin\u00e1cia<\/b> <b>termov\u00edznej kamery a optick\u00e9ho modulu<\/b> <span style=\"font-weight: 400\">lehet\u0151v\u00e9 tette <\/span><b>prep\u00edna\u0165 medzi pln\u00fdm termov\u00edznym zobrazen\u00edm a no\u010dn\u00fdm viden\u00edm<\/b><span style=\"font-weight: 400\">, alebo dokonca<\/span> <b>zobrazi\u0165 oba re\u017eimy s\u00fa\u010dasne<\/b> <span style=\"font-weight: 400\">pomocou funkcie<\/span> <b>K\u00e9p a k\u00e9pben (PIP)<\/b><span style=\"font-weight: 400\">. Toto rie\u0161enie v\u00fdrazne <\/span><b>u\u013eah\u010duje detekciu a identifik\u00e1ciu zveri<\/b><span style=\"font-weight: 400\">, preto\u017ee kombin\u00e1cia t\u00fdchto dvoch technol\u00f3gi\u00ed kompenzuje vz\u00e1jomn\u00e9 obmedzenia a<\/span> <b>lehet\u0151v\u00e9 tette<\/b> <span style=\"font-weight: 400\">tak <\/span><b>maxim\u00e1lne vyu\u017ei\u0165 jedno zariadenie<\/b><span style=\"font-weight: 400\">.<\/span><\/p>\n<p><b>L\u00e9zeres t\u00e1vols\u00e1gm\u00e9r\u0151 (LRF)<\/b><span style=\"font-weight: 400\"> a<\/span> <b>ballisztikus sz\u00e1mol\u00f3g\u00e9p<\/b><span style=\"font-weight: 400\"> umo\u017e\u0148uj\u00fa lovcovi <\/span><b>gyorsan \u00e9s pontosan meghat\u00e1rozni a c\u00e9lpont t\u00e1vols\u00e1g\u00e1t<\/b><span style=\"font-weight: 400\">, \u010d\u00edm sa zni\u017euje riziko ne\u00faspe\u0161n\u00fdch v\u00fdstrelov \u2013 najm\u00e4 v nezn\u00e1mom ter\u00e9ne, kde je odhad vzdialenosti zalo\u017een\u00fd v\u00fdlu\u010dne na termov\u00edzii \u010dasto n\u00e1ro\u010dn\u00fd.<\/span><\/p>\n<p><b>IR vil\u00e1g\u00edt\u00e1s<\/b> <b>850 nm<\/b> A <span style=\"font-weight: 400\">pre zvierat\u00e1<\/span> <b>nevidite\u013en\u00e9<\/b> <span style=\"font-weight: 400\">a pre va\u0161e pohodlie ho<\/span> <b>mo\u017eno nastavi\u0165 na tri \u00farovne<\/b><span style=\"font-weight: 400\">.<\/span><\/p>\n<p><span style=\"font-weight: 400\">K\u00f6sz\u00f6nhet\u0151en <\/span><b>45 mm objekt\u00edvu<\/b> <span style=\"font-weight: 400\">poskytuje termov\u00edzny modul<\/span> <b>detek\u010dn\u00fd dosah a\u017e 1800 metrov<\/b><span style=\"font-weight: 400\">, zatia\u013e \u010do digit\u00e1lny modul m\u00e1 dosah <\/span><b>400 m\u00e9ter<\/b><span style=\"font-weight: 400\">.<\/span><\/p>\n<p><b>Kruhov\u00fd IPS LCD displej<\/b> <span style=\"font-weight: 400\">- <\/span><b>\u00e1ll\u00e1sfoglal\u00e1s<\/b> <b>800 \u00d7 800 px<\/b> <span style=\"font-weight: 400\">poskytuje vynikaj\u00facu kvalitu obrazu a pon\u00faka<\/span> <b>klasick\u00fd z\u00e1\u017eitok z pu\u0161koh\u013eadu s maxim\u00e1lnym zorn\u00fdm po\u013eom<\/b><span style=\"font-weight: 400\">. Displej poskytuje<\/span> <b>jasn\u00fd obraz s vysok\u00fdm kontrastom<\/b> <span style=\"font-weight: 400\">a extra \u0161irok\u00fdm uhlom poh\u013eadu pre lep\u0161\u00ed pocit priestoru. V\u010faka r\u00fdchlej odozve p\u00f4sob\u00ed<\/span> <b>prirodzene<\/b><span style=\"font-weight: 400\">, podobne ako tradi\u010dn\u00e1 denn\u00e1 optika.<\/span><\/p>\n<p><span style=\"font-weight: 400\">Miut\u00e1n beillesztette<\/span> <b>karty microSD<\/b> <span style=\"font-weight: 400\">(max. 128 GB, nie je s\u00fa\u010das\u0165ou balenia) je mo\u017en\u00e9 zariadenie <\/span><b>pou\u017e\u00edva\u0165 na sn\u00edmanie fotografi\u00ed a vide\u00ed<\/b><span style=\"font-weight: 400\">. Medzi ve\u013emi u\u017eito\u010dn\u00e9 funkcie patr\u00ed <\/span><b>automatick\u00e9 nahr\u00e1vanie po fotografovan\u00ed<\/b><span style=\"font-weight: 400\">, ako aj<\/span> <b>okam\u017eit\u00e9 prehr\u00e1vanie alebo mazanie nahr\u00e1vok<\/b><span style=\"font-weight: 400\">. K po\u010d\u00edta\u010du sa d\u00e1 pripoji\u0165 cez<\/span> <b>v\u00fdstup<\/b> <b>USB-C<\/b><span style=\"font-weight: 400\">. Pu\u0161koh\u013ead m\u00e1<\/span> <b>IP67 v\u00e9delem<\/b> <span style=\"font-weight: 400\">(<\/span><b>plne vodotesn\u00fd do h\u013abky 1 meter po dobu 30 min\u00fat<\/b><span style=\"font-weight: 400\">). Nap\u00e1janie<\/span> <b>zabezpe\u010duje nab\u00edjate\u013en\u00e1 bat\u00e9ria 21700 s prev\u00e1dzkovou dobou<\/b> <span style=\"font-weight: 400\">ak\u00e1r <\/span><b>6 \u00f3ra<\/b><span style=\"font-weight: 400\">. <\/span><b>M\u00f3d<\/b> <b>Alv\u00e1s<\/b> <span style=\"font-weight: 400\">\u0161etr\u00ed energiu bat\u00e9rie a je mo\u017en\u00e9<\/span> <b>pripoji\u0165<\/b><span style=\"font-weight: 400\"> Tov\u00e1bb\u00e1<\/span> <b>powerbanku<\/b><span style=\"font-weight: 400\">.<\/span><\/p>\n<table dir=\"ltr\" border=\"1\" cellspacing=\"0\" cellpadding=\"0\" data-sheets-root=\"1\" data-sheets-baot=\"1\">\n<colgroup>\n<col width=\"100\" \/>\n<col width=\"100\" \/>\n<col width=\"100\" \/><\/colgroup>\n<tbody>\n<tr>\n<td>Kateg\u00f3ria<\/td>\n<td>H\u0151kameramodul<\/td>\n<td>Digit\u00e1lis modul<\/td>\n<\/tr>\n<tr>\n<td>\u00c9rz\u00e9kel\u0151 felbont\u00e1sa<\/td>\n<td>640 \u00d7 512 px<\/td>\n<td>2560 \u00d7 1440 px<\/td>\n<\/tr>\n<tr>\n<td>H\u0151\u00e9rz\u00e9kenys\u00e9g<\/td>\n<td>\u2264 20 mK<\/td>\n<td>\u2013<\/td>\n<\/tr>\n<tr>\n<td>Infrav\u00f6r\u00f6s vil\u00e1g\u00edt\u00e1s<\/td>\n<td>\u2013<\/td>\n<td>850 nm<\/td>\n<\/tr>\n<tr>\n<td>Lencse<\/td>\n<td>45 mm<\/td>\n<td>50 \/ 70 mm<\/td>\n<\/tr>\n<tr>\n<td>\u00c9rz\u00e9kel\u00e9si t\u00e1vols\u00e1g<\/td>\n<td>1800 m<\/td>\n<td>400 m<\/td>\n<\/tr>\n<tr>\n<td>Optikai nagy\u00edt\u00e1s<\/td>\n<td>2,0\u00d7<\/td>\n<td>3 \u2013 4,3\u00d7<\/td>\n<\/tr>\n<tr>\n<td>Zorn\u00e9 pole (\u00b0)<\/td>\n<td>5,8\u00b0 \u00d7 5,8\u00b0<\/td>\n<td>2,6\u00b0 \u00d7 2,6\u00b0<\/td>\n<\/tr>\n<tr>\n<td>Kijelz\u0151 felbont\u00e1sa<\/td>\n<td>800 \u00d7 800 px<\/td>\n<td><\/td>\n<\/tr>\n<tr>\n<td>Wi-Fi<\/td>\n<td>Igen<\/td>\n<td><\/td>\n<\/tr>\n<tr>\n<td>Digit\u00e1lis zoom<\/td>\n<td>2\u00d7<\/td>\n<td><\/td>\n<\/tr>\n<tr>\n<td>Dioptri\u00e1s korrekci\u00f3<\/td>\n<td>-5D ~ +3D<\/td>\n<td><\/td>\n<\/tr>\n<tr>\n<td>Fot\u00f3z\u00e1s opci\u00f3<\/td>\n<td>Igen<\/td>\n<td><\/td>\n<\/tr>\n<tr>\n<td>Vide\u00f3felv\u00e9teli k\u00e9pess\u00e9g<\/td>\n<td>Igen<\/td>\n<td><\/td>\n<\/tr>\n<tr>\n<td>A v\u00e9delem szintje<\/td>\n<td>IP67<\/td>\n<td><\/td>\n<\/tr>\n<tr>\n<td>T\u00e1rol\u00e1s<\/td>\n<td>\n<div>\n<div>microSD, max. 128 GB<\/div>\n<\/div>\n<\/td>\n<td><\/td>\n<\/tr>\n<tr>\n<td>\u00dczemi h\u0151m\u00e9rs\u00e9klet<\/td>\n<td>-20 \u00b0C \u2013 +50 \u00b0C<\/td>\n<td><\/td>\n<\/tr>\n<tr>\n<td>Akkumul\u00e1tor<\/td>\n<td>1 \u00d7 Li-ion 21700<\/td>\n<td><\/td>\n<\/tr>\n<tr>\n<td>Az akkumul\u00e1tor \u00fczemideje<\/td>\n<td>Ak\u00e1r 6 \u00f3ra<\/td>\n<td><\/td>\n<\/tr>\n<tr>\n<td>S\u00faly<\/td>\n<td>720 g<\/td>\n<td><\/td>\n<\/tr>\n<tr>\n<td>M\u00e9retek (H \u00d7 W \u00d7 D)<\/td>\n<td>\n<div>\n<div>265 \u00d7 92 \u00d7 90 mm<\/div>\n<\/div>\n<\/td>\n<td><\/td>\n<\/tr>\n<\/tbody>\n<\/table>\n<p data-start=\"52\" data-end=\"74\"><strong data-start=\"52\" data-end=\"74\">A csomag tartalma:<\/strong><\/p>\n<ul>\n<li data-start=\"78\" data-end=\"136\">PARD LANDSAT 640 COMPACT 850 nm<\/li>\n<li data-start=\"78\" data-end=\"136\">1 nab\u00edjate\u013en\u00e1 bat\u00e9ria 21700<\/li>\n<li data-start=\"182\" data-end=\"205\">1 ochrann\u00e9 neopr\u00e9nov\u00e9 puzdro<\/li>\n<li data-start=\"208\" data-end=\"233\">1 mont\u00e1\u017ena konzola<\/li>\n<li data-start=\"236\" data-end=\"254\">1 k\u00e1bel USB-C<\/li>\n<li data-start=\"257\" data-end=\"274\">1 okul\u00e1r<\/li>\n<li data-start=\"277\" data-end=\"309\">Haszn\u00e1lati utas\u00edt\u00e1s<\/li>\n<\/ul>\n<p>Hivatalos term\u00e9k weboldal: <a href=\"https:\/\/pard.com\/product\/multi-spectral-scope-landsat-compact\">https:\/\/pard.com\/product\/multi-spectral-scope-landsat-compact<\/a><\/p>","protected":false},"excerpt":{"rendered":"<p><b>Ponorte sa do sveta lovu <\/b><span style=\"font-weight: 400\">\u2013 s <\/span><b>termov\u00edznym zameriava\u010dom <\/b><span style=\"font-weight: 400\">m\u00f4\u017eete svoj cie\u013e zisti\u0165 z ve\u013ekej vzdialenosti a <\/span><b>syst\u00e9m<\/b> <b>\u00e9jszakai l\u00e1t\u00e1s <\/b><span style=\"font-weight: 400\">v\u00e1m umo\u017en\u00ed vidie\u0165 aj tie najmen\u0161ie detaily.<\/span><\/p>","protected":false},"featured_media":21400,"template":"","meta":{"_gspb_post_css":""},"product_brand":[],"product_cat":[2753,2313],"product_tag":[297,229,324,2315],"class_list":{"0":"post-21299","1":"product","2":"type-product","3":"status-publish","4":"has-post-thumbnail","6":"product_cat-puskohlady","7":"product_cat-termovizna-kamera","8":"product_tag-landsat","9":"product_tag-pard","10":"product_tag-puskohlad","11":"product_tag-termovizna-kamera","13":"first","14":"outofstock","15":"taxable","16":"shipping-taxable","17":"purchasable","18":"product-type-simple"},"ct_brands":[],"_links":{"self":[{"href":"https:\/\/zbranebudai.sk\/hu\/wp-json\/wp\/v2\/product\/21299","targetHints":{"allow":["GET"]}}],"collection":[{"href":"https:\/\/zbranebudai.sk\/hu\/wp-json\/wp\/v2\/product"}],"about":[{"href":"https:\/\/zbranebudai.sk\/hu\/wp-json\/wp\/v2\/types\/product"}],"wp:featuredmedia":[{"embeddable":true,"href":"https:\/\/zbranebudai.sk\/hu\/wp-json\/wp\/v2\/media\/21400"}],"wp:attachment":[{"href":"https:\/\/zbranebudai.sk\/hu\/wp-json\/wp\/v2\/media?parent=21299"}],"wp:term":[{"taxonomy":"product_brand","embeddable":true,"href":"https:\/\/zbranebudai.sk\/hu\/wp-json\/wp\/v2\/product_brand?post=21299"},{"taxonomy":"product_cat","embeddable":true,"href":"https:\/\/zbranebudai.sk\/hu\/wp-json\/wp\/v2\/product_cat?post=21299"},{"taxonomy":"product_tag","embeddable":true,"href":"https:\/\/zbranebudai.sk\/hu\/wp-json\/wp\/v2\/product_tag?post=21299"}],"curies":[{"name":"wp","href":"https:\/\/api.w.org\/{rel}","templated":true}]}}