{"id":21298,"date":"2026-02-14T15:25:24","date_gmt":"2026-02-14T13:25:24","guid":{"rendered":"https:\/\/zbranebudai.sk\/?post_type=product&#038;p=21298"},"modified":"2026-04-29T13:34:28","modified_gmt":"2026-04-29T11:34:28","slug":"pard-night-stalker-4k-ex-850nm-lrf-tavcso-ejjellato","status":"publish","type":"product","link":"https:\/\/zbranebudai.sk\/hu\/product\/pard-night-stalker-4k-ex-850nm-lrf-puskohlad-s-nocnym-videnim\/","title":{"rendered":"Pard Night Stalker 4K EX 850nm LRF t\u00e1vcs\u0151 \u00e9jjell\u00e1t\u00f3val"},"content":{"rendered":"<p><strong>PARD \u00c9jjeli pirkadat 4K EX 850nm LRF \u00e9jszakai <\/strong>c\u00e9lt\u00e1vcs\u0151 <b>F\u0151 jellemz\u0151k:<\/b><\/p>\n<ul>\n<li style=\"font-weight: 400\"><b>4K \u00e9rz\u00e9kel\u0151 <\/b><span style=\"font-weight: 400\">3840 \u00d7 2160 felbont\u00e1ssal, 2,9 \u03bcm k\u00e9ppontm\u00e9rettel \u00e9s 0,001 lux f\u00e9ny\u00e9rz\u00e9kenys\u00e9ggel \u2013 val\u00f3di teljes\u00edtm\u00e9ny m\u00e9g gyenge f\u00e9nyviszonyok mellett is.<\/span><\/li>\n<li style=\"font-weight: 400\"><b>5,5-szeres optikai zoom<\/b><span style=\"font-weight: 400\"> (70 mm-es objekt\u00edv), 4-szeres digit\u00e1lis zoom \u00e9s m\u00f3d <\/span><b>PIP (K\u00e9p a k\u00e9pben) <\/b><span style=\"font-weight: 400\">a c\u00e9lra val\u00f3 nagy\u00edt\u00e1s.<\/span><\/li>\n<li style=\"font-weight: 400\"><b>Nagy felbont\u00e1s\u00fa OLED kijelz\u0151 2560 \u00d7 2560 <\/b><span style=\"font-weight: 400\">6 c\u00e9lkereszt t\u00edpussal \u00e9s 4 sz\u00ednopci\u00f3val.<\/span><\/li>\n<li style=\"font-weight: 400\"><b>Be\u00e9p\u00edtett l\u00e9zeres t\u00e1vols\u00e1gm\u00e9r\u0151 1000 m hat\u00f3t\u00e1vols\u00e1ggal<\/b><span style=\"font-weight: 400\">, ballisztikus sz\u00e1mol\u00f3g\u00e9p, giroszk\u00f3p \u00e9s expoz\u00edci\u00f3kompenz\u00e1ci\u00f3.<\/span><\/li>\n<li style=\"font-weight: 400\"><b>Recoil-aktiv\u00e1lt felv\u00e9tel<\/b><span style=\"font-weight: 400\">, automatikus hangfelv\u00e9tel, ciklikus (hurok) felv\u00e9tel \u00e9s id\u0151b\u00e9lyegz\u0151 funkci\u00f3.<\/span><\/li>\n<li style=\"font-weight: 400\"><b>Dupla akkumul\u00e1tor rendszer<\/b> (be\u00e9p\u00edtett 21700 akkumul\u00e1tor \u00e9s cser\u00e9lhet\u0151 18650 akkumul\u00e1tor) ak\u00e1r 14 \u00f3r\u00e1s folyamatos haszn\u00e1lathoz.<\/li>\n<\/ul>\n<table dir=\"ltr\" border=\"1\" cellspacing=\"0\" cellpadding=\"0\" data-sheets-root=\"1\" data-sheets-baot=\"1\">\n<colgroup>\n<col width=\"100\" \/>\n<col width=\"100\" \/>\n<col width=\"100\" \/><\/colgroup>\n<tbody>\n<tr>\n<td>\u00c9rz\u00e9kel\u0151<\/td>\n<td>Felbont\u00e1s (pixelek)<\/td>\n<td>3840 \u00d7 2160<\/td>\n<\/tr>\n<tr>\n<td><\/td>\n<td>Pixel m\u00e9ret (\u03bcm)<\/td>\n<td>2,9<\/td>\n<\/tr>\n<tr>\n<td><\/td>\n<td>\u00c9rz\u00e9kenys\u00e9g (lux)<\/td>\n<td>0,001<\/td>\n<\/tr>\n<tr>\n<td><\/td>\n<td>Friss\u00edt\u00e9si sebess\u00e9g (Hz)<\/td>\n<td>TBD<\/td>\n<\/tr>\n<tr>\n<td><\/td>\n<td>K\u00e9pfeldolgoz\u00f3 processzor<\/td>\n<td>PARD VLEA<\/td>\n<\/tr>\n<tr>\n<td>Optika<\/td>\n<td>Objekt\u00edv (mm)<\/td>\n<td>50 \/ 70 \/ 100<\/td>\n<\/tr>\n<tr>\n<td><\/td>\n<td>Optikai nagy\u00edt\u00e1s (x)<\/td>\n<td>5,5<\/td>\n<\/tr>\n<tr>\n<td><\/td>\n<td>Digit\u00e1lis zoom (x)<\/td>\n<td>4<\/td>\n<\/tr>\n<tr>\n<td><\/td>\n<td>Zorn\u00e9 pole (\u00b0) \u2013 horizont\u00e1lne<\/td>\n<td>6,6 \/ 4,7 \/ 3,3<\/td>\n<\/tr>\n<tr>\n<td><\/td>\n<td>Zorn\u00e9 pole (\u00b0) \u2013 vertik\u00e1lne<\/td>\n<td>6,6 \/ 4,7 \/ 3,3<\/td>\n<\/tr>\n<tr>\n<td><\/td>\n<td>Zorn\u00e9 pole (\u00b0) \u2013 Diagon\u00e1lis<\/td>\n<td>9,4 \/ 6,7 \/ 4,7<\/td>\n<\/tr>\n<tr>\n<td><\/td>\n<td>Zorn\u00e9 pole 100 m (m) \u2013 horizont\u00e1lis<\/td>\n<td>11,6 \/ 8,3 \/ 5,8<\/td>\n<\/tr>\n<tr>\n<td><\/td>\n<td>Zorn\u00e9 pole na 100 m (m) \u2013 vertik\u00e1lne<\/td>\n<td>11,6 \/ 8,3 \/ 5,8<\/td>\n<\/tr>\n<tr>\n<td><\/td>\n<td>F\u00f3kusz\u00e1l\u00e1si tartom\u00e1ny<\/td>\n<td>10 m \u2013 \u221e<\/td>\n<\/tr>\n<tr>\n<td><\/td>\n<td>Szemt\u00e1vols\u00e1g (mm)<\/td>\n<td>100<\/td>\n<\/tr>\n<tr>\n<td><\/td>\n<td>Dioptri\u00e1s korrekci\u00f3 (D)<\/td>\n<td>-5 ~ +3<\/td>\n<\/tr>\n<tr>\n<td>Kijelz\u0151<\/td>\n<td>T\u00edpus<\/td>\n<td>OLED<\/td>\n<\/tr>\n<tr>\n<td><\/td>\n<td>Felbont\u00e1s (pixelek)<\/td>\n<td>2560 \u00d7 2560<\/td>\n<\/tr>\n<tr>\n<td><\/td>\n<td>C\u00e9lok sz\u00e1ma<\/td>\n<td>6<\/td>\n<\/tr>\n<tr>\n<td><\/td>\n<td>Hajsz\u00e1lkereszt sz\u00ednei<\/td>\n<td>\n<div>\n<div>Piros \/ feh\u00e9r \/ s\u00e1rga \/ z\u00f6ld<\/div>\n<\/div>\n<\/td>\n<\/tr>\n<tr>\n<td><\/td>\n<td>Sz\u00edn \u00fczemm\u00f3dok<\/td>\n<td>\n<div>\n<div>Sz\u00edn \/ Fekete-feh\u00e9r \/ S\u00e1rga \/ Z\u00f6ld<\/div>\n<\/div>\n<\/td>\n<\/tr>\n<tr>\n<td>Fot\u00f3 \/ vide\u00f3<\/td>\n<td>F\u00e9nyk\u00e9p form\u00e1tum<\/td>\n<td>.JPG<\/td>\n<\/tr>\n<tr>\n<td><\/td>\n<td>Vide\u00f3 form\u00e1tum<\/td>\n<td>.MP4<\/td>\n<\/tr>\n<tr>\n<td><\/td>\n<td>T\u00e1rhely<\/td>\n<td>\n<div>\n<div>MicroSD k\u00e1rtya (max. 128 GB)<\/div>\n<\/div>\n<\/td>\n<\/tr>\n<tr>\n<td>F\u0151bb jellemz\u0151k<\/td>\n<td>LRF + IR 850 nm<\/td>\n<td>\n<div>\n<div>1000 m (tartoz\u00e9k)<\/div>\n<\/div>\n<\/td>\n<\/tr>\n<tr>\n<td><\/td>\n<td>K\u00e9p a k\u00e9pben (PIP)<\/td>\n<td>Igen<\/td>\n<\/tr>\n<tr>\n<td><\/td>\n<td>Ballisztikus kalkul\u00e1tor<\/td>\n<td>Igen<\/td>\n<\/tr>\n<tr>\n<td><\/td>\n<td>Gyroszk\u00f3p<\/td>\n<td>Igen<\/td>\n<\/tr>\n<tr>\n<td><\/td>\n<td>R\u00f6gz\u00edt\u00e9s \u00fctk\u00f6z\u00e9s eset\u00e9n<\/td>\n<td>Igen<\/td>\n<\/tr>\n<tr>\n<td><\/td>\n<td>Automatikus felv\u00e9tel<\/td>\n<td>Igen<\/td>\n<\/tr>\n<tr>\n<td><\/td>\n<td>Ciklikus (hurok) felv\u00e9tel<\/td>\n<td>Igen<\/td>\n<\/tr>\n<tr>\n<td><\/td>\n<td>Id\u0151b\u00e9lyeg<\/td>\n<td>Igen<\/td>\n<\/tr>\n<tr>\n<td><\/td>\n<td>Hangfelv\u00e9tel<\/td>\n<td>Igen<\/td>\n<\/tr>\n<tr>\n<td><\/td>\n<td>Expoz\u00edci\u00f3kompenz\u00e1ci\u00f3<\/td>\n<td>Igen<\/td>\n<\/tr>\n<tr>\n<td>Csatlakoz\u00e1s<\/td>\n<td>USB Type-C<\/td>\n<td>Igen<\/td>\n<\/tr>\n<tr>\n<td><\/td>\n<td>HDMI kimenet<\/td>\n<td>Igen<\/td>\n<\/tr>\n<tr>\n<td><\/td>\n<td>Wi-Fi<\/td>\n<td>Igen<\/td>\n<\/tr>\n<tr>\n<td><\/td>\n<td>T\u00e1mogatott alkalmaz\u00e1s<\/td>\n<td>PardVision2<\/td>\n<\/tr>\n<tr>\n<td>Akkumul\u00e1tor \u00e9s t\u00e1pegys\u00e9g<\/td>\n<td>L\u00edtium akkumul\u00e1tor<\/td>\n<td>\n<div>\n<div>Be\u00e9p\u00edtett 21700 \u00d71 + cser\u00e9lhet\u0151 18650 \u00d71<\/div>\n<\/div>\n<\/td>\n<\/tr>\n<tr>\n<td><\/td>\n<td>Kimeneti fesz\u00fclts\u00e9g (V)<\/td>\n<td>3,7<\/td>\n<\/tr>\n<tr>\n<td><\/td>\n<td>Nyitvatart\u00e1si id\u0151 (\u00f3r\u00e1ban, max.)<\/td>\n<td>14<\/td>\n<\/tr>\n<tr>\n<td><\/td>\n<td>K\u00fcls\u0151 t\u00e1pegys\u00e9g<\/td>\n<td>USB Type-C<\/td>\n<\/tr>\n<tr>\n<td>K\u00f6rnyezeti jellemz\u0151k<\/td>\n<td>A v\u00e9delem szintje<\/td>\n<td>IP67<\/td>\n<\/tr>\n<tr>\n<td><\/td>\n<td>\u00dczemi h\u0151m\u00e9rs\u00e9klet (\u00b0C\/\u00b0F)<\/td>\n<td>\n<div>\n<div>-30 ~ +55 \/ -22 ~ +131<\/div>\n<\/div>\n<\/td>\n<\/tr>\n<tr>\n<td><\/td>\n<td>Visszar\u00fag\u00e1s ellen\u00e1ll\u00e1s (Joule)<\/td>\n<td>6000<\/td>\n<\/tr>\n<tr>\n<td>Anyag<\/td>\n<td>tok<\/td>\n<td>\n<div>\n<div>Alum\u00ednium \u00f6tv\u00f6zet<\/div>\n<\/div>\n<\/td>\n<\/tr>\n<tr>\n<td><\/td>\n<td>Lencse<\/td>\n<td>\u00dcveg<\/td>\n<\/tr>\n<\/tbody>\n<\/table>\n<p>Hivatalos term\u00e9k weboldal: <a href=\"https:\/\/pard.com\/product\/night-vision-scope-night-stalker-4k-ex\">https:\/\/pard.com\/product\/night-vision-scope-night-stalker-4k-ex<\/a><\/p>","protected":false},"excerpt":{"rendered":"<p data-start=\"138\" data-end=\"391\">Vidd \u00e9jszakai megfigyel\u00e9seidet \u00faj szintre a PARD Night Stalker 4K EX (70 mm) seg\u00edts\u00e9g\u00e9vel. Professzion\u00e1lis felhaszn\u00e1l\u00f3knak \u00e9s ig\u00e9nyes \u00e9jszakai vad\u00e1szoknak k\u00e9sz\u00fclt, akik a legmagasabb teljes\u00edtm\u00e9nyt k\u00f6vetelik meg.<\/p>\n<p data-start=\"393\" data-end=\"692\">A k\u00e9sz\u00fcl\u00e9k sz\u00edve egy 4K Ultra HD \u00e9rz\u00e9kel\u0151, amely kompromisszumok n\u00e9lk\u00fcli r\u00e9szletgazdags\u00e1got k\u00edn\u00e1l, kieg\u00e9sz\u00edtve ultra\u00e9les OLED kijelz\u0151vel \u00e9s 1000 m\u00e9teres hat\u00f3t\u00e1vols\u00e1g\u00fa l\u00e9zeres t\u00e1vols\u00e1gm\u00e9r\u0151vel. P\u00e1ratlan tisztas\u00e1got, pontoss\u00e1got \u00e9s megb\u00edzhat\u00f3s\u00e1got biztos\u00edt a legig\u00e9nyesebb k\u00f6r\u00fclm\u00e9nyek k\u00f6z\u00f6tt is.<\/p>","protected":false},"featured_media":21399,"template":"","meta":{"_gspb_post_css":""},"product_brand":[],"product_cat":[145,2753],"product_tag":[284,325,229,324],"class_list":{"0":"post-21298","1":"product","2":"type-product","3":"status-publish","4":"has-post-thumbnail","6":"product_cat-nocne-videnie","7":"product_cat-puskohlady","8":"product_tag-night-stalker","9":"product_tag-nocne-videnie","10":"product_tag-pard","11":"product_tag-puskohlad","13":"first","14":"instock","15":"taxable","16":"shipping-taxable","17":"purchasable","18":"product-type-simple"},"ct_brands":[],"_links":{"self":[{"href":"https:\/\/zbranebudai.sk\/hu\/wp-json\/wp\/v2\/product\/21298","targetHints":{"allow":["GET"]}}],"collection":[{"href":"https:\/\/zbranebudai.sk\/hu\/wp-json\/wp\/v2\/product"}],"about":[{"href":"https:\/\/zbranebudai.sk\/hu\/wp-json\/wp\/v2\/types\/product"}],"wp:featuredmedia":[{"embeddable":true,"href":"https:\/\/zbranebudai.sk\/hu\/wp-json\/wp\/v2\/media\/21399"}],"wp:attachment":[{"href":"https:\/\/zbranebudai.sk\/hu\/wp-json\/wp\/v2\/media?parent=21298"}],"wp:term":[{"taxonomy":"product_brand","embeddable":true,"href":"https:\/\/zbranebudai.sk\/hu\/wp-json\/wp\/v2\/product_brand?post=21298"},{"taxonomy":"product_cat","embeddable":true,"href":"https:\/\/zbranebudai.sk\/hu\/wp-json\/wp\/v2\/product_cat?post=21298"},{"taxonomy":"product_tag","embeddable":true,"href":"https:\/\/zbranebudai.sk\/hu\/wp-json\/wp\/v2\/product_tag?post=21298"}],"curies":[{"name":"wp","href":"https:\/\/api.w.org\/{rel}","templated":true}]}}