{"id":21297,"date":"2026-02-14T15:25:23","date_gmt":"2026-02-14T13:25:23","guid":{"rendered":"https:\/\/zbranebudai.sk\/?post_type=product&#038;p=21297"},"modified":"2026-04-29T13:35:15","modified_gmt":"2026-04-29T11:35:15","slug":"pard-night-stalker-4k-scope-with-night-vision","status":"publish","type":"product","link":"https:\/\/zbranebudai.sk\/hu\/product\/pard-night-stalker-4k-puskohlad-s-nocnym-videnim\/","title":{"rendered":"Pard NIGHT STALKER 4K \u00e9jjell\u00e1t\u00f3 t\u00e1vcs\u0151"},"content":{"rendered":"<p><strong>Pard NIGHT STALKER 4K \u00e9jjell\u00e1t\u00f3 t\u00e1vcs\u0151 <\/strong><\/p>\n<p><span style=\"font-weight: 400\">A PARD leg\u00fajabb digit\u00e1lis \u00e9jjell\u00e1t\u00f3 k\u00e9sz\u00fcl\u00e9ke, a PARD Night Stalker 4K, binokul\u00e1ris kialak\u00edt\u00e1s\u00fa. Ez egy t\u00f6bbfunkci\u00f3s t\u00e1vcs\u0151 nappali \u00e9s \u00e9jszakai haszn\u00e1latra, a legmodernebb PARD IREA rendszerrel. A Night Stalker 4K t\u00f6bb l\u00e9p\u00e9ssel is megel\u0151zi versenyt\u00e1rsait, mivel ez az els\u0151 a piacon, amely egy \u00faj, 800x800 pixeles felbont\u00e1s\u00fa, k\u00f6r alak\u00fa IPS LCD kijelz\u0151t haszn\u00e1l, amely a maxim\u00e1lis l\u00e1t\u00f3mez\u0151vel rendelkez\u0151 klasszikus t\u00e1vcs\u00f6vek \u00e9lm\u00e9ny\u00e9t ny\u00fajtja. Ennek k\u00f6sz\u00f6nhet\u0151en a k\u00e9p felbont\u00e1sa nagyobb, amit egy nagyon \u00e9rz\u00e9keny 4K CMOS \u00e9rz\u00e9kel\u0151 (3840x2160 px) biztos\u00edt.<\/span><\/p>\n<p><span style=\"font-weight: 400\">A PARD Night Stalker 4K 5,6-szeres optikai zoommal kaphat\u00f3. Az 5,6-szeres zoom ide\u00e1lis k\u00f6zepes t\u00e1vols\u00e1g\u00fa (100 m feletti) vad\u00e1szathoz, m\u00edg a 8-szoros zoom t\u00f6k\u00e9letes v\u00e1laszt\u00e1s nagyobb t\u00e1vols\u00e1gokhoz.<\/span><\/p>\n<p><span style=\"font-weight: 400\">\u00daj IPS LCD kijelz\u0151: Ez a kijelz\u0151 rendk\u00edv\u00fcl vil\u00e1gos \u00e9s sima k\u00e9pet ny\u00fajt gazdag kontraszttal. A gyors v\u00e1laszid\u0151 m\u00e9g term\u00e9szetesebb\u00e9 teszi a megfigyel\u00e9st, mint a hagyom\u00e1nyos nappali optikai eszk\u00f6z\u00f6k\u00f6n \u00e1t.<\/span><\/p>\n<p><span style=\"font-weight: 400\">Innovat\u00edv nulla: Az \u00e9jjell\u00e1t\u00f3 k\u00e9sz\u00fcl\u00e9k be\u00e1ll\u00edt\u00e1sa most egyszer\u0171bb, mint valaha. A k\u00f6rk\u00f6r\u00f6s kijelz\u0151nek k\u00f6sz\u00f6nhet\u0151en a rendszer a be\u00e1ll\u00edt\u00e1s sor\u00e1n a c\u00e9lt\u00e1vcs\u0151 helyett a k\u00e9pet mozgatja, \u00edgy a c\u00e9lt\u00e1vcs\u0151 mindig t\u00f6k\u00e9letesen k\u00f6z\u00e9pen marad, \u00e9s megtartja a teljes l\u00e1t\u00f3mez\u0151t. A PARD Night Stalker 4K 6 k\u00fcl\u00f6nb\u00f6z\u0151 c\u00e9lt\u00e1vcs\u00f6vet, 4 sz\u00ednt \u00e9s 5 be\u00e1ll\u00edt\u00e1si profilt k\u00edn\u00e1l.<\/span><\/p>\n<p><span style=\"font-weight: 400\">\u00c9jszakai megfigyel\u00e9si hat\u00f3t\u00e1vols\u00e1g 350 m\u00e9terig: A PARD Night Stalker 4K ide\u00e1lis k\u00fcl\u00f6nb\u00f6z\u0151 c\u00e9lpontok \u00e9szlel\u00e9s\u00e9re 350 m\u00e9teres t\u00e1vols\u00e1gig. A 4K-s szenzor \u00e9s a kiv\u00e1l\u00f3 min\u0151s\u00e9g\u0171 LCD kijelz\u0151 kombin\u00e1ci\u00f3ja egy\u00e9rtelm\u0171en a versenyt\u00e1rsak el\u00e9 helyezi. Kompatibilis 940 nm \u00e9s 850 nm IR megvil\u00e1g\u00edt\u00f3kkal. A videofelv\u00e9tel manu\u00e1lisan vagy automatikusan vez\u00e9relhet\u0151, tetsz\u0151leges hossz\u00fas\u00e1g\u00fa felv\u00e9telekkel. A PARD nagy felbont\u00e1s\u00fa fot\u00f3z\u00e1si lehet\u0151s\u00e9get is k\u00edn\u00e1l. Az eszk\u00f6z Wi-Fi-n kereszt\u00fcl val\u00f3s idej\u0171 k\u00e9peket tud tov\u00e1bb\u00edtani a telefonj\u00e1ra.<\/span><\/p>\n<p><span style=\"font-weight: 400\">Innovat\u00edv vez\u00e9rl\u00e9s: Az \u00faj forg\u00f3kapcsol\u00f3nak k\u00f6sz\u00f6nhet\u0151en a vez\u00e9rl\u00e9s rendk\u00edv\u00fcl egyszer\u0171, gyors \u00e9s intuit\u00edv. Ez az \u00faj\u00edt\u00e1s k\u00fcl\u00f6n\u00f6sen hasznos felv\u00e9telkor \u00e9s be\u00e1ll\u00edt\u00e1skor, mivel jelent\u0151sen felgyors\u00edtja a teljes folyamatot.<\/span><\/p>\n<p><span style=\"font-weight: 400\">\u00daj sz\u00ednm\u00f3dok: Kiv\u00e9teles alkalmazkod\u00f3k\u00e9pess\u00e9get biztos\u00edt\u00f3, v\u00e1laszthat\u00f3 sz\u00ednm\u00f3dokkal szabhatja az aktu\u00e1lis k\u00f6rnyezeti felt\u00e9telekhez a k\u00e9pet.<\/span><\/p>\n<p><span style=\"font-weight: 400\">A k\u00e9sz\u00fcl\u00e9k cseh nyelv\u0171 men\u00fcvel \u00e9s cseh felhaszn\u00e1l\u00f3i k\u00e9zik\u00f6nyvvel rendelkezik.<\/span><\/p>\n<table dir=\"ltr\" border=\"1\" cellspacing=\"0\" cellpadding=\"0\" data-sheets-root=\"1\" data-sheets-baot=\"1\">\n<colgroup>\n<col width=\"100\" \/>\n<col width=\"100\" \/><\/colgroup>\n<tbody>\n<tr>\n<td>Opci\u00f3<\/td>\n<td>70 mm<\/td>\n<\/tr>\n<tr>\n<td>Nagy\u00edt\u00e1s<\/td>\n<td>\n<div>\n<div>5,6x \/ 11,2x \/ 16,8x \/ 22,4x<\/div>\n<\/div>\n<\/td>\n<\/tr>\n<tr>\n<td>L\u00e1t\u00f3mez\u0151 (v\u00edzszintes)<\/td>\n<td>3,4\u00b0<\/td>\n<\/tr>\n<tr>\n<td>L\u00e1t\u00f3mez\u0151 (f\u00fcgg\u0151leges)<\/td>\n<td>3,4<\/td>\n<\/tr>\n<tr>\n<td>L\u00e1t\u00f3mez\u0151 (\u00e1tl\u00f3s)<\/td>\n<td>4,8<\/td>\n<\/tr>\n<tr>\n<td>\u00c9rz\u00e9kel\u0151 felbont\u00e1sa<\/td>\n<td>\n<div>\n<div>Pard 4K, 3840\u00d72160 px<\/div>\n<\/div>\n<\/td>\n<\/tr>\n<tr>\n<td>Pixel m\u00e9ret<\/td>\n<td>2,0 \u00b5m<\/td>\n<\/tr>\n<tr>\n<td>\u00c9rz\u00e9kenys\u00e9g<\/td>\n<td>0,001 lux<\/td>\n<\/tr>\n<tr>\n<td>K\u00e9pfeldolgoz\u00f3 algoritmus<\/td>\n<td>Pard IREA<\/td>\n<\/tr>\n<tr>\n<td>M\u0171k\u00f6d\u00e9si m\u00f3dok<\/td>\n<td>\n<div>\n<div>Sz\u00edn \/ Fekete-feh\u00e9r \/ Z\u00f6ld \/ S\u00e1rga<\/div>\n<\/div>\n<\/td>\n<\/tr>\n<tr>\n<td>Kijelz\u0151<\/td>\n<td>\n<div>\n<div>K\u00f6r alak\u00fa IPS LCD 800\u00d7800 px<\/div>\n<\/div>\n<\/td>\n<\/tr>\n<tr>\n<td>Dioptri\u00e1s korrekci\u00f3<\/td>\n<td>-5D \u00e9s +5D k\u00f6z\u00f6tt<\/td>\n<\/tr>\n<tr>\n<td>PIP (K\u00e9p a k\u00e9pben)<\/td>\n<td>Igen<\/td>\n<\/tr>\n<tr>\n<td>Wi-Fi<\/td>\n<td>Igen<\/td>\n<\/tr>\n<tr>\n<td>Micro SD k\u00e1rtya<\/td>\n<td>128 GB (max.)<\/td>\n<\/tr>\n<tr>\n<td>Gyroszk\u00f3p<\/td>\n<td>Igen<\/td>\n<\/tr>\n<tr>\n<td>Automatikus videofelv\u00e9tel<\/td>\n<td>Igen<\/td>\n<\/tr>\n<tr>\n<td>F\u00e9nyk\u00e9pez\u00e9s \u00e9s videofelv\u00e9tel<\/td>\n<td>Igen<\/td>\n<\/tr>\n<tr>\n<td>Ir\u00e1nyt\u0171<\/td>\n<td>Elektronikus<\/td>\n<\/tr>\n<tr>\n<td>Mikrofon<\/td>\n<td>Igen<\/td>\n<\/tr>\n<tr>\n<td>USB t\u00edpus<\/td>\n<td>C t\u00edpus<\/td>\n<\/tr>\n<tr>\n<td>HDMI kimenet<\/td>\n<td>Igen<\/td>\n<\/tr>\n<tr>\n<td>Akkumul\u00e1tor t\u00edpusa<\/td>\n<td>\n<div>\n<div>L\u00edtium-ion 18650<\/div>\n<\/div>\n<\/td>\n<\/tr>\n<tr>\n<td>Akkumul\u00e1tor \u00fczemid\u0151<\/td>\n<td>8 \u00f3ra<\/td>\n<\/tr>\n<tr>\n<td>V\u00edzhatlan<\/td>\n<td>IP67<\/td>\n<\/tr>\n<tr>\n<td>\u00dczemi h\u0151m\u00e9rs\u00e9klet<\/td>\n<td>-20 \u00b0C \u00e9s 50 \u00b0C k\u00f6z\u00f6tt<\/td>\n<\/tr>\n<tr>\n<td>M\u00e9retek<\/td>\n<td>\n<div>\n<div>396 mm * 125 mm * 110 mm<\/div>\n<\/div>\n<\/td>\n<\/tr>\n<tr>\n<td>S\u00faly<\/td>\n<td>680 g<\/td>\n<\/tr>\n<\/tbody>\n<\/table>\n<p><b>A csomag tartalma:<\/b><\/p>\n<ul>\n<li style=\"font-weight: 400\"><span style=\"font-weight: 400\">PARD Night Stalker 4K puska t\u00e1vcs\u0151<\/span><\/li>\n<li style=\"font-weight: 400\"><span style=\"font-weight: 400\">Kiv\u00e1l\u00f3 min\u0151s\u00e9g\u0171 hordt\u00e1ska<\/span><\/li>\n<li style=\"font-weight: 400\"><span style=\"font-weight: 400\">USB-C csatlakoz\u00f3k\u00e1bel<\/span><\/li>\n<li style=\"font-weight: 400\"><span style=\"font-weight: 400\">Haszn\u00e1lati utas\u00edt\u00e1s<\/span><\/li>\n<li style=\"font-weight: 400\"><span style=\"font-weight: 400\">Optikai tiszt\u00edt\u00f3 kend\u0151<\/span><\/li>\n<li style=\"font-weight: 400\"><span style=\"font-weight: 400\">1 x 18650 \u00fajrat\u00f6lthet\u0151 akkumul\u00e1tor<\/span><\/li>\n<li style=\"font-weight: 400\"><span style=\"font-weight: 400\">Tartoz\u00e9kok (2 x 30 mm gy\u0171r\u0171)<\/span><\/li>\n<\/ul>\n<p>A m\u00e1rka hivatalos honlapja:<a href=\"https:\/\/eu.pard.com\/product\/night-vision-scope-night-stalker-4k\"> https:\/\/eu.pard.com\/product\/night-vision-scope-night-stalker-4k<\/a><\/p>","protected":false},"excerpt":{"rendered":"<p><span style=\"font-weight: 400\">PARD Night Stalker 4K v\u00e1ltoztathat\u00f3 zoommal, <strong>l\u00e9zeres t\u00e1vols\u00e1gm\u00e9r\u0151 \u00e9s infrav\u00f6r\u00f6s vil\u00e1g\u00edt\u00e1s N\u00c9LK\u00dcLI verzi\u00f3<\/strong>.<\/span><\/p>\n<ul>\n<li style=\"font-weight: 400\"><span style=\"font-weight: 400\">Nappali\/\u00e9jszakai haszn\u00e1latra sz\u00e1nt rendszer \u2013 sz\u00ednes k\u00e9p nappal, fekete-feh\u00e9r k\u00e9p \u00e9jszaka.\u00a0<\/span><\/li>\n<li style=\"font-weight: 400\"><span style=\"font-weight: 400\">\u00c9jszakai megfigyel\u00e9si t\u00e1vols\u00e1g 350 m\u00e9terig.\u00a0<\/span><\/li>\n<li style=\"font-weight: 400\"><span style=\"font-weight: 400\">5,6x optikai zoom.\u00a0<\/span><\/li>\n<li style=\"font-weight: 400\"><span style=\"font-weight: 400\">Digit\u00e1lis zoom 2x.\u00a0<\/span><\/li>\n<li style=\"font-weight: 400\"><span style=\"font-weight: 400\">K\u00f6r alak\u00fa IPS kijelz\u0151 800\u00d7800 px felbont\u00e1ssal.\u00a0<\/span><\/li>\n<li style=\"font-weight: 400\"><span style=\"font-weight: 400\">K\u00e9p a k\u00e9pben (PIP) funkci\u00f3.\u00a0<\/span><\/li>\n<li style=\"font-weight: 400\"><span style=\"font-weight: 400\">Energiatakar\u00e9kos \u00fczemm\u00f3d (alv\u00f3 \u00fczemm\u00f3d).\u00a0<\/span><\/li>\n<li style=\"font-weight: 400\"><span style=\"font-weight: 400\">18650 t\u00edpus\u00fa akkumul\u00e1tor (tartoz\u00e9k). Az akkumul\u00e1tor \u00e9lettartama ak\u00e1r 8 \u00f3ra. <\/span><\/li>\n<\/ul>","protected":false},"featured_media":21397,"template":"","meta":{"_gspb_post_css":""},"product_brand":[],"product_cat":[145,2753],"product_tag":[284,325,229,324],"class_list":{"0":"post-21297","1":"product","2":"type-product","3":"status-publish","4":"has-post-thumbnail","6":"product_cat-nocne-videnie","7":"product_cat-puskohlady","8":"product_tag-night-stalker","9":"product_tag-nocne-videnie","10":"product_tag-pard","11":"product_tag-puskohlad","13":"first","14":"instock","15":"taxable","16":"shipping-taxable","17":"purchasable","18":"product-type-simple"},"ct_brands":[],"_links":{"self":[{"href":"https:\/\/zbranebudai.sk\/hu\/wp-json\/wp\/v2\/product\/21297","targetHints":{"allow":["GET"]}}],"collection":[{"href":"https:\/\/zbranebudai.sk\/hu\/wp-json\/wp\/v2\/product"}],"about":[{"href":"https:\/\/zbranebudai.sk\/hu\/wp-json\/wp\/v2\/types\/product"}],"wp:featuredmedia":[{"embeddable":true,"href":"https:\/\/zbranebudai.sk\/hu\/wp-json\/wp\/v2\/media\/21397"}],"wp:attachment":[{"href":"https:\/\/zbranebudai.sk\/hu\/wp-json\/wp\/v2\/media?parent=21297"}],"wp:term":[{"taxonomy":"product_brand","embeddable":true,"href":"https:\/\/zbranebudai.sk\/hu\/wp-json\/wp\/v2\/product_brand?post=21297"},{"taxonomy":"product_cat","embeddable":true,"href":"https:\/\/zbranebudai.sk\/hu\/wp-json\/wp\/v2\/product_cat?post=21297"},{"taxonomy":"product_tag","embeddable":true,"href":"https:\/\/zbranebudai.sk\/hu\/wp-json\/wp\/v2\/product_tag?post=21297"}],"curies":[{"name":"wp","href":"https:\/\/api.w.org\/{rel}","templated":true}]}}