{"id":21296,"date":"2026-02-14T15:25:23","date_gmt":"2026-02-14T13:25:23","guid":{"rendered":"https:\/\/zbranebudai.sk\/?post_type=product&#038;p=21296"},"modified":"2026-04-29T13:39:10","modified_gmt":"2026-04-29T11:39:10","slug":"pard-osprey-640-lrf-35-mm-multispektralis-tavcso-940-nm","status":"publish","type":"product","link":"https:\/\/zbranebudai.sk\/hu\/product\/pard-osprey-640-lrf-35-mm-multispektralny-dalekohlad-940-nm\/","title":{"rendered":"Pard OSPREY 640 LRF 35 mm multispektr\u00e1lis t\u00e1vcs\u0151 940 nm"},"content":{"rendered":"<p><strong>Pard OSPREY 640 LRF 35 mm multispektr\u00e1lis t\u00e1vcs\u0151 940<\/strong> <strong>nm<\/strong> <b>Integr\u00e1lt infrav\u00f6r\u00f6s vil\u00e1g\u00edt\u00e1s<\/b><span style=\"font-weight: 400\"> a <\/span><b>LRF modulok hat\u00f3t\u00e1vols\u00e1ggal<\/b> <b>1000 m<\/b> <span style=\"font-weight: 400\">megsz\u00fcnteti a tov\u00e1bbi eszk\u00f6z\u00f6k hordoz\u00e1s\u00e1nak vagy telep\u00edt\u00e9s\u00e9nek sz\u00fcks\u00e9gess\u00e9g\u00e9t. Ez <\/span><b>A gondosan megtervezett rendszer k\u00f6nny\u0171 hordozhat\u00f3s\u00e1got \u00e9s hat\u00e9kony haszn\u00e1latot biztos\u00edt<\/b><span style=\"font-weight: 400\">.<\/span> <span style=\"font-weight: 400\">N\u00e9gy univerz\u00e1lis csatorna \u00e1ll rendelkez\u00e9sre (<\/span><b>h\u0151kamer\u00e1s, nappali megfigyel\u00e9s, \u00e9jjell\u00e1t\u00f3 \u00e9s PIP<\/b><span style=\"font-weight: 400\">, aminek k\u00f6sz\u00f6nhet\u0151en <\/span><b>sorozat<\/b> <b>Hal\u00e1szsas<\/b> <span style=\"font-weight: 400\">\u00e1ltal biztos\u00edtott<\/span> <b>hat\u00e9kony megfigyel\u00e9s<\/b><span style=\"font-weight: 400\">.<\/span><\/p>\n<p><b>H\u0151<\/b> <b>kan\u00e1l<\/b><span style=\"font-weight: 400\"> A v\u00e1m lehet\u0151v\u00e9 teszi a c\u00e9lok egyszer\u0171 lokaliz\u00e1l\u00e1s\u00e1t, majd gyors azonos\u00edt\u00e1s\u00e1t a csatorn\u00e1n kereszt\u00fcl <\/span><b>\u00e9jjell\u00e1t\u00f3 vagy nappali l\u00e1t\u00e1s<\/b><span style=\"font-weight: 400\">, mivel <\/span><b>optimaliz\u00e1lni kell a nyomk\u00f6vet\u00e9si munkafolyamatot<\/b><span style=\"font-weight: 400\">.<\/span><\/p>\n<p><b>\u00c9rz\u00e9kenys\u00e9g:<br \/>\nIgen<\/b> <span style=\"font-weight: 400\">k\u00e9pes \u00e9rz\u00e9kelni<\/span> <b>enyhe h\u0151m\u00e9rs\u00e9klet-k\u00fcl\u00f6nbs\u00e9gek alatt<\/b> <b>0,02 \u2103<\/b><span style=\"font-weight: 400\">, biztos\u00edt <\/span><b>\u00e9lesebb \u00e9s r\u00e9szletesebb k\u00e9pek<\/b> <span style=\"font-weight: 400\">\u00e9s lehet\u0151v\u00e9 teszi<\/span> <b>k\u00f6nnyebb azonos\u00edt\u00e1s<\/b><span style=\"font-weight: 400\"> objektumok<\/span> <b>k\u00fcl\u00f6nb\u00f6z\u0151 id\u0151j\u00e1r\u00e1si k\u00f6r\u00fclm\u00e9nyek k\u00f6z\u00f6tt<\/b><span style=\"font-weight: 400\">.<\/span><\/p>\n<table dir=\"ltr\" border=\"1\" cellspacing=\"0\" cellpadding=\"0\" data-sheets-root=\"1\" data-sheets-baot=\"1\">\n<colgroup>\n<col width=\"100\" \/>\n<col width=\"100\" \/><\/colgroup>\n<tbody>\n<tr>\n<td>\n<div>\n<div>H\u0151kamera \u00e9rz\u00e9kel\u0151<\/div>\n<\/div>\n<\/td>\n<td><\/td>\n<\/tr>\n<tr>\n<td>T\u00edpus<\/td>\n<td>\n<div>\n<div>F\u0171tetlen VOx (van\u00e1dium-oxid)<\/div>\n<\/div>\n<\/td>\n<\/tr>\n<tr>\n<td>Felbont\u00e1s (pixelek)<\/td>\n<td>640*512<\/td>\n<\/tr>\n<tr>\n<td>Pixel m\u00e9ret (\u00b5m)<\/td>\n<td>12*12<\/td>\n<\/tr>\n<tr>\n<td>NETD<\/td>\n<td>\u226420 mK (0,02 \u00b0C)<\/td>\n<\/tr>\n<tr>\n<td>K\u00e9pkockasebess\u00e9g (Hz)<\/td>\n<td>50<\/td>\n<\/tr>\n<tr>\n<td>\u00c9rz\u00e9kel\u00e9si t\u00e1vols\u00e1g (m)<\/td>\n<td>1800<\/td>\n<\/tr>\n<tr>\n<td>K\u00e9pmotor<\/td>\n<td>Pard IREA<\/td>\n<\/tr>\n<tr>\n<td>Objekt\u00edv (mm)<\/td>\n<td>35<\/td>\n<\/tr>\n<tr>\n<td>Optikai nagy\u00edt\u00e1s (x)<\/td>\n<td>2,4<\/td>\n<\/tr>\n<tr>\n<td>Digit\u00e1lis zoom (x)<\/td>\n<td>2\/4\/6\/8<\/td>\n<\/tr>\n<tr>\n<td>L\u00e1t\u00f3mez\u0151 (v\u00edzszintes)<\/td>\n<td>12,5<\/td>\n<\/tr>\n<tr>\n<td>L\u00e1t\u00f3mez\u0151 (f\u00fcgg\u0151leges)<\/td>\n<td>10,0<\/td>\n<\/tr>\n<tr>\n<td>L\u00e1t\u00f3mez\u0151 (\u00e1tl\u00f3s)<\/td>\n<td>16,0<\/td>\n<\/tr>\n<tr>\n<td>F\u00f3kusz\u00e1l\u00e1si t\u00e1vols\u00e1g<\/td>\n<td>3 m \u2013 \u221e<\/td>\n<\/tr>\n<tr>\n<td>\n<div>\n<div>F\u00e9ny\u00e9rz\u00e9kel\u0151<\/div>\n<\/div>\n<\/td>\n<td><\/td>\n<\/tr>\n<tr>\n<td>Felbont\u00e1s (pixelek)<\/td>\n<td>2688*1520<\/td>\n<\/tr>\n<tr>\n<td>Pixel m\u00e9ret (\u00b5m)<\/td>\n<td>2,9<\/td>\n<\/tr>\n<tr>\n<td>\u00c9rz\u00e9kenys\u00e9g (lux)<\/td>\n<td>0,001<\/td>\n<\/tr>\n<tr>\n<td>K\u00e9pkockasebess\u00e9g (Hz)<\/td>\n<td>\n<div>\n<div>Sz\u00edn: 60 \/ Monokr\u00f3m: 30<\/div>\n<\/div>\n<\/td>\n<\/tr>\n<tr>\n<td>Objekt\u00edv (mm)<\/td>\n<td>50<\/td>\n<\/tr>\n<tr>\n<td>Optikai nagy\u00edt\u00e1s (x)<\/td>\n<td>3,5<\/td>\n<\/tr>\n<tr>\n<td>Digit\u00e1lis zoom (x)<\/td>\n<td>2\/3<\/td>\n<\/tr>\n<tr>\n<td>L\u00e1t\u00f3mez\u0151 (v\u00edzszintes)<\/td>\n<td>6,4\u00b0<\/td>\n<\/tr>\n<tr>\n<td>L\u00e1t\u00f3mez\u0151 (f\u00fcgg\u0151leges)<\/td>\n<td>4,8<\/td>\n<\/tr>\n<tr>\n<td>L\u00e1t\u00f3mez\u0151 (\u00e1tl\u00f3s)<\/td>\n<td>8\u00b0<\/td>\n<\/tr>\n<tr>\n<td>Gy\u00fajt\u00f3t\u00e1vols\u00e1g<\/td>\n<td>3 m \u2013 \u221e<\/td>\n<\/tr>\n<tr>\n<td>Kijelz\u0151<\/td>\n<td><\/td>\n<\/tr>\n<tr>\n<td>T\u00edpus<\/td>\n<td>LCD<\/td>\n<\/tr>\n<tr>\n<td>Felbont\u00e1s (pixelek)<\/td>\n<td>640*480<\/td>\n<\/tr>\n<tr>\n<td>Jelenet m\u00f3dok<\/td>\n<td>\n<div>\n<div>V\u00e1ros \/ Es\u0151 \/ Erd\u0151<\/div>\n<\/div>\n<\/td>\n<\/tr>\n<tr>\n<td>Megjelen\u00edt\u00e9si m\u00f3dok<\/td>\n<td>\n<div>\n<div>WT-HOT \/ BK-HOT \/ EDGE \/ RD-HOT \/ IN-HOT \/ SKY<\/div>\n<\/div>\n<\/td>\n<\/tr>\n<tr>\n<td>Fot\u00f3 \/ vide\u00f3<\/td>\n<td><\/td>\n<\/tr>\n<tr>\n<td>F\u00e9nyk\u00e9p felbont\u00e1sa (k\u00e9ppont)<\/td>\n<td>\n<div>\n<div>H\u0151kamera: 20481536 \/ \u00c9jjell\u00e1t\u00f3: 20481536<\/div>\n<\/div>\n<\/td>\n<\/tr>\n<tr>\n<td>F\u00e9nyk\u00e9p form\u00e1tum<\/td>\n<td>.JPG<\/td>\n<\/tr>\n<tr>\n<td>Vide\u00f3 felbont\u00e1sa (pixelek)<\/td>\n<td>\n<div>\n<div>H\u0151kamera: 1024768 \/ \u00c9jjell\u00e1t\u00f3: 19201440<\/div>\n<\/div>\n<\/td>\n<\/tr>\n<tr>\n<td>Vide\u00f3 form\u00e1tum<\/td>\n<td>.mp4<\/td>\n<\/tr>\n<tr>\n<td>T\u00e1rhely (GB)<\/td>\n<td>\n<div>\n<div>Micro SD k\u00e1rtya (max. 128 GB)<\/div>\n<\/div>\n<\/td>\n<\/tr>\n<tr>\n<td>F\u0151bb jellemz\u0151k<\/td>\n<td><\/td>\n<\/tr>\n<tr>\n<td>Az LRF \u00e9rz\u00e9kel\u00e9si tartom\u00e1nya (m\/yard)<\/td>\n<td>1000 \/ 1200<\/td>\n<\/tr>\n<tr>\n<td>PIP (K\u00e9p a k\u00e9pben)<\/td>\n<td>Igen<\/td>\n<\/tr>\n<tr>\n<td>Gyroszk\u00f3p<\/td>\n<td>Igen<\/td>\n<\/tr>\n<tr>\n<td>Ciklikus felv\u00e9tel<\/td>\n<td>Igen<\/td>\n<\/tr>\n<tr>\n<td>Elektronikus ir\u00e1nyt\u0171<\/td>\n<td>Igen<\/td>\n<\/tr>\n<tr>\n<td>Z\u00e1r<\/td>\n<td>Mechanikus z\u00e1r<\/td>\n<\/tr>\n<tr>\n<td>Mikrofon<\/td>\n<td>Igen<\/td>\n<\/tr>\n<tr>\n<td>Firmware friss\u00edt\u00e9s<\/td>\n<td>Igen<\/td>\n<\/tr>\n<tr>\n<td>IR vil\u00e1g\u00edt\u00f3test<\/td>\n<td><\/td>\n<\/tr>\n<tr>\n<td>IR teljes\u00edtm\u00e9ny (W)<\/td>\n<td>5<\/td>\n<\/tr>\n<tr>\n<td>Infrav\u00f6r\u00f6s megvil\u00e1g\u00edt\u00e1s szintje<\/td>\n<td>3 szint<\/td>\n<\/tr>\n<tr>\n<td>IR hull\u00e1mhossz (nm)<\/td>\n<td>850 \/ 940<\/td>\n<\/tr>\n<tr>\n<td>Csatlakoz\u00f3k<\/td>\n<td><\/td>\n<\/tr>\n<tr>\n<td>USB Type-C<\/td>\n<td>Igen<\/td>\n<\/tr>\n<tr>\n<td>HDMI kimenet<\/td>\n<td>Igen<\/td>\n<\/tr>\n<tr>\n<td>WiFi<\/td>\n<td>Igen<\/td>\n<\/tr>\n<tr>\n<td>T\u00e1mogatott alkalmaz\u00e1sok<\/td>\n<td>PardVision2<\/td>\n<\/tr>\n<tr>\n<td>Teljes\u00edtm\u00e9ny<\/td>\n<td><\/td>\n<\/tr>\n<tr>\n<td>Akkumul\u00e1tor t\u00edpusa<\/td>\n<td>\n<div>\n<div>L\u00edtium-ion 21700*1<\/div>\n<\/div>\n<\/td>\n<\/tr>\n<tr>\n<td>Kimeneti fesz\u00fclts\u00e9g (V)<\/td>\n<td>3,7<\/td>\n<\/tr>\n<tr>\n<td>Nyitvatart\u00e1si id\u0151 (\u00f3r\u00e1ban, max.)<\/td>\n<td>\u22646<\/td>\n<\/tr>\n<tr>\n<td>K\u00fcls\u0151 t\u00e1pegys\u00e9g (V)<\/td>\n<td>USB Type-C<\/td>\n<\/tr>\n<tr>\n<td>\n<div>\n<div>K\u00f6rnyezeti jellemz\u0151k<\/div>\n<\/div>\n<\/td>\n<td><\/td>\n<\/tr>\n<tr>\n<td>A v\u00e9delem szintje<\/td>\n<td>IP67<\/td>\n<\/tr>\n<tr>\n<td>\u00dczemi h\u0151m\u00e9rs\u00e9klet (\u00b0C\/\u00b0F)<\/td>\n<td>\n<div>\n<div>-30 ~ +55 \/ -22 ~ +131<\/div>\n<\/div>\n<\/td>\n<\/tr>\n<tr>\n<td>Anyag<\/td>\n<td><\/td>\n<\/tr>\n<tr>\n<td>Lencse<\/td>\n<td>\n<div>\n<div>Teljesen \u00fcveg, t\u00f6bbr\u00e9teg\u0171 bevonat<\/div>\n<\/div>\n<\/td>\n<\/tr>\n<tr>\n<td>M\u00e9retek<\/td>\n<td><\/td>\n<\/tr>\n<tr>\n<td>Term\u00e9k m\u00e9retei (Ma x Sz x M\u00e9, mm)<\/td>\n<td>22013758<\/td>\n<\/tr>\n<tr>\n<td>Nett\u00f3 t\u00f6meg (LRF-fel \u00e9s akkumul\u00e1torral, g)<\/td>\n<td>704,5<\/td>\n<\/tr>\n<\/tbody>\n<\/table>\n<p>A m\u00e1rka hivatalos honlapja: <a href=\"https:\/\/eu.pard.com\/product\/binocular-osprey\">https:\/\/eu.pard.com\/product\/binocular-osprey<\/a><\/p>","protected":false},"excerpt":{"rendered":"<p><b>Fel van szerelve egy nagy felbont\u00e1s\u00fa, 640*512-es \u00e9rz\u00e9kel\u0151vel<\/b><span style=\"font-weight: 400\">, amely kombin\u00e1lva<\/span> <b>-<\/b><span style=\"font-weight: 400\"> legmodernebb<\/span> <b>VOx technol\u00f3gia h\u0171t\u00e9s n\u00e9lk\u00fcl<\/b> <span style=\"font-weight: 400\">biztos\u00edt<\/span> <b>tiszt\u00e1n l\u00e1that\u00f3 gazdag r\u00e9szletek \u00e9s jellemz\u0151k<\/b> <span style=\"font-weight: 400\">c\u00e9l.<\/span><\/p>\n<p><span style=\"font-weight: 400\">Tapasztalja meg a p\u00e1ratlan k\u00e9nyelmet a k\u00f6vetkez\u0151vel: <\/span><b>teljesen z\u00e1rt, puha szilikon szemlencs\u00e9vel<\/b><span style=\"font-weight: 400\">, amely <\/span><b>f\u00e9nyt blokkol<\/b> <span style=\"font-weight: 400\">a<\/span> <b>t\u00f6k\u00e9letes szigetel\u00e9st biztos\u00edt<\/b> <span style=\"font-weight: 400\">az k\u00fcls\u0151 f\u00e9nyhez val\u00f3<\/span> <b>optim\u00e1lis megtekint\u00e9si \u00e9lm\u00e9ny<\/b><span style=\"font-weight: 400\">.<\/span><\/p>","protected":false},"featured_media":21391,"template":"","meta":{"_gspb_post_css":""},"product_brand":[],"product_cat":[2749,145,2313],"product_tag":[216,313,325,2261,229,2315],"class_list":{"0":"post-21296","1":"product","2":"type-product","3":"status-publish","4":"has-post-thumbnail","6":"product_cat-laserove-dialkomery","7":"product_cat-nocne-videnie","8":"product_cat-termovizna-kamera","9":"product_tag-binokular","10":"product_tag-dialkomer","11":"product_tag-nocne-videnie","12":"product_tag-osprey","13":"product_tag-pard","14":"product_tag-termovizna-kamera","16":"first","17":"outofstock","18":"taxable","19":"shipping-taxable","20":"purchasable","21":"product-type-simple"},"ct_brands":[],"_links":{"self":[{"href":"https:\/\/zbranebudai.sk\/hu\/wp-json\/wp\/v2\/product\/21296","targetHints":{"allow":["GET"]}}],"collection":[{"href":"https:\/\/zbranebudai.sk\/hu\/wp-json\/wp\/v2\/product"}],"about":[{"href":"https:\/\/zbranebudai.sk\/hu\/wp-json\/wp\/v2\/types\/product"}],"wp:featuredmedia":[{"embeddable":true,"href":"https:\/\/zbranebudai.sk\/hu\/wp-json\/wp\/v2\/media\/21391"}],"wp:attachment":[{"href":"https:\/\/zbranebudai.sk\/hu\/wp-json\/wp\/v2\/media?parent=21296"}],"wp:term":[{"taxonomy":"product_brand","embeddable":true,"href":"https:\/\/zbranebudai.sk\/hu\/wp-json\/wp\/v2\/product_brand?post=21296"},{"taxonomy":"product_cat","embeddable":true,"href":"https:\/\/zbranebudai.sk\/hu\/wp-json\/wp\/v2\/product_cat?post=21296"},{"taxonomy":"product_tag","embeddable":true,"href":"https:\/\/zbranebudai.sk\/hu\/wp-json\/wp\/v2\/product_tag?post=21296"}],"curies":[{"name":"wp","href":"https:\/\/api.w.org\/{rel}","templated":true}]}}