{"id":21293,"date":"2026-02-14T15:25:23","date_gmt":"2026-02-14T13:25:23","guid":{"rendered":"https:\/\/zbranebudai.sk\/?post_type=product&#038;p=21293"},"modified":"2026-04-29T13:41:27","modified_gmt":"2026-04-29T11:41:27","slug":"pard-osprey-480-lrf-35-mm-multispektralny-dalekohlad-850-nm","status":"publish","type":"product","link":"https:\/\/zbranebudai.sk\/hu\/product\/pard-osprey-480-lrf-35-mm-multispektralny-dalekohlad-850-nm\/","title":{"rendered":"Pard OSPREY 480 LRF 35 mm multispektr\u00e1lis t\u00e1vcs\u0151 850 nm"},"content":{"rendered":"<p><strong>Pard OSPREY 480 LRF 35 mm multispektr\u00e1lny \u010falekoh\u013ead 850<\/strong> <strong>nm<\/strong> <b>Integrovan\u00e9 infra\u010derven\u00e9 osvetlenie<\/b><span style=\"font-weight: 400\"> a <\/span><b>moduly LRF s dosahom 1000 m<\/b> <span style=\"font-weight: 400\">eliminuj\u00fa potrebu nosi\u0165 alebo in\u0161talova\u0165 \u010fal\u0161ie zariadenia. Tento premyslen\u00fd dizajn zais\u0165uje<\/span> <b>\u013eahk\u00fa prenosnos\u0165 a efekt\u00edvne pou\u017e\u00edvanie<\/b><span style=\"font-weight: 400\">.<\/span><\/p>\n<p><span style=\"font-weight: 400\">S \u0161tyrmi univerz\u00e1lnymi kan\u00e1lmi (<\/span><b>termov\u00edzia, denn\u00e9 pozorovanie, no\u010dn\u00e9 videnie a PIP<\/b><span style=\"font-weight: 400\">) umo\u017e\u0148uje <\/span><b>s\u00e9ria<\/b> <b>Hal\u00e1szsas<\/b> <span style=\"font-weight: 400\">efekt\u00edvne pozorovanie.<\/span><\/p>\n<p><b>H\u0151<\/b> <b>kan\u00e1l<\/b><span style=\"font-weight: 400\"> v\u00e1m umo\u017e\u0148uje \u013eahko lokalizova\u0165 ciele a potom ich r\u00fdchlo identifikova\u0165 pomocou kan\u00e1la <\/span><b>no\u010dn\u00e9ho videnia alebo denn\u00e9ho videnia<\/b><span style=\"font-weight: 400\">, \u010d\u00edm sa optimalizuje pracovn\u00fd postup sledovania.<\/span><\/p>\n<p><b>\u00c9rz\u00e9kenys\u00e9g:<br \/>\nJe<\/b> <span style=\"font-weight: 400\">schopn\u00fd detekova\u0165<\/span> <b>jemn\u00e9 teplotn\u00e9 rozdiely pod<\/b> <b>0,02 \u2103<\/b><span style=\"font-weight: 400\">, poskytuje<\/span> <b>ostrej\u0161ie a detailnej\u0161ie obrazy<\/b> <span style=\"font-weight: 400\">a umo\u017e\u0148uje \u013eah\u0161iu identifik\u00e1ciu objektov<\/span> <b>v r\u00f4znych poveternostn\u00fdch podmienkach<\/b><span style=\"font-weight: 400\">.<\/span><\/p>\n<table dir=\"ltr\" border=\"1\" cellspacing=\"0\" cellpadding=\"0\" data-sheets-root=\"1\" data-sheets-baot=\"1\">\n<colgroup>\n<col width=\"100\" \/>\n<col width=\"100\" \/><\/colgroup>\n<tbody>\n<tr>\n<td>\n<div>\n<div>Sn\u00edma\u010d term\u00e1lnej kamery<\/div>\n<\/div>\n<\/td>\n<td><\/td>\n<\/tr>\n<tr>\n<td>T\u00edpus<\/td>\n<td>\n<div>\n<div>VOx (oxid van\u00e1du) nevy\u017eaduj\u00faci chladenie<\/div>\n<\/div>\n<\/td>\n<\/tr>\n<tr>\n<td>Felbont\u00e1s (pixelek)<\/td>\n<td>480*360<\/td>\n<\/tr>\n<tr>\n<td>Pixel m\u00e9ret (\u00b5m)<\/td>\n<td>12*12<\/td>\n<\/tr>\n<tr>\n<td>NETD<\/td>\n<td>\u226420 mK (0,02 \u00b0C)<\/td>\n<\/tr>\n<tr>\n<td>K\u00e9pkockasebess\u00e9g (Hz)<\/td>\n<td>50<\/td>\n<\/tr>\n<tr>\n<td>\u00c9rz\u00e9kel\u00e9si t\u00e1vols\u00e1g (m)<\/td>\n<td>1800<\/td>\n<\/tr>\n<tr>\n<td>K\u00e9phaszn\u00e1lat<\/td>\n<td>Pard IREA<\/td>\n<\/tr>\n<tr>\n<td>Objekt\u00edv (mm)<\/td>\n<td>35<\/td>\n<\/tr>\n<tr>\n<td>Optikai nagy\u00edt\u00e1s (x)<\/td>\n<td>2,4<\/td>\n<\/tr>\n<tr>\n<td>Digit\u00e1lis zoom (x)<\/td>\n<td>2\/4\/6\/8<\/td>\n<\/tr>\n<tr>\n<td>L\u00e1t\u00f3mez\u0151 (v\u00edzszintes)<\/td>\n<td>9,4<\/td>\n<\/tr>\n<tr>\n<td>L\u00e1t\u00f3mez\u0151 (f\u00fcgg\u0151leges)<\/td>\n<td>7,1\u00b0<\/td>\n<\/tr>\n<tr>\n<td>L\u00e1t\u00f3mez\u0151 (\u00e1tl\u00f3s)<\/td>\n<td>11,8<\/td>\n<\/tr>\n<tr>\n<td>F\u00f3kusz\u00e1l\u00e1si t\u00e1vols\u00e1g<\/td>\n<td>3 m \u2013 \u221e<\/td>\n<\/tr>\n<tr>\n<td>\n<div>\n<div>Senzor vidite\u013en\u00e9ho svetla<\/div>\n<\/div>\n<\/td>\n<td><\/td>\n<\/tr>\n<tr>\n<td>Felbont\u00e1s (pixelek)<\/td>\n<td>2688*1520<\/td>\n<\/tr>\n<tr>\n<td>Pixel m\u00e9ret (\u00b5m)<\/td>\n<td>2,9<\/td>\n<\/tr>\n<tr>\n<td>\u00c9rz\u00e9kenys\u00e9g (lux)<\/td>\n<td>0,001<\/td>\n<\/tr>\n<tr>\n<td>K\u00e9pkockasebess\u00e9g (Hz)<\/td>\n<td>\n<div>\n<div>Farba: 60 \/ Monochromatick\u00fd: 30<\/div>\n<\/div>\n<\/td>\n<\/tr>\n<tr>\n<td>Objekt\u00edv (mm)<\/td>\n<td>50<\/td>\n<\/tr>\n<tr>\n<td>Optikai nagy\u00edt\u00e1s (x)<\/td>\n<td>3,5<\/td>\n<\/tr>\n<tr>\n<td>Digit\u00e1lis zoom (x)<\/td>\n<td>2\/3<\/td>\n<\/tr>\n<tr>\n<td>L\u00e1t\u00f3mez\u0151 (v\u00edzszintes)<\/td>\n<td>6,4<\/td>\n<\/tr>\n<tr>\n<td>L\u00e1t\u00f3mez\u0151 (f\u00fcgg\u0151leges)<\/td>\n<td>4,8<\/td>\n<\/tr>\n<tr>\n<td>L\u00e1t\u00f3mez\u0151 (\u00e1tl\u00f3s)<\/td>\n<td>8\u00b0<\/td>\n<\/tr>\n<tr>\n<td>Gy\u00fajt\u00f3t\u00e1vols\u00e1g<\/td>\n<td>3 m \u2013 \u221e<\/td>\n<\/tr>\n<tr>\n<td>Kijelz\u0151<\/td>\n<td><\/td>\n<\/tr>\n<tr>\n<td>T\u00edpus<\/td>\n<td>LCD<\/td>\n<\/tr>\n<tr>\n<td>Felbont\u00e1s (pixelek)<\/td>\n<td>640*480<\/td>\n<\/tr>\n<tr>\n<td>Jelenet m\u00f3dok<\/td>\n<td>V\u00e1ros\/Rain\/Les<\/td>\n<\/tr>\n<tr>\n<td>K\u00e9pm\u00f3dok<\/td>\n<td>\n<div>\n<div>WT-MELEG\/BK-MELEG\/SZEG\u00c9LY\/RD-MELEG\/IN-MELEG\/\u00c9GBOLT<\/div>\n<\/div>\n<\/td>\n<\/tr>\n<tr>\n<td>Fot\u00f3 \/ vide\u00f3<\/td>\n<td><\/td>\n<\/tr>\n<tr>\n<td>F\u00e9nyk\u00e9p felbont\u00e1sa (k\u00e9ppont)<\/td>\n<td>\n<div>\n<div>Tepeln\u00fd obraz: 20481536 \/ No\u010dn\u00e9 videnie: 20481536<\/div>\n<\/div>\n<\/td>\n<\/tr>\n<tr>\n<td>F\u00e9nyk\u00e9p form\u00e1tum<\/td>\n<td>.JPG<\/td>\n<\/tr>\n<tr>\n<td>Vide\u00f3 felbont\u00e1sa (pixelek)<\/td>\n<td>\n<div>\n<div>Tepeln\u00fd obraz: 1024768 \/ No\u010dn\u00e9 videnie: 19201440<\/div>\n<\/div>\n<\/td>\n<\/tr>\n<tr>\n<td>Vide\u00f3 form\u00e1tum<\/td>\n<td>.mp4<\/td>\n<\/tr>\n<tr>\n<td>\u00dalo\u017en\u00fd priestor (GB)<\/td>\n<td>\n<div>\n<div>Micro SD k\u00e1rtya (max. 128 GB)<\/div>\n<\/div>\n<\/td>\n<\/tr>\n<tr>\n<td>F\u0151bb jellemz\u0151k<\/td>\n<td><\/td>\n<\/tr>\n<tr>\n<td>LRF Detek\u010dn\u00e1 vzdialenos\u0165 (m\/yard)<\/td>\n<td>1000\/1200<\/td>\n<\/tr>\n<tr>\n<td>PIP (K\u00e9p a k\u00e9pben)<\/td>\n<td>Igen<\/td>\n<\/tr>\n<tr>\n<td>Gyroszk\u00f3p<\/td>\n<td>Igen<\/td>\n<\/tr>\n<tr>\n<td>Nepretr\u017eit\u00e9 nahr\u00e1vanie<\/td>\n<td>Igen<\/td>\n<\/tr>\n<tr>\n<td>Elektronikus ir\u00e1nyt\u0171<\/td>\n<td>Igen<\/td>\n<\/tr>\n<tr>\n<td>Z\u00e1r<\/td>\n<td>Mechanikus z\u00e1r<\/td>\n<\/tr>\n<tr>\n<td>Mikrofon<\/td>\n<td>Igen<\/td>\n<\/tr>\n<tr>\n<td>Firmware friss\u00edt\u00e9s<\/td>\n<td>Igen<\/td>\n<\/tr>\n<tr>\n<td>IR vil\u00e1g\u00edt\u00f3test<\/td>\n<td><\/td>\n<\/tr>\n<tr>\n<td>V\u00fdkon IR (W)<\/td>\n<td>5<\/td>\n<\/tr>\n<tr>\n<td>IR megvil\u00e1g\u00edt\u00e1si szintek<\/td>\n<td>3 szint<\/td>\n<\/tr>\n<tr>\n<td>IR hull\u00e1mhossz (nm)<\/td>\n<td>850<\/td>\n<\/tr>\n<tr>\n<td>Csatlakoz\u00f3k<\/td>\n<td><\/td>\n<\/tr>\n<tr>\n<td>USB Type-C<\/td>\n<td>Igen<\/td>\n<\/tr>\n<tr>\n<td>HDMI kimenet<\/td>\n<td>Igen<\/td>\n<\/tr>\n<tr>\n<td>WiFi<\/td>\n<td>Igen<\/td>\n<\/tr>\n<tr>\n<td>T\u00e1mogatott alkalmaz\u00e1sok<\/td>\n<td>PardVision2<\/td>\n<\/tr>\n<tr>\n<td>Teljes\u00edtm\u00e9ny<\/td>\n<td><\/td>\n<\/tr>\n<tr>\n<td>Akkumul\u00e1tor t\u00edpusa<\/td>\n<td>\n<div>\n<div>L\u00edtium-i\u00f3nov\u00e1 21700*1<\/div>\n<\/div>\n<\/td>\n<\/tr>\n<tr>\n<td>Kimeneti fesz\u00fclts\u00e9g (V)<\/td>\n<td>3,7<\/td>\n<\/tr>\n<tr>\n<td>Prev\u00e1dzkov\u00e1 doba (hodiny, max.)<\/td>\n<td>\u22646<\/td>\n<\/tr>\n<tr>\n<td>K\u00fcls\u0151 t\u00e1pegys\u00e9g (V)<\/td>\n<td>USB Type-C<\/td>\n<\/tr>\n<tr>\n<td>\n<div>\n<div>Charakteristiky \u017eivotn\u00e9ho prostredia<\/div>\n<\/div>\n<\/td>\n<td><\/td>\n<\/tr>\n<tr>\n<td>A v\u00e9delem szintje<\/td>\n<td>IP67<\/td>\n<\/tr>\n<tr>\n<td>\u00dczemi h\u0151m\u00e9rs\u00e9klet (\u00b0C\/\u00b0F)<\/td>\n<td>\n<div>\n<div>-30 ~ +55 \/ -22 ~ +131<\/div>\n<\/div>\n<\/td>\n<\/tr>\n<tr>\n<td>Anyag<\/td>\n<td><\/td>\n<\/tr>\n<tr>\n<td>Lencse<\/td>\n<td>\n<div>\n<div>Celosklenen\u00e9, viacvrstvov\u00e9 povlakovanie<\/div>\n<\/div>\n<\/td>\n<\/tr>\n<tr>\n<td>M\u00e9retek<\/td>\n<td><\/td>\n<\/tr>\n<tr>\n<td>Rozmery produktu (V x \u0160 x H, mm)<\/td>\n<td>22013758<\/td>\n<\/tr>\n<tr>\n<td>\u010cist\u00e1 hmotnos\u0165 (s LRF a bat\u00e9riou, g)<\/td>\n<td>704,5 g<\/td>\n<\/tr>\n<\/tbody>\n<\/table>\n<p>A m\u00e1rka hivatalos honlapja: <a href=\"https:\/\/eu.pard.com\/product\/binocular-osprey\">https:\/\/eu.pard.com\/product\/binocular-osprey<\/a><\/p>","protected":false},"excerpt":{"rendered":"<p><b>Je vybaven\u00fd senzorom s vysok\u00fdm rozl\u00ed\u0161en\u00edm 480*360<\/b><span style=\"font-weight: 400\">, ktor\u00fd v kombin\u00e1cii<\/span> <b>-<\/b><span style=\"font-weight: 400\"> najmodernej\u0161ou<\/span> <b>technol\u00f3gi<\/b><span style=\"font-weight: 400\">ou<\/span> <b>Vox bez chladenia<\/b> <span style=\"font-weight: 400\">zabezpe\u010duje<\/span> <b>jasn\u00fa vidite\u013enos\u0165<\/b> <span style=\"font-weight: 400\">detailov cie\u013ea a bohat\u00fdch detailov.<\/span><\/p>\n<p><span style=\"font-weight: 400\">Vychut<\/span>n<span style=\"font-weight: 400\">ajte si bezkonkuren\u010dn\u00fd z\u00e1\u017eitok s <\/span><b>\u00faplne uzavret\u00fdm m\u00e4kk\u00fdm silik\u00f3nov\u00fdm okul\u00e1rom<\/b><span style=\"font-weight: 400\">, amely <\/span><b>blokuje svetlo<\/b> <span style=\"font-weight: 400\">a poskytuje dokonal\u00fa izol\u00e1ciu pre optim\u00e1lny z\u00e1\u017eitok zo sledovania.<\/span><\/p>","protected":false},"featured_media":21386,"template":"","meta":{"_gspb_post_css":""},"product_brand":[],"product_cat":[2749,145,2313],"product_tag":[313,325,2261,229,2315],"class_list":{"0":"post-21293","1":"product","2":"type-product","3":"status-publish","4":"has-post-thumbnail","6":"product_cat-laserove-dialkomery","7":"product_cat-nocne-videnie","8":"product_cat-termovizna-kamera","9":"product_tag-dialkomer","10":"product_tag-nocne-videnie","11":"product_tag-osprey","12":"product_tag-pard","13":"product_tag-termovizna-kamera","15":"first","16":"outofstock","17":"taxable","18":"shipping-taxable","19":"purchasable","20":"product-type-simple"},"ct_brands":[],"_links":{"self":[{"href":"https:\/\/zbranebudai.sk\/hu\/wp-json\/wp\/v2\/product\/21293","targetHints":{"allow":["GET"]}}],"collection":[{"href":"https:\/\/zbranebudai.sk\/hu\/wp-json\/wp\/v2\/product"}],"about":[{"href":"https:\/\/zbranebudai.sk\/hu\/wp-json\/wp\/v2\/types\/product"}],"wp:featuredmedia":[{"embeddable":true,"href":"https:\/\/zbranebudai.sk\/hu\/wp-json\/wp\/v2\/media\/21386"}],"wp:attachment":[{"href":"https:\/\/zbranebudai.sk\/hu\/wp-json\/wp\/v2\/media?parent=21293"}],"wp:term":[{"taxonomy":"product_brand","embeddable":true,"href":"https:\/\/zbranebudai.sk\/hu\/wp-json\/wp\/v2\/product_brand?post=21293"},{"taxonomy":"product_cat","embeddable":true,"href":"https:\/\/zbranebudai.sk\/hu\/wp-json\/wp\/v2\/product_cat?post=21293"},{"taxonomy":"product_tag","embeddable":true,"href":"https:\/\/zbranebudai.sk\/hu\/wp-json\/wp\/v2\/product_tag?post=21293"}],"curies":[{"name":"wp","href":"https:\/\/api.w.org\/{rel}","templated":true}]}}