{"id":21292,"date":"2026-02-14T15:25:23","date_gmt":"2026-02-14T13:25:23","guid":{"rendered":"https:\/\/zbranebudai.sk\/?post_type=product&#038;p=21292"},"modified":"2026-04-29T14:10:28","modified_gmt":"2026-04-29T12:10:28","slug":"pard-nv007sp-940-lrf-nocne-videnie-nahradny-zameriavac-45-mm","status":"publish","type":"product","link":"https:\/\/zbranebudai.sk\/hu\/product\/pard-nv007sp-940-lrf-nocne-videnie-nahradny-zameriavac-45-mm\/","title":{"rendered":"Pard NV007SP 940 LRF \u00e9jjell\u00e1t\u00f3 \/ 45 mm-es tartal\u00e9k c\u00e9lt\u00e1vcs\u0151"},"content":{"rendered":"<p><span style=\"font-weight: 400\">Zariadenie je dod\u00e1van\u00e9 s rovnak\u00fdmi dobre navrhnut\u00fdmi komponentmi ako predt\u00fdm:<\/span> <span style=\"font-weight: 400\">S\u00fa\u010das\u0165ou balenia<\/span> A<span style=\"font-weight: 400\"> 45 mm up\u00ednac\u00ed dr\u017eiak s rozp\u00ednac\u00edmi kr\u00fa\u017ekami, ktor\u00fd je mo\u017en\u00e9 pou\u017ei\u0165 s okul\u00e1rmi s priemerom od 42,6 do 45 mm. Pre in\u00e9 priemery si pozrite na\u0161e \u010fal\u0161ie ponuky!<\/span><\/p>\n<p><span style=\"font-weight: 400\">Po obrovskom \u00faspechu s\u00e9rie Pard NV007 na trhu prich\u00e1dza jej doteraz najsofistikovanej\u0161\u00ed n\u00e1stupca, model NV007SP. Praktickej\u0161ie a robustnej\u0161ie puzdro je na\u010falej k dispoz\u00edcii s dvoma typmi osvetlenia. Verzia s vlnovou d\u013a\u017ekou 940 nanometrov m\u00e1 mierne vidite\u013en\u00e9 osvetlenie s v\u00e4\u010d\u0161\u00edm dosahom detekcie. Digit\u00e1lny pr\u00edslu\u0161enstvo pre no\u010dn\u00e9 videnie je mo\u017en\u00e9 na\u010falej montova\u0165 na okul\u00e1r pu\u0161koh\u013eadu. Pr\u00edslu\u0161enstvo je mo\u017en\u00e9 pomocou svorky s vn\u00fatorn\u00fdm priemerom 45 mm \u013eahko pripevni\u0165 na takmer ka\u017ed\u00fd* variabiln\u00fd pu\u0161koh\u013ead, ktor\u00fd nie je z\u00fa\u017een\u00fd. Pre inform\u00e1cie o pou\u017eit\u00ed s pevn\u00fdmi pu\u0161koh\u013eadmi n\u00e1s pros\u00edm kontaktujte!<\/span><\/p>\n<p><span style=\"font-weight: 400\">* Verzia NV007SP LRF m\u00e1 skr\u00e1ten\u00e9 puzdro. V\u00fdrobca to dosiahol presunut\u00edm pevnej bat\u00e9rie na \u013eav\u00fa stranu zariadenia, \u010do viedlo k v\u00fdrazne lep\u0161ej pozorovacej vzdialenosti v porovnan\u00ed s verziou V. T\u00fdm sa eliminuj\u00fa ak\u00e9ko\u013evek probl\u00e9my so zbra\u0148ami s zadn\u00fdm nab\u00edjan\u00edm.<\/span><\/p>\n<p><span style=\"font-weight: 400\">Okrem jednoduch\u00e9ho pou\u017e\u00edvania je najv\u00e4\u010d\u0161\u00edm prekvapen\u00edm kvalita obrazu. Ve\u013emi p\u00f4sobiv\u00e9 s\u00fa farby a ostros\u0165 v dennom svetle, ako aj v\u00fdkon v noci. Rozl\u00ed\u0161enie najnov\u0161ieho senzora 2560&#215;1440 pixelov (v\u00fdrazne vy\u0161\u0161ie ako Full HD) je v\u00fdznamn\u00fdm krokom vpred. Objekt\u00edv s ohniskovou vzdialenos\u0165ou 16 mm m\u00e1 z\u00e1kladn\u00e9 zv\u00e4\u010d\u0161enie pribli\u017ene 2x. To znamen\u00e1, \u017ee napr\u00edklad pu\u0161koh\u013ead s 3x zv\u00e4\u010d\u0161en\u00edm poskytuje z\u00e1kladn\u00e9 zv\u00e4\u010d\u0161enie 6x. Zariadenie je schopn\u00e9 digit\u00e1lne zv\u00fd\u0161i\u0165 toto optick\u00e9 zv\u00e4\u010d\u0161enie a\u017e na 3,5x (t. j. 7x zv\u00e4\u010d\u0161enie) bez ak\u00e9hoko\u013evek znate\u013en\u00e9ho zhor\u0161enia kvality obrazu. Nastavenie dioptri\u00ed a manu\u00e1lne zaostrenie pom\u00e1haj\u00fa zabezpe\u010di\u0165 dokonal\u00fa ostros\u0165 obrazu. Pri zlej vidite\u013enosti s\u00fa k dispoz\u00edcii aj mo\u017enosti nastavenia expoz\u00edcie a jasu. Slot na micro SD kartu podporuje m\u00e9di\u00e1 s kapacitou a\u017e 128 GB, ktor\u00e9 mo\u017eno pou\u017ei\u0165 na jednoduch\u00e9 nahr\u00e1vanie obrazov s rozl\u00ed\u0161en\u00edm 2592&#215;1944 pixelov (5 MP) a Full HD (1920&#215;1080 pixelov) rozl\u00ed\u0161enie 30 fps kvalita .avi roz\u0161\u00edrenie vide\u00e1. V z\u00e1vislosti od nastaven\u00ed zaznamen\u00e1va aj zvuk a je mo\u017en\u00e9 ho nastavi\u0165 tak, aby aktivoval nahr\u00e1vanie videa pri v\u00fdstrele. V tomto pr\u00edpade \u010d\u00edsla hovoria sam\u00e9 za seba. Kvalita obrazu naozaj hovor\u00ed za v\u0161etko. Ve\u013ek\u00fd intern\u00fd OLED displej s rozl\u00ed\u0161en\u00edm 1024&#215;768 pixelov konkuruje optick\u00fdm \u0161o\u0161ovk\u00e1m v re\u017eime denn\u00e9ho svetla pri z\u00e1kladnom zv\u00e4\u010d\u0161en\u00ed. Pou\u017e\u00edvatelia si m\u00f4\u017eu vybra\u0165 medzi farebn\u00fdm a \u010diernobielym nastaven\u00edm.<\/span><br \/>\n<span style=\"font-weight: 400\">S hmotnos\u0165ou iba 250 g zariadenie neovplyv\u0148uje rozlo\u017eenie hmotnosti pu\u0161koh\u013eadu, ale v\u00fdrazne zvy\u0161uje jeho schopnosti a pou\u017eite\u013enos\u0165. S 940 nm sveteln\u00fdm emitorom nie je detek\u010dn\u00e1 vzdialenos\u0165 a\u017e 200 m v \u00faplnej tme pri najvy\u0161\u0161om nastaven\u00ed nepredstavite\u013en\u00e1. Vstavan\u00fd infra\u010derven\u00fd zdroj je mo\u017en\u00e9 nastavi\u0165 na tri r\u00f4zne \u00farovne. U\u017e\u00edvate\u013esky pr\u00edvetiv\u00e9 rozhranie umo\u017e\u0148uje pr\u00edstup k najd\u00f4le\u017eitej\u0161\u00edm funkci\u00e1m stla\u010den\u00edm jedin\u00e9ho tla\u010didla, tak\u017ee ani no\u010dn\u00e9 pou\u017eitie nie je \u017eiadnym probl\u00e9mom. Praktickou funkciou je, \u017ee namiesto pohotovostn\u00e9ho re\u017eimu kr\u00e1tke stla\u010denie tla\u010didla nap\u00e1jania zn\u00ed\u017ei jas displeja na pribli\u017ene 10 %, \u010do \u0161etr\u00ed bat\u00e9riu 18650, ale zaru\u010duje okam\u017eit\u00fa z\u00e1kladn\u00fa orient\u00e1ciu pri zdvihnut\u00ed zariadenia k oku. Mo\u017eno ju dokonca nab\u00edja\u0165 z powerbanky cez extern\u00fd konektor. Mikro HDMI konektor pod gumov\u00fdm krytom \u010falej roz\u0161iruje \u0161k\u00e1lu funkci\u00ed. V\u00fdrobca tie\u017e vylep\u0161il odolnos\u0165 proti vode prepracovan\u00edm puzdra, pri\u010dom zariadenie m\u00e1 aj li\u0161tu, tak\u017ee ho mo\u017eno vybavi\u0165 \u010fal\u0161\u00edm pr\u00edslu\u0161enstvom. No\u010dn\u00e9 videnie funguje s bat\u00e9riou 18650, ktor\u00e1 pri plnom nabit\u00ed poskytuje a\u017e 8 hod\u00edn prev\u00e1dzky.<\/span><\/p>\n<table dir=\"ltr\" border=\"1\" cellspacing=\"0\" cellpadding=\"0\" data-sheets-root=\"1\" data-sheets-baot=\"1\">\n<colgroup>\n<col width=\"216\" \/>\n<col width=\"161\" \/><\/colgroup>\n<tbody>\n<tr>\n<td><strong>M\u0171szaki param\u00e9terek<\/strong><\/td>\n<td><\/td>\n<\/tr>\n<tr>\n<td>\u00c9rz\u00e9kel\u0151<\/td>\n<td>QHD 2560 \u00d7 1440 px<\/td>\n<\/tr>\n<tr>\n<td>Laserov\u00e9 doplnkov\u00e9 osvetlenie<\/td>\n<td>940 nm<\/td>\n<\/tr>\n<tr>\n<td>L\u00e9zeres t\u00e1vols\u00e1gm\u00e9r\u0151<\/td>\n<td>Igen, 1 097 m<\/td>\n<\/tr>\n<tr>\n<td>Sn\u00edmanie<\/td>\n<td>350 m-ig<\/td>\n<\/tr>\n<tr>\n<td>Optikai nagy\u00edt\u00e1s<\/td>\n<td>2x<\/td>\n<\/tr>\n<tr>\n<td>L\u00e1t\u00f3mez\u0151<\/td>\n<td>Vodorovn\u00e9: 22\u00b0<\/td>\n<\/tr>\n<tr>\n<td><\/td>\n<td>F\u00fcgg\u0151leges: 12\u00b0<\/td>\n<\/tr>\n<tr>\n<td><\/td>\n<td>\u00c1tl\u00f3: 25\u00b0<\/td>\n<\/tr>\n<tr>\n<td>\u00c9rz\u00e9kenys\u00e9g<\/td>\n<td>0,001 lux<\/td>\n<\/tr>\n<tr>\n<td>Friss\u00edt\u00e9si sebess\u00e9g<\/td>\n<td>30 Hz<\/td>\n<\/tr>\n<tr>\n<td>Digit\u00e1lis zoom<\/td>\n<td>1-3,5x<\/td>\n<\/tr>\n<tr>\n<td>Dioptri\u00e1s korrekci\u00f3<\/td>\n<td>-5D \u00e9s +5D k\u00f6z\u00f6tt<\/td>\n<\/tr>\n<tr>\n<td>Prev\u00e1dzkov\u00fd re\u017eim<\/td>\n<td>Farba\/\u010ciernobiely<\/td>\n<\/tr>\n<tr>\n<td>Kijelz\u0151<\/td>\n<td>OLED 0,39&#8243; 1024 \u00d7 768<\/td>\n<\/tr>\n<tr>\n<td>Priemer okul\u00e1ru<\/td>\n<td>25 mm<\/td>\n<\/tr>\n<tr>\n<td>Kimeneti lencse<\/td>\n<td>22,5 mm<\/td>\n<\/tr>\n<tr>\n<td>Wi-Fi<\/td>\n<td>Igen<\/td>\n<\/tr>\n<tr>\n<td>Micro SD k\u00e1rtya<\/td>\n<td>Igen, max. 128 GB<\/td>\n<\/tr>\n<tr>\n<td>Nastavite\u013en\u00e9 pomocn\u00e9 svetlo<\/td>\n<td>Igen<\/td>\n<\/tr>\n<tr>\n<td>Fot\u00f3k \u00e9s vide\u00f3k<\/td>\n<td>Igen<\/td>\n<\/tr>\n<tr>\n<td>USB t\u00edpus<\/td>\n<td>C t\u00edpus<\/td>\n<\/tr>\n<tr>\n<td>HDMI kimenet<\/td>\n<td>Igen<\/td>\n<\/tr>\n<tr>\n<td>Akkumul\u00e1tor t\u00edpusa<\/td>\n<td>L\u00edtium-ion 18650*1<\/td>\n<\/tr>\n<tr>\n<td>Akkumul\u00e1tor \u00fczemid\u0151<\/td>\n<td>8 \u00f3ra<\/td>\n<\/tr>\n<tr>\n<td>V\u00e9delem<\/td>\n<td>IP67<\/td>\n<\/tr>\n<tr>\n<td>\u00dczemi h\u0151m\u00e9rs\u00e9klet<\/td>\n<td>-20 \u00b0C a\u017e 40 \u00b0C<\/td>\n<\/tr>\n<tr>\n<td>M\u00e9retek<\/td>\n<td>\n<div>\n<div>105 mm \u00d7 120 mm \u00d7 71 mm<\/div>\n<\/div>\n<\/td>\n<\/tr>\n<tr>\n<td>S\u00faly<\/td>\n<td>355 g<\/td>\n<\/tr>\n<\/tbody>\n<\/table>\n<p>A term\u00e9k hivatalos le\u00edr\u00e1s\u00e1t a m\u00e1rka weboldal\u00e1n itt tal\u00e1lja: <a href=\"https:\/\/pard.com\/nv007sp\/\">https:\/\/pard.com\/nv007sp\/<\/a><\/p>","protected":false},"excerpt":{"rendered":"<p><span style=\"font-weight: 400\">Naju\u017e\u00edvate\u013esky pr\u00edvetivej\u0161ia a najkomplexnej\u0161ia verzia s\u00e9rie NV007 doteraz dorazila. Nov\u00e1 verzia SP LRF kombinuje najkrat\u0161\u00ed mo\u017en\u00fd dizajn, bezbari\u00e9rov\u00fa in\u0161tal\u00e1ciu na zbrane s zadn\u00fdm uz\u00e1verom a presn\u00e9 meranie vzdialenosti.<\/span><\/p>","protected":false},"featured_media":21383,"template":"","meta":{"_gspb_post_css":""},"product_brand":[],"product_cat":[145,2753],"product_tag":[325,229,324],"class_list":{"0":"post-21292","1":"product","2":"type-product","3":"status-publish","4":"has-post-thumbnail","6":"product_cat-nocne-videnie","7":"product_cat-puskohlady","8":"product_tag-nocne-videnie","9":"product_tag-pard","10":"product_tag-puskohlad","12":"first","13":"outofstock","14":"taxable","15":"shipping-taxable","16":"purchasable","17":"product-type-simple"},"ct_brands":[],"_links":{"self":[{"href":"https:\/\/zbranebudai.sk\/hu\/wp-json\/wp\/v2\/product\/21292","targetHints":{"allow":["GET"]}}],"collection":[{"href":"https:\/\/zbranebudai.sk\/hu\/wp-json\/wp\/v2\/product"}],"about":[{"href":"https:\/\/zbranebudai.sk\/hu\/wp-json\/wp\/v2\/types\/product"}],"wp:featuredmedia":[{"embeddable":true,"href":"https:\/\/zbranebudai.sk\/hu\/wp-json\/wp\/v2\/media\/21383"}],"wp:attachment":[{"href":"https:\/\/zbranebudai.sk\/hu\/wp-json\/wp\/v2\/media?parent=21292"}],"wp:term":[{"taxonomy":"product_brand","embeddable":true,"href":"https:\/\/zbranebudai.sk\/hu\/wp-json\/wp\/v2\/product_brand?post=21292"},{"taxonomy":"product_cat","embeddable":true,"href":"https:\/\/zbranebudai.sk\/hu\/wp-json\/wp\/v2\/product_cat?post=21292"},{"taxonomy":"product_tag","embeddable":true,"href":"https:\/\/zbranebudai.sk\/hu\/wp-json\/wp\/v2\/product_tag?post=21292"}],"curies":[{"name":"wp","href":"https:\/\/api.w.org\/{rel}","templated":true}]}}