{"id":21291,"date":"2026-02-14T15:25:23","date_gmt":"2026-02-14T13:25:23","guid":{"rendered":"https:\/\/zbranebudai.sk\/?post_type=product&#038;p=21291"},"modified":"2026-04-29T14:11:19","modified_gmt":"2026-04-29T12:11:19","slug":"pard-nv008sp2-850-digitalny-nocny-puskohlad-45x","status":"publish","type":"product","link":"https:\/\/zbranebudai.sk\/hu\/product\/pard-nv008sp2-850-digitalny-nocny-puskohlad-45x\/","title":{"rendered":"Pard NV008SP2 850 digit\u00e1lis \u00e9jjell\u00e1t\u00f3 t\u00e1vcs\u0151 4,5x"},"content":{"rendered":"<p><b>2688&#215;1520 extra ve\u013ek\u00fd, vysoko citliv\u00fd 4K CMOS senzor<\/b><br \/>\n<span style=\"font-weight: 400\">Okrem kompaktn\u00e9ho a robustn\u00e9ho dizajnu je p\u00f4sobiv\u00e1 aj technol\u00f3gia prisp\u00f4soben\u00e1 potreb\u00e1m doby, ke\u010f\u017ee nov\u00fd propriet\u00e1rny 4K senzor spolo\u010dnosti Pard dok\u00e1\u017ee zaznamen\u00e1va\u0165 FullHD audio vide\u00e1 s rozl\u00ed\u0161en\u00edm 1920&#215;1080 pixelov na volite\u013en\u00fa pam\u00e4\u0165ov\u00fa kartu, ktor\u00fa zariadenie dok\u00e1\u017ee spracova\u0165 a\u017e do ve\u013ekosti 128 GB.<\/span><\/p>\n<p><span style=\"font-weight: 400\">Nov\u00fd senzor s ve\u013ekos\u0165ou pixelu 2,9 \u00b5m a elektronicky vylep\u0161en\u00fdm syst\u00e9mom vylep\u0161enia obrazu \u201ePard VLEA\u201c dosahuje v\u00fdrazn\u00e9 zlep\u0161enie kvality obrazu v porovnan\u00ed so svoj\u00edm predchodcom, modelom NV008S. Mimochodom, v z\u00e1vislosti od nastaven\u00ed videa m\u00f4\u017ee dokonca nahr\u00e1va\u0165 v re\u017eime aktivovanom z\u00e1berom.<\/span><\/p>\n<p><b>Dosah sveteln\u00e9ho l\u00fa\u010da a\u017e 350 metrov<\/b><\/p>\n<p><span style=\"font-weight: 400\">Sveteln\u00fd l\u00fa\u010d NV008SP2 je mo\u017en\u00e9 nastavi\u0165 a zaostri\u0165 v 3 stup\u0148och, aby ste mohli s maxim\u00e1lnou presnos\u0165ou pos\u00fadi\u0165 ak\u00fako\u013evek ve\u013ekos\u0165 zveri v akejko\u013evek vzdialenosti stre\u013eby. Zariadenie je k dispoz\u00edcii s dvoma typmi osvet\u013eova\u010dov: vidite\u013en\u00fdm 850 nm a nevidite\u013en\u00fdm 940 nm. Osvet\u013eova\u010d 940 nm je pre zver nevidite\u013en\u00fd, ale jeho dosah je minim\u00e1lne zn\u00ed\u017een\u00fd (250-300 metrov) v porovnan\u00ed s dosahom uveden\u00fdm v odseku.<\/span><\/p>\n<p><b>Vylep\u0161en\u00e9, u\u017e\u00edvate\u013esky pr\u00edvetiv\u00e9 ovl\u00e1danie<\/b><\/p>\n<p><span style=\"font-weight: 400\">Progres\u00edvne zv\u00e4\u010d\u0161enie zabezpe\u010duje nepreru\u0161ovan\u00e9 pozorovanie a prirodzen\u00fd optick\u00fd dojem. Z\u00e1kladn\u00e9 zv\u00e4\u010d\u0161enie zariadenia je 4,3x pre model 50 a 6x pre model 70, ktor\u00e9 je mo\u017en\u00e9 digit\u00e1lne zv\u00fd\u0161i\u0165 na dvojn\u00e1sobok (8,6x, resp. 12x). V\u010faka vstavanej WiFi sa d\u00e1 pomocou aplik\u00e1cie \u013eahko pripoji\u0165 k mobiln\u00e9mu telef\u00f3nu a premietan\u00fd obraz je mo\u017en\u00e9 sledova\u0165 na mobilnom telef\u00f3ne. K zariadeniu je mo\u017en\u00e9 pripoji\u0165 aj extern\u00e9 zariadenia pomocou li\u0161ty Picatinny na puzdre. Nov\u00e1 verzia NV008SP2 m\u00e1 detailnej\u0161\u00ed OLED displej s rozl\u00ed\u0161en\u00edm 1440&#215;1080 pixelov ako ak\u00fdko\u013evek predch\u00e1dzaj\u00faci model a zariadenie je tie\u017e vybaven\u00e9 funkciou obraz v obraze (PIP) a meradlom uhla naklonenia.<\/span><\/p>\n<p><b>Vylep\u0161en\u00fd algoritmus obrazu<\/b><\/p>\n<p><span style=\"font-weight: 400\">Nov\u00fd displej a rozl\u00ed\u0161enie senzora zaru\u010duj\u00fa p\u00f4sobiv\u00fa kvalitu obrazu a kont\u00fary. Z\u00e1\u017eitok je naozaj spektakul\u00e1rny.<\/span><br \/>\n<b>Videofelv\u00e9tel aktiv\u00e1lva l\u00f6v\u00e9ssel<\/b><\/p>\n<p><span style=\"font-weight: 400\">Zariadenie, podobne ako osobn\u00fd videobloger, automaticky detekuje moment v\u00fdstrelu a uklad\u00e1 najd\u00f4le\u017eitej\u0161ie a najinformat\u00edvnej\u0161ie momenty v 20-sekundov\u00fdch vide\u00e1ch v jeho bezprostrednej bl\u00edzkosti.<\/span><\/p>\n<table dir=\"ltr\" border=\"1\" cellspacing=\"0\" cellpadding=\"0\" data-sheets-root=\"1\" data-sheets-baot=\"1\">\n<colgroup>\n<col width=\"203\" \/>\n<col width=\"156\" \/>\n<col width=\"100\" \/><\/colgroup>\n<tbody>\n<tr>\n<td><strong>M\u0171szaki param\u00e9terek<\/strong><\/td>\n<td><\/td>\n<td><\/td>\n<\/tr>\n<tr>\n<td>Wi-Fi<\/td>\n<td>Igen<\/td>\n<td><\/td>\n<\/tr>\n<tr>\n<td>\u00c9rz\u00e9kel\u0151<\/td>\n<td>2688 \u00d7 1520 px<\/td>\n<td><\/td>\n<\/tr>\n<tr>\n<td>Kijelz\u0151 felbont\u00e1sa<\/td>\n<td>1440 \u00d7 1080 px<\/td>\n<td><\/td>\n<\/tr>\n<tr>\n<td>Lencse<\/td>\n<td>50 mm<\/td>\n<td>70 mm<\/td>\n<\/tr>\n<tr>\n<td>L\u00e1t\u00f3mez\u0151<\/td>\n<td>6,3\u00b0 \u00d7 4,8\u00b0<\/td>\n<td>4,6\u00b0 \u00d7 3,4\u00b0<\/td>\n<\/tr>\n<tr>\n<td>Optikai nagy\u00edt\u00e1s<\/td>\n<td>4,3x<\/td>\n<td>6x<\/td>\n<\/tr>\n<tr>\n<td>Digit\u00e1lis zoom<\/td>\n<td>2x<\/td>\n<td>2x<\/td>\n<\/tr>\n<tr>\n<td>Dioptri\u00e1s korrekci\u00f3<\/td>\n<td>\u00b1 5<\/td>\n<td><\/td>\n<\/tr>\n<tr>\n<td>Vide\u00f3 felbont\u00e1s<\/td>\n<td>2560 \u00d7 1440 px<\/td>\n<td><\/td>\n<\/tr>\n<tr>\n<td>Sn\u00edmanie<\/td>\n<td>350 m<\/td>\n<td><\/td>\n<\/tr>\n<tr>\n<td>Doplnkov\u00e9 osvetlenie<\/td>\n<td>850 nm<\/td>\n<td><\/td>\n<\/tr>\n<tr>\n<td>V\u00e9delmi fokozat<\/td>\n<td>IP67<\/td>\n<td><\/td>\n<\/tr>\n<tr>\n<td>Mem\u00f3ria<\/td>\n<td>microSD, 128 GB<\/td>\n<td><\/td>\n<\/tr>\n<tr>\n<td>\u00dczemi h\u0151m\u00e9rs\u00e9klet<\/td>\n<td>-20 \u00b0C \u00e9s 50 \u00b0C k\u00f6z\u00f6tt<\/td>\n<td><\/td>\n<\/tr>\n<tr>\n<td>Akkumul\u00e1tor<\/td>\n<td>1x Li-ion 18650<\/td>\n<td><\/td>\n<\/tr>\n<tr>\n<td>Akkumul\u00e1tor \u00fczemid\u0151<\/td>\n<td>8 \u00f3ra<\/td>\n<td><\/td>\n<\/tr>\n<tr>\n<td>D\u00e1vid<\/td>\n<td>447 g<\/td>\n<td><\/td>\n<\/tr>\n<\/tbody>\n<\/table>\n<p>A term\u00e9k hivatalos le\u00edr\u00e1s\u00e1t a m\u00e1rka weboldal\u00e1n itt tal\u00e1lja: <a href=\"https:\/\/pard.com\/store\/nv008sp2-night-vision-rifle-scope\/\">https:\/\/pard.com\/store\/nv008sp2-night-vision-rifle-scope\/<\/a><\/p>","protected":false},"excerpt":{"rendered":"<p><span style=\"font-weight: 400\">Spolo\u010dnos\u0165 Pard predstavuje najnov\u0161iu verziu svojho \u00faspe\u0161n\u00e9ho no\u010dn\u00e9ho \u010falekoh\u013eadu NV008SP2, ktor\u00fd pou\u017e\u00edvate\u013eom poskytuje vynikaj\u00faci vizu\u00e1lny z\u00e1\u017eitok za denn\u00fdch aj no\u010dn\u00fdch podmienok, a to aj v porovnan\u00ed s najnov\u0161\u00edmi \u0161tandardmi. Jeho aktualizovan\u00fd, ultra vysokov\u00fdkonn\u00fd senzor poskytuje obrazov\u00e9 inform\u00e1cie aj pri jasnosti 0,001 luxu. Starostliv\u00fd dizajn a sp\u00e4tn\u00e1 v\u00e4zba od pou\u017e\u00edvate\u013eov viedli k vytvoreniu inteligentn\u00e9ho digit\u00e1lneho denn\u00e9ho\/no\u010dn\u00e9ho zameriava\u010da (farebn\u00e9 obrazy po\u010das d\u0148a, \u010diernobiele obrazy v noci), ktor\u00fd v\u010faka vylep\u0161enej ergon\u00f3mii pohodlne padne do ruky v akejko\u013evek situ\u00e1cii, zatia\u013e \u010do jeho kompaktn\u00e1, \u013eahk\u00e1 a vysoko kvalitn\u00e1 kon\u0161trukcia v\u00e1s znova a znova presved\u010d\u00ed, \u017ee ste urobili spr\u00e1vne rozhodnutie, ke\u010f ste si vybrali toto zariadenie pre svoje hobby alebo povolanie.<\/span><\/p>","protected":false},"featured_media":21378,"template":"","meta":{"_gspb_post_css":""},"product_brand":[],"product_cat":[145,2753],"product_tag":[325,229,324],"class_list":{"0":"post-21291","1":"product","2":"type-product","3":"status-publish","4":"has-post-thumbnail","6":"product_cat-nocne-videnie","7":"product_cat-puskohlady","8":"product_tag-nocne-videnie","9":"product_tag-pard","10":"product_tag-puskohlad","12":"first","13":"outofstock","14":"sale","15":"taxable","16":"shipping-taxable","17":"purchasable","18":"product-type-simple"},"ct_brands":[],"_links":{"self":[{"href":"https:\/\/zbranebudai.sk\/hu\/wp-json\/wp\/v2\/product\/21291","targetHints":{"allow":["GET"]}}],"collection":[{"href":"https:\/\/zbranebudai.sk\/hu\/wp-json\/wp\/v2\/product"}],"about":[{"href":"https:\/\/zbranebudai.sk\/hu\/wp-json\/wp\/v2\/types\/product"}],"wp:featuredmedia":[{"embeddable":true,"href":"https:\/\/zbranebudai.sk\/hu\/wp-json\/wp\/v2\/media\/21378"}],"wp:attachment":[{"href":"https:\/\/zbranebudai.sk\/hu\/wp-json\/wp\/v2\/media?parent=21291"}],"wp:term":[{"taxonomy":"product_brand","embeddable":true,"href":"https:\/\/zbranebudai.sk\/hu\/wp-json\/wp\/v2\/product_brand?post=21291"},{"taxonomy":"product_cat","embeddable":true,"href":"https:\/\/zbranebudai.sk\/hu\/wp-json\/wp\/v2\/product_cat?post=21291"},{"taxonomy":"product_tag","embeddable":true,"href":"https:\/\/zbranebudai.sk\/hu\/wp-json\/wp\/v2\/product_tag?post=21291"}],"curies":[{"name":"wp","href":"https:\/\/api.w.org\/{rel}","templated":true}]}}