{"id":21290,"date":"2026-02-14T15:25:23","date_gmt":"2026-02-14T13:25:23","guid":{"rendered":"https:\/\/zbranebudai.sk\/?post_type=product&#038;p=21290"},"modified":"2026-04-29T14:15:41","modified_gmt":"2026-04-29T12:15:41","slug":"pard-ft32-objektiv-hokamerahoz-63-mm","status":"publish","type":"product","link":"https:\/\/zbranebudai.sk\/hu\/product\/pard-ft32-objektiv-termoviznej-kamery-63-mm\/","title":{"rendered":"Pard FT32 h\u0151kamera objekt\u00edv 63 mm"},"content":{"rendered":"<p><span style=\"font-weight: 400\">Az objekt\u00edvnek k\u00f6sz\u00f6nhet\u0151en a t\u00e1vcs\u0151 megfigyel\u00e9si t\u00e1vols\u00e1ga ak\u00e1r 2600 m\u00e9ter is lehet. A kiv\u00e1l\u00f3 min\u0151s\u00e9g\u0171, 1440 x 1080 px felbont\u00e1s\u00fa OLED kijelz\u0151 tiszta, nagy kontraszt\u00fa k\u00e9pet biztos\u00edt, amely k\u00edm\u00e9li a szemet. Az el\u00fcls\u0151 objekt\u00edv 6 k\u00fcl\u00f6nb\u00f6z\u0151 megjelen\u00edt\u00e9si m\u00f3dot (White Hot, Black Hot, Edge, Red Hot, Iron Red Hot, Sky) \u00e9s h\u00e1rom megfigyel\u00e9si jelenetet (City, Rain, Forest) k\u00edn\u00e1l. A legfeljebb 128 GB kapacit\u00e1s\u00fa microSD k\u00e1rtya (nem tartoz\u00e9k) behelyez\u00e9s\u00e9vel f\u00e9nyk\u00e9peket \u00e9s vide\u00f3kat k\u00e9sz\u00edthet. A t\u00e1vcs\u0151 nagyon hasznos funkci\u00f3ja a t\u0171ret k\u00f6vet\u0151 automatikus felv\u00e9tel, valamint a felvett felv\u00e9tel azonnali megtekint\u00e9se vagy t\u00f6rl\u00e9se. Az eszk\u00f6zt USB-C kimeneten kereszt\u00fcl sz\u00e1m\u00edt\u00f3g\u00e9phez csatlakoztathatja. Term\u00e9szetesen Wi-Fi-n kereszt\u00fcl mobiltelefonhoz is csatlakozhat.<\/span><\/p>\n<p><span style=\"font-weight: 400\">Az el\u0151lap IP67 v\u00e9detts\u00e9ggel rendelkezik (30 percig, 1 m\u00e9ter m\u00e9lys\u00e9gig v\u00edzbe mer\u00edthet\u0151). Az \u00e1ramell\u00e1t\u00e1sr\u00f3l egy \u00fajrat\u00f6lthet\u0151 18650 akkumul\u00e1tor gondoskodik, amely 5 \u00f3ra \u00fczemid\u0151t biztos\u00edt. Az energiatakar\u00e9kos k\u00e9szenl\u00e9ti \u00fczemm\u00f3dnak k\u00f6sz\u00f6nhet\u0151en az akkumul\u00e1tor tov\u00e1bb b\u00edrja, \u00e9s powerbank is csatlakoztathat\u00f3 hozz\u00e1.<\/span><\/p>\n<table dir=\"ltr\" style=\"height: 487px\" border=\"1\" width=\"387\" cellspacing=\"0\" cellpadding=\"0\" data-sheets-root=\"1\">\n<colgroup>\n<col width=\"181\" \/>\n<col width=\"161\" \/><\/colgroup>\n<tbody>\n<tr>\n<td data-sheets-value=\"{&quot;1&quot;:2,&quot;2&quot;:&quot;Technikai param\u00e9terek&quot;}\">M\u0171szaki param\u00e9terek<\/td>\n<td data-sheets-value=\"{&quot;1&quot;:2,&quot;2&quot;:&quot;\u00c9rt\u00e9kek&quot;}\">\u00c9rt\u00e9kek<\/td>\n<\/tr>\n<tr>\n<td data-sheets-value=\"{&quot;1&quot;:2,&quot;2&quot;:&quot;Felbont\u00e1s&quot;}\">Felbont\u00e1s<\/td>\n<td data-sheets-value=\"{&quot;1&quot;:2,&quot;2&quot;:&quot;384 \u00d7 288 px&quot;}\">384 \u00d7 288 px<\/td>\n<\/tr>\n<tr>\n<td data-sheets-value=\"{&quot;1&quot;:2,&quot;2&quot;:&quot;H\u0151\u00e9rz\u00e9kenys\u00e9g&quot;}\">H\u0151\u00e9rz\u00e9kenys\u00e9g<\/td>\n<td data-sheets-value=\"{&quot;1&quot;:2,&quot;2&quot;:&quot;\u2266 25 mK&quot;}\">\u2266 25 mK<\/td>\n<\/tr>\n<tr>\n<td data-sheets-value=\"{&quot;1&quot;:2,&quot;2&quot;:&quot;Objekt\u00edv&quot;}\">C\u00e9l<\/td>\n<td data-sheets-value=\"{&quot;1&quot;:2,&quot;2&quot;:&quot;35 mm&quot;}\">35 mm<\/td>\n<\/tr>\n<tr>\n<td data-sheets-value=\"{&quot;1&quot;:2,&quot;2&quot;:&quot;\u00c9szlel\u00e9si t\u00e1vols\u00e1g&quot;}\">\u00c9rz\u00e9kel\u00e9si t\u00e1vols\u00e1g<\/td>\n<td data-sheets-value=\"{&quot;1&quot;:2,&quot;2&quot;:&quot;2600 m&quot;}\">2600 m<\/td>\n<\/tr>\n<tr>\n<td data-sheets-value=\"{&quot;1&quot;:2,&quot;2&quot;:&quot;Optikai nagy\u00edt\u00e1s&quot;}\">Optikai nagy\u00edt\u00e1s<\/td>\n<td data-sheets-value=\"{&quot;1&quot;:2,&quot;2&quot;:&quot;1x&quot;}\">1x<\/td>\n<\/tr>\n<tr>\n<td data-sheets-value=\"{&quot;1&quot;:2,&quot;2&quot;:&quot;L\u00e1t\u00f3mez\u0151&quot;}\">L\u00e1t\u00f3mez\u0151<\/td>\n<td data-sheets-value=\"{&quot;1&quot;:2,&quot;2&quot;:&quot;7,5\u00b0 \u00d7 5,6\u00b0&quot;}\">7,5\u00b0 \u00d7 5,6\u00b0<\/td>\n<\/tr>\n<tr>\n<td data-sheets-value=\"{&quot;1&quot;:2,&quot;2&quot;:&quot;Kijelz\u0151 felbont\u00e1s&quot;}\">Kijelz\u0151 felbont\u00e1sa<\/td>\n<td data-sheets-value=\"{&quot;1&quot;:2,&quot;2&quot;:&quot;1440 x 1080 px&quot;}\">1440 x 1080 px<\/td>\n<\/tr>\n<tr>\n<td data-sheets-value=\"{&quot;1&quot;:2,&quot;2&quot;:&quot;Wi-Fi&quot;}\">Wi-Fi<\/td>\n<td data-sheets-value=\"{&quot;1&quot;:2,&quot;2&quot;:&quot;Igen&quot;}\">Igen<\/td>\n<\/tr>\n<tr>\n<td data-sheets-value=\"{&quot;1&quot;:2,&quot;2&quot;:&quot;Digit\u00e1lis zoom&quot;}\">Digit\u00e1lis zoom<\/td>\n<td data-sheets-value=\"{&quot;1&quot;:2,&quot;2&quot;:&quot;Nem&quot;}\">Nem<\/td>\n<\/tr>\n<tr>\n<td data-sheets-value=\"{&quot;1&quot;:2,&quot;2&quot;:&quot;Fot\u00f3k\u00e9sz\u00edt\u00e9si lehet\u0151s\u00e9g&quot;}\">F\u00e9nyk\u00e9pez\u00e9s<\/td>\n<td data-sheets-value=\"{&quot;1&quot;:2,&quot;2&quot;:&quot;Igen&quot;}\">Igen<\/td>\n<\/tr>\n<tr>\n<td data-sheets-value=\"{&quot;1&quot;:2,&quot;2&quot;:&quot;Vide\u00f3k\u00e9sz\u00edt\u00e9si lehet\u0151s\u00e9g&quot;}\">Vide\u00f3gy\u00e1rt\u00e1si lehet\u0151s\u00e9g<\/td>\n<td data-sheets-value=\"{&quot;1&quot;:2,&quot;2&quot;:&quot;Igen&quot;}\">Igen<\/td>\n<\/tr>\n<tr>\n<td data-sheets-value=\"{&quot;1&quot;:2,&quot;2&quot;:&quot;V\u00e9detts\u00e9gi fokozat&quot;}\">A v\u00e9delem szintje<\/td>\n<td data-sheets-value=\"{&quot;1&quot;:2,&quot;2&quot;:&quot;IP67&quot;}\">IP67<\/td>\n<\/tr>\n<tr>\n<td data-sheets-value=\"{&quot;1&quot;:2,&quot;2&quot;:&quot;Mem\u00f3ria&quot;}\">Mem\u00f3ria<\/td>\n<td data-sheets-value=\"{&quot;1&quot;:2,&quot;2&quot;:&quot;MicroSD, 128 GB&quot;}\">MicroSD, 128 GB<\/td>\n<\/tr>\n<tr>\n<td data-sheets-value=\"{&quot;1&quot;:2,&quot;2&quot;:&quot;\u00dczemi h\u0151m\u00e9rs\u00e9klet&quot;}\">\u00dczemi h\u0151m\u00e9rs\u00e9klet<\/td>\n<td data-sheets-value=\"{&quot;1&quot;:2,&quot;2&quot;:&quot;-20\u00b0C - 50\u00b0C&quot;}\">-20 \u00b0C \u00e9s 50 \u00b0C k\u00f6z\u00f6tt<\/td>\n<\/tr>\n<tr>\n<td data-sheets-value=\"{&quot;1&quot;:2,&quot;2&quot;:&quot;Akkumul\u00e1tor&quot;}\">Akkumul\u00e1tor<\/td>\n<td data-sheets-value=\"{&quot;1&quot;:2,&quot;2&quot;:&quot;1x Li-ion 18650&quot;}\">1x Li-ion 18650<\/td>\n<\/tr>\n<tr>\n<td data-sheets-value=\"{&quot;1&quot;:2,&quot;2&quot;:&quot;Akkumul\u00e1tor \u00e9lettartama&quot;}\">Akkumul\u00e1tor \u00fczemid\u0151<\/td>\n<td data-sheets-value=\"{&quot;1&quot;:2,&quot;2&quot;:&quot;5 \u00f3ra&quot;}\">5 \u00f3ra<\/td>\n<\/tr>\n<tr>\n<td data-sheets-value=\"{&quot;1&quot;:2,&quot;2&quot;:&quot;T\u00f6meg&quot;}\">D\u00e1vid<\/td>\n<td data-sheets-value=\"{&quot;1&quot;:2,&quot;2&quot;:&quot;370 g&quot;}\">370 g<\/td>\n<\/tr>\n<tr>\n<td data-sheets-value=\"{&quot;1&quot;:2,&quot;2&quot;:&quot;M\u00e9retek&quot;}\">M\u00e9retek<\/td>\n<td data-sheets-value=\"{&quot;1&quot;:2,&quot;2&quot;:&quot;154 x 79 x 82 mm&quot;}\">154 x 79 x 82 mm<\/td>\n<\/tr>\n<\/tbody>\n<\/table>","protected":false},"excerpt":{"rendered":"<p><span style=\"font-weight: 400\">A Pard bemutatja els\u0151 3 az 1-ben h\u0151kamer\u00e1s el\u0151t\u00e9tj\u00e9t, amelyet nem hagyhat ki \u2013 a Pard FT32-t! Ahogy az a Pardn\u00e1l megszokott, ez egy nagyon kompakt eszk\u00f6z, amely a gyors \u00e9s egyszer\u0171 kezelhet\u0151s\u00e9get a leg\u00fajabb technol\u00f3gi\u00e1val \u00f6tv\u00f6zi. Az \u00faj modell f\u0151 el\u0151nye, hogy 3 az 1-ben eszk\u00f6zk\u00e9nt haszn\u00e1lhat\u00f3: tartoz\u00e9kk\u00e9nt, monokul\u00e1rk\u00e9nt vagy c\u00e9lt\u00e1vcs\u0151k\u00e9nt. A tartoz\u00e9k monokul\u00e1rr\u00e1 alak\u00edt\u00e1s\u00e1hoz egyszer\u0171en helyezze fel a tartoz\u00e9k szemlencs\u00e9t, amely a csomag r\u00e9sze. Ha c\u00e9lt\u00e1vcs\u0151k\u00e9nt k\u00edv\u00e1nja haszn\u00e1lni, k\u00fcl\u00f6n tart\u00f3konzolt kell v\u00e1s\u00e1rolnia.<\/span><\/p>","protected":false},"featured_media":21326,"template":"","meta":{"_gspb_post_css":""},"product_brand":[],"product_cat":[2237,328],"product_tag":[229,352],"class_list":{"0":"post-21290","1":"product","2":"type-product","3":"status-publish","4":"has-post-thumbnail","6":"product_cat-hokamera-elotet","7":"product_cat-termovizne-predsadky","8":"product_tag-pard","9":"product_tag-termovizna-predsadka","11":"first","12":"outofstock","13":"sale","14":"taxable","15":"shipping-taxable","16":"purchasable","17":"product-type-simple"},"ct_brands":[],"_links":{"self":[{"href":"https:\/\/zbranebudai.sk\/hu\/wp-json\/wp\/v2\/product\/21290","targetHints":{"allow":["GET"]}}],"collection":[{"href":"https:\/\/zbranebudai.sk\/hu\/wp-json\/wp\/v2\/product"}],"about":[{"href":"https:\/\/zbranebudai.sk\/hu\/wp-json\/wp\/v2\/types\/product"}],"wp:featuredmedia":[{"embeddable":true,"href":"https:\/\/zbranebudai.sk\/hu\/wp-json\/wp\/v2\/media\/21326"}],"wp:attachment":[{"href":"https:\/\/zbranebudai.sk\/hu\/wp-json\/wp\/v2\/media?parent=21290"}],"wp:term":[{"taxonomy":"product_brand","embeddable":true,"href":"https:\/\/zbranebudai.sk\/hu\/wp-json\/wp\/v2\/product_brand?post=21290"},{"taxonomy":"product_cat","embeddable":true,"href":"https:\/\/zbranebudai.sk\/hu\/wp-json\/wp\/v2\/product_cat?post=21290"},{"taxonomy":"product_tag","embeddable":true,"href":"https:\/\/zbranebudai.sk\/hu\/wp-json\/wp\/v2\/product_tag?post=21290"}],"curies":[{"name":"wp","href":"https:\/\/api.w.org\/{rel}","templated":true}]}}