{"id":21289,"date":"2026-02-14T15:25:23","date_gmt":"2026-02-14T13:25:23","guid":{"rendered":"https:\/\/zbranebudai.sk\/?post_type=product&#038;p=21289"},"modified":"2026-04-29T14:14:21","modified_gmt":"2026-04-29T12:14:21","slug":"pard-ft32-lrf-hokameras-celtavcso-lezeres-tavolsagmerovel-63-mm","status":"publish","type":"product","link":"https:\/\/zbranebudai.sk\/hu\/product\/pard-ft32-lrf-termovizna-kamera-s-dialkomerom-63-mm\/","title":{"rendered":"Pard FT32 LRF h\u0151kamer\u00e1s t\u00e1vcs\u0151 63 mm"},"content":{"rendered":"<p><span style=\"font-weight: 400\">384\u00d7288 pixeles felbont\u00e1ssal, 12 \u00b5m-es pixelm\u00e9ret\u0171 infrav\u00f6r\u00f6s h\u0151szenzorral \u00e9s egy 35 mm-es, 7,5 x 5,6\u00b0-os l\u00e1t\u00f3mezej\u0171 objekt\u00edvvel a felhaszn\u00e1l\u00f3 biztons\u00e1gosan azonos\u00edthatja a c\u00e9lt. A be\u00e9p\u00edtett l\u00e9zeres t\u00e1vols\u00e1gm\u00e9r\u0151, amely ak\u00e1r 1000 m hat\u00f3t\u00e1vols\u00e1g\u00fa is lehet, megb\u00edzhat\u00f3 t\u00e1vols\u00e1gm\u00e9r\u00e9st tesz lehet\u0151v\u00e9. A k\u00e9p egy kiv\u00e1l\u00f3 min\u0151s\u00e9g\u0171, 1440\u00d71080 felbont\u00e1s\u00fa OLED kijelz\u0151n jelenik meg, amely a NETD \u2264 25 mK szenzor \u00e1ltal r\u00f6gz\u00edtett k\u00e9pet gy\u00f6ny\u00f6r\u0171 r\u00e9szletess\u00e9ggel mutatja. A megjelen\u00edt\u00e9si lehet\u0151s\u00e9gek 3 k\u00fcl\u00f6nb\u00f6z\u0151 programot \u00e9s 6 sz\u00ednm\u00f3dot foglalnak magukban.<\/span><br \/>\n<b>Innovat\u00edv h\u0151kameratechnol\u00f3gia sz\u00e9les k\u00f6r\u0171 funkci\u00f3kkal \u00e9s jellemz\u0151kkel<\/b><span style=\"font-weight: 400\"> Az FT32 h\u0151kamer\u00e1s kamera ak\u00e1r 128 GB-os SD-k\u00e1rty\u00e1kat is t\u00e1mogat, \u00edgy a felhaszn\u00e1l\u00f3 2592x1944 pixeles felbont\u00e1s\u00fa k\u00e9peket \u00e9s 1024x768 pixeles felbont\u00e1s\u00fa vide\u00f3kat tud menteni. Az ingyenes PARD Vision alkalmaz\u00e1ssal WIFI-n kereszt\u00fcl \u00e9l\u0151 felv\u00e9teleket streamelhet sz\u00e1m\u00edt\u00f3g\u00e9p\u00e9re, t\u00e1blag\u00e9p\u00e9re, iOS vagy Android eszk\u00f6z\u00e9re. A k\u00e9sz\u00fcl\u00e9k IP67 szerint v\u00edz\u00e1ll\u00f3 \u00e9s ak\u00e1r 6000 Joule-ig \u00fct\u00e9s\u00e1ll\u00f3. Mindezeket a kiterjedt funkci\u00f3kat egy mind\u00f6ssze 370 g (akkumul\u00e1torok vagy akkumul\u00e1tor modul n\u00e9lk\u00fcl) t\u00f6meg\u0171 k\u00e9sz\u00fcl\u00e9kbe csomagolt\u00e1k, vagy az LRF verzi\u00f3 eset\u00e9ben 410 g, \u00e9s egy szabv\u00e1nyos 18650-es \u00fajrat\u00f6lthet\u0151 akkumul\u00e1torral m\u0171k\u00f6dik.<\/span><\/p>\n<p><b>Sok \u00e9ves tapasztalat \u00e9s szak\u00e9rtelem a<\/b> <b>h\u0151technol\u00f3gia vad\u00e1szathoz<\/b><\/p>\n<p><span style=\"font-weight: 400\">A PARD c\u00e9g most bel\u00e9p a val\u00f3di h\u0151kamer\u00e1s tartoz\u00e9kok piac\u00e1ra, kihaszn\u00e1lva a m\u00e1r bev\u00e1lt PARD NV007 \u00e9jjell\u00e1t\u00f3 tartoz\u00e9kokkal szerzett szak\u00e9rtelm\u00e9t \u00e9s tapasztalat\u00e1t. A PARD FT32, hasonl\u00f3an a PARD TA32 h\u0151kamer\u00e1s c\u00e9lt\u00e1vcs\u00f6vekhez, a h\u0151kamer\u00e1s piac cs\u00facs\u00e1t c\u00e9lozza meg, csak a c\u00e9loptik\u00e1ra val\u00f3 r\u00f6gz\u00edt\u00e9si elj\u00e1r\u00e1s v\u00e1ltozott, amely sz\u00e9les k\u00f6rben optimaliz\u00e1lhat\u00f3 a vad\u00e1szati \u200b\u200big\u00e9nyekhez. K\u00e9tf\u00e9le v\u00e1ltozatban kaphat\u00f3: integr\u00e1lt l\u00e9zeres t\u00e1vols\u00e1gm\u00e9r\u0151vel (LRF) vagy an\u00e9lk\u00fcl. Az LRF lehet\u0151v\u00e9 teszi a vad\u00e1szok sz\u00e1m\u00e1ra a c\u00e9l t\u00e1vols\u00e1g\u00e1nak gyors \u00e9s pontos meghat\u00e1roz\u00e1s\u00e1t, cs\u00f6kkentve ezzel a hibalehet\u0151s\u00e9get. Ez k\u00fcl\u00f6n\u00f6sen igaz ismeretlen ter\u00fcleteken, ahol a puska t\u00e1vcs\u0151vel neh\u00e9z lehet a t\u00e1vols\u00e1got meghat\u00e1rozni. A PARD FT32 teljes m\u00e9rt\u00e9kben kihaszn\u00e1lja az LRF el\u0151nyeit. A k\u00e9sz\u00fcl\u00e9k a leg\u00fajabb technol\u00f3gi\u00e1kat \u00f6tv\u00f6zi az \u00e9rz\u00e9kel\u0151k \u00e9s optika, valamint a vez\u00e9rl\u00e9s \u00e9s a praktikus funkci\u00f3k ter\u00e9n. Kett\u0151s rendeltet\u00e9s\u0171 k\u00e9sz\u00fcl\u00e9kk\u00e9nt t\u00e1vcs\u0151re r\u00f6gz\u00edthet\u0151, de monokul\u00e1rk\u00e9nt vagy k\u00e9zi k\u00e9sz\u00fcl\u00e9kk\u00e9nt is haszn\u00e1lhat\u00f3, \u00edgy ide\u00e1lis megfigyel\u00e9sre vagy vad\u00e1szatra.<\/span><\/p>\n<table dir=\"ltr\" style=\"height: 1061px\" border=\"1\" width=\"452\" cellspacing=\"0\" cellpadding=\"0\" data-sheets-root=\"1\">\n<colgroup>\n<col width=\"219\" \/>\n<col width=\"160\" \/><\/colgroup>\n<tbody>\n<tr>\n<td data-sheets-value=\"{&quot;1&quot;:2,&quot;2&quot;:&quot;Technikai param\u00e9terek&quot;}\">M\u0171szaki param\u00e9terek<\/td>\n<td data-sheets-value=\"{&quot;1&quot;:2,&quot;2&quot;:&quot;\u00c9rt\u00e9kek&quot;}\">\u00c9rt\u00e9kek<\/td>\n<\/tr>\n<tr>\n<td data-sheets-value=\"{&quot;1&quot;:2,&quot;2&quot;:&quot;Haszn\u00e1lati \u00fatmutat\u00f3&quot;}\">Haszn\u00e1lati utas\u00edt\u00e1s<\/td>\n<td data-sheets-value=\"{&quot;1&quot;:2,&quot;2&quot;:&quot;Kattints&quot;}\">Kattintson<\/td>\n<\/tr>\n<tr>\n<td data-sheets-value=\"{&quot;1&quot;:2,&quot;2&quot;:&quot;H\u0151szenzor&quot;}\">H\u0151s\u00e9rz\u00e9kel\u0151<\/td>\n<td data-sheets-value=\"{&quot;1&quot;:2,&quot;2&quot;:&quot;384x288 12\u00b5m&quot;}\">384\u00d7288 12\u00b5m<\/td>\n<\/tr>\n<tr>\n<td data-sheets-value=\"{&quot;1&quot;:2,&quot;2&quot;:&quot;H\u0151szenzor NETD&quot;}\">NETD h\u0151\u00e9rz\u00e9kel\u0151<\/td>\n<td data-sheets-value=\"{&quot;1&quot;:2,&quot;2&quot;:&quot;25 mK&quot;}\">25 mK<\/td>\n<\/tr>\n<tr>\n<td data-sheets-value=\"{&quot;1&quot;:2,&quot;2&quot;:&quot;Kijelz\u0151&quot;}\">Kijelz\u0151<\/td>\n<td data-sheets-value=\"{&quot;1&quot;:2,&quot;2&quot;:&quot;1440*1080 OLED&quot;}\">1440*1080 OLED<\/td>\n<\/tr>\n<tr>\n<td data-sheets-value=\"{&quot;1&quot;:2,&quot;2&quot;:&quot;Nagy\u00edt\u00e1s tartom\u00e1ny (x)&quot;}\">Nagy\u00edt\u00e1si tartom\u00e1ny (x)<\/td>\n<td data-sheets-value=\"{&quot;1&quot;:2,&quot;2&quot;:&quot;3,5 \u2013 28&quot;}\">3,5 \u2013 28<\/td>\n<\/tr>\n<tr>\n<td data-sheets-value=\"{&quot;1&quot;:2,&quot;2&quot;:&quot;Adatt\u00e1rol\u00e1s&quot;}\">Adatt\u00e1rol\u00e1s<\/td>\n<td data-sheets-value=\"{&quot;1&quot;:2,&quot;2&quot;:&quot;b\u0151v\u00edthet\u0151 128 GB-ig (micro SD)&quot;}\">\n<div>\n<div>b\u0151v\u00edthet\u0151 128 GB-ig (micro SD)<\/div>\n<\/div>\n<\/td>\n<\/tr>\n<tr>\n<td data-sheets-value=\"{&quot;1&quot;:2,&quot;2&quot;:&quot;Alap nagy\u00edt\u00e1s (x)&quot;}\">Alapnagy\u00edt\u00e1s (x)<\/td>\n<td data-sheets-value=\"{&quot;1&quot;:3,&quot;3&quot;:1}\">1<\/td>\n<\/tr>\n<tr>\n<td data-sheets-value=\"{&quot;1&quot;:2,&quot;2&quot;:&quot;Anyaghaszn\u00e1lat&quot;}\">Anyaghaszn\u00e1lat<\/td>\n<td data-sheets-value=\"{&quot;1&quot;:2,&quot;2&quot;:&quot;Alum\u00ednium \u00f6tv\u00f6zet&quot;}\">Alum\u00ednium \u00f6tv\u00f6zet<\/td>\n<\/tr>\n<tr>\n<td data-sheets-value=\"{&quot;1&quot;:2,&quot;2&quot;:&quot;Csatlakoz\u00f3k&quot;}\">Illeszt\u0151elemek<\/td>\n<td data-sheets-value=\"{&quot;1&quot;:2,&quot;2&quot;:&quot;USB-C, Wifi&quot;}\">USB-C, Wi-Fi<\/td>\n<\/tr>\n<tr>\n<td data-sheets-value=\"{&quot;1&quot;:2,&quot;2&quot;:&quot;EAN k\u00f3d&quot;}\">EAN-k\u00f3d<\/td>\n<td data-sheets-value=\"{&quot;1&quot;:3,&quot;3&quot;:6975064271984}\">6975064271984<\/td>\n<\/tr>\n<tr>\n<td data-sheets-value=\"{&quot;1&quot;:2,&quot;2&quot;:&quot;Egy\u00e9b tulajdons\u00e1gok&quot;}\">Tov\u00e1bbi funkci\u00f3k<\/td>\n<td data-sheets-value=\"{&quot;1&quot;:2,&quot;2&quot;:&quot;Folytonos felv\u00e9tel, Mikrofon&quot;}\">\n<div>\n<div>Folyamatos felv\u00e9tel, mikrofon<\/div>\n<\/div>\n<\/td>\n<\/tr>\n<tr>\n<td data-sheets-value=\"{&quot;1&quot;:2,&quot;2&quot;:&quot;Energiaell\u00e1t\u00e1s&quot;}\">Teljes\u00edtm\u00e9ny<\/td>\n<td data-sheets-value=\"{&quot;1&quot;:2,&quot;2&quot;:&quot;18650 Li-ion akkumul\u00e1tor&quot;}\">18650 Li-ion akkumul\u00e1tor<\/td>\n<\/tr>\n<tr>\n<td data-sheets-value=\"{&quot;1&quot;:2,&quot;2&quot;:&quot;\u00c9szlel\u00e9si t\u00e1vols\u00e1g&quot;}\">\u00c9rz\u00e9kel\u00e9si t\u00e1vols\u00e1g<\/td>\n<td data-sheets-value=\"{&quot;1&quot;:2,&quot;2&quot;:&quot;1400 m embernagys\u00e1g\u00fa objektum eset\u00e9n, 2600 m j\u00e1rm\u0171 eset\u00e9n&quot;}\">\n<div>\n<div>1400 m ember m\u00e9ret\u0171 objektumokhoz, 2600 m j\u00e1rm\u0171vekhez<\/div>\n<\/div>\n<\/td>\n<\/tr>\n<tr>\n<td data-sheets-value=\"{&quot;1&quot;:2,&quot;2&quot;:&quot;F\u00e1jl form\u00e1tumok&quot;}\">F\u00e1jlform\u00e1tumok<\/td>\n<td data-sheets-value=\"{&quot;1&quot;:2,&quot;2&quot;:&quot;.jpg, .mp4&quot;}\">.jpg, .mp4<\/td>\n<\/tr>\n<tr>\n<td data-sheets-value=\"{&quot;1&quot;:2,&quot;2&quot;:&quot;Felbont\u00e1s&quot;}\">Felbont\u00e1s<\/td>\n<td data-sheets-value=\"{&quot;1&quot;:2,&quot;2&quot;:&quot;k\u00e9p: 25921944 pixel; video: 1024768&quot;}\">\n<div>\n<div>K\u00e9pek: 25921944 k\u00e9ppont; vide\u00f3: 1024768<\/div>\n<\/div>\n<\/td>\n<\/tr>\n<tr>\n<td data-sheets-value=\"{&quot;1&quot;:2,&quot;2&quot;:&quot;Frontlencse \u00e1tm\u00e9r\u0151&quot;}\">El\u00fcls\u0151 lencse \u00e1tm\u00e9r\u0151<\/td>\n<td data-sheets-value=\"{&quot;1&quot;:2,&quot;2&quot;:&quot;35 mm&quot;}\">35 mm<\/td>\n<\/tr>\n<tr>\n<td data-sheets-value=\"{&quot;1&quot;:2,&quot;2&quot;:&quot;Gy\u00e1rt\u00f3&quot;}\">Gy\u00e1rt\u00f3<\/td>\n<td data-sheets-value=\"{&quot;1&quot;:2,&quot;2&quot;:&quot;Pard&quot;}\">Pard<\/td>\n<\/tr>\n<tr>\n<td data-sheets-value=\"{&quot;1&quot;:2,&quot;2&quot;:&quot;Gy\u00e1rt\u00f3 \u00e1ltal v\u00e1llalt garancia&quot;}\">Gy\u00e1rt\u00f3i garancia<\/td>\n<td data-sheets-value=\"{&quot;1&quot;:2,&quot;2&quot;:&quot;2 \u00e9v&quot;}\">2 \u00e9v<\/td>\n<\/tr>\n<tr>\n<td data-sheets-value=\"{&quot;1&quot;:2,&quot;2&quot;:&quot;K\u00e9pfriss\u00edt\u00e9s&quot;}\">K\u00e9p vissza\u00e1ll\u00edt\u00e1sa<\/td>\n<td data-sheets-value=\"{&quot;1&quot;:2,&quot;2&quot;:&quot;50 Hz&quot;}\">50 Hz<\/td>\n<\/tr>\n<tr>\n<td data-sheets-value=\"{&quot;1&quot;:2,&quot;2&quot;:&quot;Kijelz\u0151 sz\u00edn \u00fczemm\u00f3dok&quot;}\">Kijelz\u0151 sz\u00ednm\u00f3djai<\/td>\n<td data-sheets-value=\"{&quot;1&quot;:2,&quot;2&quot;:&quot;WT-HOT\/BK-HOT\/EDGE\/RD-HOT\/IN-HOT\/SKY&quot;}\">\n<div>\n<div>WT-MELEG\/BK-MELEG\/SZEG\u00c9LY\/RD-MELEG\/IN-MELEG\/\u00c9GBOLT<\/div>\n<\/div>\n<\/td>\n<\/tr>\n<tr>\n<td data-sheets-value=\"{&quot;1&quot;:2,&quot;2&quot;:&quot;L\u00e1t\u00f3sz\u00f6g (\u00b0)&quot;}\">N\u00e9z\u0151pont (\u00b0 )<\/td>\n<td data-sheets-value=\"{&quot;1&quot;:2,&quot;2&quot;:&quot;7.5\u00b0 x 5.6\u00b0&quot;}\">7,5\u00b0 x 5,6\u00b0<\/td>\n<\/tr>\n<tr>\n<td data-sheets-value=\"{&quot;1&quot;:2,&quot;2&quot;:&quot;L\u00f6v\u00e9s\u00e1ll\u00f3s\u00e1g&quot;}\">\u00dct\u00e9s\u00e1ll\u00f3s\u00e1g<\/td>\n<td data-sheets-value=\"{&quot;1&quot;:2,&quot;2&quot;:&quot;6000 J&quot;}\">6000 J<\/td>\n<\/tr>\n<tr>\n<td data-sheets-value=\"{&quot;1&quot;:2,&quot;2&quot;:&quot;M\u00e9retek&quot;}\">M\u00e9retek<\/td>\n<td data-sheets-value=\"{&quot;1&quot;:2,&quot;2&quot;:&quot;150 x 60 x 80 mm&quot;}\">150 x 60 x 80 mm<\/td>\n<\/tr>\n<tr>\n<td data-sheets-value=\"{&quot;1&quot;:2,&quot;2&quot;:&quot;M\u0171k\u00f6d\u00e9si \/ t\u00e1rol\u00e1si h\u0151m\u00e9rs\u00e9klet&quot;}\">\u00dczemi\/t\u00e1rol\u00e1si h\u0151m\u00e9rs\u00e9klet<\/td>\n<td data-sheets-value=\"{&quot;1&quot;:2,&quot;2&quot;:&quot;-20-50\/-4-122 (\u2103\/\u2109)&quot;}\">-20-50\/-4-122 (\u2103\/\u2109)<\/td>\n<\/tr>\n<tr>\n<td data-sheets-value=\"{&quot;1&quot;:2,&quot;2&quot;:&quot;Szenzor&quot;}\">\u00c9rz\u00e9kel\u0151<\/td>\n<td data-sheets-value=\"{&quot;1&quot;:2,&quot;2&quot;:&quot;384*288 pixel 12\u03bcm NETD \u226425mK&quot;}\">\n<div>\n<div>384*288 k\u00e9ppont 12\u03bcm NETD \u226425mK<\/div>\n<\/div>\n<\/td>\n<\/tr>\n<tr>\n<td data-sheets-value=\"{&quot;1&quot;:2,&quot;2&quot;:&quot;Sz\u00edn&quot;}\">Sz\u00ednes<\/td>\n<td data-sheets-value=\"{&quot;1&quot;:2,&quot;2&quot;:&quot;fekete&quot;}\">Fekete<\/td>\n<\/tr>\n<tr>\n<td data-sheets-value=\"{&quot;1&quot;:2,&quot;2&quot;:&quot;T\u00e1vols\u00e1gm\u00e9r\u0151&quot;}\">T\u00e1vols\u00e1gm\u00e9r\u00e9s<\/td>\n<td data-sheets-value=\"{&quot;1&quot;:2,&quot;2&quot;:&quot;LRF l\u00e9zeres&quot;}\">LRF l\u00e9zer<\/td>\n<\/tr>\n<tr>\n<td data-sheets-value=\"{&quot;1&quot;:2,&quot;2&quot;:&quot;T\u00f6meg (g)&quot;}\">T\u00f6meg (g)<\/td>\n<td data-sheets-value=\"{&quot;1&quot;:3,&quot;3&quot;:410}\">410<\/td>\n<\/tr>\n<tr>\n<td data-sheets-value=\"{&quot;1&quot;:2,&quot;2&quot;:&quot;\u00dczemid\u0151&quot;}\">M\u0171k\u00f6d\u00e9si id\u0151<\/td>\n<td data-sheets-value=\"{&quot;1&quot;:2,&quot;2&quot;:&quot;ak\u00e1r 5 \u00f3ra&quot;}\">Ak\u00e1 5 \u00f3ra<\/td>\n<\/tr>\n<tr>\n<td data-sheets-value=\"{&quot;1&quot;:2,&quot;2&quot;:&quot;V\u00edz\u00e1ll\u00f3s\u00e1g&quot;}\">V\u00edzhatlan<\/td>\n<td data-sheets-value=\"{&quot;1&quot;:2,&quot;2&quot;:&quot;IP67&quot;}\">IP67<\/td>\n<\/tr>\n<\/tbody>\n<\/table>","protected":false},"excerpt":{"rendered":"<p><span style=\"font-weight: 400\">Az FT32 LRF a PARD leg\u00fajabb technol\u00f3giai \u00faj\u00edt\u00e1sa. Ez a multifunkcion\u00e1lis eszk\u00f6z kett\u0151s felhaszn\u00e1l\u00e1s\u00fa kialak\u00edt\u00e1sa lehet\u0151v\u00e9 teszi, hogy k\u00e9zi t\u00e1vols\u00e1gm\u00e9r\u0151k\u00e9nt, vagy megfelel\u0151 adapterrel t\u00e1vcs\u0151 tartoz\u00e9kk\u00e9nt haszn\u00e1lj\u00e1k. <\/span><\/p>","protected":false},"featured_media":21331,"template":"","meta":{"_gspb_post_css":""},"product_brand":[],"product_cat":[2237,328],"product_tag":[313,380,229,352],"class_list":{"0":"post-21289","1":"product","2":"type-product","3":"status-publish","4":"has-post-thumbnail","6":"product_cat-hokamera-elotet","7":"product_cat-termovizne-predsadky","8":"product_tag-dialkomer","9":"product_tag-laser","10":"product_tag-pard","11":"product_tag-termovizna-predsadka","13":"first","14":"outofstock","15":"sale","16":"taxable","17":"shipping-taxable","18":"purchasable","19":"product-type-simple"},"ct_brands":[],"_links":{"self":[{"href":"https:\/\/zbranebudai.sk\/hu\/wp-json\/wp\/v2\/product\/21289","targetHints":{"allow":["GET"]}}],"collection":[{"href":"https:\/\/zbranebudai.sk\/hu\/wp-json\/wp\/v2\/product"}],"about":[{"href":"https:\/\/zbranebudai.sk\/hu\/wp-json\/wp\/v2\/types\/product"}],"wp:featuredmedia":[{"embeddable":true,"href":"https:\/\/zbranebudai.sk\/hu\/wp-json\/wp\/v2\/media\/21331"}],"wp:attachment":[{"href":"https:\/\/zbranebudai.sk\/hu\/wp-json\/wp\/v2\/media?parent=21289"}],"wp:term":[{"taxonomy":"product_brand","embeddable":true,"href":"https:\/\/zbranebudai.sk\/hu\/wp-json\/wp\/v2\/product_brand?post=21289"},{"taxonomy":"product_cat","embeddable":true,"href":"https:\/\/zbranebudai.sk\/hu\/wp-json\/wp\/v2\/product_cat?post=21289"},{"taxonomy":"product_tag","embeddable":true,"href":"https:\/\/zbranebudai.sk\/hu\/wp-json\/wp\/v2\/product_tag?post=21289"}],"curies":[{"name":"wp","href":"https:\/\/api.w.org\/{rel}","templated":true}]}}