{"id":21286,"date":"2026-02-14T15:25:22","date_gmt":"2026-02-14T13:25:22","guid":{"rendered":"https:\/\/zbranebudai.sk\/?post_type=product&#038;p=21286"},"modified":"2026-04-29T14:16:59","modified_gmt":"2026-04-29T12:16:59","slug":"pard-nv007sp-51-mm-rychloupinaci-adapter","status":"publish","type":"product","link":"https:\/\/zbranebudai.sk\/hu\/product\/pard-nv007sp-51-mm-rychloupinaci-adapter\/","title":{"rendered":"Pard NV007SP 51 mm r\u00fdchloup\u00ednac\u00ed adapt\u00e9r"},"content":{"rendered":"<p><span style=\"font-weight: 400\">Adapt\u00e9ry je mo\u017en\u00e9 v ur\u010dit\u00fdch medziach nastavi\u0165 v porovnan\u00ed s priemermi uveden\u00fdmi v ich n\u00e1zvoch. S reduk\u010dn\u00fdmi kr\u00fa\u017ekami ich mo\u017eno nasadi\u0165 na okul\u00e1re s priemerom a\u017e o 3 mm men\u0161\u00edm, tak\u017ee model 41 mo\u017eno pou\u017ei\u0165 od cca 38 do 41 mm, model 45 od cca 42 do 45 mm a model 57 od cca 54 do 57 mm.<\/span><\/p>\n<p><span style=\"font-weight: 400\">Ich pou\u017e\u00edvanie je bezpe\u010dn\u00e9 a tich\u00e9. Postup pripevnenia a odstr\u00e1nenia je mimoriadne r\u00fdchly, \u010do \u010falej zvy\u0161uje hodnotu t\u00fdchto zariaden\u00ed.<\/span><\/p>\n<table dir=\"ltr\" style=\"height: 178px\" border=\"1\" width=\"362\" cellspacing=\"0\" cellpadding=\"0\" data-sheets-root=\"1\">\n<colgroup>\n<col width=\"187\" \/>\n<col width=\"126\" \/><\/colgroup>\n<tbody>\n<tr>\n<td data-sheets-value=\"{&quot;1&quot;:2,&quot;2&quot;:&quot;Technikai param\u00e9terek&quot;}\">M\u0171szaki param\u00e9terek<\/td>\n<td data-sheets-value=\"{&quot;1&quot;:2,&quot;2&quot;:&quot;\u00c9rt\u00e9kek&quot;}\">\u00c9rt\u00e9kek<\/td>\n<\/tr>\n<tr>\n<td data-sheets-value=\"{&quot;1&quot;:2,&quot;2&quot;:&quot;Adapter kompatibilit\u00e1s&quot;}\">Kompatibilita adapt\u00e9rov<\/td>\n<td data-sheets-value=\"{&quot;1&quot;:2,&quot;2&quot;:&quot;Pard NV007S \/ NV007SP&quot;}\">\n<div>\n<div>Pard NV007S \/ NV007SP<\/div>\n<\/div>\n<\/td>\n<\/tr>\n<tr>\n<td data-sheets-value=\"{&quot;1&quot;:2,&quot;2&quot;:&quot;Gy\u00e1rt\u00f3&quot;}\">Gy\u00e1rt\u00f3<\/td>\n<td data-sheets-value=\"{&quot;1&quot;:2,&quot;2&quot;:&quot;Pard&quot;}\">Pard<\/td>\n<\/tr>\n<tr>\n<td data-sheets-value=\"{&quot;1&quot;:2,&quot;2&quot;:&quot;Sz\u00edn&quot;}\">Sz\u00ednes<\/td>\n<td data-sheets-value=\"{&quot;1&quot;:2,&quot;2&quot;:&quot;fekete&quot;}\">Fekete<\/td>\n<\/tr>\n<tr>\n<td data-sheets-value=\"{&quot;1&quot;:2,&quot;2&quot;:&quot;V\u00e1laszthat\u00f3 adapter \u00e1tm\u00e9r\u0151&quot;}\">Volite\u013en\u00fd priemer adapt\u00e9ra<\/td>\n<td data-sheets-value=\"{&quot;1&quot;:3,&quot;3&quot;:45}\">51<\/td>\n<\/tr>\n<\/tbody>\n<\/table>\n<p>A term\u00e9k hivatalos le\u00edr\u00e1s\u00e1t a m\u00e1rka weboldal\u00e1n itt tal\u00e1lja: <a href=\"https:\/\/pard.com\/store\/nv007sp-quick-release-adapter\/\">https:\/\/pard.com\/store\/nv007sp-quick-release-adapter\/<\/a><\/p>","protected":false},"excerpt":{"rendered":"<p><span style=\"font-weight: 400\">K\u00fapa nov\u00e9ho r\u00fdchloup\u00ednacieho adapt\u00e9ra zvy\u0161uje kompatibilitu zadn\u00fdch mieridiel Pard NV007S a NV007SP, preto\u017ee v\u00fdrobok sa dod\u00e1va iba s 51 mm skrutkovac\u00edm adapt\u00e9rom ako tov\u00e1rensk\u00fdm pr\u00edslu\u0161enstvom, ktor\u00fd mo\u017eno bezpe\u010dne pripevni\u0165 k okul\u00e1rom s priemerom pribli\u017ene 43\u201345 mm. Pre in\u00e9 priemerov\u00e9 rozmery sa odpor\u00fa\u010da zak\u00fapi\u0165 dodato\u010dn\u00fd adapt\u00e9r, ktor\u00fd je mo\u017en\u00e9 prisp\u00f4sobi\u0165 pr\u00edslu\u0161n\u00e9mu rozsahu ve\u013ekost\u00ed.<\/span><\/p>","protected":false},"featured_media":21357,"template":"","meta":{"_gspb_post_css":""},"product_brand":[],"product_cat":[2752],"product_tag":[237,229],"class_list":{"0":"post-21286","1":"product","2":"type-product","3":"status-publish","4":"has-post-thumbnail","6":"product_cat-adapter-2","7":"product_tag-adapter","8":"product_tag-pard","10":"first","11":"outofstock","12":"taxable","13":"shipping-taxable","14":"purchasable","15":"product-type-simple"},"ct_brands":[],"_links":{"self":[{"href":"https:\/\/zbranebudai.sk\/hu\/wp-json\/wp\/v2\/product\/21286","targetHints":{"allow":["GET"]}}],"collection":[{"href":"https:\/\/zbranebudai.sk\/hu\/wp-json\/wp\/v2\/product"}],"about":[{"href":"https:\/\/zbranebudai.sk\/hu\/wp-json\/wp\/v2\/types\/product"}],"wp:featuredmedia":[{"embeddable":true,"href":"https:\/\/zbranebudai.sk\/hu\/wp-json\/wp\/v2\/media\/21357"}],"wp:attachment":[{"href":"https:\/\/zbranebudai.sk\/hu\/wp-json\/wp\/v2\/media?parent=21286"}],"wp:term":[{"taxonomy":"product_brand","embeddable":true,"href":"https:\/\/zbranebudai.sk\/hu\/wp-json\/wp\/v2\/product_brand?post=21286"},{"taxonomy":"product_cat","embeddable":true,"href":"https:\/\/zbranebudai.sk\/hu\/wp-json\/wp\/v2\/product_cat?post=21286"},{"taxonomy":"product_tag","embeddable":true,"href":"https:\/\/zbranebudai.sk\/hu\/wp-json\/wp\/v2\/product_tag?post=21286"}],"curies":[{"name":"wp","href":"https:\/\/api.w.org\/{rel}","templated":true}]}}