{"id":21284,"date":"2026-02-14T15:25:22","date_gmt":"2026-02-14T13:25:22","guid":{"rendered":"https:\/\/zbranebudai.sk\/?post_type=product&#038;p=21284"},"modified":"2026-04-29T14:18:55","modified_gmt":"2026-04-29T12:18:55","slug":"pard-ts62-termovizny-zameriavac","status":"publish","type":"product","link":"https:\/\/zbranebudai.sk\/hu\/product\/pard-ts62-termovizny-zameriavac\/","title":{"rendered":"Pard TS62 termov\u00edzny zameriava\u010d"},"content":{"rendered":"<ul>\n<li style=\"font-weight: 400\"><span style=\"font-weight: 400\">Kruhov\u00fd displej<\/span><\/li>\n<li style=\"font-weight: 400\"><span style=\"font-weight: 400\">Ultrak\u00f6nny\u0171 duralumin test<\/span><\/li>\n<li style=\"font-weight: 400\"><span style=\"font-weight: 400\">Senzor s rozl\u00ed\u0161en\u00edm 640 \u00d7 480 px<\/span><\/li>\n<li style=\"font-weight: 400\"><span style=\"font-weight: 400\">Tepeln\u00e1 citlivos\u0165 25 mK<\/span><\/li>\n<li style=\"font-weight: 400\"><span style=\"font-weight: 400\">Detek\u010dn\u00fd dosah a\u017e 1800 metrov<\/span><\/li>\n<\/ul>\n<p><span style=\"font-weight: 400\">Termov\u00edzny pu\u0161koh\u013ead Pard TS62-45 je vybaven\u00fd senzorom s rozl\u00ed\u0161en\u00edm 640 \u00d7 480 px, ktor\u00fd v kombin\u00e1cii s teplotnou citlivos\u0165ou NETD \u2264 25 mK poskytuje neuverite\u013ene jasn\u00fd obraz s jemn\u00fdmi detailmi.<\/span><\/p>\n<p><span style=\"font-weight: 400\">Objekt\u00edv s ohniskovou vzdialenos\u0165ou 45 mm poskytuje detek\u010dn\u00fd dosah a\u017e 1800 metrov.<\/span><\/p>\n<p><span style=\"font-weight: 400\">Vynikaj\u00faci obraz zabezpe\u010duje okr\u00fahly IPS LCD displej s rozl\u00ed\u0161en\u00edm 800 \u00d7 800 px, ktor\u00fd zaru\u010duje z\u00e1\u017eitok podobn\u00fd tradi\u010dn\u00e9mu pu\u0161koh\u013eadu a maxim\u00e1lne zorn\u00e9 pole. Tento displej poskytuje jasn\u00fd obraz s vysok\u00fdm kontrastom a extra \u0161irok\u00e9 zorn\u00e9 pole pre lep\u0161iu vidite\u013enos\u0165. V\u010faka r\u00fdchlej odozve je pozorovanie e\u0161te prirodzenej\u0161ie ako pri poh\u013eade cez tradi\u010dn\u00fa denn\u00fa optiku. Pozorovanie <\/span>je e\u0161te <span style=\"font-weight: 400\">pr\u00edjemnej\u0161ie v\u010faka 7 re\u017eimom zobrazenia (White Hot, Black Hot, Red Hot, Fusion 1, Fusion 2, Iron Red 1, Iron Red 2) a tri pozorovacie sc\u00e9ny (City, Rain, Forest) robia pozorovanie e\u0161te pr\u00edjemnej\u0161\u00edm. Vlo\u017een\u00edm microSD karty s maxim\u00e1lnou kapacitou 128 GB (nie je s\u00fa\u010das\u0165ou balenia) m\u00f4\u017eete fotografova\u0165 a nahr\u00e1va\u0165 vide\u00e1. Ve\u013emi u\u017eito\u010dnou funkciou pu\u0161koh\u013eadu je automatick\u00e9 nahr\u00e1vanie po v\u00fdstrele, ako aj okam\u017eit\u00e9 prezeranie alebo mazanie nahrat\u00e9ho z\u00e1znamu. Zariadenie m\u00f4\u017eete pripoji\u0165 k po\u010d\u00edta\u010du cez v\u00fdstup USB-C.<\/span><br \/>\n<span style=\"font-weight: 400\">Pu\u0161koh\u013ead m\u00e1 stupe\u0148 ochrany IP67 (chr\u00e1nen\u00fd proti ponoreniu do vody na 30 min\u00fat v h\u013abke 1 meter). Nap\u00e1janie zabezpe\u010duje nab\u00edjate\u013en\u00e1 bat\u00e9ria 18650, ktor\u00e1 poskytuje 6 hod\u00edn prev\u00e1dzky. V\u010faka \u00fasporn\u00e9mu re\u017eimu sp\u00e1nku bat\u00e9ria vydr\u017e\u00ed dlh\u0161ie a je mo\u017en\u00e9 pripoji\u0165 aj powerbanku. Zariadenie m\u00e1 3-ro\u010dn\u00fa z\u00e1ruku a v pr\u00edpade potreby je na dobu opravy poskytnut\u00e9 n\u00e1hradn\u00e9 zariadenie.<\/span><\/p>\n<table dir=\"ltr\" style=\"height: 538px\" border=\"1\" width=\"419\" cellspacing=\"0\" cellpadding=\"0\" data-sheets-root=\"1\">\n<colgroup>\n<col width=\"198\" \/>\n<col width=\"145\" \/><\/colgroup>\n<tbody>\n<tr>\n<td data-sheets-value=\"{&quot;1&quot;:2,&quot;2&quot;:&quot;Technikai param\u00e9terek&quot;}\">M\u0171szaki param\u00e9terek<\/td>\n<td data-sheets-value=\"{&quot;1&quot;:2,&quot;2&quot;:&quot;\u00c9rt\u00e9kek&quot;}\">\u00c9rt\u00e9kek<\/td>\n<\/tr>\n<tr>\n<td data-sheets-value=\"{&quot;1&quot;:2,&quot;2&quot;:&quot;Szenzor&quot;}\">\u00c9rz\u00e9kel\u0151<\/td>\n<td data-sheets-value=\"{&quot;1&quot;:2,&quot;2&quot;:&quot;640 \u00d7 480 px&quot;}\">640 \u00d7 480 px<\/td>\n<\/tr>\n<tr>\n<td data-sheets-value=\"{&quot;1&quot;:2,&quot;2&quot;:&quot;H\u0151\u00e9rz\u00e9kenys\u00e9g&quot;}\">H\u0151\u00e9rz\u00e9kenys\u00e9g<\/td>\n<td data-sheets-value=\"{&quot;1&quot;:2,&quot;2&quot;:&quot;\u2266 25 mK&quot;}\">\u2266 25 mK<\/td>\n<\/tr>\n<tr>\n<td data-sheets-value=\"{&quot;1&quot;:2,&quot;2&quot;:&quot;Kijelz\u0151 felbont\u00e1sa&quot;}\">Kijelz\u0151 felbont\u00e1sa<\/td>\n<td data-sheets-value=\"{&quot;1&quot;:2,&quot;2&quot;:&quot;800 \u00d7 800 px&quot;}\">800 \u00d7 800 px<\/td>\n<\/tr>\n<tr>\n<td data-sheets-value=\"{&quot;1&quot;:2,&quot;2&quot;:&quot;Wi-Fi&quot;}\">Wi-Fi<\/td>\n<td data-sheets-value=\"{&quot;1&quot;:2,&quot;2&quot;:&quot;Igen&quot;}\">Igen<\/td>\n<\/tr>\n<tr>\n<td data-sheets-value=\"{&quot;1&quot;:2,&quot;2&quot;:&quot;Objekt\u00edv&quot;}\">C\u00e9l<\/td>\n<td data-sheets-value=\"{&quot;1&quot;:2,&quot;2&quot;:&quot;45 mm&quot;}\">45 mm<\/td>\n<\/tr>\n<tr>\n<td data-sheets-value=\"{&quot;1&quot;:2,&quot;2&quot;:&quot;\u00c9szlel\u00e9si t\u00e1vols\u00e1g&quot;}\">\u00c9rz\u00e9kel\u00e9si t\u00e1vols\u00e1g<\/td>\n<td data-sheets-value=\"{&quot;1&quot;:2,&quot;2&quot;:&quot;1800 m&quot;}\">1800 m<\/td>\n<\/tr>\n<tr>\n<td data-sheets-value=\"{&quot;1&quot;:2,&quot;2&quot;:&quot;Optikai nagy\u00edt\u00e1s&quot;}\">Optikai nagy\u00edt\u00e1s<\/td>\n<td data-sheets-value=\"{&quot;1&quot;:2,&quot;2&quot;:&quot;2,4x&quot;}\">2,4x<\/td>\n<\/tr>\n<tr>\n<td data-sheets-value=\"{&quot;1&quot;:2,&quot;2&quot;:&quot;L\u00e1t\u00f3sz\u00f6g&quot;}\">L\u00e1t\u00f3sz\u00f6g<\/td>\n<td data-sheets-value=\"{&quot;1&quot;:2,&quot;2&quot;:&quot;7,3\u00b0 \u00d7 7,3\u00b0&quot;}\">7,3\u00b0 \u00d7 7,3\u00b0<\/td>\n<\/tr>\n<tr>\n<td data-sheets-value=\"{&quot;1&quot;:2,&quot;2&quot;:&quot;Digit\u00e1lis zoom&quot;}\">Digit\u00e1lis zoom<\/td>\n<td data-sheets-value=\"{&quot;1&quot;:2,&quot;2&quot;:&quot;8x&quot;}\">8x<\/td>\n<\/tr>\n<tr>\n<td data-sheets-value=\"{&quot;1&quot;:2,&quot;2&quot;:&quot;Dioptria korrekci\u00f3&quot;}\">Dioptri\u00e1s korrekci\u00f3<\/td>\n<td data-sheets-value=\"{&quot;1&quot;:2,&quot;2&quot;:&quot;-3D~+5D&quot;}\">-3D~+5D<\/td>\n<\/tr>\n<tr>\n<td data-sheets-value=\"{&quot;1&quot;:2,&quot;2&quot;:&quot;Fot\u00f3 k\u00e9sz\u00edt\u00e9s lehet\u0151s\u00e9g&quot;}\">Fot\u00f3z\u00e1s opci\u00f3<\/td>\n<td data-sheets-value=\"{&quot;1&quot;:2,&quot;2&quot;:&quot;Igen&quot;}\">Igen<\/td>\n<\/tr>\n<tr>\n<td data-sheets-value=\"{&quot;1&quot;:2,&quot;2&quot;:&quot;Vide\u00f3 k\u00e9sz\u00edt\u00e9s lehet\u0151s\u00e9g&quot;}\">Vide\u00f3gy\u00e1rt\u00e1si lehet\u0151s\u00e9g<\/td>\n<td data-sheets-value=\"{&quot;1&quot;:2,&quot;2&quot;:&quot;Igen&quot;}\">Igen<\/td>\n<\/tr>\n<tr>\n<td data-sheets-value=\"{&quot;1&quot;:2,&quot;2&quot;:&quot;V\u00e9detts\u00e9gi szint&quot;}\">A v\u00e9delem szintje<\/td>\n<td data-sheets-value=\"{&quot;1&quot;:2,&quot;2&quot;:&quot;IP67&quot;}\">IP67<\/td>\n<\/tr>\n<tr>\n<td data-sheets-value=\"{&quot;1&quot;:2,&quot;2&quot;:&quot;Mem\u00f3ria&quot;}\">Mem\u00f3ria<\/td>\n<td data-sheets-value=\"{&quot;1&quot;:2,&quot;2&quot;:&quot;microSD, 128 GB&quot;}\">microSD, 128 GB<\/td>\n<\/tr>\n<tr>\n<td data-sheets-value=\"{&quot;1&quot;:2,&quot;2&quot;:&quot;\u00dczemi h\u0151m\u00e9rs\u00e9klet&quot;}\">\u00dczemi h\u0151m\u00e9rs\u00e9klet<\/td>\n<td data-sheets-value=\"{&quot;1&quot;:2,&quot;2&quot;:&quot;-20\u00b0C - 50\u00b0C&quot;}\">-20 \u00b0C \u00e9s 50 \u00b0C k\u00f6z\u00f6tt<\/td>\n<\/tr>\n<tr>\n<td data-sheets-value=\"{&quot;1&quot;:2,&quot;2&quot;:&quot;Akkumul\u00e1tor&quot;}\">Akkumul\u00e1tor<\/td>\n<td data-sheets-value=\"{&quot;1&quot;:2,&quot;2&quot;:&quot;1x \u00fajrat\u00f6lthet\u0151 18650&quot;}\">1x nab\u00edjate\u013en\u00e1 18650<\/td>\n<\/tr>\n<tr>\n<td data-sheets-value=\"{&quot;1&quot;:2,&quot;2&quot;:&quot;Akkumul\u00e1tor \u00fczemid\u0151&quot;}\">Akkumul\u00e1tor \u00fczemid\u0151<\/td>\n<td data-sheets-value=\"{&quot;1&quot;:2,&quot;2&quot;:&quot;6 \u00f3ra&quot;}\">6 \u00f3ra<\/td>\n<\/tr>\n<tr>\n<td data-sheets-value=\"{&quot;1&quot;:2,&quot;2&quot;:&quot;T\u00f6meg&quot;}\">Dav<\/td>\n<td data-sheets-value=\"{&quot;1&quot;:2,&quot;2&quot;:&quot;680 g&quot;}\">680 g<\/td>\n<\/tr>\n<tr>\n<td data-sheets-value=\"{&quot;1&quot;:2,&quot;2&quot;:&quot;M\u00e9retek&quot;}\">M\u00e9retek<\/td>\n<td data-sheets-value=\"{&quot;1&quot;:2,&quot;2&quot;:&quot;350 \u00d7 88 \u00d7 95 mm&quot;}\">350 \u00d7 88 \u00d7 95 mm<\/td>\n<\/tr>\n<\/tbody>\n<\/table>\n<p>A term\u00e9k hivatalos le\u00edr\u00e1s\u00e1t a m\u00e1rka weboldal\u00e1n itt tal\u00e1lja: <a href=\"https:\/\/pard.com\/global\/store\/ts31-62-lrf-thermal-imaging-scope\/\">https:\/\/pard.com\/global\/store\/ts31-62-lrf-thermal-imaging-scope\/<\/a><\/p>","protected":false},"excerpt":{"rendered":"<p><span style=\"font-weight: 400\">Spolo\u010dnos\u0165 Pard predstavuje nov\u00fd produkt, ktor\u00fd je v odvetv\u00ed no\u010dn\u00e9ho videnia u\u017e dobre zn\u00e1my ako pu\u0161koh\u013ead DS35. Pard TS62 sa vyzna\u010duje pohodln\u00fdm okr\u00fahlym displejom a \u013eahk\u00fdm telom z duralu. Elegantn\u00e9 zariadenie s jednoduchou obsluhou, prisp\u00f4soben\u00e9 va\u0161im potreb\u00e1m.<\/span><\/p>","protected":false},"featured_media":21347,"template":"","meta":{"_gspb_post_css":""},"product_brand":[],"product_cat":[2753,2313],"product_tag":[229,324,2315],"class_list":{"0":"post-21284","1":"product","2":"type-product","3":"status-publish","4":"has-post-thumbnail","6":"product_cat-puskohlady","7":"product_cat-termovizna-kamera","8":"product_tag-pard","9":"product_tag-puskohlad","10":"product_tag-termovizna-kamera","12":"first","13":"outofstock","14":"sale","15":"taxable","16":"shipping-taxable","17":"purchasable","18":"product-type-simple"},"ct_brands":[],"_links":{"self":[{"href":"https:\/\/zbranebudai.sk\/hu\/wp-json\/wp\/v2\/product\/21284","targetHints":{"allow":["GET"]}}],"collection":[{"href":"https:\/\/zbranebudai.sk\/hu\/wp-json\/wp\/v2\/product"}],"about":[{"href":"https:\/\/zbranebudai.sk\/hu\/wp-json\/wp\/v2\/types\/product"}],"wp:featuredmedia":[{"embeddable":true,"href":"https:\/\/zbranebudai.sk\/hu\/wp-json\/wp\/v2\/media\/21347"}],"wp:attachment":[{"href":"https:\/\/zbranebudai.sk\/hu\/wp-json\/wp\/v2\/media?parent=21284"}],"wp:term":[{"taxonomy":"product_brand","embeddable":true,"href":"https:\/\/zbranebudai.sk\/hu\/wp-json\/wp\/v2\/product_brand?post=21284"},{"taxonomy":"product_cat","embeddable":true,"href":"https:\/\/zbranebudai.sk\/hu\/wp-json\/wp\/v2\/product_cat?post=21284"},{"taxonomy":"product_tag","embeddable":true,"href":"https:\/\/zbranebudai.sk\/hu\/wp-json\/wp\/v2\/product_tag?post=21284"}],"curies":[{"name":"wp","href":"https:\/\/api.w.org\/{rel}","templated":true}]}}