{"id":21281,"date":"2026-02-14T15:25:22","date_gmt":"2026-02-14T13:25:22","guid":{"rendered":"https:\/\/zbranebudai.sk\/?post_type=product&#038;p=21281"},"modified":"2026-04-29T14:23:05","modified_gmt":"2026-04-29T12:23:05","slug":"pard-ft32-74-mm-objektiv-termoviznej-kamery","status":"publish","type":"product","link":"https:\/\/zbranebudai.sk\/hu\/product\/pard-ft32-74-mm-objektiv-termoviznej-kamery\/","title":{"rendered":"Pard FT32 74 mm-es objekt\u00edv h\u0151kamer\u00e1hoz"},"content":{"rendered":"<p><span style=\"font-weight: 400\">V\u010faka objekt\u00edvu m\u00f4\u017ee by\u0165 pozorovacia vzdialenos\u0165 \u010falekoh\u013eadu a\u017e 2600 metrov. Vysoko kvalitn\u00fd OLED displej s rozl\u00ed\u0161en\u00edm 1440 x 1080 px poskytuje jasn\u00fd obraz s vysok\u00fdm kontrastom, ktor\u00fd je pr\u00edjemn\u00fd pre o\u010di. Predn\u00fd objekt\u00edv pon\u00faka 6 r\u00f4znych re\u017eimov zobrazenia (White Hot, Black Hot, Edge, Red Hot, Iron Red Hot, Sky) a tri pozorovacie sc\u00e9ny (City, Rain, Forest). Po vlo\u017een\u00ed microSD karty s maxim\u00e1lnou kapacitou 128 GB (nie je s\u00fa\u010das\u0165ou balenia) m\u00f4\u017eete fotografova\u0165 a nahr\u00e1va\u0165 vide\u00e1. Ve\u013emi u\u017eito\u010dnou funkciou \u010falekoh\u013eadu je automatick\u00e9 nahr\u00e1vanie po v\u00fdstrele, ako aj okam\u017eit\u00e9 prezeranie alebo vymazanie nahrat\u00e9ho z\u00e1znamu. Zariadenie m\u00f4\u017eete pripoji\u0165 k po\u010d\u00edta\u010du prostredn\u00edctvom v\u00fdstupu USB-C. Samozrejme je mo\u017en\u00e9 pripoji\u0165 sa aj k mobiln\u00e9mu telef\u00f3nu cez Wi-Fi.<\/span><\/p>\n<p><span style=\"font-weight: 400\">Predn\u00fd objekt\u00edv m\u00e1 stupe\u0148 ochrany IP67 (chr\u00e1nen\u00fd proti ponoreniu do vody na 30 min\u00fat v h\u013abke 1 meter). Nap\u00e1janie zabezpe\u010duje nab\u00edjate\u013en\u00e1 bat\u00e9ria 18650, ktor\u00e1 poskytuje 5 hod\u00edn prev\u00e1dzky. V\u010faka \u00fasporn\u00e9mu re\u017eimu sp\u00e1nku bat\u00e9ria vydr\u017e\u00ed dlh\u0161ie a je mo\u017en\u00e9 pripoji\u0165 aj powerbanku.<\/span><\/p>\n<table dir=\"ltr\" style=\"height: 487px\" border=\"1\" width=\"387\" cellspacing=\"0\" cellpadding=\"0\" data-sheets-root=\"1\">\n<colgroup>\n<col width=\"181\" \/>\n<col width=\"161\" \/><\/colgroup>\n<tbody>\n<tr>\n<td data-sheets-value=\"{&quot;1&quot;:2,&quot;2&quot;:&quot;Technikai param\u00e9terek&quot;}\">M\u0171szaki param\u00e9terek<\/td>\n<td data-sheets-value=\"{&quot;1&quot;:2,&quot;2&quot;:&quot;\u00c9rt\u00e9kek&quot;}\">\u00c9rt\u00e9kek<\/td>\n<\/tr>\n<tr>\n<td data-sheets-value=\"{&quot;1&quot;:2,&quot;2&quot;:&quot;Felbont\u00e1s&quot;}\">Felbont\u00e1s<\/td>\n<td data-sheets-value=\"{&quot;1&quot;:2,&quot;2&quot;:&quot;384 \u00d7 288 px&quot;}\">384 \u00d7 288 px<\/td>\n<\/tr>\n<tr>\n<td data-sheets-value=\"{&quot;1&quot;:2,&quot;2&quot;:&quot;H\u0151\u00e9rz\u00e9kenys\u00e9g&quot;}\">H\u0151\u00e9rz\u00e9kenys\u00e9g<\/td>\n<td data-sheets-value=\"{&quot;1&quot;:2,&quot;2&quot;:&quot;\u2266 25 mK&quot;}\">\u2266 25 mK<\/td>\n<\/tr>\n<tr>\n<td data-sheets-value=\"{&quot;1&quot;:2,&quot;2&quot;:&quot;Objekt\u00edv&quot;}\">C\u00e9l<\/td>\n<td data-sheets-value=\"{&quot;1&quot;:2,&quot;2&quot;:&quot;35 mm&quot;}\">35 mm<\/td>\n<\/tr>\n<tr>\n<td data-sheets-value=\"{&quot;1&quot;:2,&quot;2&quot;:&quot;\u00c9szlel\u00e9si t\u00e1vols\u00e1g&quot;}\">\u00c9rz\u00e9kel\u00e9si t\u00e1vols\u00e1g<\/td>\n<td data-sheets-value=\"{&quot;1&quot;:2,&quot;2&quot;:&quot;2600 m&quot;}\">2600 m<\/td>\n<\/tr>\n<tr>\n<td data-sheets-value=\"{&quot;1&quot;:2,&quot;2&quot;:&quot;Optikai nagy\u00edt\u00e1s&quot;}\">Optikai nagy\u00edt\u00e1s<\/td>\n<td data-sheets-value=\"{&quot;1&quot;:2,&quot;2&quot;:&quot;1x&quot;}\">1x<\/td>\n<\/tr>\n<tr>\n<td data-sheets-value=\"{&quot;1&quot;:2,&quot;2&quot;:&quot;L\u00e1t\u00f3mez\u0151&quot;}\">L\u00e1t\u00f3mez\u0151<\/td>\n<td data-sheets-value=\"{&quot;1&quot;:2,&quot;2&quot;:&quot;7,5\u00b0 \u00d7 5,6\u00b0&quot;}\">7,5\u00b0 \u00d7 5,6\u00b0<\/td>\n<\/tr>\n<tr>\n<td data-sheets-value=\"{&quot;1&quot;:2,&quot;2&quot;:&quot;Kijelz\u0151 felbont\u00e1s&quot;}\">Kijelz\u0151 felbont\u00e1sa<\/td>\n<td data-sheets-value=\"{&quot;1&quot;:2,&quot;2&quot;:&quot;1440 x 1080 px&quot;}\">1440 x 1080 px<\/td>\n<\/tr>\n<tr>\n<td data-sheets-value=\"{&quot;1&quot;:2,&quot;2&quot;:&quot;Wi-Fi&quot;}\">Wi-Fi<\/td>\n<td data-sheets-value=\"{&quot;1&quot;:2,&quot;2&quot;:&quot;Igen&quot;}\">Igen<\/td>\n<\/tr>\n<tr>\n<td data-sheets-value=\"{&quot;1&quot;:2,&quot;2&quot;:&quot;Digit\u00e1lis zoom&quot;}\">Digit\u00e1lis zoom<\/td>\n<td data-sheets-value=\"{&quot;1&quot;:2,&quot;2&quot;:&quot;Nem&quot;}\">Nem<\/td>\n<\/tr>\n<tr>\n<td data-sheets-value=\"{&quot;1&quot;:2,&quot;2&quot;:&quot;Fot\u00f3k\u00e9sz\u00edt\u00e9si lehet\u0151s\u00e9g&quot;}\">F\u00e9nyk\u00e9pez\u00e9s<\/td>\n<td data-sheets-value=\"{&quot;1&quot;:2,&quot;2&quot;:&quot;Igen&quot;}\">Igen<\/td>\n<\/tr>\n<tr>\n<td data-sheets-value=\"{&quot;1&quot;:2,&quot;2&quot;:&quot;Vide\u00f3k\u00e9sz\u00edt\u00e9si lehet\u0151s\u00e9g&quot;}\">Vide\u00f3gy\u00e1rt\u00e1si lehet\u0151s\u00e9g<\/td>\n<td data-sheets-value=\"{&quot;1&quot;:2,&quot;2&quot;:&quot;Igen&quot;}\">Igen<\/td>\n<\/tr>\n<tr>\n<td data-sheets-value=\"{&quot;1&quot;:2,&quot;2&quot;:&quot;V\u00e9detts\u00e9gi fokozat&quot;}\">A v\u00e9delem szintje<\/td>\n<td data-sheets-value=\"{&quot;1&quot;:2,&quot;2&quot;:&quot;IP67&quot;}\">IP67<\/td>\n<\/tr>\n<tr>\n<td data-sheets-value=\"{&quot;1&quot;:2,&quot;2&quot;:&quot;Mem\u00f3ria&quot;}\">Mem\u00f3ria<\/td>\n<td data-sheets-value=\"{&quot;1&quot;:2,&quot;2&quot;:&quot;MicroSD, 128 GB&quot;}\">MicroSD, 128 GB<\/td>\n<\/tr>\n<tr>\n<td data-sheets-value=\"{&quot;1&quot;:2,&quot;2&quot;:&quot;\u00dczemi h\u0151m\u00e9rs\u00e9klet&quot;}\">\u00dczemi h\u0151m\u00e9rs\u00e9klet<\/td>\n<td data-sheets-value=\"{&quot;1&quot;:2,&quot;2&quot;:&quot;-20\u00b0C - 50\u00b0C&quot;}\">-20 \u00b0C \u00e9s 50 \u00b0C k\u00f6z\u00f6tt<\/td>\n<\/tr>\n<tr>\n<td data-sheets-value=\"{&quot;1&quot;:2,&quot;2&quot;:&quot;Akkumul\u00e1tor&quot;}\">Akkumul\u00e1tor<\/td>\n<td data-sheets-value=\"{&quot;1&quot;:2,&quot;2&quot;:&quot;1x Li-ion 18650&quot;}\">1x Li-ion 18650<\/td>\n<\/tr>\n<tr>\n<td data-sheets-value=\"{&quot;1&quot;:2,&quot;2&quot;:&quot;Akkumul\u00e1tor \u00e9lettartama&quot;}\">Akkumul\u00e1tor \u00fczemid\u0151<\/td>\n<td data-sheets-value=\"{&quot;1&quot;:2,&quot;2&quot;:&quot;5 \u00f3ra&quot;}\">5 \u00f3ra<\/td>\n<\/tr>\n<tr>\n<td data-sheets-value=\"{&quot;1&quot;:2,&quot;2&quot;:&quot;T\u00f6meg&quot;}\">Dav<\/td>\n<td data-sheets-value=\"{&quot;1&quot;:2,&quot;2&quot;:&quot;370 g&quot;}\">370 g<\/td>\n<\/tr>\n<tr>\n<td data-sheets-value=\"{&quot;1&quot;:2,&quot;2&quot;:&quot;M\u00e9retek&quot;}\">M\u00e9retek<\/td>\n<td data-sheets-value=\"{&quot;1&quot;:2,&quot;2&quot;:&quot;154 x 79 x 82 mm&quot;}\">154 x 79 x 82 mm<\/td>\n<\/tr>\n<\/tbody>\n<\/table>","protected":false},"excerpt":{"rendered":"<p><span style=\"font-weight: 400\">Pard predstavuje svoj prv\u00fd 3-v-1 termov\u00edzny pr\u00eddavn\u00fd modul, ktor\u00fd si nesmiete necha\u0165 ujs\u0165 \u2013 Pard FT32! Ako je u spolo\u010dnosti Pard zvykom, ide o ve\u013emi kompaktn\u00e9 zariadenie, ktor\u00e9 kombinuje r\u00fdchlu a jednoduch\u00fa obsluhu s najnov\u0161ou technol\u00f3giou. Hlavnou v\u00fdhodou nov\u00e9ho modelu je, \u017ee ho mo\u017eno pou\u017e\u00edva\u0165 ako 3 v 1 zariadenie: ako pr\u00eddavn\u00e9 zariadenie, monokul\u00e1r alebo pu\u0161koh\u013ead. Na premenu pr\u00eddavn\u00e9ho zariadenia na monokul\u00e1r potrebujete len okul\u00e1r, ktor\u00fd je s\u00fa\u010das\u0165ou balenia. Ak ho v\u0161ak chcete pou\u017e\u00edva\u0165 ako pu\u0161koh\u013ead, budete si musie\u0165 zak\u00fapi\u0165 samostatn\u00fd dr\u017eiak.<\/span><\/p>","protected":false},"featured_media":21326,"template":"","meta":{"_gspb_post_css":""},"product_brand":[],"product_cat":[328],"product_tag":[229,352],"class_list":{"0":"post-21281","1":"product","2":"type-product","3":"status-publish","4":"has-post-thumbnail","6":"product_cat-termovizne-predsadky","7":"product_tag-pard","8":"product_tag-termovizna-predsadka","10":"first","11":"outofstock","12":"sale","13":"taxable","14":"shipping-taxable","15":"purchasable","16":"product-type-simple"},"ct_brands":[],"_links":{"self":[{"href":"https:\/\/zbranebudai.sk\/hu\/wp-json\/wp\/v2\/product\/21281","targetHints":{"allow":["GET"]}}],"collection":[{"href":"https:\/\/zbranebudai.sk\/hu\/wp-json\/wp\/v2\/product"}],"about":[{"href":"https:\/\/zbranebudai.sk\/hu\/wp-json\/wp\/v2\/types\/product"}],"wp:featuredmedia":[{"embeddable":true,"href":"https:\/\/zbranebudai.sk\/hu\/wp-json\/wp\/v2\/media\/21326"}],"wp:attachment":[{"href":"https:\/\/zbranebudai.sk\/hu\/wp-json\/wp\/v2\/media?parent=21281"}],"wp:term":[{"taxonomy":"product_brand","embeddable":true,"href":"https:\/\/zbranebudai.sk\/hu\/wp-json\/wp\/v2\/product_brand?post=21281"},{"taxonomy":"product_cat","embeddable":true,"href":"https:\/\/zbranebudai.sk\/hu\/wp-json\/wp\/v2\/product_cat?post=21281"},{"taxonomy":"product_tag","embeddable":true,"href":"https:\/\/zbranebudai.sk\/hu\/wp-json\/wp\/v2\/product_tag?post=21281"}],"curies":[{"name":"wp","href":"https:\/\/api.w.org\/{rel}","templated":true}]}}