{"id":21280,"date":"2026-02-14T15:25:22","date_gmt":"2026-02-14T13:25:22","guid":{"rendered":"https:\/\/zbranebudai.sk\/?post_type=product&#038;p=21280"},"modified":"2026-04-29T14:25:58","modified_gmt":"2026-04-29T12:25:58","slug":"pard-ds35-lrf-850-nm-56x-puskahomero-vilagitassal-es-tavolsagmerovel","status":"publish","type":"product","link":"https:\/\/zbranebudai.sk\/hu\/product\/pard-ds35-lrf-850-nm-56x-puskohlad-s-osvetlenim-a-dialkomerom\/","title":{"rendered":"Pard DS35 LRF 850 nm 5,6x c\u00e9lt\u00e1vcs\u0151 vil\u00e1g\u00edt\u00e1ssal \u00e9s t\u00e1vols\u00e1gm\u00e9r\u0151vel"},"content":{"rendered":"<p><span style=\"font-weight: 400\">A nagy felbont\u00e1s\u00fa 2K (2560 x 1440 px) \u00e9rz\u00e9kel\u0151 gy\u00f6ny\u00f6r\u0171 k\u00e9peket biztos\u00edt, amelyeket egy speci\u00e1lis, 800 x 800 pixel felbont\u00e1s\u00fa k\u00f6r alak\u00fa LTPS kijelz\u0151n jelen\u00edtenek meg. A nagy kontraszt\u00fa k\u00e9p, a kiv\u00e1l\u00f3 sz\u00ednvisszaad\u00e1s \u00e9s a kiss\u00e9 sz\u0171k l\u00e1t\u00f3mez\u0151 (70-es modell) garant\u00e1lja a kiv\u00e1l\u00f3 helyzetfelismer\u00e9st, r\u00e1ad\u00e1sul a term\u00e9szetes sz\u00ednek olyan benyom\u00e1st keltenek, mintha egy nappali t\u00e1vcs\u00f6v\u00f6n kereszt\u00fcl n\u00e9zn\u00e9.<\/span><\/p>\n<p><b>Innovat\u00edv c\u00e9lz\u00e1si funkci\u00f3k<\/b><\/p>\n<p><span style=\"font-weight: 400\">A c\u00e9lz\u00e1s most egyszer\u0171bb\u00e9 \u00e9s k\u00e9nyelmesebb\u00e9 v\u00e1lt, mint valaha, \u00e9s az ir\u00e1nyz\u00e9k null\u00e1z\u00e1sa pontosabb. A digit\u00e1lis eszk\u00f6z\u00f6kn\u00e9l c\u00e9lz\u00e1skor \u00e1ltal\u00e1ban csak a c\u00e9lz\u00f3 pont k\u00f6veti a kijelz\u0151t, ami kik\u00fcsz\u00f6b\u00f6li a k\u00e9p okul\u00e1ron \u00e1t t\u00f6rt\u00e9n\u0151 k\u00f6z\u00e9pre \u00e1ll\u00edt\u00e1s\u00e1t. A DS3 sorozatban ez a funkci\u00f3 professzion\u00e1lisabb abban a tekintetben, hogy m\u00e9g az ir\u00e1nyz\u00e9k is k\u00f6veti ezt a pontot, \u00edgy folyamatos k\u00f6z\u00e9pre \u00e1ll\u00edt\u00e1s \u00e9rzet\u00e9t kelti.<\/span><br \/>\n<span style=\"font-weight: 400\">A szem \u00e9s az okul\u00e1r k\u00f6z\u00f6tti nagy t\u00e1vols\u00e1g biztos\u00edtja a c\u00e9l pontos k\u00f6vet\u00e9s\u00e9t 20-300 mm tartom\u00e1nyban, ami ide\u00e1lis a f\u00e1radts\u00e1gmentes koncentr\u00e1ci\u00f3hoz \u00e9s a biztons\u00e1gos l\u00f6v\u00e9shez. A kieg\u00e9sz\u00edt\u0151 gumis szemkagyl\u00f3 seg\u00edt biztos\u00edtani, hogy a kijelz\u0151f\u00e9nyek ne zavarj\u00e1k a s\u00f6t\u00e9ts\u00e9get \u00e9jszaka, \u00e9s ne fedj\u00e9k fel a felhaszn\u00e1l\u00f3 tart\u00f3zkod\u00e1si hely\u00e9t.<\/span><\/p>\n<p><b>Objekt\u00edvlencse-v\u00e9d\u0151 f\u00f3lia f\u00f3kusz\u00e1l\u00e1s n\u00e9lk\u00fcl<\/b><\/p>\n<p><span style=\"font-weight: 400\">A c\u00e9lt\u00e1vcs\u0151 lencsev\u00e9d\u0151je \u00fagy van kialak\u00edtva, hogy ne kelljen \u00e9les\u00edteni a jelenetek k\u00f6z\u00f6tt. A nappali \u00e9szlel\u00e9st a fed\u00e9l lehajt\u00e1s\u00e1val lehet jav\u00edtani, amikor a szoftver optimaliz\u00e1l\u00f3dik gyeng\u00e9bb f\u00e9nyviszonyokra.<\/span><\/p>\n<p><b>Rendk\u00edv\u00fcl \u00e9rz\u00e9keny CMOS-\u00e9rz\u00e9kel\u0151<\/b><\/p>\n<p><span style=\"font-weight: 400\">A DS35-\u00f6s modell lelke a 0,001 lux f\u00e9ny\u00e9rz\u00e9kenys\u00e9g\u0171 CMOS-\u00e9rz\u00e9kel\u0151, amely gy\u00f6ny\u00f6r\u0171, nagy felbont\u00e1s\u00fa k\u00e9pekkel k\u00e1pr\u00e1ztatja el a felhaszn\u00e1l\u00f3kat. A DS35-\u00f6s modell 2560 x 1440 pixeles felbont\u00e1s\u00fa \u00e9rz\u00e9kel\u0151vel van felszerelve, m\u00edg a DS33-as modell 1920 x 1080 pixeles felbont\u00e1s\u00fa \u00e9rz\u00e9kel\u0151t kapott. A felhaszn\u00e1l\u00f3i ig\u00e9nyek szerint.<\/span><\/p>\n<p><b>Pontos ballisztikai sz\u00e1mol\u00f3g\u00e9p<\/b><\/p>\n<p><span style=\"font-weight: 400\">A be\u00e9p\u00edtett ballisztikai sz\u00e1mol\u00f3g\u00e9p kiv\u00e1l\u00f3 pontoss\u00e1ggal dolgozik, \u00e9s seg\u00edt \u00d6nnek pontosabban c\u00e9lozni.<\/span><\/p>\n<p><b>RF verzi\u00f3 \u2013 gyors \u00e9s pontos t\u00e1vols\u00e1gm\u00e9r\u00e9s 1000 m\u00e9terig<\/b><\/p>\n<p><span style=\"font-weight: 400\">Az \u00fajonnan kifejlesztett, kompakt t\u00e1vols\u00e1gm\u00e9r\u0151 modul rendk\u00edv\u00fcl gyors \u00e9s pontos m\u00e9r\u00e9st garant\u00e1l. Az integr\u00e1lt ballisztikai programmal egy\u00fctt az LRF \u00e9rt\u00e9kes inform\u00e1ci\u00f3kkal szolg\u00e1l m\u00e9g \u00e9jszakai prec\u00edzi\u00f3s l\u00f6v\u00e9sek eset\u00e9n is.<\/span><\/p>\n<p><b>\u00c1ll\u00edthat\u00f3 infrav\u00f6r\u00f6s megvil\u00e1g\u00edt\u00f3<\/b><\/p>\n<p><span style=\"font-weight: 400\">A k\u00fcls\u0151 megvil\u00e1g\u00edt\u00f3 azut\u00e1n r\u00f6gz\u00edt\u0151je kiold\u00e1s\u00e1val a k\u00edv\u00e1nt ir\u00e1nyba \u00e1ll\u00edthat\u00f3. Haszn\u00e1lhat\u00f3 850 nm-es megvil\u00e1g\u00edt\u00f3val 500 m\u00e9terig, \u00e9s 940 nm-es megvil\u00e1g\u00edt\u00f3val 300 m\u00e9terig.<\/span> <b>K\u00fcl\u00f6nb\u00f6z\u0151 sz\u00ednm\u00f3dok kipr\u00f3b\u00e1l\u00e1sa<\/b> <span style=\"font-weight: 400\">A sz\u00ednes m\u00f3dok megv\u00e1ltoztat\u00e1s\u00e1val a kijelz\u0151 sz\u00edne a pontosabb felbont\u00e1s \u00e9rdek\u00e9ben testreszabhat\u00f3.<\/span><br \/>\n<b>Videofelv\u00e9tel aktiv\u00e1lva l\u00f6v\u00e9ssel<\/b><\/p>\n<p><span style=\"font-weight: 400\">Amikor a k\u00e9sz\u00fcl\u00e9k els\u00fct\u00e9st \u00e9szlel, a teljes folyamat 20 m\u00e1sodperces intervallumokban r\u00f6gz\u00edt\u00e9sre ker\u00fcl a mem\u00f3riak\u00e1rty\u00e1ra. Ez azt jelenti, hogy 8 m\u00e1sodpercet r\u00f6gz\u00edt az els\u00fct\u00e9s el\u0151tt \u00e9s 12 m\u00e1sodpercet az els\u00fct\u00e9s ut\u00e1n.<\/span><\/p>\n<p><b>Intuit\u00edv forg\u00f3<\/b> <b>v\u00e1laszt\u00f3<\/b><\/p>\n<p><span style=\"font-weight: 400\">A k\u00e9sz\u00fcl\u00e9k forgat\u00f3gombja nagyon gyors \u00e9s k\u00e9nyelmesen haszn\u00e1lhat\u00f3. A felhaszn\u00e1l\u00f3 k\u00f6nnyed\u00e9n v\u00e1lthat a funkci\u00f3k k\u00f6z\u00f6tt, vagy kezelheti a ballisztikai adatokat. A logikusan fel\u00e9p\u00edtett men\u00fcvel kombin\u00e1lva ez kiv\u00e1l\u00f3 haszn\u00e1lhat\u00f3s\u00e1got garant\u00e1l.<\/span><\/p>\n<p><b>Eszt\u00e9tikus \u00e9s \u00e1ttekinthet\u0151 felhaszn\u00e1l\u00f3i fel\u00fclet kialak\u00edt\u00e1sa<\/b><\/p>\n<p><span style=\"font-weight: 400\">A legjobb haszn\u00e1lhat\u00f3s\u00e1g \u00e9rdek\u00e9ben a cs\u00facsmin\u0151s\u00e9g\u0171, \u00e1tgondolt felhaszn\u00e1l\u00f3i fel\u00fclet m\u00e1r els\u0151 pillant\u00e1sra mag\u00e1val ragadja az \u00fcgyfeleket egyszer\u0171 ikonjaival, j\u00f3 elhelyez\u00e9s\u00e9vel \u00e9s informat\u00edv fel\u00e9p\u00edt\u00e9s\u00e9vel.<\/span><\/p>\n<p><b>IP67 v\u00edzv\u00e9delem<\/b><\/p>\n<p><span style=\"font-weight: 400\">Legyen felk\u00e9sz\u00fclve b\u00e1rmilyen id\u0151j\u00e1r\u00e1si k\u00f6r\u00fclm\u00e9nyre! Az IP67 v\u00e9delem garant\u00e1lja a biztons\u00e1gos m\u0171k\u00f6d\u00e9st kedvez\u0151tlen id\u0151j\u00e1r\u00e1si k\u00f6r\u00fclm\u00e9nyek k\u00f6z\u00f6tt is.<\/span><\/p>\n<p><b>Tov\u00e1bbi funkci\u00f3k:<\/b><\/p>\n<ul>\n<li style=\"font-weight: 400\"><span style=\"font-weight: 400\">F\u00e9nyk\u00e9pez\u00e9s \u00e9s videofelv\u00e9tel: gy\u00f6ny\u00f6r\u0171, nagy felbont\u00e1s\u00fa<\/span><\/li>\n<li style=\"font-weight: 400\"><span style=\"font-weight: 400\">Megoszt\u00e1s WiFi-n kereszt\u00fcl: mobil eszk\u00f6z\u00f6k \u00e9s sz\u00e1m\u00edt\u00f3g\u00e9pek csatlakoztat\u00e1s\u00e1hoz, k\u00e9pek \u00e9s f\u00e1jlok megoszt\u00e1s\u00e1hoz<\/span><\/li>\n<li style=\"font-weight: 400\"><span style=\"font-weight: 400\">70 mm-es el\u00fcls\u0151 lencse: a kisebb kiv\u00e1l\u00f3 l\u00e1t\u00f3sz\u00f6ggel, a nagyobb nagyobb nagy\u00edt\u00e1si tartom\u00e1nyban<\/span><\/li>\n<li style=\"font-weight: 400\"><span style=\"font-weight: 400\">18650 akkumul\u00e1tor: cser\u00e9lhet\u0151, ak\u00e1r 6 \u00f3r\u00e1s \u00fczemid\u0151<\/span><\/li>\n<li style=\"font-weight: 400\"><span style=\"font-weight: 400\">6 poz\u00edcioniroz\u00e1si keresztek 4 sz\u00ednben: teljesen testreszabhat\u00f3 5 null\u00e1z\u00e1si profillal<\/span><\/li>\n<li style=\"font-weight: 400\"><span style=\"font-weight: 400\">Firmware friss\u00edt\u00e9s: egyszer\u0171bb folyamatos friss\u00edt\u00e9sek mem\u00f3riak\u00e1rty\u00e1r\u00f3l<\/span><\/li>\n<li style=\"font-weight: 400\"><span style=\"font-weight: 400\">Hajl\u00edthat\u00f3 kar: praktikus \u00e9s professzion\u00e1lis kialak\u00edt\u00e1s a gyors \u00e9s tiszta k\u00e9p\u00e9rt<\/span><\/li>\n<li style=\"font-weight: 400\"><span style=\"font-weight: 400\">L\u00f6v\u00e9s\u00e1ll\u00f3s\u00e1g 6000 J: ellen\u00e1ll\u00e1s \u00e9s pontoss\u00e1g m\u00e9g nagy kaliberek eset\u00e9n is<\/span><\/li>\n<\/ul>\n<table dir=\"ltr\" style=\"height: 1715px\" border=\"1\" width=\"409\" cellspacing=\"0\" cellpadding=\"0\" data-sheets-root=\"1\">\n<colgroup>\n<col width=\"227\" \/>\n<col width=\"100\" \/><\/colgroup>\n<tbody>\n<tr>\n<td data-sheets-value=\"{&quot;1&quot;:2,&quot;2&quot;:&quot;Technikai param\u00e9terek&quot;}\">M\u0171szaki param\u00e9terek<\/td>\n<td data-sheets-value=\"{&quot;1&quot;:2,&quot;2&quot;:&quot;\u00c9rt\u00e9kek&quot;}\">\u00c9rt\u00e9kek<\/td>\n<\/tr>\n<tr>\n<td data-sheets-value=\"{&quot;1&quot;:2,&quot;2&quot;:&quot;Kijelz\u0151&quot;}\">Kijelz\u0151<\/td>\n<td data-sheets-value=\"{&quot;1&quot;:2,&quot;2&quot;:&quot;800x800 IPS LCD&quot;}\">\n<div>\n<div>800\u00d7800 IPS LCD<\/div>\n<\/div>\n<\/td>\n<\/tr>\n<tr>\n<td data-sheets-value=\"{&quot;1&quot;:2,&quot;2&quot;:&quot;K\u00f6z\u00e9ptubus \u00e1tm\u00e9r\u0151 (mm)&quot;}\">K\u00f6z\u00e9pcs\u0151 \u00e1tm\u00e9r\u0151 (mm)<\/td>\n<td data-sheets-value=\"{&quot;1&quot;:3,&quot;3&quot;:30}\">30<\/td>\n<\/tr>\n<tr>\n<td data-sheets-value=\"{&quot;1&quot;:2,&quot;2&quot;:&quot;Nagy\u00edt\u00e1s tartom\u00e1ny (x)&quot;}\">Nagy\u00edt\u00e1si tartom\u00e1ny (x)<\/td>\n<td data-sheets-value=\"{&quot;1&quot;:2,&quot;2&quot;:&quot;5,6 \u2013 11,2&quot;}\">5,6 \u2013 11,2<\/td>\n<\/tr>\n<tr>\n<td data-sheets-value=\"{&quot;1&quot;:2,&quot;2&quot;:&quot;V\u00edzszintes l\u00e1t\u00f3sz\u00f6g (\u00b0)&quot;}\">V\u00edzszintes l\u00e1t\u00f3sz\u00f6g (\u00b0)<\/td>\n<td data-sheets-value=\"{&quot;1&quot;:2,&quot;2&quot;:&quot;3.4\u00b0&quot;}\">3,4<\/td>\n<\/tr>\n<tr>\n<td data-sheets-value=\"{&quot;1&quot;:2,&quot;2&quot;:&quot;Adatt\u00e1rol\u00e1s&quot;}\">Adatt\u00e1rol\u00e1s<\/td>\n<td data-sheets-value=\"{&quot;1&quot;:2,&quot;2&quot;:&quot;micro SD k\u00e1rtya 128Gb-ig (nem tartoz\u00e9k)&quot;}\">\n<div>\n<div>micro SD k\u00e1rtya 128 GB-ig (nem tartoz\u00e9k)<\/div>\n<\/div>\n<\/td>\n<\/tr>\n<tr>\n<td data-sheets-value=\"{&quot;1&quot;:2,&quot;2&quot;:&quot;Alap nagy\u00edt\u00e1s (x)&quot;}\">Alapnagy\u00edt\u00e1s (x)<\/td>\n<td data-sheets-value=\"{&quot;1&quot;:3,&quot;3&quot;:45418}\" data-sheets-numberformat=\"{&quot;1&quot;:5,&quot;2&quot;:&quot;m.d&quot;,&quot;3&quot;:1}\">5,6<\/td>\n<\/tr>\n<tr>\n<td data-sheets-value=\"{&quot;1&quot;:2,&quot;2&quot;:&quot;Anyaghaszn\u00e1lat&quot;}\">Anyaghaszn\u00e1lat<\/td>\n<td data-sheets-value=\"{&quot;1&quot;:2,&quot;2&quot;:&quot;Alum\u00ednium \u00f6tv\u00f6zet, \u00fcveg&quot;}\">\n<div>\n<div>Alum\u00ednium \u00f6tv\u00f6zet, \u00fcveg<\/div>\n<\/div>\n<\/td>\n<\/tr>\n<tr>\n<td data-sheets-value=\"{&quot;1&quot;:2,&quot;2&quot;:&quot;Be\u00e9p\u00edtett infrav\u00f6r\u00f6s f\u00e9nyvet\u0151&quot;}\">Be\u00e9p\u00edtett infrav\u00f6r\u00f6s projektor<\/td>\n<td data-sheets-value=\"{&quot;1&quot;:2,&quot;2&quot;:&quot;5 W, 850 nm, 3 f\u00e9nyer\u0151 fokozat, \u00e1ll\u00edthat\u00f3 ir\u00e1ny&quot;}\">\n<div>\n<div>5 W, 850 nm, 3 f\u00e9nyer\u0151ss\u00e9gi szint, \u00e1ll\u00edthat\u00f3 ir\u00e1ny<\/div>\n<\/div>\n<\/td>\n<\/tr>\n<tr>\n<td data-sheets-value=\"{&quot;1&quot;:2,&quot;2&quot;:&quot;Betekint\u00e9si t\u00e1vols\u00e1g&quot;}\">L\u00e1t\u00f3t\u00e1vols\u00e1g<\/td>\n<td data-sheets-value=\"{&quot;1&quot;:2,&quot;2&quot;:&quot;50 mm&quot;}\">50 mm<\/td>\n<\/tr>\n<tr>\n<td data-sheets-value=\"{&quot;1&quot;:2,&quot;2&quot;:&quot;C\u00e9lt\u00e1vcs\u0151 nagy\u00edt\u00e1s tartom\u00e1ny&quot;}\">Puskad\u00e1vcs\u0151 nagy\u00edt\u00e1si tartom\u00e1nya<\/td>\n<td data-sheets-value=\"{&quot;1&quot;:2,&quot;2&quot;:&quot;5.6-11.2x&quot;}\">5,6 \u2013 11,2x<\/td>\n<\/tr>\n<tr>\n<td data-sheets-value=\"{&quot;1&quot;:2,&quot;2&quot;:&quot;Csatlakoz\u00f3k&quot;}\">Csatlakoz\u00f3k<\/td>\n<td data-sheets-value=\"{&quot;1&quot;:2,&quot;2&quot;:&quot;USB-C&quot;}\">USB-C<\/td>\n<\/tr>\n<tr>\n<td data-sheets-value=\"{&quot;1&quot;:2,&quot;2&quot;:&quot;Digit\u00e1lis zoom&quot;}\">Digit\u00e1lis zoom<\/td>\n<td data-sheets-value=\"{&quot;1&quot;:2,&quot;2&quot;:&quot;2x&quot;}\">2x<\/td>\n<\/tr>\n<tr>\n<td data-sheets-value=\"{&quot;1&quot;:2,&quot;2&quot;:&quot;EAN k\u00f3d&quot;}\">EAN-k\u00f3d<\/td>\n<td data-sheets-value=\"{&quot;1&quot;:3,&quot;3&quot;:6975064271489}\">6975064271489<\/td>\n<\/tr>\n<tr>\n<td data-sheets-value=\"{&quot;1&quot;:2,&quot;2&quot;:&quot;Egy\u00e9b tulajdons\u00e1gok&quot;}\">Tov\u00e1bbi funkci\u00f3k<\/td>\n<td data-sheets-value=\"{&quot;1&quot;:2,&quot;2&quot;:&quot;Wifi (t\u00e1mogatott alkalmaz\u00e1sok: ppshow, roadcam), Giroszk\u00f3p, \u00d6naktiv\u00e1l\u00f3 felv\u00e9tel, Folytonos felv\u00e9tel, Id\u0151b\u00e9lyegz\u0151, Hangr\u00f6gz\u00edt\u00e9s, Hangjelz\u00e9s, Expoz\u00edci\u00f3 kompenz\u00e1ci\u00f3&quot;}\">\n<div>\n<div>Wi-Fi (t\u00e1mogatott alkalmaz\u00e1sok: ppshow, roadcam), Giroszk\u00f3p, \u00d6nkiold\u00f3, Sorozatfelv\u00e9tel, Id\u0151b\u00e9lyegz\u0151, Hangfelv\u00e9tel, Hangjelz\u00e9s, Expoz\u00edci\u00f3kompenz\u00e1ci\u00f3<\/div>\n<\/div>\n<\/td>\n<\/tr>\n<tr>\n<td data-sheets-value=\"{&quot;1&quot;:2,&quot;2&quot;:&quot;Energiaell\u00e1t\u00e1s&quot;}\">Teljes\u00edtm\u00e9ny<\/td>\n<td data-sheets-value=\"{&quot;1&quot;:2,&quot;2&quot;:&quot;1x18650 3.7V akku&quot;}\">\n<div>\n<div>1\u00d718650 3,7 V akkumul\u00e1tor<\/div>\n<\/div>\n<\/td>\n<\/tr>\n<tr>\n<td data-sheets-value=\"{&quot;1&quot;:2,&quot;2&quot;:&quot;\u00c9szlel\u00e9si t\u00e1vols\u00e1g&quot;}\">\u00c9rz\u00e9kel\u00e9si t\u00e1vols\u00e1g<\/td>\n<td data-sheets-value=\"{&quot;1&quot;:2,&quot;2&quot;:&quot;Ak\u00e1r 350 m infra hat\u00f3t\u00e1v.&quot;}\">\n<div>\n<div>Infrav\u00f6r\u00f6s hat\u00f3t\u00e1vols\u00e1g 350 m-ig.<\/div>\n<\/div>\n<\/td>\n<\/tr>\n<tr>\n<td data-sheets-value=\"{&quot;1&quot;:2,&quot;2&quot;:&quot;Gy\u00e1rt\u00f3&quot;}\">Gy\u00e1rt\u00f3<\/td>\n<td data-sheets-value=\"{&quot;1&quot;:2,&quot;2&quot;:&quot;Pard&quot;}\">Pard<\/td>\n<\/tr>\n<tr>\n<td data-sheets-value=\"{&quot;1&quot;:2,&quot;2&quot;:&quot;Gy\u00e1rt\u00f3 \u00e1ltal v\u00e1llalt garancia&quot;}\">Gy\u00e1rt\u00f3i garancia<\/td>\n<td data-sheets-value=\"{&quot;1&quot;:2,&quot;2&quot;:&quot;2 \u00e9v&quot;}\">2 \u00e9v<\/td>\n<\/tr>\n<tr>\n<td data-sheets-value=\"{&quot;1&quot;:2,&quot;2&quot;:&quot;IR f\u00e9nyvet\u0151&quot;}\">IR a figyelem k\u00f6z\u00e9ppontj\u00e1ban<\/td>\n<td data-sheets-value=\"{&quot;1&quot;:2,&quot;2&quot;:&quot;850 nm&quot;}\">850 nm<\/td>\n<\/tr>\n<tr>\n<td data-sheets-value=\"{&quot;1&quot;:2,&quot;2&quot;:&quot;K\u00e9pfriss\u00edt\u00e9s&quot;}\">K\u00e9prestaur\u00e1l\u00e1s<\/td>\n<td data-sheets-value=\"{&quot;1&quot;:2,&quot;2&quot;:&quot;30fps&quot;}\">30 k\u00e9pkocka m\u00e1sodpercenk\u00e9nt<\/td>\n<\/tr>\n<tr>\n<td data-sheets-value=\"{&quot;1&quot;:2,&quot;2&quot;:&quot;Kijelz\u0151 sz\u00edn \u00fczemm\u00f3dok&quot;}\">Kijelz\u0151 sz\u00ednm\u00f3djai<\/td>\n<td data-sheets-value=\"{&quot;1&quot;:2,&quot;2&quot;:&quot;Sz\u00ednes, mono fekete-feh\u00e9r, mono z\u00f6ld, mono s\u00e1rga&quot;}\">\n<div>\n<div>Sz\u00edn, fekete-feh\u00e9r, z\u00f6ld, s\u00e1rga<\/div>\n<\/div>\n<\/td>\n<\/tr>\n<tr>\n<td data-sheets-value=\"{&quot;1&quot;:2,&quot;2&quot;:&quot;Kil\u00e9p\u0151 pupilla&quot;}\">Kil\u00e9p\u0151 pupilla<\/td>\n<td data-sheets-value=\"{&quot;1&quot;:2,&quot;2&quot;:&quot;10 mm&quot;}\">10 mm<\/td>\n<\/tr>\n<tr>\n<td data-sheets-value=\"{&quot;1&quot;:2,&quot;2&quot;:&quot;L\u00e1t\u00f3sz\u00f6g (\u00b0)&quot;}\">N\u00e9z\u0151pont (\u00b0 )<\/td>\n<td data-sheets-value=\"{&quot;1&quot;:2,&quot;2&quot;:&quot;3.4\u00b0&quot;}\">3,4<\/td>\n<\/tr>\n<tr>\n<td data-sheets-value=\"{&quot;1&quot;:2,&quot;2&quot;:&quot;Legkisebb f\u00f3kuszt\u00e1vols\u00e1g (m)&quot;}\">Minim\u00e1lis f\u00f3kusz t\u00e1vols\u00e1g (m)<\/td>\n<td data-sheets-value=\"{&quot;1&quot;:2,&quot;2&quot;:&quot;5 m&quot;}\">5 m<\/td>\n<\/tr>\n<tr>\n<td data-sheets-value=\"{&quot;1&quot;:2,&quot;2&quot;:&quot;L\u00f6v\u00e9s\u00e1ll\u00f3s\u00e1g&quot;}\">\u00dct\u00e9s\u00e1ll\u00f3s\u00e1g<\/td>\n<td data-sheets-value=\"{&quot;1&quot;:2,&quot;2&quot;:&quot;6000J&quot;}\">6000J<\/td>\n<\/tr>\n<tr>\n<td data-sheets-value=\"{&quot;1&quot;:2,&quot;2&quot;:&quot;M\u00e9retek&quot;}\">M\u00e9retek<\/td>\n<td data-sheets-value=\"{&quot;1&quot;:2,&quot;2&quot;:&quot;350 x 88 x 95 mm&quot;}\">\n<div>\n<div>350 x 88 x 95 mm<\/div>\n<\/div>\n<\/td>\n<\/tr>\n<tr>\n<td data-sheets-value=\"{&quot;1&quot;:2,&quot;2&quot;:&quot;M\u0171k\u00f6d\u00e9si \/ t\u00e1rol\u00e1si h\u0151m\u00e9rs\u00e9klet&quot;}\">\u00dczemi\/t\u00e1rol\u00e1si h\u0151m\u00e9rs\u00e9klet<\/td>\n<td data-sheets-value=\"{&quot;1&quot;:2,&quot;2&quot;:&quot;-20 - +50\u00b0C \/ -&quot;}\">\u201320\u201350\u00b0C \/ \u2013<\/td>\n<\/tr>\n<tr>\n<td data-sheets-value=\"{&quot;1&quot;:2,&quot;2&quot;:&quot;Szenzor&quot;}\">\u00c9rz\u00e9kel\u0151<\/td>\n<td data-sheets-value=\"{&quot;1&quot;:2,&quot;2&quot;:&quot;CMOS 2560x1440; 2,9 \u00b5m pixel m\u00e9ret; 0,001 Lux f\u00e9ny\u00e9rz\u00e9kenys\u00e9ggel&quot;}\">\n<div>\n<div>CMOS 2560\u00d71440; k\u00e9ppontm\u00e9ret 2,9 \u00b5m; f\u00e9ny\u00e9rz\u00e9kenys\u00e9g 0,001 lux<\/div>\n<\/div>\n<\/td>\n<\/tr>\n<tr>\n<td data-sheets-value=\"{&quot;1&quot;:2,&quot;2&quot;:&quot;Sz\u00edn&quot;}\">Sz\u00ednes<\/td>\n<td data-sheets-value=\"{&quot;1&quot;:2,&quot;2&quot;:&quot;fekete&quot;}\">Fekete<\/td>\n<\/tr>\n<tr>\n<td data-sheets-value=\"{&quot;1&quot;:2,&quot;2&quot;:&quot;Tartoz\u00e9kok&quot;}\">Tartoz\u00e9kok<\/td>\n<td data-sheets-value=\"{&quot;1&quot;:2,&quot;2&quot;:&quot;DS35 k\u00e9sz\u00fcl\u00e9k, 1 db norm\u00e1l cs\u00facsos, k\u00e9sz\u00fcl\u00e9kben t\u00f6lthet\u0151 18650 akkumul\u00e1tor, neopr\u00e9n tok, gy\u0171r\u0171s szerel\u00e9k Weaver s\u00ednhez, USB-C k\u00e1bel, csavarkulcs, haszn\u00e1lati utas\u00edt\u00e1s&quot;}\">\n<div>\n<div>DS35 k\u00e9sz\u00fcl\u00e9k, 1 standard hegy, \u00fajrat\u00f6lthet\u0151 18650 akkumul\u00e1tor, neopr\u00e9n tok, Weaver s\u00edn tart\u00f3 gy\u0171r\u0171, USB-C k\u00e1bel, csavarh\u00faz\u00f3, felhaszn\u00e1l\u00f3i k\u00e9zik\u00f6nyv<\/div>\n<\/div>\n<\/td>\n<\/tr>\n<tr>\n<td data-sheets-value=\"{&quot;1&quot;:2,&quot;2&quot;:&quot;T\u00e1vols\u00e1gm\u00e9r\u00e9si opci\u00f3k&quot;}\">T\u00e1vols\u00e1gm\u00e9r\u00e9si lehet\u0151s\u00e9gek<\/td>\n<td data-sheets-value=\"{&quot;1&quot;:2,&quot;2&quot;:&quot;Ak\u00e1r 1000 m&quot;}\">Ak\u00e1r 1000 m<\/td>\n<\/tr>\n<tr>\n<td data-sheets-value=\"{&quot;1&quot;:2,&quot;2&quot;:&quot;T\u00e1vols\u00e1gm\u00e9r\u0151&quot;}\">T\u00e1vols\u00e1gm\u00e9r\u00e9s<\/td>\n<td data-sheets-value=\"{&quot;1&quot;:2,&quot;2&quot;:&quot;LRF l\u00e9zeres&quot;}\">LRF l\u00e9zer<\/td>\n<\/tr>\n<tr>\n<td data-sheets-value=\"{&quot;1&quot;:2,&quot;2&quot;:&quot;T\u00f6meg (g)&quot;}\">T\u00f6meg (g)<\/td>\n<td data-sheets-value=\"{&quot;1&quot;:3,&quot;3&quot;:680}\">680<\/td>\n<\/tr>\n<tr>\n<td data-sheets-value=\"{&quot;1&quot;:2,&quot;2&quot;:&quot;\u00dczemid\u0151&quot;}\">M\u0171k\u00f6d\u00e9si id\u0151<\/td>\n<td data-sheets-value=\"{&quot;1&quot;:2,&quot;2&quot;:&quot;ak\u00e1r 6 \u00f3ra&quot;}\">Ak\u00e1r 6 \u00f3ra<\/td>\n<\/tr>\n<tr>\n<td data-sheets-value=\"{&quot;1&quot;:2,&quot;2&quot;:&quot;V\u00edz\u00e1ll\u00f3s\u00e1g&quot;}\">V\u00edzhatlan<\/td>\n<td data-sheets-value=\"{&quot;1&quot;:2,&quot;2&quot;:&quot;IP67&quot;}\">IP67<\/td>\n<\/tr>\n<\/tbody>\n<\/table>\n<p>A term\u00e9k hivatalos le\u00edr\u00e1s\u00e1t a m\u00e1rka weboldal\u00e1n itt tal\u00e1lja: <a href=\"https:\/\/pard.com\/europe\/store\/ds35-night-vision-scope\/\">https:\/\/pard.com\/europe\/store\/ds35-night-vision-scope\/<\/a><\/p>","protected":false},"excerpt":{"rendered":"<p><span style=\"font-weight: 400\">A Pard v\u00e1llalat most el\u0151rukkant a saj\u00e1t konzervat\u00edv t\u00e1vcs\u00f6v\u00e9vel, amely biztosan felkelti az elk\u00f6telezett \u00e9jszakai vad\u00e1szok \u00e9rdekl\u0151d\u00e9s\u00e9t. Amikor erre az \u00faj term\u00e9kre n\u00e9z\u00fcnk, azonnal nyilv\u00e1nval\u00f3v\u00e1 v\u00e1lik, hogy a tervez\u0151k mindent megtettek a klasszikus megjelen\u00e9s \u00e9s a praktikum k\u00f6z\u00f6tti egyens\u00faly megteremt\u00e9se \u00e9rdek\u00e9ben. A j\u00f3l megtervezett \u00e9s robusztus h\u00e1zat k\u00f6nnyen haszn\u00e1lhat\u00f3 \u00e9s prec\u00edz kezel\u0151szervek eg\u00e9sz\u00edtik ki. Az \u00e1tgondolt k\u00edn\u00e1lati rendszer k\u00f6nnyen kezelhet\u0151, \u00e9s a kezel\u0151gombok keszty\u0171ben is haszn\u00e1lhat\u00f3k.<\/span><\/p>","protected":false},"featured_media":21315,"template":"","meta":{"_gspb_post_css":""},"product_brand":[],"product_cat":[2749,145,2753],"product_tag":[313,2756,380,325,229,324],"class_list":{"0":"post-21280","1":"product","2":"type-product","3":"status-publish","4":"has-post-thumbnail","6":"product_cat-laserove-dialkomery","7":"product_cat-nocne-videnie","8":"product_cat-puskohlady","9":"product_tag-dialkomer","10":"product_tag-digitalne-nocne-videnie","11":"product_tag-laser","12":"product_tag-nocne-videnie","13":"product_tag-pard","14":"product_tag-puskohlad","16":"first","17":"outofstock","18":"taxable","19":"shipping-taxable","20":"purchasable","21":"product-type-simple"},"ct_brands":[],"_links":{"self":[{"href":"https:\/\/zbranebudai.sk\/hu\/wp-json\/wp\/v2\/product\/21280","targetHints":{"allow":["GET"]}}],"collection":[{"href":"https:\/\/zbranebudai.sk\/hu\/wp-json\/wp\/v2\/product"}],"about":[{"href":"https:\/\/zbranebudai.sk\/hu\/wp-json\/wp\/v2\/types\/product"}],"wp:featuredmedia":[{"embeddable":true,"href":"https:\/\/zbranebudai.sk\/hu\/wp-json\/wp\/v2\/media\/21315"}],"wp:attachment":[{"href":"https:\/\/zbranebudai.sk\/hu\/wp-json\/wp\/v2\/media?parent=21280"}],"wp:term":[{"taxonomy":"product_brand","embeddable":true,"href":"https:\/\/zbranebudai.sk\/hu\/wp-json\/wp\/v2\/product_brand?post=21280"},{"taxonomy":"product_cat","embeddable":true,"href":"https:\/\/zbranebudai.sk\/hu\/wp-json\/wp\/v2\/product_cat?post=21280"},{"taxonomy":"product_tag","embeddable":true,"href":"https:\/\/zbranebudai.sk\/hu\/wp-json\/wp\/v2\/product_tag?post=21280"}],"curies":[{"name":"wp","href":"https:\/\/api.w.org\/{rel}","templated":true}]}}