{"id":21279,"date":"2026-02-14T15:25:21","date_gmt":"2026-02-14T13:25:21","guid":{"rendered":"https:\/\/zbranebudai.sk\/?post_type=product&#038;p=21279"},"modified":"2026-04-29T14:27:30","modified_gmt":"2026-04-29T12:27:30","slug":"pard-nv008sp2-940-lrf-nocny-puskohlad-6x","status":"publish","type":"product","link":"https:\/\/zbranebudai.sk\/hu\/product\/pard-nv008sp2-940-lrf-nocny-puskohlad-6x\/","title":{"rendered":"Pard NV008SP2 940 LRF no\u010dn\u00fd pu\u0161koh\u013ead 6x"},"content":{"rendered":"<p><b>2688&#215;1520 extra ve\u013ek\u00fd, vysoko citliv\u00fd 4K CMOS senzor<\/b><br \/>\n<span style=\"font-weight: 400\">Okrem kompaktn\u00e9ho a robustn\u00e9ho dizajnu je p\u00f4sobiv\u00e1 aj technol\u00f3gia prisp\u00f4soben\u00e1 potreb\u00e1m doby, ke\u010f\u017ee nov\u00fd propriet\u00e1rny 4K senzor spolo\u010dnosti Pard dok\u00e1\u017ee zaznamen\u00e1va\u0165 FullHD audio vide\u00e1 s rozl\u00ed\u0161en\u00edm 1920&#215;1080 pixelov na volite\u013en\u00fa pam\u00e4\u0165ov\u00fa kartu, ktor\u00fa zariadenie dok\u00e1\u017ee spracova\u0165 a\u017e do ve\u013ekosti 128 GB.<\/span><\/p>\n<p><span style=\"font-weight: 400\">Nov\u00fd senzor s ve\u013ekos\u0165ou pixelu 2,9 \u00b5m a elektronicky vylep\u0161en\u00fdm syst\u00e9mom vylep\u0161enia obrazu \u201ePard VLEA\u201c dosahuje v\u00fdrazn\u00e9 zlep\u0161enie kvality obrazu v porovnan\u00ed so svojim predchodcom, modelom NV008S. Mimochodom, v z\u00e1vislosti od nastaven\u00ed videa m\u00f4\u017ee dokonca nahr\u00e1va\u0165 v re\u017eime aktivovanom z\u00e1berom.<\/span><\/p>\n<p><b>1000-metrov\u00fd laserov\u00fd dia\u013ekomer s balistick\u00fdm kalkul\u00e1torom<\/b><\/p>\n<p><span style=\"font-weight: 400\">Najmodernej\u0161\u00ed integrovan\u00fd modul LRF v modeli NV008SP2 \u00faplne men\u00ed z\u00e1\u017eitok z lovu. V\u010faka presn\u00fdm hodnot\u00e1m v re\u00e1lnom \u010dase integrovan\u00e1 balistick\u00e1 kalkula\u010dka modelov LRF zaru\u010duje \u00fa\u017easn\u00fa presnos\u0165 a ist\u00e9 mierenie.<\/span><\/p>\n<p><b>Dosah sveteln\u00e9ho l\u00fa\u010da a\u017e 350 metrov<\/b><\/p>\n<p><span style=\"font-weight: 400\">Sveteln\u00fd l\u00fa\u010d modelu NV008SP2 je mo\u017en\u00e9 nastavi\u0165 a zaostri\u0165 v 3 stup\u0148och, aby ste mohli s maxim\u00e1lnou presnos\u0165ou pos\u00fadi\u0165 ak\u00fako\u013evek ve\u013ekos\u0165 zveri v akejko\u013evek vzdialenosti stre\u013eby. Zariadenie je k dispoz\u00edcii s dvoma typmi osvet\u013eova\u010dov \u2013 vidite\u013en\u00fdm 850 nm a nevidite\u013en\u00fdm 940 nm \u2013 z ktor\u00fdch 940 nm je pre zver nevidite\u013en\u00fd a v porovnan\u00ed s rozsahom uveden\u00fdm v odseku je jeho efekt\u00edvny dosah minim\u00e1lne zn\u00ed\u017een\u00fd (250\u2013300 metrov).<\/span><\/p>\n<p><b>Vylep\u0161en\u00e9, u\u017e\u00edvate\u013esky pr\u00edvetiv\u00e9 ovl\u00e1danie<\/b><\/p>\n<p><span style=\"font-weight: 400\">Progres\u00edvne zv\u00e4\u010d\u0161enie zabezpe\u010duje nepreru\u0161ovan\u00e9 pozorovanie a prirodzen\u00fd optick\u00fd dojem. Z\u00e1kladn\u00e9 zv\u00e4\u010d\u0161enie zariadenia je 4,3x pre model 50 a 6x pre model 70, ktor\u00e9 je mo\u017en\u00e9 digit\u00e1lne zv\u00fd\u0161i\u0165 na dvojn\u00e1sobok (8,6x, resp. 12x). V\u010faka vstavanej WiFi sa d\u00e1 pomocou aplik\u00e1cie \u013eahko pripoji\u0165 k mobiln\u00e9mu telef\u00f3nu a premietan\u00fd obraz je mo\u017en\u00e9 sledova\u0165 na mobilnom telef\u00f3ne. K zariadeniu je mo\u017en\u00e9 pripoji\u0165 aj extern\u00e9 zariadenia pomocou li\u0161ty Picatinny na puzdre. Nov\u00e1 verzia NV008SP2 m\u00e1 detailnej\u0161\u00ed OLED displej s rozl\u00ed\u0161en\u00edm 1440&#215;1080 pixelov ako ak\u00fdko\u013evek predch\u00e1dzaj\u00faci model a zariadenie je tie\u017e vybaven\u00e9 funkciou obraz v obraze (PIP) a meradlom uhla naklonenia.<\/span><\/p>\n<p><b>Vylep\u0161en\u00fd algoritmus obrazu<\/b><\/p>\n<p><span style=\"font-weight: 400\">Nov\u00fd displej a rozl\u00ed\u0161enie senzora zaru\u010duj\u00fa p\u00f4sobiv\u00fa kvalitu obrazu a kont\u00fary. Z\u00e1\u017eitok je naozaj spektakul\u00e1rny.<\/span><\/p>\n<p><b>Videofelv\u00e9tel aktiv\u00e1lva l\u00f6v\u00e9ssel<\/b><\/p>\n<p><span style=\"font-weight: 400\">Podobne ako osobn\u00fd videobloger, zariadenie automaticky detekuje moment v\u00fdstrelu a uklad\u00e1 najd\u00f4le\u017eitej\u0161ie a najinformat\u00edvnej\u0161ie momenty v 20-sekundov\u00fdch vide\u00e1ch v bezprostrednej bl\u00edzkosti. K t\u00fdmto vide\u00e1m m\u00f4\u017eete \u013eahko pristupova\u0165 a stiahnu\u0165 ich do svojho mobiln\u00e9ho telef\u00f3nu pomocou aplik\u00e1cie PardVision.<\/span><\/p>\n<table dir=\"ltr\" style=\"height: 1477px\" border=\"1\" width=\"413\" cellspacing=\"0\" cellpadding=\"0\" data-sheets-root=\"1\">\n<colgroup>\n<col width=\"202\" \/>\n<col width=\"150\" \/><\/colgroup>\n<tbody>\n<tr>\n<td data-sheets-value=\"{&quot;1&quot;:2,&quot;2&quot;:&quot;Technikai param\u00e9terek&quot;}\">M\u0171szaki param\u00e9terek<\/td>\n<td data-sheets-value=\"{&quot;1&quot;:2,&quot;2&quot;:&quot;\u00c9rt\u00e9kek&quot;}\">\u00c9rt\u00e9kek<\/td>\n<\/tr>\n<tr>\n<td data-sheets-value=\"{&quot;1&quot;:2,&quot;2&quot;:&quot;Haszn\u00e1lati \u00fatmutat\u00f3&quot;}\">Haszn\u00e1lati utas\u00edt\u00e1s<\/td>\n<td data-sheets-value=\"{&quot;1&quot;:2,&quot;2&quot;:&quot;Kattints&quot;}\">Kliknite<\/td>\n<\/tr>\n<tr>\n<td data-sheets-value=\"{&quot;1&quot;:2,&quot;2&quot;:&quot;Kijelz\u0151&quot;}\">A  megtekint\u00e9se<\/td>\n<td data-sheets-value=\"{&quot;1&quot;:2,&quot;2&quot;:&quot;1440x1080 OLED&quot;}\">1440&#215;1080 OLED<\/td>\n<\/tr>\n<tr>\n<td data-sheets-value=\"{&quot;1&quot;:2,&quot;2&quot;:&quot;Nagy\u00edt\u00e1s tartom\u00e1ny (x)&quot;}\">Nagy\u00edt\u00e1si tartom\u00e1ny (x)<\/td>\n<td data-sheets-value=\"{&quot;1&quot;:2,&quot;2&quot;:&quot;6 \u2013 12&quot;}\">6 \u2013 12<\/td>\n<\/tr>\n<tr>\n<td data-sheets-value=\"{&quot;1&quot;:2,&quot;2&quot;:&quot;V\u00edzszintes l\u00e1t\u00f3sz\u00f6g (\u00b0)&quot;}\">V\u00edzszintes l\u00e1t\u00f3sz\u00f6g (\u00b0)<\/td>\n<td data-sheets-value=\"{&quot;1&quot;:2,&quot;2&quot;:&quot;4.6\u00b0&quot;}\">4,6<\/td>\n<\/tr>\n<tr>\n<td data-sheets-value=\"{&quot;1&quot;:2,&quot;2&quot;:&quot;Adatt\u00e1rol\u00e1s&quot;}\">Adatt\u00e1rol\u00e1s<\/td>\n<td data-sheets-value=\"{&quot;1&quot;:2,&quot;2&quot;:&quot;Micro SD k\u00e1rtya 128 GB&quot;}\">Micro SD karta 128 GB<\/td>\n<\/tr>\n<tr>\n<td data-sheets-value=\"{&quot;1&quot;:2,&quot;2&quot;:&quot;Alap nagy\u00edt\u00e1s (x)&quot;}\">Alapnagy\u00edt\u00e1s (x)<\/td>\n<td data-sheets-value=\"{&quot;1&quot;:3,&quot;3&quot;:6}\">6<\/td>\n<\/tr>\n<tr>\n<td data-sheets-value=\"{&quot;1&quot;:2,&quot;2&quot;:&quot;Be\u00e9p\u00edtett infrav\u00f6r\u00f6s f\u00e9nyvet\u0151&quot;}\">Be\u00e9p\u00edtett infrav\u00f6r\u00f6s projektor<\/td>\n<td data-sheets-value=\"{&quot;1&quot;:2,&quot;2&quot;:&quot;5 W, 940 nm&quot;}\">5 W, 940 nm<\/td>\n<\/tr>\n<tr>\n<td data-sheets-value=\"{&quot;1&quot;:2,&quot;2&quot;:&quot;Betekint\u00e9si t\u00e1vols\u00e1g&quot;}\">Vzdialenos\u0165 prezerania<\/td>\n<td data-sheets-value=\"{&quot;1&quot;:2,&quot;2&quot;:&quot;35 mm&quot;}\">35 mm<\/td>\n<\/tr>\n<tr>\n<td data-sheets-value=\"{&quot;1&quot;:2,&quot;2&quot;:&quot;C\u00e9lt\u00e1vcs\u0151 nagy\u00edt\u00e1s tartom\u00e1ny&quot;}\">Puskad\u00e1vcs\u0151 nagy\u00edt\u00e1si tartom\u00e1nya<\/td>\n<td data-sheets-value=\"{&quot;1&quot;:2,&quot;2&quot;:&quot;6-12x&quot;}\">6-12x<\/td>\n<\/tr>\n<tr>\n<td data-sheets-value=\"{&quot;1&quot;:2,&quot;2&quot;:&quot;Csatlakoz\u00f3k&quot;}\">Csatlakoz\u00f3k<\/td>\n<td data-sheets-value=\"{&quot;1&quot;:2,&quot;2&quot;:&quot;USB-C&quot;}\">USB-C<\/td>\n<\/tr>\n<tr>\n<td data-sheets-value=\"{&quot;1&quot;:2,&quot;2&quot;:&quot;Digit\u00e1lis zoom&quot;}\">Digit\u00e1lis zoom<\/td>\n<td data-sheets-value=\"{&quot;1&quot;:2,&quot;2&quot;:&quot;2x&quot;}\">2x<\/td>\n<\/tr>\n<tr>\n<td data-sheets-value=\"{&quot;1&quot;:2,&quot;2&quot;:&quot;EAN k\u00f3d&quot;}\">EAN-k\u00f3d<\/td>\n<td data-sheets-value=\"{&quot;1&quot;:3,&quot;3&quot;:6975064272875}\">6975064272875<\/td>\n<\/tr>\n<tr>\n<td data-sheets-value=\"{&quot;1&quot;:2,&quot;2&quot;:&quot;Egy\u00e9b tulajdons\u00e1gok&quot;}\">Tov\u00e1bbi funkci\u00f3k<\/td>\n<td data-sheets-value=\"{&quot;1&quot;:2,&quot;2&quot;:&quot;K\u00e9p a k\u00e9pben funkci\u00f3; Ballisztikus kalkul\u00e1tor; Giroszk\u00f3p; \u00d6naktiv\u00e1l\u00f3 felv\u00e9tel; automatikus felv\u00e9tel; Folytonos felv\u00e9tel; Hang r\u00f6gz\u00edt\u00e9s&quot;}\">\n<div>\n<div>Funkcia obraz v obraze; Balistick\u00fd kalkul\u00e1tor; Gyroskop; Samo\u010dinn\u00e9 spustenie nahr\u00e1vania; Automatick\u00e9 nahr\u00e1vanie; Nepretr\u017eit\u00e9 nahr\u00e1vanie; Nahr\u00e1vanie zvuku<\/div>\n<\/div>\n<\/td>\n<\/tr>\n<tr>\n<td data-sheets-value=\"{&quot;1&quot;:2,&quot;2&quot;:&quot;Energiaell\u00e1t\u00e1s&quot;}\">Teljes\u00edtm\u00e9ny<\/td>\n<td data-sheets-value=\"{&quot;1&quot;:2,&quot;2&quot;:&quot;1x18650 3.7V akku&quot;}\">1\u00d718650 3,7 V akkumul\u00e1tor<\/td>\n<\/tr>\n<tr>\n<td data-sheets-value=\"{&quot;1&quot;:2,&quot;2&quot;:&quot;\u00c9szlel\u00e9si t\u00e1vols\u00e1g&quot;}\">\u00c9rz\u00e9kel\u00e9si t\u00e1vols\u00e1g<\/td>\n<td data-sheets-value=\"{&quot;1&quot;:2,&quot;2&quot;:&quot;Ak\u00e1r 350 m infra hat\u00f3t\u00e1v.&quot;}\">Infrav\u00f6r\u00f6s hat\u00f3t\u00e1vols\u00e1g 350 m-ig.<\/td>\n<\/tr>\n<tr>\n<td data-sheets-value=\"{&quot;1&quot;:2,&quot;2&quot;:&quot;F\u00e1jl form\u00e1tumok&quot;}\">Form\u00e1ty s\u00faborov<\/td>\n<td data-sheets-value=\"{&quot;1&quot;:2,&quot;2&quot;:&quot;MP4&quot;}\">MP4<\/td>\n<\/tr>\n<tr>\n<td data-sheets-value=\"{&quot;1&quot;:2,&quot;2&quot;:&quot;Felbont\u00e1s&quot;}\">Felbont\u00e1s<\/td>\n<td data-sheets-value=\"{&quot;1&quot;:2,&quot;2&quot;:&quot;video: 1440x1080&quot;}\">video: 1440&#215;1080<\/td>\n<\/tr>\n<tr>\n<td data-sheets-value=\"{&quot;1&quot;:2,&quot;2&quot;:&quot;Gy\u00e1rt\u00f3&quot;}\">Gy\u00e1rt\u00f3<\/td>\n<td data-sheets-value=\"{&quot;1&quot;:2,&quot;2&quot;:&quot;Pard&quot;}\">Pard<\/td>\n<\/tr>\n<tr>\n<td data-sheets-value=\"{&quot;1&quot;:2,&quot;2&quot;:&quot;Gy\u00e1rt\u00f3 \u00e1ltal v\u00e1llalt garancia&quot;}\">Gy\u00e1rt\u00f3i garancia<\/td>\n<td data-sheets-value=\"{&quot;1&quot;:2,&quot;2&quot;:&quot;2 \u00e9v&quot;}\">2 \u00e9v<\/td>\n<\/tr>\n<tr>\n<td data-sheets-value=\"{&quot;1&quot;:2,&quot;2&quot;:&quot;IR f\u00e9nyvet\u0151&quot;}\">IR a figyelem k\u00f6z\u00e9ppontj\u00e1ban<\/td>\n<td data-sheets-value=\"{&quot;1&quot;:2,&quot;2&quot;:&quot;940 nm&quot;}\">940 nm<\/td>\n<\/tr>\n<tr>\n<td data-sheets-value=\"{&quot;1&quot;:2,&quot;2&quot;:&quot;Kijelz\u0151 sz\u00edn \u00fczemm\u00f3dok&quot;}\">Kijelz\u0151 sz\u00ednm\u00f3djai<\/td>\n<td data-sheets-value=\"{&quot;1&quot;:2,&quot;2&quot;:&quot;nappal: sz\u00ednes, \u00e9jjel: fekete-feh\u00e9r&quot;}\">\n<div>\n<div>De\u0148: farebn\u00fd, noc: \u010diernobiely<\/div>\n<\/div>\n<\/td>\n<\/tr>\n<tr>\n<td data-sheets-value=\"{&quot;1&quot;:2,&quot;2&quot;:&quot;Kil\u00e9p\u0151 pupilla&quot;}\">Kil\u00e9p\u0151 pupilla<\/td>\n<td data-sheets-value=\"{&quot;1&quot;:2,&quot;2&quot;:&quot;6 mm&quot;}\">6 mm<\/td>\n<\/tr>\n<tr>\n<td data-sheets-value=\"{&quot;1&quot;:2,&quot;2&quot;:&quot;L\u00e1t\u00f3sz\u00f6g (\u00b0)&quot;}\">N\u00e9z\u0151pont (\u00b0 )<\/td>\n<td data-sheets-value=\"{&quot;1&quot;:2,&quot;2&quot;:&quot;4.6\u00b0&quot;}\">4,6<\/td>\n<\/tr>\n<tr>\n<td data-sheets-value=\"{&quot;1&quot;:2,&quot;2&quot;:&quot;Legkisebb f\u00f3kuszt\u00e1vols\u00e1g (m)&quot;}\">Minim\u00e1lis f\u00f3kusz t\u00e1vols\u00e1g (m)<\/td>\n<td data-sheets-value=\"{&quot;1&quot;:2,&quot;2&quot;:&quot;3 m&quot;}\">3 m<\/td>\n<\/tr>\n<tr>\n<td data-sheets-value=\"{&quot;1&quot;:2,&quot;2&quot;:&quot;L\u00f6v\u00e9s\u00e1ll\u00f3s\u00e1g&quot;}\">Odolnos\u0165 proti strel\u00e1m<\/td>\n<td data-sheets-value=\"{&quot;1&quot;:2,&quot;2&quot;:&quot;6000 J&quot;}\">6000 J<\/td>\n<\/tr>\n<tr>\n<td data-sheets-value=\"{&quot;1&quot;:2,&quot;2&quot;:&quot;M\u00e9retek&quot;}\">M\u00e9retek<\/td>\n<td data-sheets-value=\"{&quot;1&quot;:2,&quot;2&quot;:&quot;175 x 70 x 55 mm&quot;}\">175 x 70 x 55 mm<\/td>\n<\/tr>\n<tr>\n<td data-sheets-value=\"{&quot;1&quot;:2,&quot;2&quot;:&quot;M\u0171k\u00f6d\u00e9si \/ t\u00e1rol\u00e1si h\u0151m\u00e9rs\u00e9klet&quot;}\">\u00dczemi\/t\u00e1rol\u00e1si h\u0151m\u00e9rs\u00e9klet<\/td>\n<td data-sheets-value=\"{&quot;1&quot;:2,&quot;2&quot;:&quot;-20 - +50\u00b0C \/ -&quot;}\">\u201320\u201350\u00b0C \/ \u2013<\/td>\n<\/tr>\n<tr>\n<td data-sheets-value=\"{&quot;1&quot;:2,&quot;2&quot;:&quot;Sz\u00e1lkereszt&quot;}\">Z\u00e1vitov\u00fd kr\u00ed\u017e<\/td>\n<td data-sheets-value=\"{&quot;1&quot;:2,&quot;2&quot;:&quot;6 f\u00e9le v\u00e1laszthat\u00f3&quot;}\">Na v\u00fdber je 6 typov<\/td>\n<\/tr>\n<tr>\n<td data-sheets-value=\"{&quot;1&quot;:2,&quot;2&quot;:&quot;Szenzor&quot;}\">\u00c9rz\u00e9kel\u0151<\/td>\n<td data-sheets-value=\"{&quot;1&quot;:2,&quot;2&quot;:&quot;2688x1520 CMOS 2.9 \u00b5m 0.001 lux \u00e9rz\u00e9kenys\u00e9ggel&quot;}\">\n<div>\n<div>2688&#215;1520 CMOS 2,9 \u00b5m s citlivos\u0165ou 0,001 lux<\/div>\n<\/div>\n<\/td>\n<\/tr>\n<tr>\n<td data-sheets-value=\"{&quot;1&quot;:2,&quot;2&quot;:&quot;Sz\u00edn&quot;}\">Sz\u00ednes<\/td>\n<td data-sheets-value=\"{&quot;1&quot;:2,&quot;2&quot;:&quot;fekete&quot;}\">Fekete<\/td>\n<\/tr>\n<tr>\n<td data-sheets-value=\"{&quot;1&quot;:2,&quot;2&quot;:&quot;Tartoz\u00e9kok&quot;}\">Tartoz\u00e9kok<\/td>\n<td data-sheets-value=\"{&quot;1&quot;:2,&quot;2&quot;:&quot;NV008SP2, szerel\u00e9k, USB-C k\u00e1bel, 18650 3.7V akku, haszn\u00e1lati utas\u00edt\u00e1s.&quot;}\">\n<div>\n<div>NV008SP2, mont\u00e1\u017ena sada, k\u00e1bel USB-C, bat\u00e9ria 18650 3,7 V, pou\u017e\u00edvate\u013esk\u00e1 pr\u00edru\u010dka.<\/div>\n<\/div>\n<\/td>\n<\/tr>\n<tr>\n<td data-sheets-value=\"{&quot;1&quot;:2,&quot;2&quot;:&quot;T\u00e1vols\u00e1gm\u00e9r\u00e9si opci\u00f3k&quot;}\">T\u00e1vols\u00e1gm\u00e9r\u00e9si lehet\u0151s\u00e9gek<\/td>\n<td data-sheets-value=\"{&quot;1&quot;:2,&quot;2&quot;:&quot;Hat\u00f3t\u00e1vols\u00e1g: 1000 m&quot;}\">Dosah: 1000 m<\/td>\n<\/tr>\n<tr>\n<td data-sheets-value=\"{&quot;1&quot;:2,&quot;2&quot;:&quot;T\u00e1vols\u00e1gm\u00e9r\u0151&quot;}\">Vzdialenos\u0165omer<\/td>\n<td data-sheets-value=\"{&quot;1&quot;:2,&quot;2&quot;:&quot;LRF l\u00e9zeres&quot;}\">LRF l\u00e9zer<\/td>\n<\/tr>\n<tr>\n<td data-sheets-value=\"{&quot;1&quot;:2,&quot;2&quot;:&quot;T\u00f6meg (g)&quot;}\">T\u00f6meg (g)<\/td>\n<td data-sheets-value=\"{&quot;1&quot;:3,&quot;3&quot;:495}\">495<\/td>\n<\/tr>\n<tr>\n<td data-sheets-value=\"{&quot;1&quot;:2,&quot;2&quot;:&quot;\u00dczemid\u0151&quot;}\">M\u0171k\u00f6d\u00e9si id\u0151<\/td>\n<td data-sheets-value=\"{&quot;1&quot;:2,&quot;2&quot;:&quot;ak\u00e1r 8 \u00f3ra&quot;}\">Legfeljebb 8 \u00f3ra<\/td>\n<\/tr>\n<tr>\n<td data-sheets-value=\"{&quot;1&quot;:2,&quot;2&quot;:&quot;V\u00edz\u00e1ll\u00f3s\u00e1g&quot;}\">V\u00edzhatlan<\/td>\n<td data-sheets-value=\"{&quot;1&quot;:2,&quot;2&quot;:&quot;IP67&quot;}\">IP67<\/td>\n<\/tr>\n<tr>\n<td data-sheets-value=\"{&quot;1&quot;:2,&quot;2&quot;:&quot;Wi-Fi&quot;}\">Wi-Fi<\/td>\n<td data-sheets-value=\"{&quot;1&quot;:2,&quot;2&quot;:&quot;van&quot;}\">K dispoz\u00edcii<\/td>\n<\/tr>\n<\/tbody>\n<\/table>\n<p>A term\u00e9k hivatalos le\u00edr\u00e1s\u00e1t a m\u00e1rka weboldal\u00e1n itt tal\u00e1lja: <a href=\"https:\/\/pard.com\/store\/nv008sp2-night-vision-rifle-scope\/\">https:\/\/pard.com\/store\/nv008sp2-night-vision-rifle-scope\/<\/a><\/p>","protected":false},"excerpt":{"rendered":"<p><span style=\"font-weight: 400\">Spolo\u010dnos\u0165 Pard predstavuje najnov\u0161iu verziu svojho \u00faspe\u0161n\u00e9ho no\u010dn\u00e9ho \u010falekoh\u013eadu NV008SP2, ktor\u00fd pou\u017e\u00edvate\u013eom poskytuje vynikaj\u00faci vizu\u00e1lny z\u00e1\u017eitok za denn\u00fdch aj no\u010dn\u00fdch podmienok, a to aj pri porovnan\u00ed s najnov\u0161\u00edmi \u0161tandardmi. Jeho aktualizovan\u00fd senzor s ultra vysok\u00fdm v\u00fdkonom poskytuje obrazov\u00e9 inform\u00e1cie aj pri jasnosti 0,001 luxu. Starostliv\u00fd dizajn a sp\u00e4tn\u00e1 v\u00e4zba od pou\u017e\u00edvate\u013eov viedli k vytvoreniu inteligentn\u00e9ho digit\u00e1lneho denn\u00e9ho\/no\u010dn\u00e9ho zameriava\u010da (farebn\u00e9 obrazy po\u010das d\u0148a, \u010diernobiele obrazy v noci), ktor\u00fd v\u010faka vylep\u0161enej ergon\u00f3mii pohodlne padne do ruky v akejko\u013evek situ\u00e1cii, zatia\u013e \u010do jeho kompaktn\u00e1, \u013eahk\u00e1 a vysoko kvalitn\u00e1 kon\u0161trukcia v\u00e1s znova a znova presved\u010d\u00ed, \u017ee ste urobili spr\u00e1vne rozhodnutie, ke\u010f ste si vybrali toto zariadenie pre svoje hobby alebo povolanie.<\/span><\/p>","protected":false},"featured_media":21309,"template":"","meta":{"_gspb_post_css":""},"product_brand":[],"product_cat":[145,2753],"product_tag":[2756,325,229,324],"class_list":{"0":"post-21279","1":"product","2":"type-product","3":"status-publish","4":"has-post-thumbnail","6":"product_cat-nocne-videnie","7":"product_cat-puskohlady","8":"product_tag-digitalne-nocne-videnie","9":"product_tag-nocne-videnie","10":"product_tag-pard","11":"product_tag-puskohlad","13":"first","14":"instock","15":"taxable","16":"shipping-taxable","17":"purchasable","18":"product-type-simple"},"ct_brands":[],"_links":{"self":[{"href":"https:\/\/zbranebudai.sk\/hu\/wp-json\/wp\/v2\/product\/21279","targetHints":{"allow":["GET"]}}],"collection":[{"href":"https:\/\/zbranebudai.sk\/hu\/wp-json\/wp\/v2\/product"}],"about":[{"href":"https:\/\/zbranebudai.sk\/hu\/wp-json\/wp\/v2\/types\/product"}],"wp:featuredmedia":[{"embeddable":true,"href":"https:\/\/zbranebudai.sk\/hu\/wp-json\/wp\/v2\/media\/21309"}],"wp:attachment":[{"href":"https:\/\/zbranebudai.sk\/hu\/wp-json\/wp\/v2\/media?parent=21279"}],"wp:term":[{"taxonomy":"product_brand","embeddable":true,"href":"https:\/\/zbranebudai.sk\/hu\/wp-json\/wp\/v2\/product_brand?post=21279"},{"taxonomy":"product_cat","embeddable":true,"href":"https:\/\/zbranebudai.sk\/hu\/wp-json\/wp\/v2\/product_cat?post=21279"},{"taxonomy":"product_tag","embeddable":true,"href":"https:\/\/zbranebudai.sk\/hu\/wp-json\/wp\/v2\/product_tag?post=21279"}],"curies":[{"name":"wp","href":"https:\/\/api.w.org\/{rel}","templated":true}]}}