{"id":21134,"date":"2026-02-10T00:49:03","date_gmt":"2026-02-09T22:49:03","guid":{"rendered":"https:\/\/zbranebudai.sk\/?post_type=product&#038;p=21134"},"modified":"2026-02-21T14:47:19","modified_gmt":"2026-02-21T12:47:19","slug":"hikmicro-gryphon-gq50l-hokameras-monokular-es-ejjellato-dialometerrel","status":"publish","type":"product","link":"https:\/\/zbranebudai.sk\/hu\/product\/hikmicro-gryphon-gq50l-termovizny-monokular-a-nocne-videnie-s-dialkomerom\/","title":{"rendered":"Hikmicro GRYPHON GQ50L h\u0151kamera \u00e9s \u00e9jjell\u00e1t\u00f3 t\u00e1vols\u00e1gm\u00e9r\u0151vel"},"content":{"rendered":"<p><strong>Hikmicro GRYPHON GQ50L h\u0151kamera \u00e9s \u00e9jjell\u00e1t\u00f3 t\u00e1vols\u00e1gm\u00e9r\u0151vel<\/strong><\/p>\n<p data-start=\"130\" data-end=\"603\">Forradalmi <strong data-start=\"141\" data-end=\"207\">h\u0151kamera + \u00e9jjell\u00e1t\u00f3 + l\u00e9zeres t\u00e1vols\u00e1gm\u00e9r\u0151 600 m-es hat\u00f3t\u00e1vols\u00e1ggal<\/strong> egy eszk\u00f6zben - azaz <strong data-start=\"231\" data-end=\"251\">Hikmicro Gryphon<\/strong>. Modell <strong data-start=\"255\" data-end=\"264\">GQ50L<\/strong> (HM-TS23-50QG\/WLV-GQ50L) kiv\u00e1l\u00f3 min\u0151s\u00e9g\u0171 \u00e9rz\u00e9kel\u0151vel van felszerelve. <strong data-start=\"338\" data-end=\"372\">640 \u00d7 512 k\u00e9ppont felbont\u00e1ssal<\/strong>, <strong data-start=\"374\" data-end=\"383\">12 \u00b5m<\/strong>, technol\u00f3gia <strong data-start=\"385\" data-end=\"392\">VOx<\/strong> a <strong data-start=\"418\" data-end=\"437\">OLED kijelz\u0151<\/strong> felbont\u00e1ssal <strong data-start=\"458\" data-end=\"478\">1024 \u00d7 768 k\u00e9ppont<\/strong>. A modell fel van szerelve <strong data-start=\"489\" data-end=\"535\">50 mm-es gy\u00fajt\u00f3t\u00e1vols\u00e1g\u00fa h\u0151kamera-objekt\u00edv<\/strong> a <strong data-start=\"539\" data-end=\"586\">22 mm-es f\u00f3kuszt\u00e1vols\u00e1g\u00fa \u00e9jjell\u00e1t\u00f3 lencse<\/strong>.<\/p>\n<p data-start=\"605\" data-end=\"1065\">A Gryphon f\u00fazi\u00f3 t\u00e1mogatja <strong data-start=\"643\" data-end=\"655\">forr\u00f3 pont<\/strong>, <strong data-start=\"713\" data-end=\"738\">ar\u00e1nyos t\u00e1vols\u00e1gm\u00e9r\u0151<\/strong> a <strong data-start=\"751\" data-end=\"760\">Wi-Fi<\/strong> Csatlakoz\u00e1s. <strong data-start=\"776\" data-end=\"784\">GQ50<\/strong> a Hikmicro z\u00e1szl\u00f3shaj\u00f3 term\u00e9ke, \u00e9s a k\u00f6vetkez\u0151ket k\u00edn\u00e1lja <strong data-start=\"825\" data-end=\"859\">\u00e9rz\u00e9kel\u00e9si tartom\u00e1ny<\/strong> ak\u00e1r <strong data-start=\"825\" data-end=\"859\">2600 m<\/strong> <strong data-start=\"878\" data-end=\"920\">ak\u00e1r 4,5 \u00f3r\u00e1s akkumul\u00e1tor-\u00fczemid\u0151vel<\/strong>! Nagy felbont\u00e1s\u00fa \u00e9rz\u00e9kel\u0151 <strong data-start=\"964\" data-end=\"980\">VOx<\/strong> felbont\u00e1ssal <strong data-start=\"941\" data-end=\"962\">640 \u00d7 512 k\u00e9ppont<\/strong> a <strong data-start=\"964\" data-end=\"980\">m\u00e9ret<\/strong> <strong data-start=\"964\" data-end=\"980\">12 \u00b5m<\/strong> biztos\u00edtja, hogy a k\u00e9p m\u00e9g nagy\u00edt\u00e1skor is \u00e9les maradjon (nincs \u201epixelesed\u00e9s\u201c).<\/p>\n<p data-start=\"1067\" data-end=\"1139\"><strong data-start=\"1069\" data-end=\"1086\">Gryphon GQ50L<\/strong> a leg\u00fajabb k\u00e9pfeldolgoz\u00e1si m\u00f3dszerekkel van felszerelve:<\/p>\n<p data-start=\"1067\" data-end=\"1139\"><strong data-start=\"1141\" data-end=\"1204\">Automatikus er\u0151s\u00edt\u00e9sszab\u00e1lyoz\u00e1s (AGC):<\/strong><br data-start=\"1204\" data-end=\"1207\" \/>Az AGC technol\u00f3gia automatikusan be\u00e1ll\u00edtja a k\u00e9p dinamikatartom\u00e1ny\u00e1t. A Hikvision kamer\u00e1k egyedi, \u00fan. <strong data-start=\"1319\" data-end=\"1334\">Adapt\u00edv<\/strong> Technol\u00f3gia <strong data-start=\"1319\" data-end=\"1334\">AGC<\/strong>, amely sokkal fejlettebb, mint a m\u00e1s gy\u00e1rt\u00f3k h\u0151kamer\u00e1iban haszn\u00e1lt hagyom\u00e1nyos line\u00e1ris AGC technol\u00f3gia.<\/p>\n<p data-start=\"42\" data-end=\"257\"><strong data-start=\"42\" data-end=\"105\">Digit\u00e1lis r\u00e9szletjav\u00edt\u00e1s (DDE):<\/strong><br data-start=\"105\" data-end=\"108\" \/>A DDE technol\u00f3gia fejlett algoritmusokat haszn\u00e1l a r\u00e9szletek kiemel\u00e9s\u00e9re m\u00e9g az alacsony kontraszt\u00fa ter\u00fcleteken is (meleg\/hideg t\u00e1rgyak).<\/p>\n<p data-start=\"277\" data-end=\"611\"><strong data-start=\"277\" data-end=\"357\">3D digit\u00e1lis zajcs\u00f6kkent\u00e9s (3D DNR)<\/strong><br data-start=\"357\" data-end=\"360\" \/>A 3D DNR technol\u00f3gia rendk\u00edv\u00fcl hat\u00e9konyan t\u00e1vol\u00edtja el a szemcs\u00e9s vagy elmos\u00f3dott ter\u00fcleteket a megfigyelt jelenetb\u0151l. Az \u00edgy kapott k\u00e9p sokkal tiszt\u00e1bb, mint a hagyom\u00e1nyos k\u00e9tdimenzi\u00f3s zajcs\u00f6kkent\u00e9st (2D DNR) alkalmaz\u00f3 eszk\u00f6z\u00f6k \u00e1ltal el\u0151\u00e1ll\u00edtott k\u00e9p.<\/p>\n<p data-start=\"50\" data-end=\"450\"><strong data-start=\"52\" data-end=\"64\">HIKMICRO<\/strong> azon kev\u00e9s gy\u00e1rt\u00f3k egyike, akik saj\u00e1t \u00e9rz\u00e9kel\u0151t (magot) fejlesztenek \u00e9s gy\u00e1rtanak. <strong data-start=\"115\" data-end=\"164\">VOx t\u00edpus\u00fa, 640 \u00d7 512 px felbont\u00e1s\u00fa \u00e9s 12 \u00b5m m\u00e9ret\u0171,<\/strong> ami a leg\u00fajabb h\u0151kamer\u00e1ikat kiv\u00e1l\u00f3v\u00e1 teszi <strong data-start=\"257\" data-end=\"278\">\u00e1r\/teljes\u00edtm\u00e9ny ar\u00e1ny<\/strong>. Min\u00e9l alacsonyabb az \u00e9rt\u00e9k <strong data-start=\"313\" data-end=\"321\">NETD<\/strong> (<strong data-start=\"329\" data-end=\"338\">35 mK<\/strong>), ann\u00e1l jobban \u00e9rz\u00e9keli a szenzor a kis h\u0151m\u00e9rs\u00e9klet-k\u00fcl\u00f6nbs\u00e9geket, \u00edgy t\u00f6k\u00e9letesebb k\u00e9pet ad!<\/p>\n<table dir=\"ltr\" style=\"width: 942px\" border=\"1\" cellspacing=\"0\" cellpadding=\"0\" data-sheets-root=\"1\" data-sheets-baot=\"1\">\n<colgroup>\n<col width=\"101\" \/>\n<col width=\"56\" \/>\n<col width=\"85\" \/><\/colgroup>\n<tbody>\n<tr>\n<td style=\"width: 304.025px\">Kateg\u00f3ria<\/td>\n<td style=\"width: 314.812px\">Param\u00e9terek<\/td>\n<td style=\"width: 316.763px\">\u00c9rt\u00e9k<\/td>\n<\/tr>\n<tr>\n<td style=\"width: 304.025px\">H\u0151kamera modul<\/td>\n<td style=\"width: 314.812px\">Az \u00e9rz\u00e9kel\u0151 felbont\u00e1sa<\/td>\n<td style=\"width: 316.763px\">640 \u00d7 512<\/td>\n<\/tr>\n<tr>\n<td style=\"width: 304.025px\"><\/td>\n<td style=\"width: 314.812px\">Pixelm\u00e9ret (pixeloszt\u00e1s)<\/td>\n<td style=\"width: 316.763px\">12 \u00b5m<\/td>\n<\/tr>\n<tr>\n<td style=\"width: 304.025px\"><\/td>\n<td style=\"width: 314.812px\">NETD<\/td>\n<td style=\"width: 316.763px\">\n<div>\n<div>&lt; 35 mK (25 \u00b0C, F#=1,0)<\/div>\n<\/div>\n<\/td>\n<\/tr>\n<tr>\n<td style=\"width: 304.025px\"><\/td>\n<td style=\"width: 314.812px\">C\u00e9l<\/td>\n<td style=\"width: 316.763px\">\n<div>\n<div>50 mm, manu\u00e1lis f\u00f3kusz<\/div>\n<\/div>\n<\/td>\n<\/tr>\n<tr>\n<td style=\"width: 304.025px\"><\/td>\n<td style=\"width: 314.812px\">Optikai nagy\u00edt\u00e1s<\/td>\n<td style=\"width: 316.763px\">2,9\u00d7<\/td>\n<\/tr>\n<tr>\n<td style=\"width: 304.025px\"><\/td>\n<td style=\"width: 314.812px\">Digit\u00e1lis zoom<\/td>\n<td style=\"width: 316.763px\">1\u00d7, 2\u00d7, 4\u00d7, 8\u00d7<\/td>\n<\/tr>\n<tr>\n<td style=\"width: 304.025px\"><\/td>\n<td style=\"width: 314.812px\">L\u00e1t\u00f3mez\u0151<\/td>\n<td style=\"width: 316.763px\">8,78\u00b0 \u00d7 7,03\u00b0<\/td>\n<\/tr>\n<tr>\n<td style=\"width: 304.025px\"><\/td>\n<td style=\"width: 314.812px\">J\u00e1rm\u0171\u00e9rz\u00e9kel\u00e9si t\u00e1vols\u00e1g<\/td>\n<td style=\"width: 316.763px\">6 300 m<\/td>\n<\/tr>\n<tr>\n<td style=\"width: 304.025px\"><\/td>\n<td style=\"width: 314.812px\">Emberi \u00e9szlel\u00e9si t\u00e1vols\u00e1g<\/td>\n<td style=\"width: 316.763px\">2 600 m<\/td>\n<\/tr>\n<tr>\n<td style=\"width: 304.025px\">Optikai modul (\u00e9jjell\u00e1t\u00f3)<\/td>\n<td style=\"width: 314.812px\">K\u00e9p\u00e9rz\u00e9kel\u0151<\/td>\n<td style=\"width: 316.763px\">\n<div>\n<div>1\/2\u2033 CMOS (progressz\u00edv letapogat\u00e1s)<\/div>\n<\/div>\n<\/td>\n<\/tr>\n<tr>\n<td style=\"width: 304.025px\"><\/td>\n<td style=\"width: 314.812px\">Max. felbont\u00e1s<\/td>\n<td style=\"width: 316.763px\">\n<div>\n<div>1,960 \u00d7 1,200 25 k\u00e9pkocka\/m\u00e1sodperc sebess\u00e9ggel<\/div>\n<\/div>\n<\/td>\n<\/tr>\n<tr>\n<td style=\"width: 304.025px\"><\/td>\n<td style=\"width: 314.812px\">Optikai lencse<\/td>\n<td style=\"width: 316.763px\">22 mm<\/td>\n<\/tr>\n<tr>\n<td style=\"width: 304.025px\"><\/td>\n<td style=\"width: 314.812px\">K\u00e9pjav\u00edt\u00e1s<\/td>\n<td style=\"width: 316.763px\">\n<div>\n<div>3D DNR, adapt\u00edv AGC<\/div>\n<\/div>\n<\/td>\n<\/tr>\n<tr>\n<td style=\"width: 304.025px\">K\u00e9pmegjelen\u00edt\u00e9s<\/td>\n<td style=\"width: 314.812px\">Kijelz\u0151<\/td>\n<td style=\"width: 316.763px\">\n<div>\n<div>OLED, 1024 \u00d7 768, 50 Hz<\/div>\n<\/div>\n<\/td>\n<\/tr>\n<tr>\n<td style=\"width: 304.025px\"><\/td>\n<td style=\"width: 314.812px\">Termo\/optikai \u00fczemm\u00f3dok<\/td>\n<td style=\"width: 316.763px\">\n<div>\n<div>H\u0151kamera \u00fczemm\u00f3d, fekete-feh\u00e9r optikai \u00fczemm\u00f3d, f\u00fazi\u00f3s \u00fczemm\u00f3d (h\u0151 + optikai)<\/div>\n<\/div>\n<\/td>\n<\/tr>\n<tr>\n<td style=\"width: 304.025px\"><\/td>\n<td style=\"width: 314.812px\">Sz\u00ednpalett\u00e1k<\/td>\n<td style=\"width: 316.763px\">\n<div>\n<div>Fekete (h\u0151m\u00e9rs\u00e9klet), V\u00f6r\u00f6s, Feh\u00e9r, F\u00fazi\u00f3s, Optikai, F\u00fazi\u00f3s (kombin\u00e1lt termo+optikai \u00fczemm\u00f3d)<\/div>\n<\/div>\n<\/td>\n<\/tr>\n<tr>\n<td style=\"width: 304.025px\">Intelligens funkci\u00f3k<\/td>\n<td style=\"width: 314.812px\">Hot-Track<\/td>\n<td style=\"width: 316.763px\">\n<div>\n<div>Igen (a teljes l\u00e1t\u00f3mez\u0151 legforr\u00f3bb pontj\u00e1nak jel\u00f6l\u00e9se)<\/div>\n<\/div>\n<\/td>\n<\/tr>\n<tr>\n<td style=\"width: 304.025px\"><\/td>\n<td style=\"width: 314.812px\">Objektum kiemel\u00e9se<\/td>\n<td style=\"width: 316.763px\">Igen<\/td>\n<\/tr>\n<tr>\n<td style=\"width: 304.025px\"><\/td>\n<td style=\"width: 314.812px\">L\u00e9zeres t\u00e1vols\u00e1gm\u00e9r\u0151<\/td>\n<td style=\"width: 316.763px\">\n<div>\n<div>Igen, 600 m-ig<\/div>\n<\/div>\n<\/td>\n<\/tr>\n<tr>\n<td style=\"width: 304.025px\">Rendszer<\/td>\n<td style=\"width: 314.812px\">Be\u00e9p\u00edtett mem\u00f3ria<\/td>\n<td style=\"width: 316.763px\">16 GB<\/td>\n<\/tr>\n<tr>\n<td style=\"width: 304.025px\"><\/td>\n<td style=\"width: 314.812px\">Vide\u00f3felv\u00e9tel<\/td>\n<td style=\"width: 316.763px\">Igen<\/td>\n<\/tr>\n<tr>\n<td style=\"width: 304.025px\"><\/td>\n<td style=\"width: 314.812px\">F\u00e9nyk\u00e9pez\u00e9s<\/td>\n<td style=\"width: 316.763px\">Igen<\/td>\n<\/tr>\n<tr>\n<td style=\"width: 304.025px\"><\/td>\n<td style=\"width: 314.812px\">Vide\u00f3 lej\u00e1tsz\u00e1s<\/td>\n<td style=\"width: 316.763px\">Igen<\/td>\n<\/tr>\n<tr>\n<td style=\"width: 304.025px\"><\/td>\n<td style=\"width: 314.812px\">Fot\u00f3 megjelen\u00edt\u00e9se<\/td>\n<td style=\"width: 316.763px\">Igen<\/td>\n<\/tr>\n<tr>\n<td style=\"width: 304.025px\"><\/td>\n<td style=\"width: 314.812px\">Wi-Fi<\/td>\n<td style=\"width: 316.763px\">Igen<\/td>\n<\/tr>\n<tr>\n<td style=\"width: 304.025px\">Teljes\u00edtm\u00e9ny<\/td>\n<td style=\"width: 314.812px\">Akkumul\u00e1tor t\u00edpusa<\/td>\n<td style=\"width: 316.763px\">\n<div>\n<div>1\u00d7 18650 akkumul\u00e1tor<\/div>\n<\/div>\n<\/td>\n<\/tr>\n<tr>\n<td style=\"width: 304.025px\"><\/td>\n<td style=\"width: 314.812px\">M\u0171k\u00f6d\u00e9si id\u0151<\/td>\n<td style=\"width: 316.763px\">4,5 \u00f3ra<\/td>\n<\/tr>\n<tr>\n<td style=\"width: 304.025px\"><\/td>\n<td style=\"width: 314.812px\">Az akkumul\u00e1tor t\u00f6lt\u00f6tts\u00e9gi szintj\u00e9nek kijelz\u0151je<\/td>\n<td style=\"width: 316.763px\">Igen<\/td>\n<\/tr>\n<tr>\n<td style=\"width: 304.025px\">Egy\u00e9b param\u00e9terek<\/td>\n<td style=\"width: 314.812px\">\u00dczemi h\u0151m\u00e9rs\u00e9klet<\/td>\n<td style=\"width: 316.763px\">\n<div>\n<div>-20 \u00b0C - +55 \u00b0C<\/div>\n<\/div>\n<\/td>\n<\/tr>\n<tr>\n<td style=\"width: 304.025px\"><\/td>\n<td style=\"width: 314.812px\">V\u00e9delem<\/td>\n<td style=\"width: 316.763px\">IP67<\/td>\n<\/tr>\n<tr>\n<td style=\"width: 304.025px\"><\/td>\n<td style=\"width: 314.812px\">\u00c1llv\u00e1nyra szerel\u00e9s<\/td>\n<td style=\"width: 316.763px\">\n<div>\n<div>Igen (UNC 1\/4\u2033-20)<\/div>\n<\/div>\n<\/td>\n<\/tr>\n<tr>\n<td style=\"width: 304.025px\"><\/td>\n<td style=\"width: 314.812px\">Csatlakoz\u00f3<\/td>\n<td style=\"width: 316.763px\">USB-C<\/td>\n<\/tr>\n<tr>\n<td style=\"width: 304.025px\"><\/td>\n<td style=\"width: 314.812px\">M\u00e9retek<\/td>\n<td style=\"width: 316.763px\">\n<div>\n<div>87,2 mm \u00d7 61 mm \u00d7 158,3 mm<\/div>\n<\/div>\n<\/td>\n<\/tr>\n<tr>\n<td style=\"width: 304.025px\"><\/td>\n<td style=\"width: 314.812px\">S\u00faly<\/td>\n<td style=\"width: 316.763px\">547 g<\/td>\n<\/tr>\n<\/tbody>\n<\/table>\n<p data-start=\"45\" data-end=\"67\"><strong data-start=\"45\" data-end=\"67\">A csomag tartalma:<\/strong><\/p>\n<ul>\n<li data-start=\"71\" data-end=\"146\">H\u0151kamera \u00e9s \u00e9jjell\u00e1t\u00f3 <strong data-start=\"71\" data-end=\"88\">Gryphon GQ50L<\/strong> egyben, <strong data-start=\"119\" data-end=\"146\">l\u00e9zeres t\u00e1vols\u00e1gm\u00e9r\u0151vel<\/strong><\/li>\n<li data-start=\"149\" data-end=\"190\"><strong data-start=\"149\" data-end=\"171\">\u00dajrat\u00f6lthet\u0151<\/strong> akkumul\u00e1tor <strong data-start=\"149\" data-end=\"171\">18650<\/strong><\/li>\n<li data-start=\"193\" data-end=\"220\"><strong data-start=\"193\" data-end=\"206\">V\u00e9d\u0151 tok<\/strong> az eszk\u00f6z\u00f6n<\/li>\n<li data-start=\"223\" data-end=\"261\"><strong data-start=\"223\" data-end=\"246\">Haszn\u00e1lati utas\u00edt\u00e1s<\/strong><\/li>\n<li data-start=\"264\" data-end=\"278\"><strong data-start=\"264\" data-end=\"278\" data-is-last-node=\"\">Csukl\u00f3p\u00e1nt<\/strong><\/li>\n<\/ul>\n<p>A m\u00e1rka hivatalos honlapja: <a href=\"https:\/\/www.hikmicrotech.com\/\">https:\/\/www.hikmicrotech.com\/<\/a><\/p>","protected":false},"excerpt":{"rendered":"<p><strong data-start=\"42\" data-end=\"132\">H\u0151kamera + \u00e9jjell\u00e1t\u00f3 + l\u00e9zeres t\u00e1vols\u00e1gm\u00e9r\u0151 600 m-es hat\u00f3t\u00e1vols\u00e1ggal egy k\u00e9sz\u00fcl\u00e9kben.<\/strong><\/p>\n<ul>\n<li>50 mm-es objekt\u00edv<\/li>\n<li>Optikai nagy\u00edt\u00e1s: <strong data-start=\"174\" data-end=\"182\">2,9\u00d7<\/strong><\/li>\n<li>Digit\u00e1lis nagy\u00edt\u00e1s: <strong data-start=\"206\" data-end=\"217\">ak\u00e1r 8\u00d7<\/strong><\/li>\n<li>Teljes nagy\u00edt\u00e1s: <strong data-start=\"238\" data-end=\"247\">23,2\u00d7<\/strong><\/li>\n<li>\u00c9rz\u00e9kel\u00e9si t\u00e1vols\u00e1g: <strong data-start=\"271\" data-end=\"286\">2600 m-ig<\/strong><\/li>\n<li>Megjelen\u00edt\u00e9s: <strong data-start=\"299\" data-end=\"322\">OLED 1024 \u00d7 768 px<\/strong><\/li>\n<li>Hikmicro \u00e9rz\u00e9kel\u0151: <strong data-start=\"344\" data-end=\"372\">640 \u00d7 512 px, 12 \u00b5m, VOx<\/strong><\/li>\n<li>Optikai \u00e9jjell\u00e1t\u00f3 modul: <strong data-start=\"401\" data-end=\"431\">1 960 \u00d7 1 200 px CMOS chip<\/strong><\/li>\n<li>Energiatakar\u00e9kos \u00fczemm\u00f3d (alv\u00f3 \u00fczemm\u00f3d)<\/li>\n<li>T\u00e1pegys\u00e9g: <strong data-start=\"482\" data-end=\"512\">18650 \u00fajrat\u00f6lthet\u0151 akkumul\u00e1tor<\/strong><\/li>\n<li>M\u0171k\u00f6d\u00e9si id\u0151: <strong data-start=\"525\" data-end=\"541\">ak\u00e1r 4,5 \u00f3ra<\/strong><\/li>\n<li>S\u00faly: <strong data-start=\"552\" data-end=\"561\">547 g<\/strong><\/li>\n<li>V\u00edz\u00e1ll\u00f3s\u00e1g: <strong data-start=\"577\" data-end=\"585\">IP67<\/strong> (v\u00edzbe mer\u00fcl\u00e9s elleni v\u00e9delem - <strong data-start=\"617\" data-end=\"648\">1 m\u00e9terig 30 percig<\/strong>)<\/li>\n<\/ul>","protected":false},"featured_media":21244,"template":"","meta":{"_gspb_post_css":""},"product_brand":[315],"product_cat":[335,145,21,144,327],"product_tag":[2726,150,347,325,337],"class_list":{"0":"post-21134","1":"product","2":"type-product","3":"status-publish","4":"has-post-thumbnail","6":"product_brand-hikmicro","7":"product_cat-monokulare-s-nocnym-videnim","8":"product_cat-nocne-videnie","9":"product_cat-optika","10":"product_cat-termovizie","11":"product_cat-termovizne-monokulary","12":"product_tag-gryphon","13":"product_tag-hikmicro","14":"product_tag-laserovy-dialkomer","15":"product_tag-nocne-videnie","16":"product_tag-termovizny-monokular","18":"first","19":"instock","20":"taxable","21":"shipping-taxable","22":"purchasable","23":"product-type-simple"},"ct_brands":[{"id":315,"name":"Hikmicro","slug":"hikmicro"}],"_links":{"self":[{"href":"https:\/\/zbranebudai.sk\/hu\/wp-json\/wp\/v2\/product\/21134","targetHints":{"allow":["GET"]}}],"collection":[{"href":"https:\/\/zbranebudai.sk\/hu\/wp-json\/wp\/v2\/product"}],"about":[{"href":"https:\/\/zbranebudai.sk\/hu\/wp-json\/wp\/v2\/types\/product"}],"wp:featuredmedia":[{"embeddable":true,"href":"https:\/\/zbranebudai.sk\/hu\/wp-json\/wp\/v2\/media\/21244"}],"wp:attachment":[{"href":"https:\/\/zbranebudai.sk\/hu\/wp-json\/wp\/v2\/media?parent=21134"}],"wp:term":[{"taxonomy":"product_brand","embeddable":true,"href":"https:\/\/zbranebudai.sk\/hu\/wp-json\/wp\/v2\/product_brand?post=21134"},{"taxonomy":"product_cat","embeddable":true,"href":"https:\/\/zbranebudai.sk\/hu\/wp-json\/wp\/v2\/product_cat?post=21134"},{"taxonomy":"product_tag","embeddable":true,"href":"https:\/\/zbranebudai.sk\/hu\/wp-json\/wp\/v2\/product_tag?post=21134"}],"curies":[{"name":"wp","href":"https:\/\/api.w.org\/{rel}","templated":true}]}}