{"id":21133,"date":"2026-02-10T00:49:03","date_gmt":"2026-02-09T22:49:03","guid":{"rendered":"https:\/\/zbranebudai.sk\/?post_type=product&#038;p=21133"},"modified":"2026-05-02T09:29:56","modified_gmt":"2026-05-02T07:29:56","slug":"hikmicro-940-850-nm-es-valtozat-led-prisvit","status":"publish","type":"product","link":"https:\/\/zbranebudai.sk\/hu\/product\/hikmicro-940-850-nm-verzia-led-prisvit\/","title":{"rendered":"Hikmicro infravet\u0151 940\/850 nm (LED v\u00e1ltozat)"},"content":{"rendered":"<p><strong>Hikmicro infravet\u0151 940\/850 nm (LED v\u00e1ltozat)<\/strong><\/p>\n<table dir=\"ltr\" border=\"1\" cellspacing=\"0\" cellpadding=\"0\" data-sheets-root=\"1\" data-sheets-baot=\"1\">\n<colgroup>\n<col width=\"140\" \/>\n<col width=\"73\" \/><\/colgroup>\n<tbody>\n<tr>\n<td>Hull\u00e1mhossz<\/td>\n<td>\n<div>\n<div>940\/850 nm<\/div>\n<\/div>\n<\/td>\n<\/tr>\n<tr>\n<td>Hat\u00f3t\u00e1vols\u00e1g<\/td>\n<td>200 m<\/td>\n<\/tr>\n<tr>\n<td>T\u00edpus<\/td>\n<td>LED<\/td>\n<\/tr>\n<tr>\n<td>\u00dczemi h\u0151m\u00e9rs\u00e9klet<\/td>\n<td>\n<div>\n<div>-20 \u00b0C \u00e9s 50 \u00b0C k\u00f6z\u00f6tt<\/div>\n<\/div>\n<\/td>\n<\/tr>\n<tr>\n<td>Akkumul\u00e1torok<\/td>\n<td>1x 18650<\/td>\n<\/tr>\n<tr>\n<td>Az akkumul\u00e1tor \u00e9lettartama<\/td>\n<td>5,5 \u00f3ra.<\/td>\n<\/tr>\n<tr>\n<td>S\u00faly:<\/td>\n<td>150 g<\/td>\n<\/tr>\n<tr>\n<td>M\u00e9retek<\/td>\n<td>\n<div>\n<div>151 x 38 mm<\/div>\n<\/div>\n<\/td>\n<\/tr>\n<\/tbody>\n<\/table>\n<p data-start=\"28\" data-end=\"50\"><strong data-start=\"28\" data-end=\"50\">A csomag tartalma:<\/strong><\/p>\n<ul>\n<li data-start=\"54\" data-end=\"102\">Hikmicro 940\/850 nm infravet\u0151 (IR-megvil\u00e1g\u00edt\u00f3)<\/li>\n<li data-start=\"105\" data-end=\"125\">2\u00d7 18650 akkumul\u00e1tor<\/li>\n<\/ul>","protected":false},"excerpt":{"rendered":"<p>A HIKMICRO m\u00e1rka infravet\u0151je infrav\u00f6r\u00f6s f\u00e9nyt haszn\u00e1l kieg\u00e9sz\u00edt\u0151 megvil\u00e1g\u00edt\u00e1sk\u00e9nt, hogy jav\u00edtsa a k\u00e9pmin\u0151s\u00e9get az \u00e9jjell\u00e1t\u00f3 k\u00e9sz\u00fcl\u00e9kek sz\u00e1m\u00e1ra.<\/p>","protected":false},"featured_media":21242,"template":"","meta":{"_gspb_post_css":""},"product_brand":[315],"product_cat":[21,354,2737],"product_tag":[150,2771,379],"class_list":{"0":"post-21133","1":"product","2":"type-product","3":"status-publish","4":"has-post-thumbnail","6":"product_brand-hikmicro","7":"product_cat-optika","8":"product_cat-prislusenstvo","9":"product_cat-prisvity","10":"product_tag-hikmicro","11":"product_tag-led","12":"product_tag-prisvit","14":"first","15":"instock","16":"taxable","17":"shipping-taxable","18":"purchasable","19":"product-type-variable","20":"has-default-attributes"},"ct_brands":[{"id":315,"name":"Hikmicro","slug":"hikmicro"}],"_links":{"self":[{"href":"https:\/\/zbranebudai.sk\/hu\/wp-json\/wp\/v2\/product\/21133","targetHints":{"allow":["GET"]}}],"collection":[{"href":"https:\/\/zbranebudai.sk\/hu\/wp-json\/wp\/v2\/product"}],"about":[{"href":"https:\/\/zbranebudai.sk\/hu\/wp-json\/wp\/v2\/types\/product"}],"wp:featuredmedia":[{"embeddable":true,"href":"https:\/\/zbranebudai.sk\/hu\/wp-json\/wp\/v2\/media\/21242"}],"wp:attachment":[{"href":"https:\/\/zbranebudai.sk\/hu\/wp-json\/wp\/v2\/media?parent=21133"}],"wp:term":[{"taxonomy":"product_brand","embeddable":true,"href":"https:\/\/zbranebudai.sk\/hu\/wp-json\/wp\/v2\/product_brand?post=21133"},{"taxonomy":"product_cat","embeddable":true,"href":"https:\/\/zbranebudai.sk\/hu\/wp-json\/wp\/v2\/product_cat?post=21133"},{"taxonomy":"product_tag","embeddable":true,"href":"https:\/\/zbranebudai.sk\/hu\/wp-json\/wp\/v2\/product_tag?post=21133"}],"curies":[{"name":"wp","href":"https:\/\/api.w.org\/{rel}","templated":true}]}}