{"id":21094,"date":"2026-02-10T00:48:39","date_gmt":"2026-02-09T22:48:39","guid":{"rendered":"https:\/\/zbranebudai.sk\/?post_type=product&#038;p=21094"},"modified":"2026-05-02T10:22:13","modified_gmt":"2026-05-02T08:22:13","slug":"szerelek-gyuruk-weaverre-tavcsovekhez-stellar-alpex-ds35-ares","status":"publish","type":"product","link":"https:\/\/zbranebudai.sk\/hu\/product\/montazne-kruzky-na-weaver-pre-puskohlady-stellar-alpex-ds35-ares\/","title":{"rendered":"Szerel\u00e9kgy\u0171r\u0171k weaver s\u00ednre Stellar, Alpex, DS35, Ares c\u00e9lt\u00e1vcs\u00f6vekhez"},"content":{"rendered":"<p><strong>Szerel\u00e9kgy\u0171r\u0171k weaver s\u00ednre Stellar, Alpex, DS35, Ares c\u00e9lt\u00e1vcs\u00f6vekhez<\/strong><\/p>\n<p>Gyors kiold\u00e1s\u00fa ac\u00e9l szerel\u0151gy\u0171r\u0171k weaver s\u00ednhez. Alkalmas HIKMICRO Stellar, Alpex, PARD DS35 \u00e9s ThermTec Ares modellekhez.<\/p>","protected":false},"excerpt":{"rendered":"<p>Gyorskiold\u00f3s ac\u00e9l szerel\u00e9kgy\u0171r\u0171k Weaver s\u00ednre. Alkalmas HIKMICRO Stellar, Alpex, PARD DS35 \u00e9s ThermTec Ares modellekhez.<\/p>\n<p>&nbsp;<\/p>","protected":false},"featured_media":21235,"template":"","meta":{"_gspb_post_css":""},"product_brand":[],"product_cat":[2763,21,354],"product_tag":[381],"class_list":{"0":"post-21094","1":"product","2":"type-product","3":"status-publish","4":"has-post-thumbnail","6":"product_cat-montaze","7":"product_cat-optika","8":"product_cat-prislusenstvo","9":"product_tag-montaz","11":"first","12":"instock","13":"taxable","14":"shipping-taxable","15":"purchasable","16":"product-type-simple"},"ct_brands":[],"_links":{"self":[{"href":"https:\/\/zbranebudai.sk\/hu\/wp-json\/wp\/v2\/product\/21094","targetHints":{"allow":["GET"]}}],"collection":[{"href":"https:\/\/zbranebudai.sk\/hu\/wp-json\/wp\/v2\/product"}],"about":[{"href":"https:\/\/zbranebudai.sk\/hu\/wp-json\/wp\/v2\/types\/product"}],"wp:featuredmedia":[{"embeddable":true,"href":"https:\/\/zbranebudai.sk\/hu\/wp-json\/wp\/v2\/media\/21235"}],"wp:attachment":[{"href":"https:\/\/zbranebudai.sk\/hu\/wp-json\/wp\/v2\/media?parent=21094"}],"wp:term":[{"taxonomy":"product_brand","embeddable":true,"href":"https:\/\/zbranebudai.sk\/hu\/wp-json\/wp\/v2\/product_brand?post=21094"},{"taxonomy":"product_cat","embeddable":true,"href":"https:\/\/zbranebudai.sk\/hu\/wp-json\/wp\/v2\/product_cat?post=21094"},{"taxonomy":"product_tag","embeddable":true,"href":"https:\/\/zbranebudai.sk\/hu\/wp-json\/wp\/v2\/product_tag?post=21094"}],"curies":[{"name":"wp","href":"https:\/\/api.w.org\/{rel}","templated":true}]}}