{"id":21093,"date":"2026-02-10T00:48:39","date_gmt":"2026-02-09T22:48:39","guid":{"rendered":"https:\/\/zbranebudai.sk\/?post_type=product&#038;p=21093"},"modified":"2026-04-29T21:04:08","modified_gmt":"2026-04-29T19:04:08","slug":"hikmicro-habrok-pro-hx60ls-tenosight-h-940-lezeres-multispektralis-tavcso-cserelheto-lezeres-megvilagitassal-es-lezeres-tavolsagmerovel","status":"publish","type":"product","link":"https:\/\/zbranebudai.sk\/hu\/product\/hikmicro-habrok-pro-hx60ls-tenosight-h-940-laser-max-multispektralny-binokular-s-laserovym-dialkomerom-a-vymennym-laserovym-prisvitom\/","title":{"rendered":"Hikmicro HABROK PRO HX60LS + TenoSight H-940 LASER MAX k\u00e9tszemes betekint\u00e9s\u0171 h\u0151kamera keres\u0151"},"content":{"rendered":"<p><strong>Hikmicro HABROK PRO HX60LS + TenoSight H-940 LASER MAX k\u00e9tszemes betekint\u00e9s\u0171 h\u0151kamera keres\u0151<\/strong><\/p>\n<p>Mer\u00fclj\u00f6n el a r\u00e9szletek vil\u00e1g\u00e1ban a Habrok Pro multispektr\u00e1lis t\u00e1vcs\u0151vel, amely nappal \u00e9s \u00e9jszaka egyar\u00e1nt kiv\u00e1l\u00f3 k\u00e9pet ny\u00fajt. A Habrok Pro k\u00e9nyelmes haszn\u00e1lat\u00e1nak \u00e9s nagy teljes\u00edtm\u00e9ny\u00e9nek k\u00f6sz\u00f6nhet\u0151en k\u00f6nnyed\u00e9n elfelejtheti a klasszikus nappali t\u00e1vcs\u00f6veket.<\/p>\n<ul>\n<li>H\u0151kamer\u00e1s \u00e9rz\u00e9kel\u0151 1280 \u00d7 1024 px<\/li>\n<li>H\u0151\u00e9rz\u00e9kenys\u00e9g 15 mK<\/li>\n<li>50 Hz-es friss\u00edt\u00e9si frekvencia<\/li>\n<li>Gyors v\u00e1lt\u00e1s a h\u0151- \u00e9s az \u00e9jszakai l\u00e1t\u00e1s k\u00f6z\u00f6tt<\/li>\n<li>Cser\u00e9lhet\u0151 940 \/ 850 nm-es \u00e9jjell\u00e1t\u00f3 megvil\u00e1g\u00edt\u00e1s<\/li>\n<li>Image Pro 3.0, Sync Pro<\/li>\n<li>\u00c9rz\u00e9kel\u00e9s 3100 m\u00e9terig<\/li>\n<li>L\u00e9zeres t\u00e1vols\u00e1gm\u00e9r\u0151<\/li>\n<\/ul>\n<p>A multispektr\u00e1lis h\u0151kamer\u00e1t \u00e9s optikai modult kombin\u00e1l. A HX60LS modelln\u00e9l az optikai modul nagyszer\u0171, 4K UHD felbont\u00e1s\u00fa maggal \u00e9s egy hihetetlen, 1280 \u00d7 1024 px felbont\u00e1s\u00fa \u00e9s 15 mK h\u0151\u00e9rz\u00e9kenys\u00e9g\u0171 h\u0151kamer\u00e1s modullal p\u00e1rosul. Megb\u00edzhat\u00f3 megfigyel\u00e9st tesz lehet\u0151v\u00e9 \u00e9jjel-nappal, b\u00e1rmilyen id\u0151j\u00e1r\u00e1s eset\u00e9n.<\/p>\n<p>A 60 mm-es gy\u00fajt\u00f3t\u00e1vols\u00e1g\u00fa termikus lencs\u00e9nek k\u00f6sz\u00f6nhet\u0151en a h\u0151kamer\u00e1s modul ak\u00e1r 3100 m\u00e9teres \u00e9szlel\u00e9si t\u00e1vols\u00e1got is el\u00e9r. Az optikai modullal egy\u00fctt haszn\u00e1lhatja a cser\u00e9lhet\u0151, 940 nm-es l\u00e9zeres megvil\u00e1g\u00edt\u00f3t, amely 500 m\u00e9terig k\u00e9pes \u00e9szlelni! A csomag tartalmaz 940 nm-es \u00e9s 850 nm-es LED-es megvil\u00e1g\u00edt\u00f3kat is, amelyek 250 m\u00e9teres, illetve 300 m\u00e9teres \u00e9szlel\u00e9si tartom\u00e1nnyal rendelkeznek. Emellett egy 1000 m\u00e9ter hat\u00f3t\u00e1vols\u00e1g\u00fa l\u00e9zeres t\u00e1vols\u00e1gm\u00e9r\u0151vel is fel van szerelve.<\/p>\n<p>A Sync Pro funkci\u00f3 ak\u00e1r 60 %-kal cs\u00f6kkenti a digit\u00e1lis k\u00e9sleltet\u00e9st \u2013 \u00edgy egyetlen pillanatr\u00f3l sem maradsz le! A 50 Hz-es k\u00e9pfriss\u00edt\u00e9si frekvenci\u00e1val rendelkez\u0151, sima \u00e9s tiszta k\u00e9p min\u0151s\u00e9gi OLED kijelz\u0151t k\u00edn\u00e1l 1920 \u00d7 1080 px felbont\u00e1ssal.<\/p>\n<p>A k\u00e9nyelmes megfigyel\u00e9sr\u0151l az Image Pro 3.0 gondoskodik, amely elt\u00e1vol\u00edtja a zavar\u00f3 h\u00e1tterelemeket, \u00e9s jelent\u0151sen jav\u00edtja a k\u00e9pfeldolgoz\u00e1st \u00e9s a r\u00e9szletek megjelen\u00edt\u00e9s\u00e9t, valamint az automatikus stabiliz\u00e1l\u00f3 funkci\u00f3, amely optikai m\u00f3dban \u00e9les \u00e9s stabil k\u00e9pet biztos\u00edt 4x feletti digit\u00e1lis nagy\u00edt\u00e1sn\u00e1l.<\/p>\n<p>A Habrok Pro sz\u00e1mos tov\u00e1bbi nagyszer\u0171 funkci\u00f3val van tele, a f\u00e9nyk\u00e9pek \u00e9s vide\u00f3k hanggal t\u00f6rt\u00e9n\u0151 r\u00f6gz\u00edt\u00e9s\u00e9t\u0151l kezdve az azonnali visszaj\u00e1tsz\u00e1s vagy t\u00f6rl\u00e9s lehet\u0151s\u00e9g\u00e9n \u00e1t a hotspot k\u00f6vet\u00e9sig. Ezenk\u00edv\u00fcl van egy automatikus alv\u00f3 \u00fczemm\u00f3d is, ahol a t\u00e1vcs\u0151 maga \u00e9rz\u00e9keli a helyzetv\u00e1ltoz\u00e1st, \u00e9s ennek megfelel\u0151en \u00edt\u00e9li meg, hogy a k\u00e9sz\u00fcl\u00e9ket nem haszn\u00e1lj\u00e1k, \u00edgy takar\u00edtva meg az akkumul\u00e1tort. Csatlakoz\u00e1si lehet\u0151s\u00e9get k\u00edn\u00e1l \u00f6sszek\u00f6t\u0151 k\u00e1belen vagy a HIKMICRO Sight alkalmaz\u00e1son kereszt\u00fcl is.<\/p>\n<p>K\u00e9nyelmet k\u00edn\u00e1l a klasszikus t\u00e1vcs\u00f6ves kialak\u00edt\u00e1s, ergonomikus forma \u00e9s k\u00e9nyelmes nyakba akaszt\u00e1s lehet\u0151s\u00e9g\u00e9vel. Term\u00e9szetesen \u00e1llv\u00e1nyra is r\u00f6gz\u00edthet\u0151, ebben az esetben a mell\u00e9kelt adapter seg\u00edts\u00e9g\u00e9vel. A k\u00e9sz\u00fcl\u00e9ket cser\u00e9lhet\u0151 \u00fajrat\u00f6lthet\u0151 akkumul\u00e1tor t\u00e1pl\u00e1lja, \u00edgy ak\u00e1r 5,5 \u00f3ra megszak\u00edt\u00e1s n\u00e9lk\u00fcli megfigyel\u00e9st biztos\u00edt.<\/p>\n<p>A k\u00e9sz\u00fcl\u00e9kre 3 \u00e9v garanci\u00e1t v\u00e1llalunk, \u00e9s szervizel\u00e9s eset\u00e9n garanci\u00e1t biztos\u00edtunk a cserek\u00e9sz\u00fcl\u00e9kre.<\/p>\n<table dir=\"ltr\" style=\"width: 936px\" border=\"1\" cellspacing=\"0\" cellpadding=\"0\" data-sheets-root=\"1\" data-sheets-baot=\"1\">\n<colgroup>\n<col width=\"140\" \/>\n<col width=\"73\" \/>\n<col width=\"80\" \/><\/colgroup>\n<tbody>\n<tr>\n<td style=\"width: 295.5px\">Param\u00e9ter<\/td>\n<td style=\"width: 352.6px\">H\u0151kamera modul<\/td>\n<td style=\"width: 281.5px\">\n<div>\n<div>Digit\u00e1lis modul<\/div>\n<\/div>\n<\/td>\n<\/tr>\n<tr>\n<td style=\"width: 295.5px\">\u00c9rz\u00e9kel\u0151<\/td>\n<td style=\"width: 352.6px\">H\u0151kamera modul<\/td>\n<td style=\"width: 281.5px\">\n<div>\n<div>Digit\u00e1lis modul<\/div>\n<\/div>\n<\/td>\n<\/tr>\n<tr>\n<td style=\"width: 295.5px\">Felbont\u00e1s<\/td>\n<td style=\"width: 352.6px\">1280 \u00d7 1024 px<\/td>\n<td style=\"width: 281.5px\">\n<div>\n<div>3840 \u00d7 2160 px<\/div>\n<\/div>\n<\/td>\n<\/tr>\n<tr>\n<td style=\"width: 295.5px\">H\u0151\u00e9rz\u00e9kenys\u00e9g<\/td>\n<td style=\"width: 352.6px\">&lt; 15 mK<\/td>\n<td style=\"width: 281.5px\">-<\/td>\n<\/tr>\n<tr>\n<td style=\"width: 295.5px\">Infravet\u0151<\/td>\n<td style=\"width: 352.6px\">-<\/td>\n<td style=\"width: 281.5px\">\n<div>\n<div>940 nm l\u00e9zer \/ 940 nm LED \/ 850 nm LED<\/div>\n<\/div>\n<\/td>\n<\/tr>\n<tr>\n<td style=\"width: 295.5px\">\u00c9rz\u00e9kel\u00e9s<\/td>\n<td style=\"width: 352.6px\">3100 m<\/td>\n<td style=\"width: 281.5px\">\n<div>\n<div>500 m \/ 250 m \/ 300 m<\/div>\n<\/div>\n<\/td>\n<\/tr>\n<tr>\n<td style=\"width: 295.5px\">Objekt\u00edv<\/td>\n<td style=\"width: 352.6px\">60 mm<\/td>\n<td style=\"width: 281.5px\">60 mm<\/td>\n<\/tr>\n<tr>\n<td style=\"width: 295.5px\">Optikai nagy\u00edt\u00e1s<\/td>\n<td style=\"width: 352.6px\">2,6x<\/td>\n<td style=\"width: 281.5px\">5,5x<\/td>\n<\/tr>\n<tr>\n<td style=\"width: 295.5px\">L\u00e1t\u00f3mez\u0151<\/td>\n<td style=\"width: 352.6px\">14,6\u00b0 \u00d7 8,8\u00b0<\/td>\n<td style=\"width: 281.5px\">7,3\u00b0 \u00d7 4,1\u00b0<\/td>\n<\/tr>\n<tr>\n<td style=\"width: 295.5px\">Digit\u00e1lis zoom<\/td>\n<td style=\"width: 352.6px\">7,7x<\/td>\n<td style=\"width: 281.5px\">4x<\/td>\n<\/tr>\n<tr>\n<td style=\"width: 295.5px\">Kijelz\u0151 felbont\u00e1sa<\/td>\n<td style=\"width: 352.6px\">\n<div>\n<div>1920 \u00d7 1080 px<\/div>\n<\/div>\n<\/td>\n<td style=\"width: 281.5px\"><\/td>\n<\/tr>\n<tr>\n<td style=\"width: 295.5px\">Friss\u00edt\u00e9si sebess\u00e9g<\/td>\n<td style=\"width: 352.6px\">50 Hz<\/td>\n<td style=\"width: 281.5px\"><\/td>\n<\/tr>\n<tr>\n<td style=\"width: 295.5px\">Wi-Fi<\/td>\n<td style=\"width: 352.6px\">Igen<\/td>\n<td style=\"width: 281.5px\"><\/td>\n<\/tr>\n<tr>\n<td style=\"width: 295.5px\">L\u00e9zeres t\u00e1vols\u00e1gm\u00e9r\u0151<\/td>\n<td style=\"width: 352.6px\">\n<div>\n<div>Igen, hat\u00f3t\u00e1vols\u00e1g 1000 m<\/div>\n<\/div>\n<\/td>\n<td style=\"width: 281.5px\"><\/td>\n<\/tr>\n<tr>\n<td style=\"width: 295.5px\">Dioptri\u00e1s korrekci\u00f3<\/td>\n<td style=\"width: 352.6px\">-5D~+3D<\/td>\n<td style=\"width: 281.5px\"><\/td>\n<\/tr>\n<tr>\n<td style=\"width: 295.5px\">F\u00e9nyk\u00e9pez\u00e9si lehet\u0151s\u00e9g<\/td>\n<td style=\"width: 352.6px\">Igen<\/td>\n<td style=\"width: 281.5px\"><\/td>\n<\/tr>\n<tr>\n<td style=\"width: 295.5px\">Vide\u00f3 opci\u00f3<\/td>\n<td style=\"width: 352.6px\">Igen<\/td>\n<td style=\"width: 281.5px\"><\/td>\n<\/tr>\n<tr>\n<td style=\"width: 295.5px\">Hangfelv\u00e9tel<\/td>\n<td style=\"width: 352.6px\">Igen<\/td>\n<td style=\"width: 281.5px\"><\/td>\n<\/tr>\n<tr>\n<td style=\"width: 295.5px\">V\u00e9delmi fokozat<\/td>\n<td style=\"width: 352.6px\">IP67<\/td>\n<td style=\"width: 281.5px\"><\/td>\n<\/tr>\n<tr>\n<td style=\"width: 295.5px\">Mem\u00f3ria<\/td>\n<td style=\"width: 352.6px\">\n<div>\n<div>Be\u00e9p\u00edtett, 64 GB<\/div>\n<\/div>\n<\/td>\n<td style=\"width: 281.5px\"><\/td>\n<\/tr>\n<tr>\n<td style=\"width: 295.5px\">\u00dczemi h\u0151m\u00e9rs\u00e9klet<\/td>\n<td style=\"width: 352.6px\">\n<div>\n<div>-30\u00b0C \u00e9s 55\u00b0C k\u00f6z\u00f6tt<\/div>\n<\/div>\n<\/td>\n<td style=\"width: 281.5px\"><\/td>\n<\/tr>\n<tr>\n<td style=\"width: 295.5px\">Akkumul\u00e1torok<\/td>\n<td style=\"width: 352.6px\">\n<div>\n<div>1x cser\u00e9lhet\u0151 \u00fajrat\u00f6lthet\u0151 akkumul\u00e1tor<\/div>\n<\/div>\n<\/td>\n<td style=\"width: 281.5px\"><\/td>\n<\/tr>\n<tr>\n<td style=\"width: 295.5px\">Az akkumul\u00e1tor \u00e9lettartama<\/td>\n<td style=\"width: 352.6px\">5,5 \u00f3<\/td>\n<td style=\"width: 281.5px\"><\/td>\n<\/tr>\n<tr>\n<td style=\"width: 295.5px\">S\u00faly<\/td>\n<td style=\"width: 352.6px\">1050 g<\/td>\n<td style=\"width: 281.5px\"><\/td>\n<\/tr>\n<tr>\n<td style=\"width: 295.5px\">M\u00e9retek<\/td>\n<td style=\"width: 352.6px\">\n<div>\n<div>153 \u00d7 82 \u00d7 232 mm<\/div>\n<\/div>\n<\/td>\n<td style=\"width: 281.5px\"><\/td>\n<\/tr>\n<\/tbody>\n<\/table>\n<p><strong>A csomag tartalma:<\/strong><\/p>\n<ul>\n<li>HABROK PRO HX60LS<\/li>\n<li>Cser\u00e9lhet\u0151 H-940 LASER MAX l\u00e9zeres megvil\u00e1g\u00edt\u00e1s<\/li>\n<li>Cser\u00e9lhet\u0151 940 \/ 850 nm-es LED megvil\u00e1g\u00edt\u00e1s<\/li>\n<li>2x \u00fajrat\u00f6lthet\u0151 akkumul\u00e1tor<\/li>\n<li>1x akkumul\u00e1tort\u00f6lt\u0151<\/li>\n<li>1x t\u00e1vcs\u0151 tok<\/li>\n<li>1x nyakp\u00e1nt<\/li>\n<li>1x \u00e1llv\u00e1ny adapter<\/li>\n<li>1x USB-C k\u00e1bel<\/li>\n<li>Haszn\u00e1lati \u00fatmutat\u00f3<\/li>\n<\/ul>\n<p>A m\u00e1rka hivatalos honlapja: <a href=\"https:\/\/www.hikmicrotech.com\/\">https:\/\/www.hikmicrotech.com\u00a0<\/a><\/p>","protected":false},"excerpt":{"rendered":"<p>Multispektr\u00e1lis binokul\u00e1r l\u00e9zeres t\u00e1vols\u00e1gm\u00e9r\u0151vel \u00e9s cser\u00e9lhet\u0151 H-940 LASER MAX l\u00e9zeres megvil\u00e1g\u00edt\u00e1ssal.<\/p>\n<ul>\n<li>H\u0151kamer\u00e1s \u00e9rz\u00e9kel\u0151: 1280 \u00d7 1024 px, 12\u03bcm.<\/li>\n<li>A h\u0151\u00e9kenys\u00e9g: \u2264 15 mK.<\/li>\n<li>\u00c9jjell\u00e1t\u00f3 optikai modul: 3840 \u00d7 2160 px<\/li>\n<li>Csere LED megvil\u00e1g\u00edt\u00e1s: 940\/850 nm.<\/li>\n<li>Objekt\u00edv: 60\/60 mm.<\/li>\n<li>\u00c9rz\u00e9kel\u00e9si t\u00e1vols\u00e1g: 3100\/500 m.<\/li>\n<li>Optikai nagy\u00edt\u00e1s: 2,6x\/5,5x.<\/li>\n<li>Digit\u00e1lis zoom: 7,7x\/4x.<\/li>\n<li>Megjelen\u00edt\u00e9s: 1080 px.<\/li>\n<li>Friss\u00edt\u00e9si frekvencia: 50 Hz.<\/li>\n<li>Funkci\u00f3k: Image Pro 3.0, Sync Pro.<\/li>\n<li>Automatikus alv\u00f3 \u00fczemm\u00f3d.<\/li>\n<li>Akkumul\u00e1tor-\u00fczemid\u0151: 5,5 \u00f3ra.<\/li>\n<li>Energia: 1x cser\u00e9lhet\u0151 \u00fajrat\u00f6lthet\u0151 akkumul\u00e1tor.<\/li>\n<li>Men\u00fc \u00e9s haszn\u00e1lati utas\u00edt\u00e1sok.<\/li>\n<\/ul>","protected":false},"featured_media":21229,"template":"","meta":{"_gspb_post_css":""},"product_brand":[315],"product_cat":[336,145,144,330],"product_tag":[216,339,150,347,365,325,311],"class_list":{"0":"post-21093","1":"product","2":"type-product","3":"status-publish","4":"has-post-thumbnail","6":"product_brand-hikmicro","7":"product_cat-binokulare-s-nocnym-videnim","8":"product_cat-nocne-videnie","9":"product_cat-termovizie","10":"product_cat-termovizne-binokulare","11":"product_tag-binokular","12":"product_tag-habrok","13":"product_tag-hikmicro","14":"product_tag-laserovy-dialkomer","15":"product_tag-multispektralny-binokular","16":"product_tag-nocne-videnie","17":"product_tag-termovizia","19":"first","20":"instock","21":"sale","22":"taxable","23":"shipping-taxable","24":"purchasable","25":"product-type-simple"},"ct_brands":[{"id":315,"name":"Hikmicro","slug":"hikmicro"}],"_links":{"self":[{"href":"https:\/\/zbranebudai.sk\/hu\/wp-json\/wp\/v2\/product\/21093","targetHints":{"allow":["GET"]}}],"collection":[{"href":"https:\/\/zbranebudai.sk\/hu\/wp-json\/wp\/v2\/product"}],"about":[{"href":"https:\/\/zbranebudai.sk\/hu\/wp-json\/wp\/v2\/types\/product"}],"wp:featuredmedia":[{"embeddable":true,"href":"https:\/\/zbranebudai.sk\/hu\/wp-json\/wp\/v2\/media\/21229"}],"wp:attachment":[{"href":"https:\/\/zbranebudai.sk\/hu\/wp-json\/wp\/v2\/media?parent=21093"}],"wp:term":[{"taxonomy":"product_brand","embeddable":true,"href":"https:\/\/zbranebudai.sk\/hu\/wp-json\/wp\/v2\/product_brand?post=21093"},{"taxonomy":"product_cat","embeddable":true,"href":"https:\/\/zbranebudai.sk\/hu\/wp-json\/wp\/v2\/product_cat?post=21093"},{"taxonomy":"product_tag","embeddable":true,"href":"https:\/\/zbranebudai.sk\/hu\/wp-json\/wp\/v2\/product_tag?post=21093"}],"curies":[{"name":"wp","href":"https:\/\/api.w.org\/{rel}","templated":true}]}}