{"id":21092,"date":"2026-02-10T00:48:38","date_gmt":"2026-02-09T22:48:38","guid":{"rendered":"https:\/\/zbranebudai.sk\/?post_type=product&#038;p=21092"},"modified":"2026-02-21T15:25:30","modified_gmt":"2026-02-21T13:25:30","slug":"hikmicro-habrok-4k-he25l-2-0-multispektralis-tavcso-lezeres-tarcsaval","status":"publish","type":"product","link":"https:\/\/zbranebudai.sk\/hu\/product\/hikmicro-habrok-4k-he25l-2-0-multispektralny-binokular-s-laserovym-dialkomerom\/","title":{"rendered":"Hikmicro HABROK 4K HE25L 2.0 k\u00e9tszemes betekint\u00e9s\u0171 digit\u00e1lis \u00e9jjell\u00e1t\u00f3 \u00e9s h\u0151kamera keres\u0151"},"content":{"rendered":"<p><strong>Hikmicro HABROK 4K HE25L 2.0 k\u00e9tszemes betekint\u00e9s\u0171 digit\u00e1lis \u00e9jjell\u00e1t\u00f3 \u00e9s h\u0151kamera keres\u0151<\/strong><\/p>\n<div data-cep-style-id=\"9975af4358f016686ced195a63471c2b\">\n<div class=\"hik-feature-billboard hik-feature-billboard-news\">\n<div class=\"box-img\">\n<div class=\"new-content-box\">\n<div class=\"content-wrap wrap1310\">\n<div class=\"content-container-billboard p-top-center c-white\">\n<div class=\"content-box widen\">\n<div class=\"description content\">\n<p>Minden egyben - a HIKMICRO HABROK 4K 2.0 multispektr\u00e1lis t\u00e1vcs\u0151 tele van a leg\u00fajabb technol\u00f3gi\u00e1val, amelyet \u00fagy alak\u00edtottak ki, hogy a lehet\u0151 legk\u00f6nnyebben haszn\u00e1lhat\u00f3 \u00e9s r\u00e1ad\u00e1sul rendk\u00edv\u00fcl tart\u00f3s legyen. Bemutatunk egy olyan eszk\u00f6zt, amely teljes m\u00e9rt\u00e9kben helyettes\u00edti a nappali optik\u00e1t, \u00e9s m\u00e9g \u00e9jszaka sem engedi el a kez\u00e9t.<\/p>\n<ul>\n<li>4K UHD optikai modul 60 mm-es objekt\u00edvvel<\/li>\n<li>Gy\u0171r\u0171 a gyors v\u00e1lt\u00e1shoz a h\u0151k\u00e9p \u00e9s az \u00e9jjell\u00e1t\u00f3 k\u00f6z\u00f6tt<\/li>\n<li>Automatikus k\u00e9pstabiliz\u00e1l\u00e1s zoomol\u00e1skor<\/li>\n<li>A h\u0151k\u00e9p\u00e9rz\u00e9kel\u0151 h\u0151m\u00e9rs\u00e9klet-\u00e9rz\u00e9kenys\u00e9ge 18 mK<\/li>\n<li>940 \/ 850 nm-es \u00e9jjell\u00e1t\u00f3 vil\u00e1g\u00edt\u00f3test cser\u00e9je<\/li>\n<li>Zoom Pro, HSIS, Sync Pro<\/li>\n<li>\u00c9rz\u00e9kel\u00e9s 1200 m\u00e9terig<\/li>\n<li>L\u00e9zeres t\u00e1vols\u00e1gm\u00e9r\u0151 \u00e9s ballisztikus sz\u00e1mol\u00f3g\u00e9p<\/li>\n<\/ul>\n<p><strong>Multispektr\u00e1lis\u00a0<\/strong>a termikus \u00e9s optikai modul kombin\u00e1ci\u00f3j\u00e1t jelenti, amely lehet\u0151v\u00e9 teszi, hogy<strong>\u00a0folyamatos fel\u00fcgyelet \u00e9jjel-nappal, a k\u00f6r\u00fclm\u00e9nyekt\u0151l f\u00fcggetlen\u00fcl.\u00a0<\/strong>A HE25L 2.0 egyes\u00edti<strong>\u00a0egy optikai modul 4K UHD maggal \u00e9s egy h\u0151kamer\u00e1s modul 256\u00d7192 px-es \u00e9rz\u00e9kel\u0151vel \u00e9s 18 mK h\u0151m\u00e9rs\u00e9klet-\u00e9rz\u00e9kenys\u00e9ggel.<\/strong><\/p>\n<p>Maga\u00a0<strong>a modulok k\u00f6z\u00f6tti v\u00e1lt\u00e1s m\u00e9g egyszer\u0171bb \u00e9s gyorsabb a gy\u0171r\u0171nek k\u00f6sz\u00f6nhet\u0151en.<\/strong>\u00a0a markolattal felfel\u00e9. A szint\u00e9n a szemhez k\u00f6zelebb helyezett f\u00f3kusszal egy\u00fctt most m\u00e1r egy k\u00e9zzel is kezelheti a t\u00e1vcs\u00f6vet.<\/p>\n<p>K\u00f6sz\u00f6nhet\u0151en\u00a0<strong>25 mm-es f\u00f3kuszt\u00e1vols\u00e1g\u00fa h\u0151kamer\u00e1s objekt\u00edvnek<\/strong>\u00a0el\u00e9ri a h\u0151kamer\u00e1s modul\u00a0<strong>ak\u00e1r 1200 m\u00e9teres \u00e9rz\u00e9kel\u00e9si t\u00e1vols\u00e1g. Optikai modul 60 mm-es lencse f\u00f3kuszt\u00e1vols\u00e1ggal.\u00a0<\/strong>emellett rendelkezik\u00a0<strong>cser\u00e9lhet\u0151 vil\u00e1g\u00edt\u00f3test.<\/strong>\u00a0A 940 nm-es LED hull\u00e1mhossz\u00fas\u00e1g\u00fa LED 250 m\u00e9teres, a 850 nm-es hull\u00e1mhossz\u00fas\u00e1g\u00fa LED pedig ak\u00e1r 300 m\u00e9teres \u00e9rz\u00e9kel\u00e9st is lehet\u0151v\u00e9 tesz.<\/p>\n<p>Jav\u00edt\u00e1sok t\u00f6rt\u00e9ntek a\u00a0<strong>automatikus k\u00e9pstabiliz\u00e1l\u00e1sn\u00e1l<\/strong>\u00a0(EIS), amely most\u00a0<strong>seg\u00edt stabiliz\u00e1lni a k\u00e9pet nagy\u00edt\u00e1sn\u00e1l<\/strong>\u00a0<strong data-start=\"127\" data-end=\"133\">2x<\/strong>, minden binokul\u00e1ris \u00fczemm\u00f3dban.<\/p>\n<p>A fels\u0151 k\u00e9pet tov\u00e1bb jav\u00edtj\u00e1k a funkci\u00f3k:\u00a0<strong>Zoom Pro<\/strong>,<strong>\u00a0<\/strong>amely digit\u00e1lis zoomol\u00e1skor is meg\u0151rzi a k\u00e9pmin\u0151s\u00e9get,\u00a0<strong data-start=\"269\" data-end=\"303\">HSIS intelligens red\u0151ny n\u00e9lk\u00fcli korrekci\u00f3<\/strong>\u00a0\u00e9s v\u00e9g\u00fcl, de nem utols\u00f3sorban\u00a0<strong>Sync Pro, amely<\/strong>\u00a0<strong>ak\u00e1r 60 %-kal cs\u00f6kkenti a digit\u00e1lis k\u00e9sleltet\u00e9st<\/strong>\u00a0\u00e9s nem maradsz le egyetlen pillanatr\u00f3l sem! Az eg\u00e9sz k\u00e9pet a<strong>\u00a0Full HD min\u0151s\u00e9g\u0171 OLED kijelz\u0151 biztos\u00edtja.<\/strong><\/p>\n<p>A k\u00f6vetkez\u0151n k\u00edv\u00fcl:\u00a0<strong>l\u00e9zeres t\u00e1vols\u00e1gm\u00e9r\u0151<\/strong>\u00a01000 m\u00e9teres hat\u00f3t\u00e1vols\u00e1ggal, a Habrok most m\u00e1r rendelkezik\u00a0<strong>ballisztikus sz\u00e1mol\u00f3g\u00e9ppel is.\u00a0<\/strong>A k\u00f6vetkez\u0151 opci\u00f3\u00a0<strong>f\u00e9nyk\u00e9pek \u00e9s vide\u00f3k k\u00e9sz\u00edt\u00e9se hanggal<\/strong>\u00a0m\u00e1r mag\u00e1t\u00f3l \u00e9rtet\u0151d\u0151, \u00e9s nem hi\u00e1nyzik a funkci\u00f3.\u00a0<strong>automatikus alv\u00f3 \u00fczemm\u00f3d<\/strong>\u00a0vagy a csatlakoz\u00f3k\u00e1bel vagy a HIKMICRO Sight alkalmaz\u00e1s seg\u00edts\u00e9g\u00e9vel t\u00f6rt\u00e9n\u0151 csatlakoztat\u00e1s lehet\u0151s\u00e9ge.<\/p>\n<p>K\u00e9nyelmess\u00e9 teszi a hossz\u00fa megfigyel\u00e9seket a\u00a0<strong>cs\u00fasz\u00e1smentes gumi az oldal\u00e1n<\/strong>\u00a0a k\u00e9sz\u00fcl\u00e9knek \u00e9s a\u00a0<strong>v\u00e9delmi fokozat IP67<\/strong>\u00a0\u00edgy m\u00e9g a tart\u00f3ss\u00e1g miatt sem kell agg\u00f3dnia. A folyamatos m\u0171k\u00f6d\u00e9s biztos\u00edtja\u00a0<strong>k\u00e9t cser\u00e9lhet\u0151 18650-es akkumul\u00e1torral ak\u00e1r 6,5 \u00f3r\u00e1n \u00e1t m\u0171k\u00f6dik.<\/strong><\/p>\n<table dir=\"ltr\" border=\"1\" cellspacing=\"0\" cellpadding=\"0\" data-sheets-root=\"1\" data-sheets-baot=\"1\">\n<colgroup>\n<col width=\"100\" \/>\n<col width=\"100\" \/>\n<col width=\"100\" \/><\/colgroup>\n<tbody>\n<tr>\n<td>Jellemz\u0151k<\/td>\n<td>H\u0151kameramodul<\/td>\n<td>Digit\u00e1lis modul<\/td>\n<\/tr>\n<tr>\n<td>\u00c9rz\u00e9kel\u0151<\/td>\n<td>H\u0151kamera modul<\/td>\n<td>Digit\u00e1lis modul<\/td>\n<\/tr>\n<tr>\n<td>Felbont\u00e1s<\/td>\n<td>256 \u00d7 192 px<\/td>\n<td>3840 \u00d7 2160 px<\/td>\n<\/tr>\n<tr>\n<td>H\u0151\u00e9rz\u00e9kenys\u00e9g<\/td>\n<td>&lt; 18 mK<\/td>\n<td>\u2013<\/td>\n<\/tr>\n<tr>\n<td>IR vil\u00e1g\u00edt\u00e1s<\/td>\n<td>\u2013<\/td>\n<td>940 \/ 850 nm<\/td>\n<\/tr>\n<tr>\n<td>Lencse<\/td>\n<td>25 mm<\/td>\n<td>60 mm<\/td>\n<\/tr>\n<tr>\n<td>\u00c9rz\u00e9kel\u00e9si t\u00e1vols\u00e1g<\/td>\n<td>1200 m<\/td>\n<td>250 \/ 300 m<\/td>\n<\/tr>\n<tr>\n<td>Optikai nagy\u00edt\u00e1s<\/td>\n<td>4,3\u00d7<\/td>\n<td>5,5\u00d7<\/td>\n<\/tr>\n<tr>\n<td>L\u00e1t\u00f3mez\u0151<\/td>\n<td>7,0\u00b0 \u00d7 5,3\u00b0<\/td>\n<td>7,3\u00b0 \u00d7 4,1\u00b0<\/td>\n<\/tr>\n<tr>\n<td>Kijelz\u0151 felbont\u00e1sa<\/td>\n<td>1920 \u00d7 1080 px<\/td>\n<td>1920 \u00d7 1080 px<\/td>\n<\/tr>\n<tr>\n<td>Wi-Fi<\/td>\n<td>Igen<\/td>\n<td>Igen<\/td>\n<\/tr>\n<tr>\n<td>L\u00e9zeres t\u00e1vols\u00e1gm\u00e9r\u0151<\/td>\n<td>Igen, 1000 m<\/td>\n<td>Igen, 1000 m<\/td>\n<\/tr>\n<tr>\n<td>Ballisztikus sz\u00e1mol\u00f3g\u00e9p<\/td>\n<td>Igen<\/td>\n<td>Igen<\/td>\n<\/tr>\n<tr>\n<td>Digit\u00e1lis zoom<\/td>\n<td>4\u00d7<\/td>\n<td>4\u00d7<\/td>\n<\/tr>\n<tr>\n<td>Dioptri\u00e1s korrekci\u00f3<\/td>\n<td>-5D ~ +3D<\/td>\n<td>-5D ~ +3D<\/td>\n<\/tr>\n<tr>\n<td>F\u00e9nyk\u00e9pez\u00e9s<\/td>\n<td>Igen<\/td>\n<td>Igen<\/td>\n<\/tr>\n<tr>\n<td>Vide\u00f3felv\u00e9tel<\/td>\n<td>Igen<\/td>\n<td>Igen<\/td>\n<\/tr>\n<tr>\n<td>Hangfelv\u00e9tel<\/td>\n<td>Igen<\/td>\n<td>Igen<\/td>\n<\/tr>\n<tr>\n<td>Jellemz\u0151k<\/td>\n<td>Zoom Pro, HSIS, EIS, EIS, Sync Pro<\/td>\n<td>\n<div>\n<div>Zoom Pro, HSIS, EIS, EIS, Sync Pro<\/div>\n<\/div>\n<\/td>\n<\/tr>\n<tr>\n<td>Sz\u00ednpalett\u00e1k \/ \u00fczemm\u00f3dok<\/td>\n<td>Black Hot, White Hot, Red Hot, Fusion, Red Monochrome, Green Monochrome, Red Monochrome<\/td>\n<td>\n<div>\n<div>Nappal, \u00e9jszaka, aut\u00f3, z\u00f6ld, s\u00e1rga<\/div>\n<\/div>\n<\/td>\n<\/tr>\n<tr>\n<td>A v\u00e9delem szintje<\/td>\n<td>IP67<\/td>\n<td>IP67<\/td>\n<\/tr>\n<tr>\n<td>Mem\u00f3ria<\/td>\n<td>Be\u00e9p\u00edtett, 64 GB<\/td>\n<td>\n<div>\n<div>Be\u00e9p\u00edtett, 64 GB<\/div>\n<\/div>\n<\/td>\n<\/tr>\n<tr>\n<td>\u00dczemi h\u0151m\u00e9rs\u00e9klet<\/td>\n<td>-30 \u00b0C \u00e9s +55 \u00b0C k\u00f6z\u00f6tt<\/td>\n<td>-30 \u00b0C - +55 \u00b0C<\/td>\n<\/tr>\n<tr>\n<td>Akkumul\u00e1tor<\/td>\n<td>2\u00d7 Li-ion 18650<\/td>\n<td>2\u00d7 Li-ion 18650<\/td>\n<\/tr>\n<tr>\n<td>Akkumul\u00e1tor \u00fczemid\u0151<\/td>\n<td>6,5 \u00f3ra<\/td>\n<td>6,5 \u00f3ra<\/td>\n<\/tr>\n<tr>\n<td>S\u00faly<\/td>\n<td>895 g<\/td>\n<td>895 g<\/td>\n<\/tr>\n<tr>\n<td>M\u00e9retek<\/td>\n<td>143 \u00d7 75 \u00d7 223 mm<\/td>\n<td>\n<div>\n<div>143 \u00d7 75 \u00d7 223 mm<\/div>\n<\/div>\n<\/td>\n<\/tr>\n<\/tbody>\n<\/table>\n<p data-start=\"51\" data-end=\"72\">A csomag tartalma:<\/p>\n<ul>\n<li data-start=\"76\" data-end=\"123\">HABROK 4K HE25L 2.0<\/li>\n<li data-start=\"126\" data-end=\"175\">Cser\u00e9lhet\u0151 LED IR (940 \/ 850 nm)<\/li>\n<li data-start=\"178\" data-end=\"213\">4\u00d7 \u00fajrat\u00f6lthet\u0151 18650 akkumul\u00e1tor<\/li>\n<li data-start=\"216\" data-end=\"237\">1\u00d7 akkumul\u00e1tort\u00f6lt\u0151<\/li>\n<li data-start=\"240\" data-end=\"253\">1\u00d7 nyakp\u00e1nt<\/li>\n<li data-start=\"256\" data-end=\"275\">1\u00d7 \u00e1llv\u00e1ny adapter<\/li>\n<li data-start=\"278\" data-end=\"294\">1\u00d7 USB-C k\u00e1bel<\/li>\n<li data-start=\"297\" data-end=\"342\">Haszn\u00e1lati utas\u00edt\u00e1s<\/li>\n<\/ul>\n<p>A m\u00e1rka hivatalos honlapja: <a href=\"https:\/\/www.hikmicrotech.com\/\">https:\/\/www.hikmicrotech.com\/<\/a><\/p>\n<\/div>\n<\/div>\n<\/div>\n<\/div>\n<\/div>\n<\/div>\n<\/div>\n<\/div>","protected":false},"excerpt":{"rendered":"<p data-start=\"175\" data-end=\"678\"><strong data-start=\"175\" data-end=\"678\">HABROK 4K 2.0 <\/strong>egy kompakt k\u00e9sz\u00fcl\u00e9kben egyes\u00edti a legmodernebb z\u00e1r n\u00e9lk\u00fcli h\u0151kamer\u00e1s technol\u00f3gi\u00e1t, az \u00e9l\u00e9nk 4K digit\u00e1lis k\u00e9palkot\u00e1st, az IR-vil\u00e1g\u00edt\u00e1snak k\u00f6sz\u00f6nhet\u0151en kiv\u00e1l\u00f3 l\u00e1that\u00f3s\u00e1got a s\u00f6t\u00e9tben \u00e9s az intuit\u00edv ergon\u00f3mi\u00e1t. Ak\u00e1r sz\u00fcrk\u00fcletben vad\u00e1szik, ak\u00e1r ny\u00edlt terepet p\u00e1szt\u00e1z, vagy s\u0171r\u0171 erd\u0151ben k\u00f6veti a nyomokat, a HABROK 4K 2.0 biztos\u00edtja, hogy soha nem marad le egy fontos pillanatr\u00f3l sem. A HABROK 4K 2.0 egy l\u00e9p\u00e9s a magabiztos digit\u00e1lis vad\u00e1szat fel\u00e9 - an\u00e9lk\u00fcl, hogy feladn\u00e1 a szok\u00e1sait vagy magas \u00e1rat fizetne \u00e9rte.<\/p>\n<p data-start=\"680\" data-end=\"810\"><strong data-start=\"680\" data-end=\"747\">Az univerz\u00e1lis tervez\u00e9s \u00fajradefini\u00e1lja az egyetlen eszk\u00f6zben rejl\u0151 lehet\u0151s\u00e9geket.<\/strong><br data-start=\"747\" data-end=\"750\" \/><strong data-start=\"750\" data-end=\"810\">N\u00e9gy technol\u00f3gia. Egy eszk\u00f6z. V\u00e9gtelen lehet\u0151s\u00e9gek.<\/strong><\/p>","protected":false},"featured_media":21223,"template":"","meta":{"_gspb_post_css":""},"product_brand":[315],"product_cat":[336,145,21,144,330],"product_tag":[216,339,150,347,325,342],"class_list":{"0":"post-21092","1":"product","2":"type-product","3":"status-publish","4":"has-post-thumbnail","6":"product_brand-hikmicro","7":"product_cat-binokulare-s-nocnym-videnim","8":"product_cat-nocne-videnie","9":"product_cat-optika","10":"product_cat-termovizie","11":"product_cat-termovizne-binokulare","12":"product_tag-binokular","13":"product_tag-habrok","14":"product_tag-hikmicro","15":"product_tag-laserovy-dialkomer","16":"product_tag-nocne-videnie","17":"product_tag-termovizny-binokular","19":"first","20":"instock","21":"sale","22":"taxable","23":"shipping-taxable","24":"purchasable","25":"product-type-simple"},"ct_brands":[{"id":315,"name":"Hikmicro","slug":"hikmicro"}],"_links":{"self":[{"href":"https:\/\/zbranebudai.sk\/hu\/wp-json\/wp\/v2\/product\/21092","targetHints":{"allow":["GET"]}}],"collection":[{"href":"https:\/\/zbranebudai.sk\/hu\/wp-json\/wp\/v2\/product"}],"about":[{"href":"https:\/\/zbranebudai.sk\/hu\/wp-json\/wp\/v2\/types\/product"}],"wp:featuredmedia":[{"embeddable":true,"href":"https:\/\/zbranebudai.sk\/hu\/wp-json\/wp\/v2\/media\/21223"}],"wp:attachment":[{"href":"https:\/\/zbranebudai.sk\/hu\/wp-json\/wp\/v2\/media?parent=21092"}],"wp:term":[{"taxonomy":"product_brand","embeddable":true,"href":"https:\/\/zbranebudai.sk\/hu\/wp-json\/wp\/v2\/product_brand?post=21092"},{"taxonomy":"product_cat","embeddable":true,"href":"https:\/\/zbranebudai.sk\/hu\/wp-json\/wp\/v2\/product_cat?post=21092"},{"taxonomy":"product_tag","embeddable":true,"href":"https:\/\/zbranebudai.sk\/hu\/wp-json\/wp\/v2\/product_tag?post=21092"}],"curies":[{"name":"wp","href":"https:\/\/api.w.org\/{rel}","templated":true}]}}