{"id":21091,"date":"2026-02-10T00:48:38","date_gmt":"2026-02-09T22:48:38","guid":{"rendered":"https:\/\/zbranebudai.sk\/?post_type=product&#038;p=21091"},"modified":"2026-05-02T08:50:16","modified_gmt":"2026-05-02T06:50:16","slug":"femdoboz-hikmicro-m15-vadkamera-szamara","status":"publish","type":"product","link":"https:\/\/zbranebudai.sk\/hu\/product\/kovovy-box-pre-fotopascu-hikmicro-m15\/","title":{"rendered":"F\u00e9m v\u00e9d\u0151doboz HIKMICRO M15 vadkamer\u00e1hoz"},"content":{"rendered":"<p><strong>F\u00e9m v\u00e9d\u0151doboz HIKMICRO M15 vadkamer\u00e1hoz<\/strong><\/p>\n<p>A f\u00e9m v\u00e9d\u0151doboz kifejezetten a HIKMICRO M15 vadkamera m\u00e9reteihez lett tervezve. Javasoljuk, hogy a t\u00f6k\u00e9letes \u00e9s biztons\u00e1gos r\u00f6gz\u00edt\u00e9s \u00e9rdek\u00e9ben a Master Lock Python k\u00e1belz\u00e1r z\u00e1rral egy\u00fctt v\u00e1s\u00e1rolja meg.<\/p>","protected":false},"excerpt":{"rendered":"<p>F\u00e9m v\u00e9d\u0151doboz HIKMICRO M15 vadkamer\u00e1hoz<\/p>","protected":false},"featured_media":21219,"template":"","meta":{"_gspb_post_css":""},"product_brand":[],"product_cat":[2767,21],"product_tag":[2770,2768,150],"class_list":{"0":"post-21091","1":"product","2":"type-product","3":"status-publish","4":"has-post-thumbnail","6":"product_cat-fotopasce","7":"product_cat-optika","8":"product_tag-box","9":"product_tag-fotopasca","10":"product_tag-hikmicro","12":"first","13":"instock","14":"sale","15":"taxable","16":"shipping-taxable","17":"purchasable","18":"product-type-simple"},"ct_brands":[],"_links":{"self":[{"href":"https:\/\/zbranebudai.sk\/hu\/wp-json\/wp\/v2\/product\/21091","targetHints":{"allow":["GET"]}}],"collection":[{"href":"https:\/\/zbranebudai.sk\/hu\/wp-json\/wp\/v2\/product"}],"about":[{"href":"https:\/\/zbranebudai.sk\/hu\/wp-json\/wp\/v2\/types\/product"}],"wp:featuredmedia":[{"embeddable":true,"href":"https:\/\/zbranebudai.sk\/hu\/wp-json\/wp\/v2\/media\/21219"}],"wp:attachment":[{"href":"https:\/\/zbranebudai.sk\/hu\/wp-json\/wp\/v2\/media?parent=21091"}],"wp:term":[{"taxonomy":"product_brand","embeddable":true,"href":"https:\/\/zbranebudai.sk\/hu\/wp-json\/wp\/v2\/product_brand?post=21091"},{"taxonomy":"product_cat","embeddable":true,"href":"https:\/\/zbranebudai.sk\/hu\/wp-json\/wp\/v2\/product_cat?post=21091"},{"taxonomy":"product_tag","embeddable":true,"href":"https:\/\/zbranebudai.sk\/hu\/wp-json\/wp\/v2\/product_tag?post=21091"}],"curies":[{"name":"wp","href":"https:\/\/api.w.org\/{rel}","templated":true}]}}