{"id":21090,"date":"2026-02-10T00:48:38","date_gmt":"2026-02-09T22:48:38","guid":{"rendered":"https:\/\/zbranebudai.sk\/?post_type=product&#038;p=21090"},"modified":"2026-05-02T10:12:02","modified_gmt":"2026-05-02T08:12:02","slug":"tenosight-h-940-lezer-max-prizma","status":"publish","type":"product","link":"https:\/\/zbranebudai.sk\/hu\/product\/tenosight-h-940-laser-max-prisvit\/","title":{"rendered":"TenoSight H-940 Laser Max f\u00e9nyvet\u0151"},"content":{"rendered":"<p><strong>TenoSight H-940 Laser Max f\u00e9nyvet\u0151<\/strong><\/p>\n<p>A TenoSight H-940 Laser Max a leger\u0151sebb megvil\u00e1g\u00edt\u00e1si opci\u00f3 a HIKMICRO Habrok binokul\u00e1rokhoz (cser\u00e9lhet\u0151 megvil\u00e1g\u00edt\u00e1ssal rendelkez\u0151 modellek). A nagy intenzit\u00e1snak \u00e9s a hossz\u00fa hat\u00f3t\u00e1vols\u00e1gnak k\u00f6sz\u00f6nhet\u0151en jav\u00edtja a l\u00e1that\u00f3s\u00e1got neh\u00e9z k\u00f6r\u00fclm\u00e9nyek k\u00f6z\u00f6tt. K\u00f6nnyen cser\u00e9lhet\u0151 \u2013 egyszer\u0171en csavarja ki az eredeti LED megvil\u00e1g\u00edt\u00f3t, \u00e9s helyettes\u00edtse a l\u00e9zeres v\u00e1ltozattal.<\/p>\n<p data-start=\"395\" data-end=\"440\" data-is-last-node=\"\" data-is-only-node=\"\"><strong>M\u0171szaki adatok:<\/strong><\/p>\n<table dir=\"ltr\" border=\"1\" cellspacing=\"0\" cellpadding=\"0\" data-sheets-root=\"1\" data-sheets-baot=\"1\">\n<colgroup>\n<col width=\"140\" \/>\n<col width=\"73\" \/><\/colgroup>\n<tbody>\n<tr>\n<td>Hull\u00e1mhossz<\/td>\n<td>940 nm<\/td>\n<\/tr>\n<tr>\n<td>Hat\u00f3t\u00e1vols\u00e1g<\/td>\n<td>500 m<\/td>\n<\/tr>\n<tr>\n<td>S\u00faly<\/td>\n<td>30 g<\/td>\n<\/tr>\n<tr>\n<td>L\u00e9zer di\u00f3da teljes\u00edtm\u00e9ny<\/td>\n<td>495 mW<\/td>\n<\/tr>\n<tr>\n<td>Max. teljes\u00edtm\u00e9ny<\/td>\n<td>&lt; 50 mW<\/td>\n<\/tr>\n<\/tbody>\n<\/table>","protected":false},"excerpt":{"rendered":"<p>Cser\u00e9lhet\u0151 l\u00e9zeres vet\u0151 a Habrok multispektr\u00e1lis binokul\u00e1rokhoz.<\/p>\n<p>Hull\u00e1mhossz: 940 nm.<\/p>\n<p>Hat\u00f3t\u00e1v: 500 m.<\/p>","protected":false},"featured_media":21216,"template":"","meta":{"_gspb_post_css":""},"product_brand":[318],"product_cat":[21,354,2737],"product_tag":[379,249],"class_list":{"0":"post-21090","1":"product","2":"type-product","3":"status-publish","4":"has-post-thumbnail","6":"product_brand-tenosight","7":"product_cat-optika","8":"product_cat-prislusenstvo","9":"product_cat-prisvity","10":"product_tag-prisvit","11":"product_tag-tenosight","13":"first","14":"instock","15":"taxable","16":"shipping-taxable","17":"purchasable","18":"product-type-simple"},"ct_brands":[{"id":318,"name":"Tenosight","slug":"tenosight"}],"_links":{"self":[{"href":"https:\/\/zbranebudai.sk\/hu\/wp-json\/wp\/v2\/product\/21090","targetHints":{"allow":["GET"]}}],"collection":[{"href":"https:\/\/zbranebudai.sk\/hu\/wp-json\/wp\/v2\/product"}],"about":[{"href":"https:\/\/zbranebudai.sk\/hu\/wp-json\/wp\/v2\/types\/product"}],"wp:featuredmedia":[{"embeddable":true,"href":"https:\/\/zbranebudai.sk\/hu\/wp-json\/wp\/v2\/media\/21216"}],"wp:attachment":[{"href":"https:\/\/zbranebudai.sk\/hu\/wp-json\/wp\/v2\/media?parent=21090"}],"wp:term":[{"taxonomy":"product_brand","embeddable":true,"href":"https:\/\/zbranebudai.sk\/hu\/wp-json\/wp\/v2\/product_brand?post=21090"},{"taxonomy":"product_cat","embeddable":true,"href":"https:\/\/zbranebudai.sk\/hu\/wp-json\/wp\/v2\/product_cat?post=21090"},{"taxonomy":"product_tag","embeddable":true,"href":"https:\/\/zbranebudai.sk\/hu\/wp-json\/wp\/v2\/product_tag?post=21090"}],"curies":[{"name":"wp","href":"https:\/\/api.w.org\/{rel}","templated":true}]}}