{"id":21089,"date":"2026-02-10T00:48:38","date_gmt":"2026-02-09T22:48:38","guid":{"rendered":"https:\/\/zbranebudai.sk\/?post_type=product&#038;p=21089"},"modified":"2026-05-01T15:39:01","modified_gmt":"2026-05-01T13:39:01","slug":"hikmicro-habrok-pro-akkumulatortolto","status":"publish","type":"product","link":"https:\/\/zbranebudai.sk\/hu\/product\/hikmicro-habrok-pro-nabijacka-baterii\/","title":{"rendered":"Hikmicro HABROK PRO akkumul\u00e1tort\u00f6lt\u0151"},"content":{"rendered":"<p><strong>Hikmicro HABROK PRO akkumul\u00e1tort\u00f6lt\u0151<\/strong><\/p>\n<p>A Hikmicro kompakt \u00e9s nagy teljes\u00edtm\u00e9ny\u0171 t\u00f6lt\u0151 legfeljebb k\u00e9t Habrok PRO akkumul\u00e1tor egyidej\u0171 t\u00f6lt\u00e9s\u00e9re alkalmas. T\u00f6lt\u00e9sjelz\u0151 LED-del rendelkezik, \u00edgy tudni fogja, mikor vannak az akkumul\u00e1torok teljesen felt\u00f6ltve.<\/p>\n<p><strong>Specifik\u00e1ci\u00f3k:<\/strong><\/p>\n<div data-sanitized-data-mce-fragment=\"1\">\n<table style=\"width: 155px\" border=\"1\">\n<tbody>\n<tr>\n<td style=\"width: 71.8px\">Bemeneti fesz\u00fclts\u00e9g<\/td>\n<td style=\"width: 113.75px\" colspan=\"2\">100-240V\/1.6A<\/td>\n<\/tr>\n<tr>\n<td style=\"width: 71.8px\">Kimeneti fesz\u00fclts\u00e9g<\/td>\n<td style=\"width: 113.75px\" colspan=\"2\">20V\/3,25A<\/td>\n<\/tr>\n<tr>\n<td style=\"width: 71.8px\">S\u00faly<\/td>\n<td style=\"width: 113.75px\" colspan=\"2\">350 g<\/td>\n<\/tr>\n<tr>\n<td style=\"width: 71.8px\">M\u00e9retek<\/td>\n<td style=\"width: 113.75px\" colspan=\"2\">130 \u00d7 68 \u00d7 39 mm<\/td>\n<\/tr>\n<\/tbody>\n<\/table>\n<\/div>\n<p><strong>A csomag tartalma:<\/strong><\/p>\n<ul>\n<li>T\u00f6lt\u0151<\/li>\n<li>1x t\u00e1pk\u00e1bel<\/li>\n<li>4x nemzetk\u00f6zi adapter (USA, UK, EU, AU)<\/li>\n<\/ul>","protected":false},"excerpt":{"rendered":"<article class=\"text-token-text-primary w-full focus:outline-none [--shadow-height:45px] has-data-writing-block:pointer-events-none has-data-writing-block:-mt-(--shadow-height) has-data-writing-block:pt-(--shadow-height) [&amp;:has([data-writing-block])&gt;*]:pointer-events-auto scroll-mt-[calc(var(--header-height)+min(200px,max(70px,20svh)))]\" dir=\"auto\" data-turn-id=\"request-WEB:54df9281-890e-409e-bc94-42282d816c38-18\" data-testid=\"conversation-turn-38\" data-scroll-anchor=\"false\" data-turn=\"assistant\">\n<div class=\"text-base my-auto mx-auto [--thread-content-margin:--spacing(4)] @w-sm\/main:[--thread-content-margin:--spacing(6)] @w-lg\/main:[--thread-content-margin:--spacing(16)] px-(--thread-content-margin)\">\n<div class=\"[--thread-content-max-width:40rem] @w-lg\/main:[--thread-content-max-width:48rem] mx-auto max-w-(--thread-content-max-width) flex-1 group\/turn-messages focus-visible:outline-hidden relative flex w-full min-w-0 flex-col agent-turn\">\n<div class=\"flex max-w-full flex-col grow\">\n<div class=\"min-h-8 text-message relative flex w-full flex-col items-end gap-2 text-start break-words whitespace-normal [.text-message+&amp;]:mt-1\" dir=\"auto\" data-message-author-role=\"assistant\" data-message-id=\"34789a52-d3c9-4608-86f0-5bb47982821a\" data-message-model-slug=\"gpt-5-1\">\n<div class=\"flex w-full flex-col gap-1 empty:hidden first:pt-[1px]\">\n<div class=\"markdown prose dark:prose-invert w-full break-words light markdown-new-styling\">\n<p data-start=\"0\" data-end=\"72\" data-is-last-node=\"\" data-is-only-node=\"\">Nab\u00edja\u010dka na dve bat\u00e9rie pre pr\u00edstroje radu Habrok PRO.<\/p>\n<\/div>\n<\/div>\n<\/div>\n<\/div>\n<\/div>\n<\/div>\n<\/article>\n","protected":false},"featured_media":21212,"template":"","meta":{"_gspb_post_css":""},"product_brand":[315],"product_cat":[2761,21,354],"product_tag":[339,150,2751],"class_list":{"0":"post-21089","1":"product","2":"type-product","3":"status-publish","4":"has-post-thumbnail","6":"product_brand-hikmicro","7":"product_cat-nabijacka-baterii-prislusenstvo","8":"product_cat-optika","9":"product_cat-prislusenstvo","10":"product_tag-habrok","11":"product_tag-hikmicro","12":"product_tag-nabijacka-baterii","14":"first","15":"instock","16":"taxable","17":"shipping-taxable","18":"purchasable","19":"product-type-simple"},"ct_brands":[{"id":315,"name":"Hikmicro","slug":"hikmicro"}],"_links":{"self":[{"href":"https:\/\/zbranebudai.sk\/hu\/wp-json\/wp\/v2\/product\/21089","targetHints":{"allow":["GET"]}}],"collection":[{"href":"https:\/\/zbranebudai.sk\/hu\/wp-json\/wp\/v2\/product"}],"about":[{"href":"https:\/\/zbranebudai.sk\/hu\/wp-json\/wp\/v2\/types\/product"}],"wp:featuredmedia":[{"embeddable":true,"href":"https:\/\/zbranebudai.sk\/hu\/wp-json\/wp\/v2\/media\/21212"}],"wp:attachment":[{"href":"https:\/\/zbranebudai.sk\/hu\/wp-json\/wp\/v2\/media?parent=21089"}],"wp:term":[{"taxonomy":"product_brand","embeddable":true,"href":"https:\/\/zbranebudai.sk\/hu\/wp-json\/wp\/v2\/product_brand?post=21089"},{"taxonomy":"product_cat","embeddable":true,"href":"https:\/\/zbranebudai.sk\/hu\/wp-json\/wp\/v2\/product_cat?post=21089"},{"taxonomy":"product_tag","embeddable":true,"href":"https:\/\/zbranebudai.sk\/hu\/wp-json\/wp\/v2\/product_tag?post=21089"}],"curies":[{"name":"wp","href":"https:\/\/api.w.org\/{rel}","templated":true}]}}