{"id":21088,"date":"2026-02-10T00:48:38","date_gmt":"2026-02-09T22:48:38","guid":{"rendered":"https:\/\/zbranebudai.sk\/?post_type=product&#038;p=21088"},"modified":"2026-05-01T16:00:58","modified_gmt":"2026-05-01T14:00:58","slug":"hikmicro-habrok-pro-akkumulator","status":"publish","type":"product","link":"https:\/\/zbranebudai.sk\/hu\/product\/hikmicro-habrok-pro-bateria\/","title":{"rendered":"Hikmicro HABROK PRO akkumul\u00e1tor"},"content":{"rendered":"<p data-start=\"0\" data-end=\"140\"><strong>Hikmicro HABROK PRO akkumul\u00e1tor<\/strong><\/p>\n<p data-start=\"0\" data-end=\"140\" class=\"translation-block\">Kompakt, nagy kapacit\u00e1s\u00fa \u00fajrat\u00f6lthet\u0151 akkumul\u00e1tor, amelyet a Habrok PRO sorozat k\u00e9sz\u00fcl\u00e9keihez terveztek, hossz\u00fa \u00fczemid\u0151t biztos\u00edt.<\/p>\n<p><strong>Alkalmas:<\/strong><\/p>\n<div data-sanitized-data-mce-fragment=\"1\">\n<table border=\"1\">\n<tbody>\n<tr>\n<td>Hikmicro<\/td>\n<td colspan=\"2\">Habrok PRO<\/td>\n<\/tr>\n<\/tbody>\n<\/table>\n<\/div>\n<p><strong>M\u0171szaki specifik\u00e1ci\u00f3k:<\/strong><\/p>\n<table dir=\"ltr\" style=\"width: 944px\" border=\"1\" cellspacing=\"0\" cellpadding=\"0\" data-sheets-root=\"1\" data-sheets-baot=\"1\">\n<colgroup>\n<col width=\"100\" \/>\n<col width=\"100\" \/><\/colgroup>\n<tbody>\n<tr>\n<td style=\"width: 466.587px\">Jellemz\u0151<\/td>\n<td style=\"width: 472.612px\">\u00c9rt\u00e9k<\/td>\n<\/tr>\n<tr>\n<td style=\"width: 466.587px\">Kapacit\u00e1s<\/td>\n<td style=\"width: 472.612px\">4800 mAh<\/td>\n<\/tr>\n<tr>\n<td style=\"width: 466.587px\">Fesz\u00fclts\u00e9g<\/td>\n<td style=\"width: 472.612px\">7,2 V<\/td>\n<\/tr>\n<tr>\n<td style=\"width: 466.587px\">S\u00faly<\/td>\n<td style=\"width: 472.612px\">177 g<\/td>\n<\/tr>\n<tr>\n<td style=\"width: 466.587px\">M\u00e9retek<\/td>\n<td style=\"width: 472.612px\">\n<div>\n<div>48 \u00d7 26 \u00d7 86 mm<\/div>\n<\/div>\n<\/td>\n<\/tr>\n<\/tbody>\n<\/table>","protected":false},"excerpt":{"rendered":"<p>HIKMICRO p\u00f3t-akkumul\u00e1tor Habrok PRO sorozathoz.<\/p>\n<p>Kapacit\u00e1s: 4800 mAh.<\/p>\n<p>Fesz\u00fclts\u00e9g: 7,2 V.<\/p>","protected":false},"featured_media":21210,"template":"","meta":{"_gspb_post_css":""},"product_brand":[315],"product_cat":[2762,21,354],"product_tag":[368,339,150],"class_list":{"0":"post-21088","1":"product","2":"type-product","3":"status-publish","4":"has-post-thumbnail","6":"product_brand-hikmicro","7":"product_cat-baterie","8":"product_cat-optika","9":"product_cat-prislusenstvo","10":"product_tag-bateria","11":"product_tag-habrok","12":"product_tag-hikmicro","14":"first","15":"instock","16":"taxable","17":"shipping-taxable","18":"purchasable","19":"product-type-simple"},"ct_brands":[{"id":315,"name":"Hikmicro","slug":"hikmicro"}],"_links":{"self":[{"href":"https:\/\/zbranebudai.sk\/hu\/wp-json\/wp\/v2\/product\/21088","targetHints":{"allow":["GET"]}}],"collection":[{"href":"https:\/\/zbranebudai.sk\/hu\/wp-json\/wp\/v2\/product"}],"about":[{"href":"https:\/\/zbranebudai.sk\/hu\/wp-json\/wp\/v2\/types\/product"}],"wp:featuredmedia":[{"embeddable":true,"href":"https:\/\/zbranebudai.sk\/hu\/wp-json\/wp\/v2\/media\/21210"}],"wp:attachment":[{"href":"https:\/\/zbranebudai.sk\/hu\/wp-json\/wp\/v2\/media?parent=21088"}],"wp:term":[{"taxonomy":"product_brand","embeddable":true,"href":"https:\/\/zbranebudai.sk\/hu\/wp-json\/wp\/v2\/product_brand?post=21088"},{"taxonomy":"product_cat","embeddable":true,"href":"https:\/\/zbranebudai.sk\/hu\/wp-json\/wp\/v2\/product_cat?post=21088"},{"taxonomy":"product_tag","embeddable":true,"href":"https:\/\/zbranebudai.sk\/hu\/wp-json\/wp\/v2\/product_tag?post=21088"}],"curies":[{"name":"wp","href":"https:\/\/api.w.org\/{rel}","templated":true}]}}