{"id":21047,"date":"2026-02-10T00:48:17","date_gmt":"2026-02-09T22:48:17","guid":{"rendered":"https:\/\/zbranebudai.sk\/?post_type=product&#038;p=21047"},"modified":"2026-04-30T10:09:49","modified_gmt":"2026-04-30T08:09:49","slug":"hikmicro-habrok-4k-hq35l-multispektralis-tavcso-lezeres-tavolsagmerovel","status":"publish","type":"product","link":"https:\/\/zbranebudai.sk\/hu\/product\/hikmicro-habrok-4k-hq35l-multispektralny-binokular-s-laserovym-dialkomerom\/","title":{"rendered":"Hikmicro HABROK 4K HQ35L k\u00e9tszemes betekint\u00e9s\u0171 h\u0151kamera keres\u0151"},"content":{"rendered":"<p><strong>Hikmicro HABROK 4K HQ35L k\u00e9tszemes betekint\u00e9s\u0171 h\u0151kamera keres\u0151<\/strong><\/p>\n<p>A HIKMICRO HABROK 4K multispektr\u00e1lis binokul\u00e1r teljes m\u00e9rt\u00e9kben helyettes\u00edti a nappali optik\u00e1t, \u00e9s \u00e9jszaka sem kell letennie. A termov\u00edzi\u00f3s \u00e9s az optikai modul kombin\u00e1ci\u00f3ja teljes k\u00f6r\u0171 \u00e1ttekint\u00e9st biztos\u00edt a nap folyam\u00e1n \u00e9s \u00e9jszaka is.<\/p>\n<ul>\n<li>4K UHD optikai modul 60 mm-es objekt\u00edvvel<\/li>\n<li>Gyors v\u00e1lt\u00e1s a h\u0151- \u00e9s az \u00e9jszakai l\u00e1t\u00e1s k\u00f6z\u00f6tt<\/li>\n<li>H\u0151kamera \u00e9rz\u00e9kel\u0151 640 \u00d7 512 px<\/li>\n<li>20 mK<\/li>\n<li>Cser\u00e9lhet\u0151 940 \/ 850 nm-es \u00e9jjell\u00e1t\u00f3 megvil\u00e1g\u00edt\u00e1s<\/li>\n<li>\u00c9rz\u00e9kel\u00e9s 1800 m\u00e9terig*<\/li>\n<li>L\u00e9zeres t\u00e1vols\u00e1gm\u00e9r\u0151<\/li>\n<\/ul>\n<p>A HQ35L modell tov\u00e1bbfejlesztett optikai modullal \u00e9s 60 mm-es f\u00f3kuszt\u00e1vols\u00e1g\u00fa objekt\u00edvvel \u00e9rkezik, amelynek k\u00f6sz\u00f6nhet\u0151en k\u00f6nnyed\u00e9n megfeledkezhet a hagyom\u00e1nyos nappali binokul\u00e1rokr\u00f3l. A k\u00e9sz\u00fcl\u00e9k egyes\u00edti az optikai modult maggal, kiv\u00e1l\u00f3 4K UHD felbont\u00e1ssal, valamint egy termov\u00edzi\u00f3s modult, amely 640 \u00d7 512 pixeles felbont\u00e1s\u00fa szenzorral \u00e9s 20 mK h\u0151\u00e9rz\u00e9kenys\u00e9ggel rendelkezik. A teljes k\u00e9pet egy 1920 \u00d7 1080 pixeles OLED kijelz\u0151 jelen\u00edti meg.<\/p>\n<p>A 35 mm-es f\u00f3kuszt\u00e1vols\u00e1g\u00fa h\u0151kamer\u00e1s lencs\u00e9nek k\u00f6sz\u00f6nhet\u0151en a h\u0151kamer\u00e1s modul ak\u00e1r 1800 m\u00e9ter* hat\u00f3t\u00e1vols\u00e1got is el\u00e9r. Az optikai modullal egy\u00fctt haszn\u00e1lhatja a cser\u00e9lhet\u0151, 940 nm-es hull\u00e1mhossz\u00fa LED-es megvil\u00e1g\u00edt\u00e1st 250 m\u00e9teres, vagy a 850 nm-es 300 m\u00e9teres hat\u00f3t\u00e1vols\u00e1ggal. Ezen fel\u00fcl rendelkezik m\u00e9g egy l\u00e9zeres t\u00e1vols\u00e1gm\u00e9r\u0151vel is, ak\u00e1r 1000 m\u00e9teres hat\u00f3t\u00e1vols\u00e1ggal.<\/p>\n<p>A multispektr\u00e1lis a termov\u00edzi\u00f3s \u00e9s az optikai modul kombin\u00e1ci\u00f3j\u00e1t jelenti, amely lehet\u0151v\u00e9 teszi a folyamatos megfigyel\u00e9st nappal \u00e9s \u00e9jszaka, az id\u0151j\u00e1r\u00e1si k\u00f6r\u00fclm\u00e9nyekt\u0151l f\u00fcggetlen\u00fcl. A k\u00e9nyelmes megfigyel\u00e9sr\u0151l t\u00f6bbek k\u00f6z\u00f6tt az automatikus stabiliz\u00e1l\u00e1s gondoskodik, amely optikai m\u00f3dban 4\u00d7 feletti digit\u00e1lis nagy\u00edt\u00e1sn\u00e1l is \u00e9les \u00e9s stabil k\u00e9pet biztos\u00edt.<\/p>\n<p>A Habrok 4K rengeteg nagyszer\u0171 funkci\u00f3val van tele, a f\u00e9nyk\u00e9pek \u00e9s vide\u00f3k hanggal t\u00f6rt\u00e9n\u0151 r\u00f6gz\u00edt\u00e9s\u00e9t\u0151l a legmelegebb pont k\u00f6vet\u00e9s\u00e9ig. Nincs hi\u00e1ny az automatikus alv\u00f3 \u00fczemm\u00f3db\u00f3l sem, ahol a   binokul\u00e1r \u00f6nmag\u00e1t\u00f3l \u00e9rz\u00e9keli a helyzetv\u00e1ltoz\u00e1st, amely alapj\u00e1n felismeri, hogy a k\u00e9sz\u00fcl\u00e9ket nem haszn\u00e1lj\u00e1k, \u00e9s kikapcsolja a k\u00e9perny\u0151t, ezzel k\u00edm\u00e9li az akkumul\u00e1tort. Csatlakoz\u00e1si lehet\u0151s\u00e9get k\u00edn\u00e1l kapcsol\u00f3 k\u00e1belen vagy HIKMICRO Sight alkalmaz\u00e1son kereszt\u00fcl is.<\/p>\n<p>K\u00e9nyelmet k\u00edn\u00e1l a klasszikus t\u00e1vcs\u0151 diz\u00e1jnj\u00e1val, ergonomikus form\u00e1j\u00e1val \u00e9s a k\u00f6nny\u0171 testnek k\u00f6sz\u00f6nhet\u0151en a nyakban val\u00f3 k\u00e9nyelmes viselhet\u0151s\u00e9g\u00e9vel. Term\u00e9szetesen \u00e1llv\u00e1nyra is helyezhet\u0151 a mell\u00e9kelt adapter seg\u00edts\u00e9g\u00e9vel. A k\u00e9sz\u00fcl\u00e9ket k\u00e9t cser\u00e9lhet\u0151 18650-es akkumul\u00e1tor t\u00e1pl\u00e1lja, \u00edgy ak\u00e1r 8 \u00f3r\u00e1n \u00e1t tart\u00f3 folyamatos megfigyel\u00e9st biztos\u00edt.<\/p>\n<p>A k\u00e9sz\u00fcl\u00e9kre 3 \u00e9v garanci\u00e1t v\u00e1llalunk, \u00e9s szervizel\u00e9s eset\u00e9n garanci\u00e1t biztos\u00edtunk a cserek\u00e9sz\u00fcl\u00e9kre.<\/p>\n<table dir=\"ltr\" style=\"width: 938px\" border=\"1\" cellspacing=\"0\" cellpadding=\"0\" data-sheets-root=\"1\" data-sheets-baot=\"1\">\n<colgroup>\n<col width=\"140\" \/>\n<col width=\"73\" \/>\n<col width=\"80\" \/><\/colgroup>\n<tbody>\n<tr>\n<td style=\"width: 264.45px\">Param\u00e9ter<\/td>\n<td style=\"width: 331.562px\">H\u0151kamera modul<\/td>\n<td style=\"width: 335.587px\">\n<div>\n<div>Digit\u00e1lis modul<\/div>\n<\/div>\n<\/td>\n<\/tr>\n<tr>\n<td style=\"width: 264.45px\">\u00c9rz\u00e9kel\u0151<\/td>\n<td style=\"width: 331.562px\">H\u0151kamera modul<\/td>\n<td style=\"width: 335.587px\">\n<div>\n<div>Digit\u00e1lis modul<\/div>\n<\/div>\n<\/td>\n<\/tr>\n<tr>\n<td style=\"width: 264.45px\">Felbont\u00e1s<\/td>\n<td style=\"width: 331.562px\">640 \u00d7 512 px<\/td>\n<td style=\"width: 335.587px\">\n<div>\n<div>3840 \u00d7 2160 px<\/div>\n<\/div>\n<\/td>\n<\/tr>\n<tr>\n<td style=\"width: 264.45px\">H\u0151\u00e9rz\u00e9kenys\u00e9g<\/td>\n<td style=\"width: 331.562px\">&lt; 20 mK<\/td>\n<td style=\"width: 335.587px\">-<\/td>\n<\/tr>\n<tr>\n<td style=\"width: 264.45px\">Infravet\u0151<\/td>\n<td style=\"width: 331.562px\">-<\/td>\n<td style=\"width: 335.587px\">940 \/ 850 nm<\/td>\n<\/tr>\n<tr>\n<td style=\"width: 264.45px\">Objekt\u00edv<\/td>\n<td style=\"width: 331.562px\">35 mm<\/td>\n<td style=\"width: 335.587px\">60 mm<\/td>\n<\/tr>\n<tr>\n<td style=\"width: 264.45px\">\u00c9rz\u00e9kel\u00e9s<\/td>\n<td style=\"width: 331.562px\">1800 m<\/td>\n<td style=\"width: 335.587px\">250 \/ 300 m<\/td>\n<\/tr>\n<tr>\n<td style=\"width: 264.45px\">Optikai nagy\u00edt\u00e1s<\/td>\n<td style=\"width: 331.562px\">3x<\/td>\n<td style=\"width: 335.587px\">5,5x<\/td>\n<\/tr>\n<tr>\n<td style=\"width: 264.45px\">L\u00e1t\u00f3mez\u0151<\/td>\n<td style=\"width: 331.562px\">12,5\u00b0 \u00d7 10,1\u00b0<\/td>\n<td style=\"width: 335.587px\">7,3\u00b0 \u00d7 4,1\u00b0<\/td>\n<\/tr>\n<tr>\n<td style=\"width: 264.45px\">Digit\u00e1lis zoom<\/td>\n<td style=\"width: 331.562px\">7,3x<\/td>\n<td style=\"width: 335.587px\">4x<\/td>\n<\/tr>\n<tr>\n<td style=\"width: 264.45px\">Kijelz\u0151 felbont\u00e1sa<\/td>\n<td style=\"width: 331.562px\">\n<div>\n<div>1920 \u00d7 1080 px<\/div>\n<\/div>\n<\/td>\n<td style=\"width: 335.587px\"><\/td>\n<\/tr>\n<tr>\n<td style=\"width: 264.45px\">Wi-Fi<\/td>\n<td style=\"width: 331.562px\">Igen<\/td>\n<td style=\"width: 335.587px\"><\/td>\n<\/tr>\n<tr>\n<td style=\"width: 264.45px\">L\u00e9zeres t\u00e1vols\u00e1gm\u00e9r\u0151<\/td>\n<td style=\"width: 331.562px\">\n<div>\n<div>Igen, 1000 m<\/div>\n<\/div>\n<\/td>\n<td style=\"width: 335.587px\"><\/td>\n<\/tr>\n<tr>\n<td style=\"width: 264.45px\">Dioptri\u00e1s korrekci\u00f3<\/td>\n<td style=\"width: 331.562px\">-5D~+3D<\/td>\n<td style=\"width: 335.587px\"><\/td>\n<\/tr>\n<tr>\n<td style=\"width: 264.45px\">F\u00e9nyk\u00e9pez\u00e9si lehet\u0151s\u00e9g<\/td>\n<td style=\"width: 331.562px\">Igen<\/td>\n<td style=\"width: 335.587px\"><\/td>\n<\/tr>\n<tr>\n<td style=\"width: 264.45px\">Vide\u00f3 opci\u00f3<\/td>\n<td style=\"width: 331.562px\">Igen<\/td>\n<td style=\"width: 335.587px\"><\/td>\n<\/tr>\n<tr>\n<td style=\"width: 264.45px\">Hangfelv\u00e9tel<\/td>\n<td style=\"width: 331.562px\">Igen<\/td>\n<td style=\"width: 335.587px\"><\/td>\n<\/tr>\n<tr>\n<td style=\"width: 264.45px\">V\u00e9delmi fokozat<\/td>\n<td style=\"width: 331.562px\">IP67<\/td>\n<td style=\"width: 335.587px\"><\/td>\n<\/tr>\n<tr>\n<td style=\"width: 264.45px\">Mem\u00f3ria<\/td>\n<td style=\"width: 331.562px\">\n<div>\n<div>be\u00e9p\u00edtett, 64 GB<\/div>\n<\/div>\n<\/td>\n<td style=\"width: 335.587px\"><\/td>\n<\/tr>\n<tr>\n<td style=\"width: 264.45px\">\u00dczemi h\u0151m\u00e9rs\u00e9klet<\/td>\n<td style=\"width: 331.562px\">\n<div>\n<div>-30\u00b0C \u00e9s 55\u00b0C k\u00f6z\u00f6tt<\/div>\n<\/div>\n<\/td>\n<td style=\"width: 335.587px\"><\/td>\n<\/tr>\n<tr>\n<td style=\"width: 264.45px\">Akkumul\u00e1torok<\/td>\n<td style=\"width: 331.562px\">\n<div>\n<div>2x Li-ion 18650<\/div>\n<\/div>\n<\/td>\n<td style=\"width: 335.587px\"><\/td>\n<\/tr>\n<tr>\n<td style=\"width: 264.45px\">Az akkumul\u00e1tor \u00e9lettartama<\/td>\n<td style=\"width: 331.562px\">8 \u00f3ra<\/td>\n<td style=\"width: 335.587px\"><\/td>\n<\/tr>\n<tr>\n<td style=\"width: 264.45px\">S\u00faly<\/td>\n<td style=\"width: 331.562px\">798 g<\/td>\n<td style=\"width: 335.587px\"><\/td>\n<\/tr>\n<tr>\n<td style=\"width: 264.45px\">M\u00e9retek<\/td>\n<td style=\"width: 331.562px\">\n<div>\n<div>138 \u00d7 69 \u00d7 222 mm<\/div>\n<\/div>\n<\/td>\n<td style=\"width: 335.587px\"><\/td>\n<\/tr>\n<\/tbody>\n<\/table>\n<div data-sanitized-data-mce-fragment=\"1\">\n<p><strong>A csomag tartalma:<\/strong><\/p>\n<\/div>\n<ul>\n<li>HABROK 4K HQ35L<\/li>\n<li>Cser\u00e9lhet\u0151 940 \/ 850 nm-es LED megvil\u00e1g\u00edt\u00e1s<\/li>\n<li>4x \u00fajrat\u00f6lthet\u0151 18650 akkumul\u00e1tor<\/li>\n<li>1x akkumul\u00e1tort\u00f6lt\u0151<\/li>\n<li>1x t\u00e1vcs\u0151 tok<\/li>\n<li>1x nyaki hurok<\/li>\n<li>1x adapter \u00e1llv\u00e1nyra helyez\u00e9shez<\/li>\n<li>1x USB-C k\u00e1bel<\/li>\n<li>Optikai t\u00f6rl\u0151kend\u0151<\/li>\n<li>Haszn\u00e1lati \u00fatmutat\u00f3<\/li>\n<\/ul>\n<p>A m\u00e1rka hivatalos honlapja: <a href=\"https:\/\/www.hikmicrotech.com\/en\/\">https:\/\/www.hikmicrotech.com\/en\/<\/a><\/p>","protected":false},"excerpt":{"rendered":"<p>Multispektr\u00e1lis binokul\u00e1r l\u00e9zeres t\u00e1vols\u00e1gm\u00e9r\u0151vel.<\/p>\n<ul>\n<li>H\u0151kamera \u00e9rz\u00e9kel\u0151: 640 \u00d7 512 px, 12\u03bcm.<\/li>\n<li>A h\u0151k\u00e9p\u00e9rz\u00e9kel\u0151 \u00e9rz\u00e9kenys\u00e9ge: &lt; 20 mK.<\/li>\n<li>\u00c9jjell\u00e1t\u00f3 optikai modul: 3840 \u00d7 2160 px<\/li>\n<li>Cser\u00e9lhet\u0151 LED-es megvil\u00e1g\u00edt\u00e1s: 940 \/ 850 nm.<\/li>\n<li>Lencse: 35 \/ 60 mm.<\/li>\n<li>\u00c9szlel\u00e9si t\u00e1vols\u00e1g: 1800 \/ 300 m.<\/li>\n<li>Optikai zoom: 3x \/ 5,5x.<\/li>\n<li>Digit\u00e1lis zoom: 7,3 \/ 4x.<\/li>\n<li>Kijelz\u0151: 1920 \u00d7 1080 px.<\/li>\n<li>Automatikus k\u00e9pstabiliz\u00e1l\u00e1s.<\/li>\n<li>Automatikus alv\u00f3 \u00fczemm\u00f3d.<\/li>\n<li>Az akkumul\u00e1tor \u00e9lettartama: 8 \u00f3ra.<\/li>\n<li>T\u00e1pell\u00e1t\u00e1s: 2x Li-ion 18650 akkumul\u00e1tor.<\/li>\n<li>Men\u00fc \u00e9s haszn\u00e1lati utas\u00edt\u00e1sok.<\/li>\n<\/ul>","protected":false},"featured_media":21201,"template":"","meta":{"_gspb_post_css":""},"product_brand":[315],"product_cat":[336,145,21,144,330],"product_tag":[216,339,150,347,365,325,311],"class_list":{"0":"post-21047","1":"product","2":"type-product","3":"status-publish","4":"has-post-thumbnail","6":"product_brand-hikmicro","7":"product_cat-binokulare-s-nocnym-videnim","8":"product_cat-nocne-videnie","9":"product_cat-optika","10":"product_cat-termovizie","11":"product_cat-termovizne-binokulare","12":"product_tag-binokular","13":"product_tag-habrok","14":"product_tag-hikmicro","15":"product_tag-laserovy-dialkomer","16":"product_tag-multispektralny-binokular","17":"product_tag-nocne-videnie","18":"product_tag-termovizia","20":"first","21":"instock","22":"taxable","23":"shipping-taxable","24":"purchasable","25":"product-type-simple"},"ct_brands":[{"id":315,"name":"Hikmicro","slug":"hikmicro"}],"_links":{"self":[{"href":"https:\/\/zbranebudai.sk\/hu\/wp-json\/wp\/v2\/product\/21047","targetHints":{"allow":["GET"]}}],"collection":[{"href":"https:\/\/zbranebudai.sk\/hu\/wp-json\/wp\/v2\/product"}],"about":[{"href":"https:\/\/zbranebudai.sk\/hu\/wp-json\/wp\/v2\/types\/product"}],"wp:featuredmedia":[{"embeddable":true,"href":"https:\/\/zbranebudai.sk\/hu\/wp-json\/wp\/v2\/media\/21201"}],"wp:attachment":[{"href":"https:\/\/zbranebudai.sk\/hu\/wp-json\/wp\/v2\/media?parent=21047"}],"wp:term":[{"taxonomy":"product_brand","embeddable":true,"href":"https:\/\/zbranebudai.sk\/hu\/wp-json\/wp\/v2\/product_brand?post=21047"},{"taxonomy":"product_cat","embeddable":true,"href":"https:\/\/zbranebudai.sk\/hu\/wp-json\/wp\/v2\/product_cat?post=21047"},{"taxonomy":"product_tag","embeddable":true,"href":"https:\/\/zbranebudai.sk\/hu\/wp-json\/wp\/v2\/product_tag?post=21047"}],"curies":[{"name":"wp","href":"https:\/\/api.w.org\/{rel}","templated":true}]}}