{"id":21046,"date":"2026-02-10T00:48:17","date_gmt":"2026-02-09T22:48:17","guid":{"rendered":"https:\/\/zbranebudai.sk\/?post_type=product&#038;p=21046"},"modified":"2026-03-01T10:12:00","modified_gmt":"2026-03-01T08:12:00","slug":"hikmicro-stellar-sx60ls-3-0-hokameras-tavcso-lezeres-dialometerrel-egy-tavcsoben","status":"publish","type":"product","link":"https:\/\/zbranebudai.sk\/hu\/product\/hikmicro-stellar-sx60ls-3-0-termovizny-puskohlad-s-laserovym-dialkomerom-v-sosovke\/","title":{"rendered":"HIKMICRO STELLAR SX60LS 3.0 h\u0151kamera c\u00e9lt\u00e1vcs\u0151 l\u00e9zeres t\u00e1vols\u00e1gm\u00e9r\u0151vel"},"content":{"rendered":"<p><strong>HIKMICRO STELLAR SX60LS 3.0 h\u0151kamera c\u00e9lt\u00e1vcs\u0151 l\u00e9zeres t\u00e1vols\u00e1gm\u00e9r\u0151vel<\/strong><\/p>\n<p class=\"translation-block\">A <strong>60 mm gy\u00fajt\u00f3t\u00e1vols\u00e1g\u00fa objekt\u00edvnek<\/strong> \u00e9s a <strong>2,5\u00d7 optikai nagy\u00edt\u00e1snak<\/strong> k\u00f6sz\u00f6nhet\u0151en a c\u00e9lt\u00e1vcs\u0151 <strong>\u00e9szlel\u00e9si t\u00e1vols\u00e1ga ak\u00e1r 3100 m\u00e9ter<\/strong>. Az objekt\u00edvbe integr\u00e1lt LRF modul seg\u00edts\u00e9g\u00e9vel a t\u00e1vols\u00e1g m\u00e9g pontosabban m\u00e9rhet\u0151, ak\u00e1r <strong>1000 m-ig<\/strong>.<\/p>\n<p class=\"translation-block\">A <strong>Sync Pro funkci\u00f3 ak\u00e1r 60%-kal cs\u00f6kkenti a digit\u00e1lis k\u00e9sleltet\u00e9st<\/strong> \u2013 \u00edgy egyetlen pillanatr\u00f3l sem marad le! A folyamatos \u00e9s tiszta k\u00e9pet 50 Hz-es k\u00e9pfriss\u00edt\u00e9ssel egy kiv\u00e1l\u00f3 min\u0151s\u00e9g\u0171, <strong>lekerek\u00edtett OLED kijelz\u0151 biztos\u00edt 2560 \u00d7 2560 px felbont\u00e1ssal<\/strong>, amely k\u00edm\u00e9li a szemet.<\/p>\n<p class=\"translation-block\">A k\u00e9sz\u00fcl\u00e9k az <strong>Image Pro 3.0<\/strong> funkci\u00f3t is haszn\u00e1lja, amely jelent\u0151sen jav\u00edtja a k\u00e9pfeldolgoz\u00e1st \u00e9s a r\u00e9szletek megjelen\u00edt\u00e9s\u00e9t. Az el\u0151z\u0151 verzi\u00f3hoz k\u00e9pest a zavar\u00f3 h\u00e1tt\u00e9relemek elt\u00e1vol\u00edt\u00e1sra ker\u00fclnek, \u00edgy az eredm\u00e9ny egy letisztult k\u00e9p, amely a <strong>t\u00f6k\u00e9letesen megjelen\u00edtett c\u00e9lra \u00e9s a k\u00f6zvetlen\u00fcl el\u0151tte l\u00e9v\u0151 akad\u00e1lyokra<\/strong> \u00f6sszpontos\u00edt.<\/p>\n<p class=\"translation-block\">A <strong>be\u00e9p\u00edtett, ak\u00e1r 64 GB kapacit\u00e1s\u00fa mem\u00f3ri\u00e1nak k\u00f6sz\u00f6nhet\u0151en<\/strong> <strong>f\u00e9nyk\u00e9peket \u00e9s vide\u00f3kat is k\u00e9sz\u00edthet hanggal<\/strong>. A c\u00e9lt\u00e1vcs\u0151 egyik nagyon hasznos funkci\u00f3ja az <strong>automatikus felv\u00e9tel l\u00f6v\u00e9s ut\u00e1n<\/strong>, valamint a r\u00f6gz\u00edtett felv\u00e9telek azonnali megtekint\u00e9s\u00e9nek vagy t\u00f6rl\u00e9s\u00e9nek lehet\u0151s\u00e9ge. Az USB-C csatlakoz\u00f3n kereszt\u00fcl a k\u00e9sz\u00fcl\u00e9ket sz\u00e1m\u00edt\u00f3g\u00e9phez csatlakoztathatja, vagy haszn\u00e1lhatja a <strong>HIKMICRO Sight<\/strong> alkalmaz\u00e1ssal val\u00f3 \u00f6sszekapcsol\u00e1s lehet\u0151s\u00e9g\u00e9t.<\/p>\n<p class=\"translation-block\">A c\u00e9lt\u00e1vcs\u0151 a <strong>IP67 v\u00e9detts\u00e9gnek<\/strong> \u00e9s a tart\u00f3s duralum\u00ednium h\u00e1znak k\u00f6sz\u00f6nhet\u0151en rendk\u00edv\u00fcl ellen\u00e1ll\u00f3, \u00edgy a Stellar 3.0 zord k\u00f6r\u00fclm\u00e9nyek k\u00f6z\u00f6tt, p\u00e9ld\u00e1ul es\u0151ben vagy h\u00f3ban is megb\u00edzhat\u00f3an haszn\u00e1lhat\u00f3. Egyetlen pillanatr\u00f3l sem marad le a <strong>k\u00e9t be\u00e9p\u00edtett \u00e9s egy cser\u00e9lhet\u0151 akkumul\u00e1tor kombin\u00e1ci\u00f3j\u00e1nak<\/strong> k\u00f6sz\u00f6nhet\u0151en, amelyek egy\u00fctt <strong>ak\u00e1r 6,5 \u00f3r\u00e1s megfigyel\u00e9si id\u0151t<\/strong> biztos\u00edtanak! Az energiatakar\u00e9koss\u00e1g \u00e9rdek\u00e9ben alv\u00f3 m\u00f3d is rendelkez\u00e9sre \u00e1ll, sz\u00fcks\u00e9g eset\u00e9n pedig powerbank is csatlakoztathat\u00f3.<\/p>\n<table dir=\"ltr\" style=\"width: 950px;height: 552px\" border=\"1\" cellspacing=\"0\" cellpadding=\"0\" data-sheets-root=\"1\" data-sheets-baot=\"1\">\n<colgroup>\n<col width=\"100\" \/>\n<col width=\"223\" \/><\/colgroup>\n<tbody>\n<tr style=\"height: 24px\">\n<td style=\"width: 477.1px;height: 24px\">Wi-Fi<\/td>\n<td style=\"width: 468.1px;height: 24px\">Igen<\/td>\n<\/tr>\n<tr style=\"height: 24px\">\n<td style=\"width: 477.1px;height: 24px\">\u00c9rz\u00e9kel\u0151<\/td>\n<td style=\"width: 468.1px;height: 24px\">1280 \u00d7 1080 px<\/td>\n<\/tr>\n<tr style=\"height: 24px\">\n<td style=\"width: 477.1px;height: 24px\">H\u0151\u00e9rz\u00e9kenys\u00e9g<\/td>\n<td style=\"width: 468.1px;height: 24px\">&lt; 15 mK<\/td>\n<\/tr>\n<tr style=\"height: 24px\">\n<td style=\"width: 477.1px;height: 24px\">Kijelz\u0151 felbont\u00e1sa<\/td>\n<td style=\"width: 468.1px;height: 24px\">2560 \u00d7 2560 px<\/td>\n<\/tr>\n<tr style=\"height: 24px\">\n<td style=\"width: 477.1px;height: 24px\">Friss\u00edt\u00e9si sebess\u00e9g<\/td>\n<td style=\"width: 468.1px;height: 24px\">50 Hz<\/td>\n<\/tr>\n<tr style=\"height: 24px\">\n<td style=\"width: 477.1px;height: 24px\">Lencse<\/td>\n<td style=\"width: 468.1px;height: 24px\">60 mm<\/td>\n<\/tr>\n<tr style=\"height: 24px\">\n<td style=\"width: 477.1px;height: 24px\">\u00c9rz\u00e9kel\u00e9si t\u00e1vols\u00e1g<\/td>\n<td style=\"width: 468.1px;height: 24px\">3100 m<\/td>\n<\/tr>\n<tr style=\"height: 24px\">\n<td style=\"width: 477.1px;height: 24px\">Optikai nagy\u00edt\u00e1s<\/td>\n<td style=\"width: 468.1px;height: 24px\">2,5x<\/td>\n<\/tr>\n<tr style=\"height: 24px\">\n<td style=\"width: 477.1px;height: 24px\">Digit\u00e1lis zoom<\/td>\n<td style=\"width: 468.1px;height: 24px\">11,4x<\/td>\n<\/tr>\n<tr style=\"height: 24px\">\n<td style=\"width: 477.1px;height: 24px\">L\u00e9zeres t\u00e1vols\u00e1gm\u00e9r\u0151<\/td>\n<td style=\"width: 468.1px;height: 24px\">Igen, hat\u00f3t\u00e1vols\u00e1g 1000 m<\/td>\n<\/tr>\n<tr style=\"height: 24px\">\n<td style=\"width: 477.1px;height: 24px\">Ballisztikus kalkul\u00e1tor<\/td>\n<td style=\"width: 468.1px;height: 24px\">Igen<\/td>\n<\/tr>\n<tr style=\"height: 24px\">\n<td style=\"width: 477.1px;height: 24px\">L\u00e1t\u00f3mez\u0151<\/td>\n<td style=\"width: 468.1px;height: 24px\">14,6\u00b0 \u00d7 11,7\u00b0<\/td>\n<\/tr>\n<tr style=\"height: 24px\">\n<td style=\"width: 477.1px;height: 24px\">Dioptri\u00e1s korrekci\u00f3<\/td>\n<td style=\"width: 468.1px;height: 24px\">-4D ~ +4D<\/td>\n<\/tr>\n<tr style=\"height: 24px\">\n<td style=\"width: 477.1px;height: 24px\">F\u00e9nyk\u00e9pez\u00e9s<\/td>\n<td style=\"width: 468.1px;height: 24px\">Igen<\/td>\n<\/tr>\n<tr style=\"height: 24px\">\n<td style=\"width: 477.1px;height: 24px\">Vide\u00f3felv\u00e9tel<\/td>\n<td style=\"width: 468.1px;height: 24px\">Igen<\/td>\n<\/tr>\n<tr style=\"height: 24px\">\n<td style=\"width: 477.1px;height: 24px\">Hangfelv\u00e9tel<\/td>\n<td style=\"width: 468.1px;height: 24px\">Igen<\/td>\n<\/tr>\n<tr style=\"height: 24px\">\n<td style=\"width: 477.1px;height: 24px\">A v\u00e9delem szintje<\/td>\n<td style=\"width: 468.1px;height: 24px\">IP67<\/td>\n<\/tr>\n<tr style=\"height: 24px\">\n<td style=\"width: 477.1px;height: 24px\">Bels\u0151 mem\u00f3ria<\/td>\n<td style=\"width: 468.1px;height: 24px\">Be\u00e9p\u00edtett, 64 GB<\/td>\n<\/tr>\n<tr style=\"height: 24px\">\n<td style=\"width: 477.1px;height: 24px\">\u00dczemi h\u0151m\u00e9rs\u00e9klet<\/td>\n<td style=\"width: 468.1px;height: 24px\">-30 \u00b0C - +55 \u00b0C<\/td>\n<\/tr>\n<tr style=\"height: 24px\">\n<td style=\"width: 477.1px;height: 24px\">Akkumul\u00e1tor<\/td>\n<td style=\"width: 468.1px;height: 24px\">2\u00d7 be\u00e9p\u00edtett, 1\u00d7 cser\u00e9lhet\u0151 18650<\/td>\n<\/tr>\n<tr style=\"height: 24px\">\n<td style=\"width: 477.1px;height: 24px\">Akkumul\u00e1tor \u00fczemid\u0151<\/td>\n<td style=\"width: 468.1px;height: 24px\">6,5 \u00f3ra<\/td>\n<\/tr>\n<tr style=\"height: 24px\">\n<td style=\"width: 477.1px;height: 24px\">S\u00faly<\/td>\n<td style=\"width: 468.1px;height: 24px\">1150 g<\/td>\n<\/tr>\n<tr style=\"height: 24px\">\n<td style=\"width: 477.1px;height: 24px\">M\u00e9retek<\/td>\n<td style=\"width: 468.1px;height: 24px\">453 \u00d7 94 \u00d7 79 mm<\/td>\n<\/tr>\n<\/tbody>\n<\/table>\n<p><strong>A csomag tartalma:<\/strong><\/p>\n<ul>\n<li>HIKMICRO STELLAR SX60LS 3.0 h\u0151kamera c\u00e9lt\u00e1vcs\u0151<\/li>\n<li>2x \u00fajrat\u00f6lthet\u0151 18650-es akkumul\u00e1tor<\/li>\n<li>1x akkumul\u00e1tort\u00f6lt\u0151<\/li>\n<li>1x USB-C k\u00e1bel<\/li>\n<li>1x csavaros f\u0171z\u0151lyuk<\/li>\n<li>Fed\u00e9l a c\u00e9lt\u00e1vcs\u0151h\u00f6z<\/li>\n<li>Sz\u00e1ll\u00edt\u00f3t\u00e1ska<\/li>\n<li>Optikatiszt\u00edt\u00f3 kend\u0151<\/li>\n<li>Haszn\u00e1lati \u00fatmutat\u00f3<\/li>\n<\/ul>\n<p data-start=\"16\" data-end=\"54\"><strong data-start=\"16\" data-end=\"52\">A m\u00e1rka hivatalos honlapja: <a href=\"https:\/\/www.hikmicrotech.com\/sk\/\">https:\/\/www.hikmicrotech.com\/sk\/<\/a>\u00a0<\/strong><\/p>","protected":false},"excerpt":{"rendered":"<p>\u00c9lvezze a vad\u00e1szat forradalm\u00e1t a Stellar 3.0 h\u0151kamera c\u00e9lt\u00e1vcs\u0151vel, amely m\u00e9g a legs\u00f6t\u00e9tebb \u00e9jszak\u00e1kon is minden r\u00e9szletet felfedez!<\/p>\n<ul>\n<li>H\u0151k\u00e9p\u00e9rz\u00e9kel\u0151: 1280 \u00d7 1024 px<\/li>\n<li>H\u0151\u00e9rz\u00e9kenys\u00e9g: 15 mK<\/li>\n<li>\u00c9rz\u00e9kel\u00e9si t\u00e1vols\u00e1g: ak\u00e1r 3100 m<\/li>\n<li>Jellemz\u0151k Image Pro 3.0, Sync Pro<\/li>\n<li>L\u00e9zeres t\u00e1vols\u00e1gm\u00e9r\u0151: az objekt\u00edvbe \u00e9p\u00edtett<\/li>\n<li>Objekt\u00edvsapka: m\u00e1gneses<\/li>\n<\/ul>\n<p>Az SX60LS 3.0 h\u0151kameramagja 1280\u00d71024 px felbont\u00e1s\u00fa \u00e9s \u2264 15 mK h\u0151m\u00e9rs\u00e9klet-\u00e9rz\u00e9kenys\u00e9g\u0171, t\u00f6k\u00e9letesen r\u00e9szletes k\u00e9pet ny\u00fajt, amelyen m\u00e9g a sz\u0151rzet \u00e9s az agancsok is l\u00e1that\u00f3ak.<\/p>","protected":false},"featured_media":21198,"template":"","meta":{"_gspb_post_css":""},"product_brand":[315],"product_cat":[21,144,329],"product_tag":[150,347,267,362],"class_list":{"0":"post-21046","1":"product","2":"type-product","3":"status-publish","4":"has-post-thumbnail","6":"product_brand-hikmicro","7":"product_cat-optika","8":"product_cat-termovizie","9":"product_cat-termovizne-puskohlady","10":"product_tag-hikmicro","11":"product_tag-laserovy-dialkomer","12":"product_tag-stellar","13":"product_tag-termovizny-puskohlad","15":"first","16":"instock","17":"sale","18":"featured","19":"taxable","20":"shipping-taxable","21":"purchasable","22":"product-type-simple"},"ct_brands":[{"id":315,"name":"Hikmicro","slug":"hikmicro"}],"_links":{"self":[{"href":"https:\/\/zbranebudai.sk\/hu\/wp-json\/wp\/v2\/product\/21046","targetHints":{"allow":["GET"]}}],"collection":[{"href":"https:\/\/zbranebudai.sk\/hu\/wp-json\/wp\/v2\/product"}],"about":[{"href":"https:\/\/zbranebudai.sk\/hu\/wp-json\/wp\/v2\/types\/product"}],"wp:featuredmedia":[{"embeddable":true,"href":"https:\/\/zbranebudai.sk\/hu\/wp-json\/wp\/v2\/media\/21198"}],"wp:attachment":[{"href":"https:\/\/zbranebudai.sk\/hu\/wp-json\/wp\/v2\/media?parent=21046"}],"wp:term":[{"taxonomy":"product_brand","embeddable":true,"href":"https:\/\/zbranebudai.sk\/hu\/wp-json\/wp\/v2\/product_brand?post=21046"},{"taxonomy":"product_cat","embeddable":true,"href":"https:\/\/zbranebudai.sk\/hu\/wp-json\/wp\/v2\/product_cat?post=21046"},{"taxonomy":"product_tag","embeddable":true,"href":"https:\/\/zbranebudai.sk\/hu\/wp-json\/wp\/v2\/product_tag?post=21046"}],"curies":[{"name":"wp","href":"https:\/\/api.w.org\/{rel}","templated":true}]}}