{"id":21043,"date":"2026-02-10T00:48:17","date_gmt":"2026-02-09T22:48:17","guid":{"rendered":"https:\/\/zbranebudai.sk\/?post_type=product&#038;p=21043"},"modified":"2026-02-21T16:38:11","modified_gmt":"2026-02-21T14:38:11","slug":"hikmicro-lynx-pro-lh15-hokameras-monokular","status":"publish","type":"product","link":"https:\/\/zbranebudai.sk\/hu\/product\/hikmicro-lynx-pro-lh15-termovizny-monokular\/","title":{"rendered":"Hikmicro LYNX PRO LH15 h\u0151kamera keres\u0151"},"content":{"rendered":"<p><strong>Hikmicro LYNX PRO LH15 h\u0151kamera keres\u0151<\/strong><\/p>\n<p><b>Monokul\u00e1r sorozat<\/b> <b>Lynx Pro<\/b> <span style=\"font-weight: 400\">kiv\u00e1l\u00f3 v\u00e1laszt\u00e1s els\u0151 h\u0151kamer\u00e1s k\u00e9sz\u00fcl\u00e9kk\u00e9nt sz\u00e1mos alkalmaz\u00e1shoz.<\/span><\/p>\n<ul>\n<li style=\"font-weight: 400\"><span style=\"font-weight: 400\">H\u0151\u00e9rz\u00e9kenys\u00e9g: &lt; 35 mK<\/span><\/li>\n<li style=\"font-weight: 400\"><span style=\"font-weight: 400\">\u00c9rz\u00e9kel\u0151: 384 \u00d7 288 px<\/span><\/li>\n<li style=\"font-weight: 400\"><span style=\"font-weight: 400\">LCOS kijelz\u0151: 1280 \u00d7 960 px<\/span><\/li>\n<li style=\"font-weight: 400\"><span style=\"font-weight: 400\">K\u00f6nny\u0171, be\u00e9p\u00edtett akkumul\u00e1torral<\/span><\/li>\n<li style=\"font-weight: 400\"><span style=\"font-weight: 400\">M\u0171k\u00f6d\u00e9si id\u0151: ak\u00e1r 7,5 \u00f3ra<\/span><\/li>\n<\/ul>\n<p><b>Monokul\u00e1ris<\/b> <b>Lynx Pro LH15<\/b> <span style=\"font-weight: 400\">NETD-\u00e9rz\u00e9kenys\u00e9ggel &lt; 35 mK \u00e9s 384 \u00d7 288 pixeles felbont\u00e1ssal rendelkez\u0151 h\u0151k\u00e9p\u00e9rz\u00e9kel\u0151vel van felszerelve.<br \/>\nMin\u00e9l alacsonyabb a NETD-\u00e9rt\u00e9k, ann\u00e1l jobban k\u00e9pes az \u00e9rz\u00e9kel\u0151 az objektumok k\u00f6z\u00f6tti legkisebb h\u0151m\u00e9rs\u00e9kletk\u00fcl\u00f6nbs\u00e9geket is megragadni, \u00edgy r\u00e9szletesebb k\u00e9pet ad.<\/span><\/p>\n<p><span style=\"font-weight: 400\">K\u00f6sz\u00f6nhet\u0151en<\/span> <b>15 mm-es f\u00f3kuszt\u00e1vols\u00e1g\u00fa objekt\u00edvnek<\/b><span style=\"font-weight: 400\"> az <\/span><b>\u00e9rz\u00e9kel\u00e9si tartom\u00e1ny 750 m\u00e9ter<\/b><span style=\"font-weight: 400\">.<\/span><\/p>\n<p><span style=\"font-weight: 400\">A teljes megfigyelt k\u00e9p megjelenik<\/span> <b>egy 1280 \u00d7 960 px LCOS kijelz\u0151n<\/b><span style=\"font-weight: 400\">.<br \/>\nLehets\u00e9ges<\/span> <b>n\u00e9gy sz\u00ednpaletta k\u00f6z\u00f6tti v\u00e1lt\u00e1s<\/b><span style=\"font-weight: 400\">, haszn\u00e1lja<\/span> <b>ar\u00e1nyos t\u00e1vols\u00e1gm\u00e9r\u0151<\/b> <span style=\"font-weight: 400\">a <\/span><b>digit\u00e1lis nagy\u00edt\u00e1s ak\u00e1r 8\u00d7-ig<\/b><span style=\"font-weight: 400\">.<\/span><\/p>\n<p><span style=\"font-weight: 400\">A Lynx Pro olyan technol\u00f3gi\u00e1kat is tartalmaz, mint p\u00e9ld\u00e1ul:<\/span><\/p>\n<ul>\n<li style=\"font-weight: 400\"><b>Automatikus er\u0151s\u00edt\u00e9sszab\u00e1lyoz\u00e1s (AGC)<\/b><\/li>\n<li style=\"font-weight: 400\"><b>Digit\u00e1lis k\u00e9pjav\u00edt\u00e1s (DDE)<\/b><\/li>\n<li style=\"font-weight: 400\"><b>H\u00e1romdimenzi\u00f3s zajcs\u00f6kkent\u00e9s (3D DNR)<\/b><\/li>\n<\/ul>\n<p><span style=\"font-weight: 400\">A be\u00e9p\u00edtett akkumul\u00e1tor ak\u00e1r <\/span><b>7,5 \u00f3ra folyamatos m\u0171k\u00f6d\u00e9s<\/b> <span style=\"font-weight: 400\">\u00e9s van<\/span> <b>alv\u00f3 \u00fczemm\u00f3d<\/b><span style=\"font-weight: 400\">, ami meghosszabb\u00edtja az akkumul\u00e1tor \u00e9lettartam\u00e1t.<\/span><\/p>\n<p><span style=\"font-weight: 400\">K\u00e9sz\u00fcl\u00e9k <\/span><b>v\u00edz\u00e1ll\u00f3 \u00e9s IP67 tan\u00fas\u00edtv\u00e1nnyal rendelkezik<\/b><span style=\"font-weight: 400\">, teh\u00e1t a <\/span><b>Lynx Pro<\/b> <span style=\"font-weight: 400\">megb\u00edzhat\u00f3an haszn\u00e1lhat\u00f3 es\u0151ben vagy h\u00f3ban, m\u00e9g kih\u00edv\u00e1st jelent\u0151 k\u00f6r\u00fclm\u00e9nyek k\u00f6z\u00f6tt is.<\/span><\/p>\n<table dir=\"ltr\" border=\"1\" cellspacing=\"0\" cellpadding=\"0\" data-sheets-root=\"1\" data-sheets-baot=\"1\">\n<colgroup>\n<col width=\"100\" \/>\n<col width=\"100\" \/><\/colgroup>\n<tbody>\n<tr>\n<td>Wi-Fi<\/td>\n<td>Igen<\/td>\n<\/tr>\n<tr>\n<td>\u00c9rz\u00e9kel\u0151<\/td>\n<td>384 \u00d7 288 px<\/td>\n<\/tr>\n<tr>\n<td>H\u0151\u00e9rz\u00e9kenys\u00e9g<\/td>\n<td>&lt; 35 mK<\/td>\n<\/tr>\n<tr>\n<td>Kijelz\u0151 felbont\u00e1sa<\/td>\n<td>1280 \u00d7 960 px<\/td>\n<\/tr>\n<tr>\n<td>Lencse<\/td>\n<td>15 mm<\/td>\n<\/tr>\n<tr>\n<td>\u00c9rz\u00e9kel\u00e9si t\u00e1vols\u00e1g<\/td>\n<td>750 m<\/td>\n<\/tr>\n<tr>\n<td>Optikai nagy\u00edt\u00e1s<\/td>\n<td>1,5\u00d7<\/td>\n<\/tr>\n<tr>\n<td>L\u00e1t\u00f3mez\u0151<\/td>\n<td>17,5\u00b0 \u00d7 13,1\u00b0<\/td>\n<\/tr>\n<tr>\n<td>Digit\u00e1lis zoom<\/td>\n<td>ak\u00e1r 8\u00d7<\/td>\n<\/tr>\n<tr>\n<td>A dioptri\u00e1k korrekci\u00f3ja<\/td>\n<td>-4D \u00e9s +5D k\u00f6z\u00f6tt<\/td>\n<\/tr>\n<tr>\n<td>Fot\u00f3z\u00e1s opci\u00f3<\/td>\n<td>Igen<\/td>\n<\/tr>\n<tr>\n<td>Vide\u00f3felv\u00e9teli k\u00e9pess\u00e9g<\/td>\n<td>Igen<\/td>\n<\/tr>\n<tr>\n<td>A v\u00e9delem szintje<\/td>\n<td>IP67<\/td>\n<\/tr>\n<tr>\n<td>Mem\u00f3ria<\/td>\n<td>Be\u00e9p\u00edtett, 8 GB<\/td>\n<\/tr>\n<tr>\n<td>\u00dczemi h\u0151m\u00e9rs\u00e9klet<\/td>\n<td>-20 \u00b0C - +55 \u00b0C<\/td>\n<\/tr>\n<tr>\n<td>Akkumul\u00e1tor<\/td>\n<td>Be\u00e9p\u00edtett Li-ion<\/td>\n<\/tr>\n<tr>\n<td>Akkumul\u00e1tor \u00fczemid\u0151<\/td>\n<td>7,5 \u00f3ra<\/td>\n<\/tr>\n<tr>\n<td>S\u00faly<\/td>\n<td>290 g<\/td>\n<\/tr>\n<tr>\n<td>M\u00e9retek<\/td>\n<td>\n<div>\n<div>158 \u00d7 61 \u00d7 57 mm<\/div>\n<\/div>\n<\/td>\n<\/tr>\n<\/tbody>\n<\/table>\n<p data-start=\"0\" data-end=\"20\">A csomag tartalma:<\/p>\n<ul>\n<li data-start=\"24\" data-end=\"67\">HIKMICRO LYNX PRO LH15<\/li>\n<li data-start=\"24\" data-end=\"67\">1\u00d7 csukl\u00f3p\u00e1nt<\/li>\n<li data-start=\"24\" data-end=\"67\">1\u00d7 USB adatk\u00e1bel<\/li>\n<li data-start=\"24\" data-end=\"67\">Optikai tiszt\u00edt\u00f3 kend\u0151<\/li>\n<li data-start=\"24\" data-end=\"67\">Haszn\u00e1lati utas\u00edt\u00e1s<\/li>\n<\/ul>\n<p>A m\u00e1rka hivatalos honlapja: <a href=\"https:\/\/www.hikmicrotech.com\/en\/outdoor-products\/lynx-pro-series-monocular\/\">https:\/\/www.hikmicrotech.com\/en\/outdoor-products\/lynx-pro-series-monocular\/<\/a><\/p>","protected":false},"excerpt":{"rendered":"<ul>\n<li>\u00c9rz\u00e9kel\u0151: 384 \u00d7 288 px, 12 \u03bcm.<\/li>\n<li>Objekt\u00edv: 15 mm.<\/li>\n<li>H\u0151\u00e9rz\u00e9kenys\u00e9g: &lt; 35 mK.<\/li>\n<li>\u00c9rz\u00e9kel\u00e9si t\u00e1vols\u00e1g: 750 m.<\/li>\n<li>Optikai nagy\u00edt\u00e1s: 1,5\u00d7.<\/li>\n<li>Digit\u00e1lis zoom: ak\u00e1r 8\u00d7.<\/li>\n<li>Kijelz\u0151: 1280 \u00d7 960 px LCOS.<\/li>\n<li>Energiatakar\u00e9kos \u00fczemm\u00f3d (alv\u00f3 \u00fczemm\u00f3d).<\/li>\n<li>Az akkumul\u00e1tor \u00e9lettartama: 7,5 \u00f3ra.<\/li>\n<\/ul>","protected":false},"featured_media":21188,"template":"","meta":{"_gspb_post_css":""},"product_brand":[315],"product_cat":[21,144,327],"product_tag":[150,281,337],"class_list":{"0":"post-21043","1":"product","2":"type-product","3":"status-publish","4":"has-post-thumbnail","6":"product_brand-hikmicro","7":"product_cat-optika","8":"product_cat-termovizie","9":"product_cat-termovizne-monokulary","10":"product_tag-hikmicro","11":"product_tag-lynx","12":"product_tag-termovizny-monokular","14":"first","15":"instock","16":"taxable","17":"shipping-taxable","18":"purchasable","19":"product-type-simple"},"ct_brands":[{"id":315,"name":"Hikmicro","slug":"hikmicro"}],"_links":{"self":[{"href":"https:\/\/zbranebudai.sk\/hu\/wp-json\/wp\/v2\/product\/21043","targetHints":{"allow":["GET"]}}],"collection":[{"href":"https:\/\/zbranebudai.sk\/hu\/wp-json\/wp\/v2\/product"}],"about":[{"href":"https:\/\/zbranebudai.sk\/hu\/wp-json\/wp\/v2\/types\/product"}],"wp:featuredmedia":[{"embeddable":true,"href":"https:\/\/zbranebudai.sk\/hu\/wp-json\/wp\/v2\/media\/21188"}],"wp:attachment":[{"href":"https:\/\/zbranebudai.sk\/hu\/wp-json\/wp\/v2\/media?parent=21043"}],"wp:term":[{"taxonomy":"product_brand","embeddable":true,"href":"https:\/\/zbranebudai.sk\/hu\/wp-json\/wp\/v2\/product_brand?post=21043"},{"taxonomy":"product_cat","embeddable":true,"href":"https:\/\/zbranebudai.sk\/hu\/wp-json\/wp\/v2\/product_cat?post=21043"},{"taxonomy":"product_tag","embeddable":true,"href":"https:\/\/zbranebudai.sk\/hu\/wp-json\/wp\/v2\/product_tag?post=21043"}],"curies":[{"name":"wp","href":"https:\/\/api.w.org\/{rel}","templated":true}]}}