{"id":21042,"date":"2026-02-10T00:48:16","date_gmt":"2026-02-09T22:48:16","guid":{"rendered":"https:\/\/zbranebudai.sk\/?post_type=product&#038;p=21042"},"modified":"2026-03-02T17:10:31","modified_gmt":"2026-03-02T15:10:31","slug":"hikmicro-thunder-tq35cl-3-0-hokeszulek-lezeres-meromuszerrel","status":"publish","type":"product","link":"https:\/\/zbranebudai.sk\/hu\/product\/hikmicro-thunder-tq35cl-3-0-termovizna-predsadka-s-laserovym-dialkomerom\/","title":{"rendered":"Hikmicro THUNDER TQ35CL 3.0 h\u0151kamera el\u0151t\u00e9t l\u00e9zeres t\u00e1vols\u00e1gm\u00e9r\u0151vel"},"content":{"rendered":"<div data-cep-style-id=\"10d3274095e423b13c2b86355e6a6247\">\n<div id=\"Overview\" class=\"locate-container quick-navigation-container\">\n<div class=\"cep__container\" data-cep-style-id=\"713125a7b3e891fdde9b602a130382d6\">\n<div data-cep-style-id=\"99813ac16117e80410d58e2a79461844\">\n<div class=\"hik-feature-billboard hik-feature-billboard-news\">\n<div class=\"box-img\">\n<div class=\"new-content-box\">\n<div class=\"content-wrap wrap1310\">\n<div class=\"content-container-billboard p-top-center c-white\">\n<div class=\"content-box Normal\"><strong>Hikmicro THUNDER TQ35CL 3.0 h\u0151kamera el\u0151t\u00e9t l\u00e9zeres t\u00e1vols\u00e1gm\u00e9r\u0151vel<\/strong><br \/>\n<b>P\u00e1ratlan vizu\u00e1lis \u00e9lm\u00e9ny -&gt; A nagyobb h\u0151\u00e9rz\u00e9kenys\u00e9g (NETD&lt;15mK) leny\u0171g\u00f6z\u0151en f\u00e9nyes k\u00e9peket biztos\u00edt.<\/b><\/div>\n<div class=\"content-box Normal\">A HIKMICRO THUNDER 3.0 h\u0151kamera rendk\u00edv\u00fcl \u00e9rz\u00e9keny h\u0151kamera \u00e9rz\u00e9kel\u0151vel rendelkezik (NETD&lt;15 mK), amely a percenk\u00e9nti h\u0151m\u00e9rs\u00e9kletk\u00fcl\u00f6nbs\u00e9gek r\u00f6gz\u00edt\u00e9s\u00e9vel leny\u0171g\u00f6z\u0151 tisztas\u00e1g\u00fa k\u00e9pet biztos\u00edt. A megn\u00f6velt \u00e9rz\u00e9kenys\u00e9g lehet\u0151v\u00e9 teszi a pontosabb c\u00e9lpont-azonos\u00edt\u00e1st \u00e9s a k\u00f6rnyezeti r\u00e9szleteket, f\u00fcggetlen\u00fcl a kih\u00edv\u00e1st jelent\u0151 id\u0151j\u00e1r\u00e1si vagy rossz l\u00e1t\u00e1si viszonyokt\u00f3l.<\/div>\n<div><\/div>\n<div class=\"content-box Normal\"><b>P\u00e1ratlan vizu\u00e1lis \u00e9lm\u00e9ny 0,49\u2033 OLED kijelz\u0151n<\/b><br \/>\nTapasztalja meg a kiemelked\u0151 k\u00e9pmin\u0151s\u00e9get a 0,49\u2033 OLED HIKMICRO THUNDER 3.0 kijelz\u0151vel, amely krist\u00e1lytiszta 1920 x 1080 felbont\u00e1st k\u00edn\u00e1l. A felcsatolhat\u00f3 h\u0151kamera k\u00e9sz\u00fcl\u00e9k \u00e9l\u00e9nk sz\u00ednei \u00e9s nagym\u00e9ret\u0171 kijelz\u0151je biztos\u00edtja, hogy minden r\u00e9szlet pontosan jelenjen meg, sokkal val\u00f3s\u00e1gh\u0171bb l\u00e1tv\u00e1nyt ny\u00fajtva.<\/div>\n<div><\/div>\n<div class=\"content-box Normal\"><b>T\u00fck\u00f6rszer\u0171 vizu\u00e1lis \u00e9lm\u00e9ny a HIKMICRO leg\u00fajabb z\u00e1rmentes k\u00e9palkot\u00f3 rendszer\u00e9vel (HSIS).<\/b><br \/>\nA HIKMICRO leg\u00fajabb z\u00e1rmentes k\u00e9palkot\u00f3 technol\u00f3gi\u00e1ja (HSIS) megszak\u00edt\u00e1s n\u00e9lk\u00fcli vizu\u00e1lis \u00e9lm\u00e9nyt biztos\u00edt az\u00e1ltal, hogy kik\u00fcsz\u00f6b\u00f6li a k\u00e9zi kalibr\u00e1l\u00e1s sz\u00fcks\u00e9gess\u00e9g\u00e9t. Ez a fejlett rendszer kompromisszumok n\u00e9lk\u00fcli, sima \u00e9s folyamatos k\u00e9pet ny\u00fajt a THUNDER 3.0 el\u0151t\u00e9t h\u0151kamera haszn\u00e1lata sor\u00e1n, lehet\u0151v\u00e9 t\u00e9ve a felhaszn\u00e1l\u00f3k sz\u00e1m\u00e1ra, hogy a kritikus pillanatokra \u00f6sszpontos\u00edtsanak.<\/div>\n<div><\/div>\n<div class=\"content-box Normal\"><b>Az innovat\u00edv Image Pro 3.0 t\u00f6k\u00e9letes, kiegyens\u00falyozott r\u00e9szleteket gener\u00e1l<\/b>Vad\u00e1szat k\u00f6zben a zs\u00e1km\u00e1ny k\u00f6rnyezet\u00e9nek megfigyel\u00e9se ugyanolyan fontos, mint mag\u00e1nak a zs\u00e1km\u00e1nynak a megfigyel\u00e9se. Az Image Pro 3.0 algoritmikus c\u00e9lz\u00f3kiemel\u0151je k\u00f6nnyed\u00e9n kiemeli a zs\u00e1km\u00e1nyt a h\u00e1tt\u00e9rb\u0151l, \u00edgy azonnal azonos\u00edtani tudja a c\u00e9lpontot. Emellett kiv\u00e9teles r\u00e9szletess\u00e9get biztos\u00edt minden t\u00e1vols\u00e1gb\u00f3l, \u00edgy seg\u00edt \u00d6nnek abban, hogy teljes m\u00e9rt\u00e9kben tiszt\u00e1ban legyen a k\u00f6rnyezet\u00e9vel, \u00e9s kock\u00e1zat n\u00e9lk\u00fcl, megalapozott d\u00f6nt\u00e9seket hozhasson.<br \/>\n<b><\/b><\/p>\n<p class=\"translation-block\"><b>Tiszta k\u00e9pmin\u0151s\u00e9g<\/b> <b>kompatibilit\u00e1ssal<\/b> <b>ak\u00e1r 15\u00d7 nagy\u00edt\u00e1s\u00fa nappali t\u00e1vcs\u00f6vekkel<\/b><\/p>\n<p>A HIKMICRO THUNDER 3.0 h\u0151kamera nagy nagy\u00edt\u00e1s\u00fa (ak\u00e1r 15x) nappali t\u00e1vcs\u00f6vekkel haszn\u00e1lva is tiszta \u00e9s r\u00e9szletes k\u00e9peket biztos\u00edt. Ez a kompatibilit\u00e1s biztos\u00edtja, hogy a felhaszn\u00e1l\u00f3k nagy t\u00e1vols\u00e1gokb\u00f3l is pontos \u00e9s tiszta k\u00e9peket kapjanak, ami fokozza az \u00e1ltal\u00e1nos vad\u00e1szati \u00e9lm\u00e9nyt.<br \/>\n<b><\/b><\/p>\n<p><b>Innovat\u00edv l\u00e9zeres t\u00e1vols\u00e1gm\u00e9r\u0151 modul a kompaktabb \u00e9s eszt\u00e9tikusabb megjelen\u00e9s \u00e9rdek\u00e9ben<\/b><\/p>\n<p>A THUNDER 3.0 felcsatolhat\u00f3 h\u0151kamera innovat\u00edv, egykeretes objekt\u00edvvel rendelkezik, a lencs\u00e9k m\u00f6g\u00e9 integr\u00e1lt l\u00e9zeres t\u00e1vols\u00e1gm\u00e9r\u0151vel, amely v\u00e9konyabb megjelen\u00e9st k\u00f6lcs\u00f6n\u00f6z a k\u00e9sz\u00fcl\u00e9knek. A kompakt kialak\u00edt\u00e1s nem csak a helyig\u00e9nyt cs\u00f6kkenti, hanem a haszn\u00e1lhat\u00f3s\u00e1got is jav\u00edtja, \u00edgy a k\u00e9sz\u00fcl\u00e9k kompakt \u00e9s eszt\u00e9tikusabb megjelen\u00e9st biztos\u00edt.<\/p>\n<p><b>Helyi album a k\u00e9nyelmes megtekint\u00e9shez<\/b><\/p>\n<p>A Helyi album funkci\u00f3val k\u00e9nyelmesen b\u00f6ng\u00e9szheti \u00e9s kezelheti k\u00e9peit \u00e9s vide\u00f3it k\u00f6zvetlen\u00fcl a k\u00e9sz\u00fcl\u00e9k\u00e9n. Az intuit\u00edv funkci\u00f3k megk\u00f6nny\u00edtik a r\u00f6gz\u00edtett felv\u00e9telek b\u00f6ng\u00e9sz\u00e9s\u00e9t \u00e9s a legmegfelel\u0151bb pillanatok kiv\u00e1laszt\u00e1s\u00e1t az elemz\u00e9shez.<\/p>\n<p><b>A virtu\u00e1lis c\u00e9lkereszt a vide\u00f3ban hiteles eml\u00e9ket biztos\u00edt a l\u00f6v\u00e9sr\u0151l<\/b><\/p>\n<p>A HIKMICRO THUNDER 3.0 felcsatolhat\u00f3 h\u0151kamera virtu\u00e1lis c\u00e9lkeresztet biztos\u00edt a videofelv\u00e9telekhez, lehet\u0151v\u00e9 t\u00e9ve a felv\u00e9telek pillanat\u00e1nak hitelesebb bemutat\u00e1s\u00e1t. Ez a funkci\u00f3 k\u00fcl\u00f6n\u00f6sen hasznos azon vad\u00e1szok sz\u00e1m\u00e1ra, akik szeretn\u00e9k r\u00f6gz\u00edteni \u00e9lm\u00e9nyeiket, de meg akarnak felelni a helyi el\u0151\u00edr\u00e1soknak is, amelyek korl\u00e1tozz\u00e1k a l\u00e1that\u00f3 c\u00e9lkereszteket a r\u00f6gz\u00edtett felv\u00e9teleken.<br \/>\n<b><\/b><\/p>\n<p><b>Hossz\u00fa \u00fczemid\u0151 \u00e9s cser\u00e9lhet\u0151, \u00fajrat\u00f6lthet\u0151 akkumul\u00e1torok<\/b><\/p>\n<p>A THUNDER 3.0 ak\u00e1r 6 \u00f3r\u00e1n \u00e1t is k\u00e9pes folyamatosan m\u0171k\u00f6dni egyetlen felt\u00f6lt\u00e9ssel. A cser\u00e9lhet\u0151 \u00e9s \u00fajrat\u00f6lthet\u0151 akkumul\u00e1toroknak k\u00f6sz\u00f6nhet\u0151en a k\u00e9sz\u00fcl\u00e9k biztos\u00edtja, hogy a vad\u00e1szok mindig felt\u00f6ltve \u00e9s haszn\u00e1latra k\u00e9szen legyenek, m\u00e9g a hossz\u00fa vad\u00e1szatokon is.<\/p>\n<p class=\"translation-block\"><b>Rendk\u00edv\u00fcl pontos, 1,3 cm @ 100 m kattint\u00e1si \u00e9rt\u00e9k a pontosabb bel\u00f6v\u00e9s \u00e9rdek\u00e9ben<\/b><\/p>\n<p>A HIKMICRO THUNDER 3.0 cs\u00edptethet\u0151 h\u0151kamera hihetetlen\u00fcl pontos kattint\u00e1si \u00e9rt\u00e9ket k\u00edn\u00e1l, amely lehet\u0151v\u00e9 teszi a finomhangol\u00e1st 1,3 cm @ 100 m-ig. Ez a pontoss\u00e1gi szint nagym\u00e9rt\u00e9kben jav\u00edtja a null\u00e1z\u00e1si pontoss\u00e1got, \u00edgy biztos\u00edtva, hogy minden l\u00f6v\u00e9s a lehet\u0151 legpontosabb legyen, a sikeresebb vad\u00e1szat \u00e9rdek\u00e9ben.<\/p>\n<p><b>Magas szint\u0171 pontoss\u00e1gi konzisztencia minim\u00e1lis ballisztikus <\/b>elt\u00e9r\u00e9ssel<br \/>\nA HIKMICRO THUNDER 3.0 prec\u00edzi\u00f3s tervez\u00e9s\u0171 kialak\u00edt\u00e1sa minimaliz\u00e1lja a l\u00e1t\u00f3mez\u0151 elt\u00e9r\u00e9s probl\u00e9m\u00e1it, k\u00fcl\u00f6n\u00f6sen a felcs\u00edptethet\u0151 h\u0151kamer\u00e1k eset\u00e9ben, \u00edgy magabiztosabb \u00e9s pontosabb felv\u00e9teleket tesz lehet\u0151v\u00e9 a terepen.<\/p>\n<p><b>Nagy ellen\u00e1ll\u00e1s<\/b> <b>\u00fctk\u00f6z\u00e9s ellen<\/b><\/p>\n<p>A THUNDER 3.0 h\u0151kamer\u00e1k rendk\u00edv\u00fcl \u00fct\u00e9s\u00e1ll\u00f3ak, \u00e9s ak\u00e1r 1000 g\/0,4 ms visszar\u00fag\u00e1st is kib\u00edrnak. Ez a strapab\u00edr\u00f3 tart\u00f3ss\u00e1g biztos\u00edtja, hogy a k\u00e9sz\u00fcl\u00e9k m\u00e9g zord k\u00f6rnyezetben is megb\u00edzhat\u00f3an \u00e9s pontosan m\u0171k\u00f6dj\u00f6n.<br \/>\n<b><\/b><\/p>\n<p><b>Gyors null\u00e1z\u00e1s a k\u00e9sz\u00fcl\u00e9ken \u00e9s az alkalmaz\u00e1sban is el\u00e9rhet\u0151<\/b><\/p>\n<p>A HIKMICRO THUNDER 3.0 gyors null\u00e1z\u00e1st k\u00edn\u00e1l mind a k\u00e9sz\u00fcl\u00e9ken, mind a SIGHT alkalmaz\u00e1sban. Ez biztos\u00edtja, hogy a vad\u00e1szok gyorsan hozz\u00e1igaz\u00edthass\u00e1k a be\u00e1ll\u00edt\u00e1sokat a k\u00fcl\u00f6nb\u00f6z\u0151 l\u00f6v\u00e9si helyzetekhez \u00e9s k\u00f6vetelm\u00e9nyekhez.<\/p>\n<\/div>\n<\/div>\n<\/div>\n<\/div>\n<\/div>\n<\/div>\n<\/div>\n<\/div>\n<\/div>\n<\/div>\n<div data-cep-style-id=\"17da9188efb10b43e2d7b1fea8a806d8\">\n<div class=\"hik-feature-billboard hik-feature-billboard-news\">\n<div class=\"box-img\">\n<div class=\"new-content-box\">\n<div class=\"content-wrap wrap1310\">\n<div class=\"content-container-billboard p-right-center c-white\">\n<div>\n<table dir=\"ltr\" border=\"1\" cellspacing=\"0\" cellpadding=\"0\" data-sheets-root=\"1\" data-sheets-baot=\"1\">\n<colgroup>\n<col width=\"191\" \/>\n<col width=\"99\" \/><\/colgroup>\n<tbody>\n<tr>\n<td>Wi-Fi<\/td>\n<td>Igen<\/td>\n<\/tr>\n<tr>\n<td>\u00c9rz\u00e9kel\u0151<\/td>\n<td>640 \u00d7 512 px<\/td>\n<\/tr>\n<tr>\n<td>H\u0151\u00e9rz\u00e9kenys\u00e9g<\/td>\n<td>\u2264 15 mK<\/td>\n<\/tr>\n<tr>\n<td>Kijelz\u0151 felbont\u00e1sa<\/td>\n<td>1920 \u00d7 1080 px<\/td>\n<\/tr>\n<tr>\n<td>Lencse<\/td>\n<td>35 mm<\/td>\n<\/tr>\n<tr>\n<td>\u00c9rz\u00e9kel\u00e9si t\u00e1vols\u00e1g<\/td>\n<td>1800 m<\/td>\n<\/tr>\n<tr>\n<td>Optikai nagy\u00edt\u00e1s<\/td>\n<td>1x<\/td>\n<\/tr>\n<tr>\n<td>L\u00e1t\u00f3mez\u0151<\/td>\n<td>12,5\u00b0 \u00d7 8,0\u00b0<\/td>\n<\/tr>\n<tr>\n<td>L\u00e9zeres t\u00e1vols\u00e1gm\u00e9r\u0151<\/td>\n<td>\n<div>Igen, hat\u00f3t\u00e1vols\u00e1g 1000 m<\/div>\n<\/td>\n<\/tr>\n<tr>\n<td>Fot\u00f3z\u00e1s opci\u00f3<\/td>\n<td>Igen<\/td>\n<\/tr>\n<tr>\n<td>Vide\u00f3gy\u00e1rt\u00e1si lehet\u0151s\u00e9g<\/td>\n<td>Igen<\/td>\n<\/tr>\n<tr>\n<td>Hangfelv\u00e9tel<\/td>\n<td>Igen<\/td>\n<\/tr>\n<tr>\n<td>A v\u00e9delem szintje<\/td>\n<td>IP67<\/td>\n<\/tr>\n<tr>\n<td>Mem\u00f3ria<\/td>\n<td>\n<div>Be\u00e9p\u00edtett, 64 GB<\/div>\n<\/td>\n<\/tr>\n<tr>\n<td>\u00dczemi h\u0151m\u00e9rs\u00e9klet<\/td>\n<td>-30 \u00b0C - +55 \u00b0C<\/td>\n<\/tr>\n<tr>\n<td>Akkumul\u00e1tor<\/td>\n<td>\n<div>1\u00d7 cser\u00e9lhet\u0151, \u00fajrat\u00f6lthet\u0151 akkumul\u00e1tor<\/div>\n<\/td>\n<\/tr>\n<tr>\n<td>Az akkumul\u00e1tor \u00fczemideje<\/td>\n<td>5 \u00f3ra<\/td>\n<\/tr>\n<tr>\n<td>S\u00faly<\/td>\n<td>525 g<\/td>\n<\/tr>\n<tr>\n<td>M\u00e9retek<\/td>\n<td>\n<div>152 \u00d7 63 \u00d7 74 mm<\/div>\n<\/td>\n<\/tr>\n<\/tbody>\n<\/table>\n<p data-start=\"26\" data-end=\"48\"><strong data-start=\"26\" data-end=\"46\">A csomag tartalma:<\/strong><\/p>\n<ul>\n<li data-start=\"51\" data-end=\"96\">HIKMICRO Thunder TQ35CL 3.0<\/li>\n<li data-start=\"99\" data-end=\"140\">2\u00d7 cser\u00e9lhet\u0151, \u00fajrat\u00f6lthet\u0151 akkumul\u00e1torok<\/li>\n<li data-start=\"143\" data-end=\"164\">1\u00d7 akkumul\u00e1tort\u00f6lt\u0151<\/li>\n<li data-start=\"167\" data-end=\"183\">1\u00d7 USB-C k\u00e1bel<\/li>\n<li data-start=\"186\" data-end=\"201\">Hordt\u00e1ska<\/li>\n<li data-start=\"204\" data-end=\"219\">Tiszt\u00edt\u00f3 kend\u0151<\/li>\n<li data-start=\"222\" data-end=\"267\">Haszn\u00e1lati utas\u00edt\u00e1s<\/li>\n<\/ul>\n<p><strong>A m\u00e1rka hivatalos honlapja: <a href=\"https:\/\/www.hikmicrotech.com\/sk\/\">https:\/\/www.hikmicrotech.com\/sk\/<\/a>\u00a0<\/strong><\/p>\n<\/div>\n<\/div>\n<\/div>\n<\/div>\n<\/div>\n<\/div>\n<\/div>","protected":false},"excerpt":{"rendered":"<p data-start=\"41\" data-end=\"232\">A TQ35CL 3.0 640\u00d7512 px-es h\u0151kamera \u00e9rz\u00e9kel\u0151vel van felszerelve, amelynek h\u0151m\u00e9rs\u00e9klet-\u00e9rz\u00e9kenys\u00e9ge \u2264 15 mK, \u00edgy t\u00f6k\u00e9letesen r\u00e9szletes k\u00e9pet ny\u00fajt, amelyen m\u00e9g a sz\u0151rsz\u00e1lak \u00e9s az agancsok is j\u00f3l l\u00e1that\u00f3k.<\/p>\n<p data-start=\"234\" data-end=\"509\">A 35 mm-es gy\u00fajt\u00f3t\u00e1vols\u00e1g\u00fa objekt\u00edvvel a frontlencse ak\u00e1r 1800 m\u00e9teres \u00e9rz\u00e9kel\u00e9si t\u00e1vols\u00e1got is el\u00e9r. A kor\u00e1bbi Thunder 2.0 sorozathoz k\u00e9pest az OLED kijelz\u0151 25 %-al nagyobb! A kijelz\u0151 felbont\u00e1sa mostant\u00f3l 1920\u00d71080 px, ami tiszta, nagy kontraszt\u00fa k\u00e9pet biztos\u00edt.<\/p>","protected":false},"featured_media":21182,"template":"","meta":{"_gspb_post_css":""},"product_brand":[315],"product_cat":[21,144,328],"product_tag":[150,352,344],"class_list":{"0":"post-21042","1":"product","2":"type-product","3":"status-publish","4":"has-post-thumbnail","6":"product_brand-hikmicro","7":"product_cat-optika","8":"product_cat-termovizie","9":"product_cat-termovizne-predsadky","10":"product_tag-hikmicro","11":"product_tag-termovizna-predsadka","12":"product_tag-thunder","14":"first","15":"instock","16":"sale","17":"featured","18":"taxable","19":"shipping-taxable","20":"purchasable","21":"product-type-simple"},"ct_brands":[{"id":315,"name":"Hikmicro","slug":"hikmicro"}],"_links":{"self":[{"href":"https:\/\/zbranebudai.sk\/hu\/wp-json\/wp\/v2\/product\/21042","targetHints":{"allow":["GET"]}}],"collection":[{"href":"https:\/\/zbranebudai.sk\/hu\/wp-json\/wp\/v2\/product"}],"about":[{"href":"https:\/\/zbranebudai.sk\/hu\/wp-json\/wp\/v2\/types\/product"}],"wp:featuredmedia":[{"embeddable":true,"href":"https:\/\/zbranebudai.sk\/hu\/wp-json\/wp\/v2\/media\/21182"}],"wp:attachment":[{"href":"https:\/\/zbranebudai.sk\/hu\/wp-json\/wp\/v2\/media?parent=21042"}],"wp:term":[{"taxonomy":"product_brand","embeddable":true,"href":"https:\/\/zbranebudai.sk\/hu\/wp-json\/wp\/v2\/product_brand?post=21042"},{"taxonomy":"product_cat","embeddable":true,"href":"https:\/\/zbranebudai.sk\/hu\/wp-json\/wp\/v2\/product_cat?post=21042"},{"taxonomy":"product_tag","embeddable":true,"href":"https:\/\/zbranebudai.sk\/hu\/wp-json\/wp\/v2\/product_tag?post=21042"}],"curies":[{"name":"wp","href":"https:\/\/api.w.org\/{rel}","templated":true}]}}