{"id":21041,"date":"2026-02-10T00:48:16","date_gmt":"2026-02-09T22:48:16","guid":{"rendered":"https:\/\/zbranebudai.sk\/?post_type=product&#038;p=21041"},"modified":"2026-02-26T21:08:03","modified_gmt":"2026-02-26T19:08:03","slug":"hikmicro-thunder-pro-tq50c-termikus-elotolto","status":"publish","type":"product","link":"https:\/\/zbranebudai.sk\/hu\/product\/hikmicro-thunder-pro-tq50c-termovizna-predsadka\/","title":{"rendered":"Hikmicro THUNDER PRO TQ50C h\u0151kamera el\u0151t\u00e9t"},"content":{"rendered":"<p><strong>Hikmicro THUNDER PRO TQ50C h\u0151kamera el\u0151t\u00e9t<\/strong><\/p>\n<p><b>H\u0151kamer\u00e1s objekt\u00edv<\/b> <b>Hikmicro Thunder TQ50C<\/b> <span style=\"font-weight: 400\">640 \u00d7 512 px felbont\u00e1s\u00fa, &lt; 35 mK \u00e9rz\u00e9kenys\u00e9g\u0171, OLED-kijelz\u0151je 640 \u00d7 512 px felbont\u00e1s\u00fa, \u00e9s &lt; 35 mK \u00e9rz\u00e9kenys\u00e9g\u0171.<\/span><b>a<\/b><span style=\"font-weight: 400\"> 1024\u00d7768 px \u00e9s kiv\u00e1l\u00f3 min\u0151s\u00e9g\u0171, 50 mm-es gy\u00fajt\u00f3t\u00e1vols\u00e1g\u00fa objekt\u00edvvel \u00e9s t\u00e1vols\u00e1gm\u00e9r\u0151vel.<br \/>\nEzek a param\u00e9terek garant\u00e1lj\u00e1k a tiszta k\u00e9pet m\u00e9g olyan kih\u00edv\u00e1st jelent\u0151 k\u00f6r\u00fclm\u00e9nyek k\u00f6z\u00f6tt is, mint a s\u00f6t\u00e9ts\u00e9g, k\u00f6d, f\u00fcst, por, es\u0151, h\u00f3, f\u00e1s ter\u00fcletek stb.<br \/>\nMindez hozz\u00e1j\u00e1rul a vad\u00e1szat sor\u00e1n a t\u00f6k\u00e9letes c\u00e9lmegjel\u00f6l\u00e9shez.<\/span><\/p>\n<p><span style=\"font-weight: 400\">A Hikmicro el\u00fcls\u0151 r\u00e9sze kiemelkedik a versenyt\u00e1rsak k\u00f6z\u00fcl<\/span> <b>alacsony s\u00falya (kevesebb mint 480 g), kompakt m\u00e9retei (187,2 \u00d7 62,5 \u00d7 59,2 mm) \u00e9s \u00e9rz\u00e9keny \u00e9rz\u00e9kel\u0151je (&lt; 35 mK).<\/b><span style=\"font-weight: 400\">.<br \/>\nMin\u00e9l alacsonyabb a NETD-\u00e9rt\u00e9k, ann\u00e1l jobban \u00e9rz\u00e9keli az \u00e9rz\u00e9kel\u0151 a legkisebb h\u0151m\u00e9rs\u00e9klet-k\u00fcl\u00f6nbs\u00e9geket is \u00e9les k\u00e9ppel!<br \/>\nA tok magnaliumb\u00f3l (er\u0151s alum\u00ednium\u00f6tv\u00f6zet) k\u00e9sz\u00fclt.<br \/>\n<\/span><b>V\u00edzhatlan<\/b> <b>IPX7<\/b> <span style=\"font-weight: 400\">v\u00e9delmet ny\u00fajt es\u0151, h\u00f3 \u00e9s v\u00edzbe mer\u00fcl\u00e9s ellen 1 m\u00e9ter m\u00e9lys\u00e9gig 30 percig.<\/span><\/p>\n<p><b>A TQ50C a leg\u00fajabb k\u00e9pfeldolgoz\u00e1si technol\u00f3gi\u00e1kkal van felszerelve:<\/b><\/p>\n<ul>\n<li style=\"font-weight: 400\"><b>Automatikus er\u0151s\u00edt\u00e9sszab\u00e1lyoz\u00e1s (AGC):<br \/>\n<\/b><span style=\"font-weight: 400\"> Az AGC technol\u00f3gia automatikusan be\u00e1ll\u00edtja a k\u00e9p dinamikatartom\u00e1ny\u00e1t.<br \/>\nA Hikvision h\u0151kamer\u00e1i egyedi adapt\u00edv AGC technol\u00f3gi\u00e1t haszn\u00e1lnak, amely sokkal fejlettebb, mint a m\u00e1s gy\u00e1rt\u00f3k \u00e1ltal haszn\u00e1lt hagyom\u00e1nyos line\u00e1ris AGC technol\u00f3gia.<\/span><\/li>\n<li style=\"font-weight: 400\"><b>Nagy felbont\u00e1s\u00fa \u00e9rz\u00e9kel\u0151 (640 \u00d7 512 px, 12 \u00b5m VOx):<br \/>\n<\/b><span style=\"font-weight: 400\"> Ez biztos\u00edtja, hogy a k\u00e9p m\u00e9g nagy\u00edt\u00e1s ut\u00e1n is \u00e9les \u00e9s pixelmentes maradjon.<\/span><\/li>\n<\/ul>\n<p><span style=\"font-weight: 400\"><b>Digit\u00e1lis r\u00e9szletjav\u00edt\u00e1s (DDE):<\/b><\/span><\/p>\n<p><span style=\"font-weight: 400\"> A DDE technol\u00f3gia fejlett algoritmusokat haszn\u00e1l a r\u00e9szletek \u00e9lesebb megjelen\u00edt\u00e9s\u00e9hez, m\u00e9g az alacsony kontraszt\u00fa ter\u00fcleteken is (pl. meleg\/hideg t\u00e1rgyak).<\/span><\/p>\n<table dir=\"ltr\" border=\"1\" cellspacing=\"0\" cellpadding=\"0\" data-sheets-root=\"1\" data-sheets-baot=\"1\">\n<colgroup>\n<col width=\"100\" \/>\n<col width=\"100\" \/><\/colgroup>\n<tbody>\n<tr>\n<td>\u00c9rz\u00e9kel\u0151 felbont\u00e1sa<\/td>\n<td>\n<div>\n<div>640 \u00d7 512, 12 \u00b5m<\/div>\n<\/div>\n<\/td>\n<\/tr>\n<tr>\n<td>NETD<\/td>\n<td>\n<div>\n<div>&lt; 35 mK (25 \u00b0C-on, F# = 1,0)<\/div>\n<\/div>\n<\/td>\n<\/tr>\n<tr>\n<td>Lencse<\/td>\n<td>\n<div>\n<div>50 mm + k\u00e9zi f\u00f3kusz\u00e1l\u00e1s<\/div>\n<\/div>\n<\/td>\n<\/tr>\n<tr>\n<td>Optikai nagy\u00edt\u00e1s<\/td>\n<td>1\u00d7<\/td>\n<\/tr>\n<tr>\n<td>Digit\u00e1lis zoom<\/td>\n<td>1\u00d7, 2\u00d7, 4\u00d7, 8\u00d7<\/td>\n<\/tr>\n<tr>\n<td>L\u00e1t\u00f3mez\u0151<\/td>\n<td>8,8\u00b0 \u00d7 7\u00b0<\/td>\n<\/tr>\n<tr>\n<td>J\u00e1rm\u0171\u00e9rz\u00e9kel\u00e9si t\u00e1vols\u00e1g<\/td>\n<td>6389 m<\/td>\n<\/tr>\n<tr>\n<td>Emberi \u00e9szlel\u00e9si t\u00e1vols\u00e1g<\/td>\n<td>2600 m<\/td>\n<\/tr>\n<tr>\n<td>Kijelz\u0151<\/td>\n<td>\n<div>\n<div>0,39 h\u00fcvelykes OLED, 1024\u00d7768, 50 Hz<\/div>\n<\/div>\n<\/td>\n<\/tr>\n<tr>\n<td>Sz\u00ednpalett\u00e1k<\/td>\n<td>\n<div>\n<div>Meleg sz\u00ednek, mint p\u00e9ld\u00e1ul a fekete, piros, feh\u00e9r vagy f\u00fazi\u00f3<\/div>\n<\/div>\n<\/td>\n<\/tr>\n<tr>\n<td>Dioptri\u00e1s korrekci\u00f3<\/td>\n<td>-5D - +3D<\/td>\n<\/tr>\n<tr>\n<td>Wi-Fi<\/td>\n<td>Igen<\/td>\n<\/tr>\n<tr>\n<td>T\u00e1vols\u00e1g<\/td>\n<td>Igen, ar\u00e1nyos<\/td>\n<\/tr>\n<tr>\n<td>A c\u00e9lsz\u00e1l-t\u00edpusok sz\u00e1ma<\/td>\n<td>\n<div>\n<div>5 (ak\u00e1r 5 fegyverhez bel\u0151het\u0151)<\/div>\n<\/div>\n<\/td>\n<\/tr>\n<tr>\n<td>A c\u00e9lsz\u00e1l sz\u00edneinek sz\u00e1ma<\/td>\n<td>3<\/td>\n<\/tr>\n<tr>\n<td>Vide\u00f3felv\u00e9teli k\u00e9pess\u00e9g<\/td>\n<td>Igen<\/td>\n<\/tr>\n<tr>\n<td>Fot\u00f3z\u00e1si lehet\u0151s\u00e9g<\/td>\n<td>Igen<\/td>\n<\/tr>\n<tr>\n<td>Kontraszt be\u00e1ll\u00edt\u00e1sa<\/td>\n<td>Igen<\/td>\n<\/tr>\n<tr>\n<td>F\u00e9nyer\u0151 be\u00e1ll\u00edt\u00e1sa<\/td>\n<td>Igen<\/td>\n<\/tr>\n<tr>\n<td>T\u00e1rol\u00e1s<\/td>\n<td>\n<div>\n<div>Be\u00e9p\u00edtett Micro SD (max. 16 GB)<\/div>\n<\/div>\n<\/td>\n<\/tr>\n<tr>\n<td>Teljes\u00edtm\u00e9ny<\/td>\n<td>\n<div>\n<div>K\u00e9t CR123 \/ 3,0 V-os elem<\/div>\n<\/div>\n<\/td>\n<\/tr>\n<tr>\n<td>Akkumul\u00e1tor \u00fczemid\u0151<\/td>\n<td>\u2265 3,5 \u00f3ra<\/td>\n<\/tr>\n<tr>\n<td>T\u00falfesz\u00fclts\u00e9g elleni v\u00e9delem<\/td>\n<td>Igen<\/td>\n<\/tr>\n<tr>\n<td>Csatlakoz\u00f3k<\/td>\n<td>\n<div>\n<div>USB-C, anal\u00f3g videokimenet<\/div>\n<\/div>\n<\/td>\n<\/tr>\n<tr>\n<td>\u00dczemi h\u0151m\u00e9rs\u00e9klet<\/td>\n<td>\n<div>\n<div>-20 \u00b0C ~ 55 \u00b0C (&lt;22 \u00b0F ~ 131 \u00b0F)<\/div>\n<\/div>\n<\/td>\n<\/tr>\n<tr>\n<td>V\u00e9delmi fokozat<\/td>\n<td>\n<div>\n<div>IP67 (v\u00edzbe mer\u00fcl\u00e9s elleni v\u00e9delem; 1 m\u00e9ter m\u00e9lys\u00e9gben 30 percig)<\/div>\n<\/div>\n<\/td>\n<\/tr>\n<tr>\n<td>Elektrosztatikus v\u00e9delem<\/td>\n<td>15 kV<\/td>\n<\/tr>\n<tr>\n<td>M\u00e9retek (H \u00d7 W \u00d7 D)<\/td>\n<td>\n<div>\n<div>187,2 \u00d7 62,5 \u00d7 59,2 mm<\/div>\n<\/div>\n<\/td>\n<\/tr>\n<tr>\n<td>S\u00faly<\/td>\n<td>&lt; 0,48 kg<\/td>\n<\/tr>\n<\/tbody>\n<\/table>\n<p data-start=\"31\" data-end=\"53\"><strong data-start=\"31\" data-end=\"53\">A csomag tartalma:<\/strong><\/p>\n<ul>\n<li data-start=\"57\" data-end=\"111\">3 az 1-ben Hikmicro Thunder TQ50C<\/li>\n<li data-start=\"114\" data-end=\"159\">Kiv\u00e1l\u00f3 min\u0151s\u00e9g\u0171 tok Hikmicro Thunder log\u00f3val<\/li>\n<li data-start=\"162\" data-end=\"193\">V\u00e1llp\u00e1nt a t\u00e1ska hordoz\u00e1s\u00e1hoz<\/li>\n<li data-start=\"196\" data-end=\"219\">USB-C csatlakoz\u00f3k\u00e1bel<\/li>\n<li data-start=\"222\" data-end=\"256\">Haszn\u00e1lati utas\u00edt\u00e1s<\/li>\n<li data-start=\"222\" data-end=\"256\">Optikai tiszt\u00edt\u00f3 kend\u0151<\/li>\n<li data-start=\"284\" data-end=\"320\">2 CR123 elem (nem ism\u00e9telhet\u0151)<\/li>\n<\/ul>\n<p>A m\u00e1rka hivatalos honlapja: <a href=\"https:\/\/www.hikmicrotech.com\/hu\/\">https:\/\/www.hikmicrotech.com\/sk\/<\/a><\/p>","protected":false},"excerpt":{"rendered":"<ul>\n<li style=\"font-weight: 400\"><span style=\"font-weight: 400\">Objekt\u00edv: 50 mm.<\/span><\/li>\n<li style=\"font-weight: 400\"><span style=\"font-weight: 400\">Optikai nagy\u00edt\u00e1s: 1\u00d7. <\/span><\/li>\n<li style=\"font-weight: 400\"><span style=\"font-weight: 400\">Digit\u00e1lis nagy\u00edt\u00e1s: ak\u00e1r 8\u00d7. <\/span><\/li>\n<li style=\"font-weight: 400\"><span style=\"font-weight: 400\">Teljes nagy\u00edt\u00e1s: 8\u00d7.<\/span><\/li>\n<li style=\"font-weight: 400\"><span style=\"font-weight: 400\">L\u00e1t\u00f3t\u00e1vols\u00e1g: ak\u00e1r 2600 m.<\/span><\/li>\n<li style=\"font-weight: 400\"><span style=\"font-weight: 400\">Megjelen\u00edt\u00e9s: OLED 1024\u00d7768 px.<\/span><\/li>\n<li style=\"font-weight: 400\"><span style=\"font-weight: 400\">Energiatakar\u00e9kos \u00fczemm\u00f3d (alv\u00f3 \u00fczemm\u00f3d).<\/span><\/li>\n<li style=\"font-weight: 400\"><span style=\"font-weight: 400\">Energiaell\u00e1t\u00e1s: 2 CR123 elem (\u00fajrat\u00f6lthet\u0151 vagy eldobhat\u00f3).<\/span><\/li>\n<li style=\"font-weight: 400\"><span style=\"font-weight: 400\">M\u0171k\u00f6d\u00e9si id\u0151 akkumul\u00e1torral: \u2265 3,5 \u00f3ra.<\/span><\/li>\n<li style=\"font-weight: 400\"><span style=\"font-weight: 400\">T\u00f6meg: kevesebb mint 480 g.<\/span><\/li>\n<\/ul>","protected":false},"featured_media":21173,"template":"","meta":{"_gspb_post_css":""},"product_brand":[315],"product_cat":[21,144,328],"product_tag":[150,352,344],"class_list":{"0":"post-21041","1":"product","2":"type-product","3":"status-publish","4":"has-post-thumbnail","6":"product_brand-hikmicro","7":"product_cat-optika","8":"product_cat-termovizie","9":"product_cat-termovizne-predsadky","10":"product_tag-hikmicro","11":"product_tag-termovizna-predsadka","12":"product_tag-thunder","14":"first","15":"instock","16":"taxable","17":"shipping-taxable","18":"purchasable","19":"product-type-simple"},"ct_brands":[{"id":315,"name":"Hikmicro","slug":"hikmicro"}],"_links":{"self":[{"href":"https:\/\/zbranebudai.sk\/hu\/wp-json\/wp\/v2\/product\/21041","targetHints":{"allow":["GET"]}}],"collection":[{"href":"https:\/\/zbranebudai.sk\/hu\/wp-json\/wp\/v2\/product"}],"about":[{"href":"https:\/\/zbranebudai.sk\/hu\/wp-json\/wp\/v2\/types\/product"}],"wp:featuredmedia":[{"embeddable":true,"href":"https:\/\/zbranebudai.sk\/hu\/wp-json\/wp\/v2\/media\/21173"}],"wp:attachment":[{"href":"https:\/\/zbranebudai.sk\/hu\/wp-json\/wp\/v2\/media?parent=21041"}],"wp:term":[{"taxonomy":"product_brand","embeddable":true,"href":"https:\/\/zbranebudai.sk\/hu\/wp-json\/wp\/v2\/product_brand?post=21041"},{"taxonomy":"product_cat","embeddable":true,"href":"https:\/\/zbranebudai.sk\/hu\/wp-json\/wp\/v2\/product_cat?post=21041"},{"taxonomy":"product_tag","embeddable":true,"href":"https:\/\/zbranebudai.sk\/hu\/wp-json\/wp\/v2\/product_tag?post=21041"}],"curies":[{"name":"wp","href":"https:\/\/api.w.org\/{rel}","templated":true}]}}