{"id":21040,"date":"2026-02-10T00:48:16","date_gmt":"2026-02-09T22:48:16","guid":{"rendered":"https:\/\/zbranebudai.sk\/?post_type=product&#038;p=21040"},"modified":"2026-03-01T09:58:13","modified_gmt":"2026-03-01T07:58:13","slug":"hikmicro-stellar-sh50l-3-0-hokameras-ado-vevo-lezeres-dialometerrel","status":"publish","type":"product","link":"https:\/\/zbranebudai.sk\/hu\/product\/hikmicro-stellar-sh50l-3-0-termovizny-puskohlad-s-laserovym-dialkomerom\/","title":{"rendered":"Hikmicro STELLAR SH50L 3.0 h\u0151kamera c\u00e9lt\u00e1vcs\u0151 l\u00e9zeres t\u00e1vols\u00e1gm\u00e9r\u0151vel"},"content":{"rendered":"<p><b>Hikmicro STELLAR SH50L 3.0 h\u0151kamera c\u00e9lt\u00e1vcs\u0151 l\u00e9zeres t\u00e1vols\u00e1gm\u00e9r\u0151vel<\/b><\/p>\n<p data-start=\"291\" data-end=\"434\" class=\"translation-block\">Az SH50L 3.0 modell <strong>384 \u00d7 288 px felbont\u00e1s\u00fa h\u0151kamera-maggal<\/strong> rendelkezik, amely rendk\u00edv\u00fcl r\u00e9szletgazdag k\u00e9pet biztos\u00edt, \u00edgy a sz\u0151rzet \u00e9s az agancs is j\u00f3l kivehet\u0151.<\/p>\n<p class=\"translation-block\">Az <strong>50 mm gy\u00fajt\u00f3t\u00e1vols\u00e1g\u00fa objekt\u00edvnek<\/strong> \u00e9s a <strong>6\u00d7 optikai nagy\u00edt\u00e1snak<\/strong> k\u00f6sz\u00f6nhet\u0151en a c\u00e9lt\u00e1vcs\u0151 <strong>\u00e9szlel\u00e9si t\u00e1vols\u00e1ga ak\u00e1r 2600 m\u00e9ter<\/strong>. Az integr\u00e1lt LRF modul seg\u00edts\u00e9g\u00e9vel a t\u00e1vols\u00e1g ak\u00e1r <strong>1000 m-ig<\/strong> m\u00e9rhet\u0151. A kiv\u00e1l\u00f3 min\u0151s\u00e9g\u0171, lekerek\u00edtett OLED kijelz\u0151 2560 \u00d7 2560 px felbont\u00e1ssal tiszta, gazdag kontraszt\u00fa k\u00e9pet biztos\u00edt, mik\u00f6zben k\u00edm\u00e9li a szemet.<\/p>\n<p class=\"translation-block\">A <strong>Stellar 3.0<\/strong> sorozat <strong>intelligens z\u00e1rmentes korrekci\u00f3val<\/strong> (HSIS) rendelkezik, amely a haszn\u00e1lat sor\u00e1n mesters\u00e9ges intelligencia (AI) seg\u00edts\u00e9g\u00e9vel automatikusan alkalmazkodik.<\/p>\n<p class=\"translation-block\">A k\u00e9sz\u00fcl\u00e9k az <strong>Image Pro 3.0<\/strong> funkci\u00f3t is haszn\u00e1lja, amely jelent\u0151sen jav\u00edtja a k\u00e9pfeldolgoz\u00e1st \u00e9s a r\u00e9szletek megjelen\u00edt\u00e9s\u00e9t. Az el\u0151z\u0151 verzi\u00f3hoz k\u00e9pest a zavar\u00f3 h\u00e1tt\u00e9relemek elt\u00e1vol\u00edt\u00e1sra ker\u00fclnek, \u00edgy az eredm\u00e9ny egy letisztult k\u00e9p, amely a <strong>t\u00f6k\u00e9letesen megjelen\u00edtett c\u00e9lra \u00e9s a k\u00f6zvetlen\u00fcl el\u0151tte l\u00e9v\u0151 akad\u00e1lyokra<\/strong> \u00f6sszpontos\u00edt.<\/p>\n<p class=\"translation-block\">A <strong>be\u00e9p\u00edtett, ak\u00e1r 64 GB kapacit\u00e1s\u00fa mem\u00f3ri\u00e1nak k\u00f6sz\u00f6nhet\u0151en<\/strong> <strong>f\u00e9nyk\u00e9peket \u00e9s vide\u00f3kat is k\u00e9sz\u00edthet hanggal<\/strong>. A c\u00e9lt\u00e1vcs\u0151 egyik nagyon hasznos funkci\u00f3ja az <strong>automatikus felv\u00e9tel l\u00f6v\u00e9s ut\u00e1n<\/strong>, valamint a r\u00f6gz\u00edtett felv\u00e9telek azonnali megtekint\u00e9s\u00e9nek vagy t\u00f6rl\u00e9s\u00e9nek lehet\u0151s\u00e9ge. Az USB-C csatlakoz\u00f3n kereszt\u00fcl a k\u00e9sz\u00fcl\u00e9ket sz\u00e1m\u00edt\u00f3g\u00e9phez csatlakoztathatja, vagy haszn\u00e1lhatja a <strong>HIKMICRO Sight<\/strong> alkalmaz\u00e1ssal val\u00f3 \u00f6sszekapcsol\u00e1s lehet\u0151s\u00e9g\u00e9t.<\/p>\n<p class=\"translation-block\">A c\u00e9lt\u00e1vcs\u0151 a <strong>IP67 v\u00e9detts\u00e9gnek<\/strong> \u00e9s a tart\u00f3s duralum\u00ednium h\u00e1znak k\u00f6sz\u00f6nhet\u0151en rendk\u00edv\u00fcl ellen\u00e1ll\u00f3, \u00edgy a Stellar 3.0 zord k\u00f6r\u00fclm\u00e9nyek k\u00f6z\u00f6tt, p\u00e9ld\u00e1ul es\u0151ben vagy h\u00f3ban is megb\u00edzhat\u00f3an haszn\u00e1lhat\u00f3. Egyetlen pillanatr\u00f3l sem marad le a <strong>k\u00e9t be\u00e9p\u00edtett \u00e9s egy cser\u00e9lhet\u0151 akkumul\u00e1tor kombin\u00e1ci\u00f3j\u00e1nak<\/strong> k\u00f6sz\u00f6nhet\u0151en, amelyek egy\u00fctt <strong>ak\u00e1r 9 \u00f3r\u00e1s megfigyel\u00e9si id\u0151t<\/strong> biztos\u00edtanak! Az energiatakar\u00e9koss\u00e1g \u00e9rdek\u00e9ben alv\u00f3 m\u00f3d is rendelkez\u00e9sre \u00e1ll, sz\u00fcks\u00e9g eset\u00e9n pedig powerbank is csatlakoztathat\u00f3.<\/p>\n<table dir=\"ltr\" border=\"1\" cellspacing=\"0\" cellpadding=\"0\" data-sheets-root=\"1\" data-sheets-baot=\"1\">\n<colgroup>\n<col width=\"100\" \/>\n<col width=\"100\" \/><\/colgroup>\n<tbody>\n<tr>\n<td>Wi-Fi<\/td>\n<td>Igen<\/td>\n<\/tr>\n<tr>\n<td>\u00c9rz\u00e9kel\u0151<\/td>\n<td>384 \u00d7 288 px<\/td>\n<\/tr>\n<tr>\n<td>H\u0151\u00e9rz\u00e9kenys\u00e9g<\/td>\n<td>&lt; 15 mK<\/td>\n<\/tr>\n<tr>\n<td>Kijelz\u0151 felbont\u00e1sa<\/td>\n<td>2560 \u00d7 2560 px<\/td>\n<\/tr>\n<tr>\n<td>Lencse<\/td>\n<td>50 mm<\/td>\n<\/tr>\n<tr>\n<td>\u00c9rz\u00e9kel\u00e9si t\u00e1vols\u00e1g<\/td>\n<td>2600 m<\/td>\n<\/tr>\n<tr>\n<td>Optikai nagy\u00edt\u00e1s<\/td>\n<td>6x<\/td>\n<\/tr>\n<tr>\n<td>Digit\u00e1lis zoom<\/td>\n<td>4x<\/td>\n<\/tr>\n<tr>\n<td>L\u00e9zeres t\u00e1vols\u00e1gm\u00e9r\u0151<\/td>\n<td>\n<div>\n<div>Igen, hat\u00f3t\u00e1vols\u00e1g 1000 m<\/div>\n<\/div>\n<\/td>\n<\/tr>\n<tr>\n<td>Ballisztikus kalkul\u00e1tor<\/td>\n<td>Igen<\/td>\n<\/tr>\n<tr>\n<td>L\u00e1t\u00f3mez\u0151<\/td>\n<td>5,3\u00b0 \u00d7 4,0\u00b0<\/td>\n<\/tr>\n<tr>\n<td>A dioptri\u00e1k korrekci\u00f3ja<\/td>\n<td>-5D +3D<\/td>\n<\/tr>\n<tr>\n<td>F\u00e9nyk\u00e9pez\u00e9s<\/td>\n<td>Igen<\/td>\n<\/tr>\n<tr>\n<td>Vide\u00f3 gy\u00e1rt\u00e1s<\/td>\n<td>Igen<\/td>\n<\/tr>\n<tr>\n<td>Hangfelv\u00e9tel<\/td>\n<td>Igen<\/td>\n<\/tr>\n<tr>\n<td>A v\u00e9delem szintje<\/td>\n<td>IP67<\/td>\n<\/tr>\n<tr>\n<td>Mem\u00f3ria<\/td>\n<td>\n<div>\n<div>Be\u00e9p\u00edtett, 64 GB<\/div>\n<\/div>\n<\/td>\n<\/tr>\n<tr>\n<td>\u00dczemi h\u0151m\u00e9rs\u00e9klet<\/td>\n<td>\n<div>\n<div>-30 \u00b0C \u00e9s 55 \u00b0C k\u00f6z\u00f6tt<\/div>\n<\/div>\n<\/td>\n<\/tr>\n<tr>\n<td>Akkumul\u00e1torok<\/td>\n<td>\n<div>\n<div>2x be\u00e9p\u00edtett, 1x cser\u00e9lhet\u0151 18650<\/div>\n<\/div>\n<\/td>\n<\/tr>\n<tr>\n<td>Az akkumul\u00e1tor \u00fczemideje<\/td>\n<td>9 \u00f3ra<\/td>\n<\/tr>\n<tr>\n<td>S\u00faly<\/td>\n<td>880 g<\/td>\n<\/tr>\n<tr>\n<td>M\u00e9retek<\/td>\n<td>\n<div>\n<div>419 \u00d7 92 \u00d7 84 mm<\/div>\n<\/div>\n<\/td>\n<\/tr>\n<\/tbody>\n<\/table>\n<p><strong>A csomag tartalma:<\/strong><\/p>\n<ul>\n<li>HIKMICRO STELLAR SH50L 3.0<\/li>\n<li>2x \u00fajrat\u00f6lthet\u0151 18650-es akkumul\u00e1torok<\/li>\n<li>1x akkumul\u00e1tort\u00f6lt\u0151<\/li>\n<li>1x USB-C k\u00e1bel<\/li>\n<li>1x csavarozhat\u00f3 f\u0171z\u0151lyuk<\/li>\n<li>T\u00e1vcs\u0151 tok<\/li>\n<li>Hordt\u00e1ska<\/li>\n<li>Optikai tiszt\u00edt\u00f3 kend\u0151<\/li>\n<li>Haszn\u00e1lati utas\u00edt\u00e1s<\/li>\n<\/ul>\n<p>A m\u00e1rka hivatalos honlapja: <a href=\"https:\/\/www.hikmicrotech.com\/sk\/\">https:\/\/www.hikmicrotech.com\/sk\/<\/a><\/p>","protected":false},"excerpt":{"rendered":"<p>Forradalmas\u00edtsa a vad\u00e1szatot a Stellar 3.0 h\u0151kamera c\u00e9lt\u00e1vcs\u0151vel, amely m\u00e9g a legs\u00f6t\u00e9tebb \u00e9jszak\u00e1kon is minden r\u00e9szletet felfedez!<\/p>\n<ul>\n<li>H\u0151k\u00e9p\u00e9rz\u00e9kel\u0151: 384 \u00d7 288 px<\/li>\n<li>H\u0151\u00e9rz\u00e9kenys\u00e9g: 15 mK<\/li>\n<li>\u00c9rz\u00e9kel\u00e9si tartom\u00e1ny: ak\u00e1r 2600 m\u00e9ter<\/li>\n<li>L\u00e9zeres t\u00e1vols\u00e1gm\u00e9r\u0151<\/li>\n<li>Intelligens z\u00e1rmentes korrekci\u00f3<\/li>\n<\/ul>","protected":false},"featured_media":21166,"template":"","meta":{"_gspb_post_css":""},"product_brand":[315],"product_cat":[21,144,329],"product_tag":[150,347,324,267,362],"class_list":{"0":"post-21040","1":"product","2":"type-product","3":"status-publish","4":"has-post-thumbnail","6":"product_brand-hikmicro","7":"product_cat-optika","8":"product_cat-termovizie","9":"product_cat-termovizne-puskohlady","10":"product_tag-hikmicro","11":"product_tag-laserovy-dialkomer","12":"product_tag-puskohlad","13":"product_tag-stellar","14":"product_tag-termovizny-puskohlad","16":"first","17":"instock","18":"taxable","19":"shipping-taxable","20":"purchasable","21":"product-type-simple"},"ct_brands":[{"id":315,"name":"Hikmicro","slug":"hikmicro"}],"_links":{"self":[{"href":"https:\/\/zbranebudai.sk\/hu\/wp-json\/wp\/v2\/product\/21040","targetHints":{"allow":["GET"]}}],"collection":[{"href":"https:\/\/zbranebudai.sk\/hu\/wp-json\/wp\/v2\/product"}],"about":[{"href":"https:\/\/zbranebudai.sk\/hu\/wp-json\/wp\/v2\/types\/product"}],"wp:featuredmedia":[{"embeddable":true,"href":"https:\/\/zbranebudai.sk\/hu\/wp-json\/wp\/v2\/media\/21166"}],"wp:attachment":[{"href":"https:\/\/zbranebudai.sk\/hu\/wp-json\/wp\/v2\/media?parent=21040"}],"wp:term":[{"taxonomy":"product_brand","embeddable":true,"href":"https:\/\/zbranebudai.sk\/hu\/wp-json\/wp\/v2\/product_brand?post=21040"},{"taxonomy":"product_cat","embeddable":true,"href":"https:\/\/zbranebudai.sk\/hu\/wp-json\/wp\/v2\/product_cat?post=21040"},{"taxonomy":"product_tag","embeddable":true,"href":"https:\/\/zbranebudai.sk\/hu\/wp-json\/wp\/v2\/product_tag?post=21040"}],"curies":[{"name":"wp","href":"https:\/\/api.w.org\/{rel}","templated":true}]}}