{"id":21033,"date":"2026-02-10T00:48:16","date_gmt":"2026-02-09T22:48:16","guid":{"rendered":"https:\/\/zbranebudai.sk\/?post_type=product&#038;p=21033"},"modified":"2026-02-23T17:54:49","modified_gmt":"2026-02-23T15:54:49","slug":"hikmicro-panther-pq35l-hokamera-lezeres-dialometerrel","status":"publish","type":"product","link":"https:\/\/zbranebudai.sk\/hu\/product\/hikmicro-panther-pq35l-termovizny-puskohlad-s-laserovym-dialkomerom\/","title":{"rendered":"Hikmicro PANTHER PQ35L h\u0151kamera c\u00e9lt\u00e1vcs\u0151 l\u00e9zeres t\u00e1vm\u00e9r\u0151vel"},"content":{"rendered":"<p><strong>Hikmicro PANTHER PQ35L h\u0151kamera c\u00e9lt\u00e1vcs\u0151 l\u00e9zeres t\u00e1vm\u00e9r\u0151vel<\/strong><\/p>\n<p><span style=\"font-weight: 400\">A kamera 12 mikronos \u00e9rz\u00e9kel\u0151vel rendelkezik, \u00e9s a k\u00f6vetkez\u0151 funkci\u00f3kkal van felszerelve<\/span> <b>35 mm<\/b><span style=\"font-weight: 400\"> optika. L\u00e1t\u00f3sz\u00f6ge <\/span><b>12.5 fok<\/b><span style=\"font-weight: 400\">.<\/span><\/p>\n<table>\n<tbody>\n<tr>\n<td colspan=\"2\"><b>F\u0151bb jellemz\u0151k<\/b><\/td>\n<\/tr>\n<tr>\n<td><span style=\"font-weight: 400\">Maxim\u00e1lis felbont\u00e1s<\/span><\/td>\n<td><span style=\"font-weight: 400\">640\u00d7512<\/span><\/td>\n<\/tr>\n<tr>\n<td><span style=\"font-weight: 400\">K\u00e9p vissza\u00e1ll\u00edt\u00e1sa<\/span><\/td>\n<td><span style=\"font-weight: 400\">50 Hz<\/span><\/td>\n<\/tr>\n<tr>\n<td><span style=\"font-weight: 400\">NETD<\/span><\/td>\n<td><span style=\"font-weight: 400\">Kevesebb mint 35 mK<\/span><\/td>\n<\/tr>\n<tr>\n<td>Objekt\u00edv<\/td>\n<td><span style=\"font-weight: 400\">35 mm<\/span><\/td>\n<\/tr>\n<tr>\n<td><span style=\"font-weight: 400\">Minim\u00e1lis f\u00f3kuszt\u00e1vols\u00e1g<\/span><\/td>\n<td><span style=\"font-weight: 400\">2 m, F1.0<\/span><\/td>\n<\/tr>\n<tr>\n<td><span style=\"font-weight: 400\">L\u00e1t\u00f3sz\u00f6g<\/span><\/td>\n<td><span style=\"font-weight: 400\">12,52\u00b0 x 10,03\u00b0<\/span><\/td>\n<\/tr>\n<tr>\n<td><span style=\"font-weight: 400\">Nagy\u00edt\u00e1s<\/span><\/td>\n<td><span style=\"font-weight: 400\">1,82x<\/span><\/td>\n<\/tr>\n<tr>\n<td colspan=\"2\"><b>Kijelz\u0151<\/b><\/td>\n<\/tr>\n<tr>\n<td><span style=\"font-weight: 400\">Maxim\u00e1lis felbont\u00e1s<\/span><\/td>\n<td><span style=\"font-weight: 400\">1024\u00d7768, 0,39 h\u00fcvelyk, OLED<\/span><\/td>\n<\/tr>\n<tr>\n<td><span style=\"font-weight: 400\">FFC \u00fczemm\u00f3d<\/span><\/td>\n<td><span style=\"font-weight: 400\">Automatikus, k\u00e9zi, k\u00fcls\u0151 korrekci\u00f3<\/span><\/td>\n<\/tr>\n<tr>\n<td><span style=\"font-weight: 400\">Kil\u00e9p\u0151 pupilla<\/span><\/td>\n<td><span style=\"font-weight: 400\">6 mm<\/span><\/td>\n<\/tr>\n<tr>\n<td><span style=\"font-weight: 400\">Szemek k\u00f6z\u00f6tti t\u00e1vols\u00e1g<\/span><\/td>\n<td><span style=\"font-weight: 400\">45 mm<\/span><\/td>\n<\/tr>\n<tr>\n<td><span style=\"font-weight: 400\">Dioptri\u00e1k be\u00e1ll\u00edt\u00e1sa<\/span><\/td>\n<td><span style=\"font-weight: 400\">-5D \u00e9s 3D k\u00f6z\u00f6tt<\/span><\/td>\n<\/tr>\n<tr>\n<td colspan=\"2\"><b>\u00c1ltal\u00e1nos<\/b><\/td>\n<\/tr>\n<tr>\n<td><span style=\"font-weight: 400\">Mechanikai v\u00e9delem<\/span><\/td>\n<td><span style=\"font-weight: 400\">IP67<\/span><\/td>\n<\/tr>\n<tr>\n<td><span style=\"font-weight: 400\">S\u00faly<\/span><\/td>\n<td><span style=\"font-weight: 400\">518 g elemek n\u00e9lk\u00fcl<\/span><\/td>\n<\/tr>\n<tr>\n<td><span style=\"font-weight: 400\">M\u00e9retek<\/span><\/td>\n<td><span style=\"font-weight: 400\">200,38 x 66,32 x 87,10 mm<\/span><\/td>\n<\/tr>\n<tr>\n<td><span style=\"font-weight: 400\">\u00dczemi h\u0151m\u00e9rs\u00e9klet<\/span><\/td>\n<td><span style=\"font-weight: 400\">-30 \u00b0C \u00e9s +55 \u00b0C k\u00f6z\u00f6tt<\/span><\/td>\n<\/tr>\n<tr>\n<td colspan=\"2\"><b>Rendszer<\/b><\/td>\n<\/tr>\n<tr>\n<td><span style=\"font-weight: 400\">K\u00e9pek r\u00f6gz\u00edt\u00e9se<\/span><\/td>\n<td><span style=\"font-weight: 400\">Igen<\/span><\/td>\n<\/tr>\n<tr>\n<td><span style=\"font-weight: 400\">Hotspot<\/span><\/td>\n<td><span style=\"font-weight: 400\">Igen<\/span><\/td>\n<\/tr>\n<tr>\n<td><span style=\"font-weight: 400\">PIP<\/span><\/td>\n<td><span style=\"font-weight: 400\">Igen<\/span><\/td>\n<\/tr>\n<tr>\n<td><span style=\"font-weight: 400\">K\u00e9szenl\u00e9ti \u00fczemm\u00f3d<\/span><\/td>\n<td><span style=\"font-weight: 400\">Igen<\/span><\/td>\n<\/tr>\n<tr>\n<td><span style=\"font-weight: 400\">T\u00e1rol\u00e1s<\/span><\/td>\n<td><span style=\"font-weight: 400\">Be\u00e9p\u00edtett EMMC (16 GB)<\/span><\/td>\n<\/tr>\n<tr>\n<td colspan=\"2\"><b>Teljes\u00edtm\u00e9ny<\/b><\/td>\n<\/tr>\n<tr>\n<td><span style=\"font-weight: 400\">Akkumul\u00e1tor<\/span><\/td>\n<td><span style=\"font-weight: 400\">\u00dajrat\u00f6lthet\u0151 Li-ion akkumul\u00e1tor<\/span><\/td>\n<\/tr>\n<tr>\n<td><span style=\"font-weight: 400\">M\u0171k\u00f6d\u00e9si id\u0151<\/span><\/td>\n<td><span style=\"font-weight: 400\">\u22655 \u00f3ra (25 \u00b0C, Wi-Fi kikapcsolva)<\/span><\/td>\n<\/tr>\n<tr>\n<td><span style=\"font-weight: 400\">T\u00f6lt\u0151csatlakoz\u00f3<\/span><\/td>\n<td><span style=\"font-weight: 400\">5 V DC\/2 A, C t\u00edpus\u00a0<\/span><\/td>\n<\/tr>\n<tr>\n<td colspan=\"2\"><b>L\u00e9zeres t\u00e1vols\u00e1gm\u00e9r\u0151<\/b><\/td>\n<\/tr>\n<tr>\n<td><span style=\"font-weight: 400\">L\u00e9zerbiztons\u00e1gi oszt\u00e1ly<\/span><\/td>\n<td><span style=\"font-weight: 400\">1. oszt\u00e1ly<\/span><\/td>\n<\/tr>\n<tr>\n<td><span style=\"font-weight: 400\">Hull\u00e1mhossz<\/span><\/td>\n<td><span style=\"font-weight: 400\">905 nm<\/span><\/td>\n<\/tr>\n<tr>\n<td><span style=\"font-weight: 400\">Max. m\u00e9r\u00e9si t\u00e1vols\u00e1g<\/span><\/td>\n<td><span style=\"font-weight: 400\">600 m<\/span><\/td>\n<\/tr>\n<tr>\n<td><span style=\"font-weight: 400\">T\u00e1vols\u00e1gm\u00e9r\u00e9s<\/span><\/td>\n<td><span style=\"font-weight: 400\">\u00b11 m<\/span><\/td>\n<\/tr>\n<tr>\n<td><span style=\"font-weight: 400\">Minim\u00e1lis m\u00e9r\u00e9si t\u00e1vols\u00e1g<\/span><\/td>\n<td><span style=\"font-weight: 400\">10 m<\/span><\/td>\n<\/tr>\n<\/tbody>\n<\/table>\n<p><a href=\"https:\/\/www.hikmicrotech.com\/en\/outdoor-products\/panther-lrf-thermal-scope\/\">https:\/\/www.hikmicrotech.com\/en\/outdoor-products\/panther-lrf-thermal-scope\/<\/a><\/p>","protected":false},"excerpt":{"rendered":"<ul>\n<li style=\"font-weight: 400\"><span style=\"font-weight: 400\">A k\u00e9sz\u00fcl\u00e9k \u201csz\u00edve\" a HIKVISION \u00e1ltal kifejlesztett, 640\u00d7512 pixeles felbont\u00e1s\u00fa, nagy \u00e9rz\u00e9kenys\u00e9g\u0171 \u00e9rz\u00e9kel\u0151.<\/span><\/li>\n<li style=\"font-weight: 400\"><span style=\"font-weight: 400\">35 mm-es objekt\u00edv \u00e9s 12 mikronos \u00e9rz\u00e9kel\u0151.<\/span><\/li>\n<li style=\"font-weight: 400\"><span style=\"font-weight: 400\">A kiv\u00e9telesen j\u00f3 NETD (&lt;35mk (@25\u00b0C, F=1,0)) biztos\u00edtja, hogy a k\u00e9p m\u00e9g k\u00f6dben \u00e9s es\u0151ben is tiszta \u00e9s kontrasztos legyen.<\/span><\/li>\n<li style=\"font-weight: 400\"><span style=\"font-weight: 400\">A 0,4 h\u00fcvelykes, 1024\u00d7768 k\u00e9ppontos felbont\u00e1s\u00fa OLED-kijelz\u0151 \u00e9les \u00e9s tiszta k\u00e9pet biztos\u00edt.<\/span><\/li>\n<li style=\"font-weight: 400\"><span style=\"font-weight: 400\">Be\u00e9p\u00edtett l\u00e9zeres t\u00e1vols\u00e1gm\u00e9r\u0151 600 m\u00e9teres m\u00e9r\u00e9si tartom\u00e1nyban.<\/span><\/li>\n<\/ul>","protected":false},"featured_media":21122,"template":"","meta":{"_gspb_post_css":""},"product_brand":[315],"product_cat":[21,144,326],"product_tag":[150,350,345],"class_list":{"0":"post-21033","1":"product","2":"type-product","3":"status-publish","4":"has-post-thumbnail","6":"product_brand-hikmicro","7":"product_cat-optika","8":"product_cat-termovizie","9":"product_cat-termovizne-zameriavace","10":"product_tag-hikmicro","11":"product_tag-panther","12":"product_tag-termovizny-zameriavac","14":"first","15":"instock","16":"taxable","17":"shipping-taxable","18":"purchasable","19":"product-type-simple"},"ct_brands":[{"id":315,"name":"Hikmicro","slug":"hikmicro"}],"_links":{"self":[{"href":"https:\/\/zbranebudai.sk\/hu\/wp-json\/wp\/v2\/product\/21033","targetHints":{"allow":["GET"]}}],"collection":[{"href":"https:\/\/zbranebudai.sk\/hu\/wp-json\/wp\/v2\/product"}],"about":[{"href":"https:\/\/zbranebudai.sk\/hu\/wp-json\/wp\/v2\/types\/product"}],"wp:featuredmedia":[{"embeddable":true,"href":"https:\/\/zbranebudai.sk\/hu\/wp-json\/wp\/v2\/media\/21122"}],"wp:attachment":[{"href":"https:\/\/zbranebudai.sk\/hu\/wp-json\/wp\/v2\/media?parent=21033"}],"wp:term":[{"taxonomy":"product_brand","embeddable":true,"href":"https:\/\/zbranebudai.sk\/hu\/wp-json\/wp\/v2\/product_brand?post=21033"},{"taxonomy":"product_cat","embeddable":true,"href":"https:\/\/zbranebudai.sk\/hu\/wp-json\/wp\/v2\/product_cat?post=21033"},{"taxonomy":"product_tag","embeddable":true,"href":"https:\/\/zbranebudai.sk\/hu\/wp-json\/wp\/v2\/product_tag?post=21033"}],"curies":[{"name":"wp","href":"https:\/\/api.w.org\/{rel}","templated":true}]}}